{"id":16600,"date":"2025-01-27T14:10:03","date_gmt":"2025-01-27T14:10:03","guid":{"rendered":"https:\/\/drterziler.com\/estetica-medica\/yuz-uygulamalari\/aplicaciones-de-la-mesoterapia\/akne-tedavisi\/"},"modified":"2026-02-28T19:35:14","modified_gmt":"2026-02-28T19:35:14","slug":"tratamiento-del-acne","status":"publish","type":"page","link":"https:\/\/drterziler.com\/es\/estetica-medica\/tratamientos-faciales\/mesoterapia\/tratamiento-del-acne\/","title":{"rendered":"Tratamiento del Acn\u00e9"},"content":{"rendered":"<div class=\"page-content\">\n<div id=\"header-area\">\n<div class=\"container\" id=\"firstContent\">\n<div class=\"header-content d-flex flex-column\">\n<h1 class=\"content-title h1-header\">Tratamiento del Acn\u00e9<\/h1>\n<div class=\"content-paragraph\">\n<p class=\"p-text\">Los tratamientos antienvejecimiento que desaf\u00edan los signos del envejecimiento son procedimientos modernos destinados a lograr una piel m\u00e1s joven, vibrante y suave. Estos m\u00e9todos, que respaldan la belleza tanto est\u00e9tica como natural, ofrecen una soluci\u00f3n popular para todos en la actualidad.<\/p>\n<\/p><\/div>\n<nav aria-label=\"breadcrumb\" class=\"breadcrumbs\">\n<ul class=\"d-flex align-items-center mb-0\">\n<li><a class=\"link\" href=\"https:\/\/drterziler.com\/es\/\"><span>Dr. Terziler Exclusive Clinic<\/span><\/a><\/li>\n<li class=\"separator\">\u00bb<\/li>\n<li><a class=\"link\" href=\"https:\/\/drterziler.com\/es\/estetica-medica\/\"><span>Est\u00e9tica m\u00e9dica<\/span><\/a><\/li>\n<li class=\"separator\">\u00bb<\/li>\n<li><a class=\"link\" href=\"https:\/\/drterziler.com\/es\/estetica-medica\/tratamientos-faciales\/\"><span>Tratamientos Faciales<\/span><\/a><\/li>\n<li class=\"separator\">\u00bb<\/li>\n<li><a class=\"link\" href=\"https:\/\/drterziler.com\/es\/estetica-medica\/tratamientos-faciales\/mesoterapia\/\"><span>Mesoterapia<\/span><\/a><\/li>\n<li class=\"separator\">\u00bb<\/li>\n<li class=\"current-page\"><span>Tratamiento del Acn\u00e9<\/span><\/li>\n<\/ul>\n<\/nav><\/div>\n<\/p><\/div>\n<\/p><\/div>\n<\/div>\n<section id=\"content-area\">\n<div class=\"container my-5\">\n<div class=\"row align-items-start\">\n<div class=\"col-md-6 order-2 order-md-1\">\n<div class=\"custom-toc-box\">\n<div id=\"toc-header\">\n<h4>\u00cdndice<\/h4>\n<div class=\"toc-toggle-icon\"><\/div>\n<\/p><\/div>\n<div class=\"toc-full-divider\"><\/div>\n<div id=\"toc-body\">\n<div id=\"toc-container\"><\/div>\n<\/p><\/div>\n<\/p><\/div>\n<\/p><\/div>\n<div class=\"col-md-6 order-1 order-md-2\" id=\"jForm\">\n                <script type=\"text\/javascript\" src=\"https:\/\/form.jotform.com\/jsform\/242881767918979\"><\/script>\n            <\/div>\n<\/p><\/div>\n<\/p><\/div>\n<div class=\"container\">\n<div class=\"img-thumb\">\n            <img loading=\"lazy\" decoding=\"async\" width=\"1920\" height=\"1080\" src=\"https:\/\/drterziler.com\/wp-content\/uploads\/2025\/01\/Akne-Tedavisi.webp\" alt=\"akne tedavisi\" srcset=\"https:\/\/drterziler.com\/wp-content\/uploads\/2025\/01\/Akne-Tedavisi.webp 1920w, https:\/\/drterziler.com\/wp-content\/uploads\/2025\/01\/Akne-Tedavisi-300x169.webp 300w, https:\/\/drterziler.com\/wp-content\/uploads\/2025\/01\/Akne-Tedavisi-1024x576.webp 1024w, https:\/\/drterziler.com\/wp-content\/uploads\/2025\/01\/Akne-Tedavisi-768x432.webp 768w, https:\/\/drterziler.com\/wp-content\/uploads\/2025\/01\/Akne-Tedavisi-1536x864.webp 1536w\" sizes=\"auto, (max-width: 1920px) 100vw, 1920px\" \/>\n        <\/div>\n<div>\n<div>\n<h2 class=\"h2-header\">\u00bfQu\u00e9 es el Tratamiento para el Acn\u00e9?<\/h2>\n<\/p><\/div>\n<div>\n<p class=\"p-text\">El tratamiento para el acn\u00e9 es una serie de m\u00e9todos est\u00e9ticos aplicados para prevenir y tratar el acn\u00e9 (espinillas) y los puntos negros. El acn\u00e9 es un problema com\u00fan de la piel causado por factores como gl\u00e1ndulas seb\u00e1ceas obstruidas, infecciones bacterianas o cambios hormonales. El tratamiento para el acn\u00e9 ofrece soluciones a estos problemas subyacentes al reducir la inflamaci\u00f3n, renovar la textura de la piel y mejorar la apariencia de las cicatrices.<\/p>\n<\/p><\/div>\n<\/p><\/div>\n<div>\n<div>\n<h2 class=\"h2-header\">\u00bfCu\u00e1les Son los Beneficios del Tratamiento para el Acn\u00e9?<\/h2>\n<\/p><\/div>\n<div>\n<p class=\"p-text\">Proporciona una piel m\u00e1s clara y luminosa. Iguala el tono de la piel. Reduce las cicatrices del acn\u00e9. Alivia r\u00e1pidamente la inflamaci\u00f3n. Apoya la regeneraci\u00f3n de la piel. Aumenta la autoconfianza. Recuperaci\u00f3n r\u00e1pida para las actividades diarias.<\/p>\n<\/p><\/div>\n<\/p><\/div>\n<div>\n<div>\n<h2 class=\"h2-header\">\u00bfQu\u00e9 Aspecto Proporciona el Tratamiento para el Acn\u00e9?<\/h2>\n<\/p><\/div>\n<div>\n<p class=\"p-text\">El tratamiento para el acn\u00e9 mejora significativamente la apariencia de las espinillas y las cicatrices. Despu\u00e9s del procedimiento, la piel se vuelve m\u00e1s limpia, suave, saludable y vibrante. Notablemente, hay un brillo visible y una renovaci\u00f3n en la textura de la piel despu\u00e9s del tratamiento. La mejora de las cicatrices del acn\u00e9 y el tono de la piel da como resultado una apariencia m\u00e1s joven y fresca en general.<\/p>\n<\/p><\/div>\n<\/p><\/div>\n<div>\n<div>\n<h2 class=\"h2-header\">\u00bfPara Qui\u00e9n es Adecuado el Tratamiento para el Acn\u00e9?<\/h2>\n<\/p><\/div>\n<div>\n<p class=\"p-text\">Adolescentes en la etapa de la pubertad. Personas con acn\u00e9 causado por el envejecimiento. Aquellos que experimentan ansiedad social debido a las espinillas. Personas con piel propensa al acn\u00e9. Individuos que buscan resultados r\u00e1pidos. Aquellos que no desean intervenci\u00f3n quir\u00fargica.<\/p>\n<\/p><\/div>\n<\/p><\/div>\n<div>\n<div>\n<h2 class=\"h2-header\">\u00bfPor Qu\u00e9 es Popular el Tratamiento para el Acn\u00e9?<\/h2>\n<\/p><\/div>\n<div>\n<p class=\"p-text\">El tratamiento para el acn\u00e9 ayuda a las personas a manejar sus problemas de piel y recuperar su autoconfianza. En los \u00faltimos a\u00f1os, a medida que ha aumentado el inter\u00e9s por el cuidado de la piel, el tratamiento para el acn\u00e9 se ha vuelto ampliamente preferido tanto por adolescentes como por adultos. El procedimiento es popular debido a su m\u00ednima invasividad y resultados r\u00e1pidos. Adem\u00e1s, el tratamiento para el acn\u00e9 no solo aborda el acn\u00e9, sino que tambi\u00e9n trata las cicatrices del acn\u00e9, ofreciendo una soluci\u00f3n m\u00e1s integral.<\/p>\n<\/p><\/div>\n<\/p><\/div>\n<div>\n<div>\n<h2 class=\"h2-header\">\u00bfC\u00f3mo se Aplica el Tratamiento para el Acn\u00e9?<\/h2>\n<\/p><\/div>\n<div>\n<p class=\"p-text\">Los m\u00e9todos m\u00e1s comunes incluyen el tratamiento con l\u00e1ser, peeling qu\u00edmico y PRP. Los rayos l\u00e1ser atacan los pigmentos debajo de la piel, reduciendo las manchas. El peeling qu\u00edmico exfolia la capa superior de la piel, creando una superficie cut\u00e1nea saludable. El PRP revitaliza la piel utilizando sangre con propiedades rejuvenecedoras. El proceso de tratamiento es personalizado y realizado por un m\u00e9dico experto.<\/p>\n<\/p><\/div>\n<\/p><\/div>\n<div>\n<div>\n<h2 class=\"h2-header\">\u00bfCu\u00e1nto Dur\u00e1n los Resultados del Tratamiento para el Acn\u00e9?<\/h2>\n<\/p><\/div>\n<div>\n<p class=\"p-text\">La durabilidad de los resultados del tratamiento para el acn\u00e9 depende del m\u00e9todo aplicado y de las caracter\u00edsticas de la piel del individuo. Generalmente, despu\u00e9s del tratamiento, el acn\u00e9 y las cicatrices se reducen significativamente, y la piel adquiere una apariencia m\u00e1s saludable. Sin embargo, los cambios hormonales, el estilo de vida o los factores ambientales pueden hacer que el acn\u00e9 regrese. Las sesiones de mantenimiento regulares pueden ayudar a que los resultados sean m\u00e1s permanentes.<\/p>\n<\/p><\/div>\n<\/p><\/div>\n<div>\n<div>\n<h2 class=\"h2-header\">\u00bfEl Tratamiento para el Acn\u00e9 Causa Dolor o Incomodidad?<\/h2>\n<\/p><\/div>\n<div>\n<p class=\"p-text\">La mayor\u00eda de los tratamientos para el acn\u00e9 no causan dolor, pero algunos m\u00e9todos (especialmente el peeling qu\u00edmico o el l\u00e1ser) pueden causar una ligera sensaci\u00f3n de ardor o incomodidad. Procedimientos como la mesoterapia y la microdermoabrasi\u00f3n se realizan con m\u00ednima incomodidad y generalmente no requieren anestesia. Dependiendo de la sensibilidad de tu piel, la incomodidad puede reducirse usando cremas anest\u00e9sicas o sistemas de enfriamiento antes del tratamiento.<\/p>\n<\/p><\/div>\n<\/p><\/div>\n<div>\n<div>\n<h2 class=\"h2-header\">Precios del Tratamiento para el Acn\u00e9<\/h2>\n<\/p><\/div>\n<div>\n<p class=\"p-text\">Los precios del tratamiento para el acn\u00e9 var\u00edan seg\u00fan el m\u00e9todo utilizado y el tipo de piel. Generalmente, los tratamientos m\u00e1s simples se ofrecen a precios m\u00e1s asequibles, mientras que los m\u00e9todos avanzados como el l\u00e1ser o la mesoterapia pueden ser un poco m\u00e1s caros. Para obtener informaci\u00f3n detallada sobre los precios, recomendamos contactar nuestra cl\u00ednica.<\/p>\n<\/p><\/div>\n<\/p><\/div>\n<div>\n<div>\n<h2 class=\"h2-header\">\u00bfPor Qu\u00e9 Elegir la Cl\u00ednica Exclusiva Dr. Terziler?<\/h2>\n<\/p><\/div>\n<div>\n<p class=\"p-text\">El Dr. Terziler, con una experiencia reconocida internacionalmente y un enfoque est\u00e9tico que combina el arte y la ciencia, ofrece soluciones personalizadas que no solo ofrecen una transformaci\u00f3n f\u00edsica, sino tambi\u00e9n una renovaci\u00f3n emocional. Nuestra cl\u00ednica, equipada con tecnolog\u00edas avanzadas y operando bajo los principios de comodidad y seguridad, abraza la perfecci\u00f3n como su filosof\u00eda corporativa. Cada toque aqu\u00ed est\u00e1 destinado a mejorar tu salud y felicidad en general.<\/p>\n<\/p><\/div>\n<\/p><\/div>\n<\/p><\/div>\n<\/section>\n","protected":false},"excerpt":{"rendered":"<p>Tratamiento del Acn\u00e9 Los tratamientos antienvejecimiento que desaf\u00edan los signos del envejecimiento son procedimientos modernos destinados a lograr una piel m\u00e1s joven, vibrante y suave. Estos m\u00e9todos, que respaldan la belleza tanto est\u00e9tica como natural, ofrecen una soluci\u00f3n popular para todos en la actualidad. Dr. Terziler Exclusive Clinic \u00bb Est\u00e9tica m\u00e9dica \u00bb Tratamientos Faciales \u00bb [&hellip;]<\/p>\n","protected":false},"author":6,"featured_media":0,"parent":2508,"menu_order":0,"comment_status":"closed","ping_status":"closed","template":"","meta":{"footnotes":""},"class_list":["post-16600","page","type-page","status-publish","hentry"],"_links":{"self":[{"href":"https:\/\/drterziler.com\/es\/wp-json\/wp\/v2\/pages\/16600","targetHints":{"allow":["GET"]}}],"collection":[{"href":"https:\/\/drterziler.com\/es\/wp-json\/wp\/v2\/pages"}],"about":[{"href":"https:\/\/drterziler.com\/es\/wp-json\/wp\/v2\/types\/page"}],"author":[{"embeddable":true,"href":"https:\/\/drterziler.com\/es\/wp-json\/wp\/v2\/users\/6"}],"replies":[{"embeddable":true,"href":"https:\/\/drterziler.com\/es\/wp-json\/wp\/v2\/comments?post=16600"}],"version-history":[{"count":13,"href":"https:\/\/drterziler.com\/es\/wp-json\/wp\/v2\/pages\/16600\/revisions"}],"predecessor-version":[{"id":58438,"href":"https:\/\/drterziler.com\/es\/wp-json\/wp\/v2\/pages\/16600\/revisions\/58438"}],"up":[{"embeddable":true,"href":"https:\/\/drterziler.com\/es\/wp-json\/wp\/v2\/pages\/2508"}],"wp:attachment":[{"href":"https:\/\/drterziler.com\/es\/wp-json\/wp\/v2\/media?parent=16600"}],"curies":[{"name":"wp","href":"https:\/\/api.w.org\/{rel}","templated":true}]}}