{"id":16675,"date":"2025-01-27T14:45:31","date_gmt":"2025-01-27T14:45:31","guid":{"rendered":"https:\/\/drterziler.com\/estetica-medica\/yuz-uygulamalari\/prp-ve-egzozom-plazma-uygulamalari\/"},"modified":"2026-02-28T19:41:55","modified_gmt":"2026-02-28T19:41:55","slug":"tratamientos-con-prp-y-plasma-de-exosomas","status":"publish","type":"page","link":"https:\/\/drterziler.com\/es\/estetica-medica\/tratamientos-faciales\/tratamientos-con-prp-y-plasma-de-exosomas\/","title":{"rendered":"Tratamientos con PRP y Plasma de Exosomas"},"content":{"rendered":"<div class=\"page-content\">\n<div id=\"header-area\">\n<div class=\"container\" id=\"firstContent\">\n<div class=\"header-content d-flex flex-column\">\n<h1 class=\"content-title h1-header\">Tratamientos con PRP y Plasma de Exosomas<\/h1>\n<div class=\"content-paragraph\">\n<p class=\"p-text\">Las aplicaciones de PRP y Exosoma Plasma brindan un brillo juvenil a su piel y una apariencia plena y saludable a su cabello. Estas tecnolog\u00edas avanzadas, que activan mecanismos naturales de regeneraci\u00f3n, marcan la diferencia en el mundo de la belleza y el cuidado con una amplia gama de efectos, desde reducir las arrugas hasta prevenir la ca\u00edda del cabello.<\/p>\n<\/p><\/div>\n<nav aria-label=\"breadcrumb\" class=\"breadcrumbs\">\n<ul class=\"d-flex align-items-center mb-0\">\n<li><a class=\"link\" href=\"https:\/\/drterziler.com\/es\/\"><span>Dr. Terziler Exclusive Clinic<\/span><\/a><\/li>\n<li class=\"separator\">\u00bb<\/li>\n<li><a class=\"link\" href=\"https:\/\/drterziler.com\/es\/estetica-medica\/\"><span>Est\u00e9tica m\u00e9dica<\/span><\/a><\/li>\n<li class=\"separator\">\u00bb<\/li>\n<li><a class=\"link\" href=\"https:\/\/drterziler.com\/es\/estetica-medica\/tratamientos-faciales\/\"><span>Tratamientos Faciales<\/span><\/a><\/li>\n<li class=\"separator\">\u00bb<\/li>\n<li class=\"current-page\"><span>Tratamientos con PRP y Plasma de Exosomas<\/span><\/li>\n<\/ul>\n<\/nav><\/div>\n<\/p><\/div>\n<\/p><\/div>\n<\/div>\n<section id=\"content-area\">\n<div class=\"container my-5\">\n<div class=\"row align-items-start\">\n<div class=\"col-md-6 order-2 order-md-1\">\n<div class=\"custom-toc-box\">\n<div id=\"toc-header\">\n<h4>\u00cdndice<\/h4>\n<div class=\"toc-toggle-icon\"><\/div>\n<\/p><\/div>\n<div class=\"toc-full-divider\"><\/div>\n<div id=\"toc-body\">\n<div id=\"toc-container\"><\/div>\n<\/p><\/div>\n<\/p><\/div>\n<\/p><\/div>\n<div class=\"col-md-6 order-1 order-md-2\" id=\"jForm\">\n                <script type=\"text\/javascript\" src=\"https:\/\/form.jotform.com\/jsform\/242881767918979\"><\/script>\n            <\/div>\n<\/p><\/div>\n<\/p><\/div>\n<div class=\"container\">\n<div class=\"img-thumb\">\n            <img loading=\"lazy\" decoding=\"async\" width=\"1920\" height=\"1080\" src=\"https:\/\/drterziler.com\/wp-content\/uploads\/2025\/01\/PRP-ve-Egzozom-Plazma-Uygulamalari.webp\" alt=\"\" srcset=\"https:\/\/drterziler.com\/wp-content\/uploads\/2025\/01\/PRP-ve-Egzozom-Plazma-Uygulamalari.webp 1920w, https:\/\/drterziler.com\/wp-content\/uploads\/2025\/01\/PRP-ve-Egzozom-Plazma-Uygulamalari-300x169.webp 300w, https:\/\/drterziler.com\/wp-content\/uploads\/2025\/01\/PRP-ve-Egzozom-Plazma-Uygulamalari-1024x576.webp 1024w, https:\/\/drterziler.com\/wp-content\/uploads\/2025\/01\/PRP-ve-Egzozom-Plazma-Uygulamalari-768x432.webp 768w, https:\/\/drterziler.com\/wp-content\/uploads\/2025\/01\/PRP-ve-Egzozom-Plazma-Uygulamalari-1536x864.webp 1536w\" sizes=\"auto, (max-width: 1920px) 100vw, 1920px\">\n        <\/div>\n<div>\n<div>\n<h2 class=\"h2-header\">\u00bfQu\u00e9 Son las Aplicaciones de Plasma PRP y Exosoma?<\/h2>\n<\/p><\/div>\n<div>\n<p class=\"p-text\">PRP (Plasma Rico en Plaquetas) es un m\u00e9todo de tratamiento en el que se utiliza el plasma rico en plaquetas obtenido de la sangre de la propia persona para rejuvenecer los tejidos de la piel y el cabello. El plasma exosoma, por otro lado, utiliza exosomas, que dirigen la comunicaci\u00f3n celular, para proporcionar una regeneraci\u00f3n m\u00e1s intensiva. Ambos m\u00e9todos apoyan la salud de la piel y el cabello activando los mecanismos naturales de renovaci\u00f3n.<\/p>\n<\/p><\/div>\n<\/p><\/div>\n<div>\n<div>\n<h2 class=\"h2-header\">\u00bfCu\u00e1les Son los Beneficios de las Aplicaciones de PRP y Plasma Exosoma?<\/h2>\n<\/p><\/div>\n<div>\n<p class=\"p-text\">Reduce las l\u00edneas finas y arrugas en la piel. Aumenta el brillo y la elasticidad de la piel. Detiene la ca\u00edda del cabello y apoya el crecimiento de nuevo cabello. Ayuda a reducir manchas, cicatrices y marcas de acn\u00e9. Ofrece un tiempo de recuperaci\u00f3n r\u00e1pido y es m\u00ednimamente invasivo. Como es un m\u00e9todo natural, el riesgo de reacciones al\u00e9rgicas es bajo. Estos tratamientos proporcionan una curaci\u00f3n a largo plazo abordando las causas fundamentales de los problemas de la piel. Adem\u00e1s, ofrecen soluciones adecuadas tanto para hombres como para mujeres.<\/p>\n<\/p><\/div>\n<\/p><\/div>\n<div>\n<div>\n<h2 class=\"h2-header\">\u00bfQu\u00e9 Apariencia Proporcionan los Tratamientos de PRP y Plasma Exosoma?<\/h2>\n<\/p><\/div>\n<div>\n<p class=\"p-text\">Los tratamientos de PRP y plasma exosoma hacen que la piel se vea radiante, d\u00e1ndole una estructura m\u00e1s joven y llena. Mientras la piel cansada y opaca se rejuvenece, el cabello se vuelve m\u00e1s grueso y saludable. La estructura de los poros de la piel mejora, y se alcanza un tono m\u00e1s homog\u00e9neo. El cabello muestra un volumen y brillo visibles.<\/p>\n<\/p><\/div>\n<\/p><\/div>\n<div>\n<div>\n<h2 class=\"h2-header\">\u00bfPara Qui\u00e9n Son Adecuados los Tratamientos de PRP y Plasma Exosoma?<\/h2>\n<\/p><\/div>\n<div>\n<p class=\"p-text\">Estos tratamientos son adecuados para cualquier persona que desee una renovaci\u00f3n de la piel o el cabello, sin importar la edad. Son una opci\u00f3n ideal para personas que experimentan ca\u00edda del cabello a una edad temprana o para aquellos que desean reducir los signos del envejecimiento. Las personas con infecciones activas, trastornos sangu\u00edneos o afecciones graves de la piel deben consultar a un especialista para una evaluaci\u00f3n. Los planes de tratamiento personalizados ofrecen soluciones hechas a medida para todos.<\/p>\n<\/p><\/div>\n<\/p><\/div>\n<div>\n<div>\n<h2 class=\"h2-header\">\u00bfPor Qu\u00e9 Son Populares los Tratamientos de PRP y Plasma Exosoma?<\/h2>\n<\/p><\/div>\n<div>\n<p class=\"p-text\">Ofrecen un enfoque de tratamiento natural y personalizado. Proporcionan resultados efectivos sin la necesidad de intervenci\u00f3n quir\u00fargica. Se han vuelto m\u00e1s efectivos con los avances tecnol\u00f3gicos. Crean diferencias visibles en poco tiempo. Se pueden aplicar con un riesgo y efectos secundarios m\u00ednimos. Adem\u00e1s, permiten que la mayor\u00eda de las personas regresen a su vida social inmediatamente. Su estructura innovadora y resultados impresionantes los hacen destacar en el mundo est\u00e9tico.<\/p>\n<\/p><\/div>\n<\/p><\/div>\n<div>\n<div>\n<h2 class=\"h2-header\">\u00bfC\u00f3mo se Aplican los Tratamientos de PRP y Plasma Exosoma?<\/h2>\n<\/p><\/div>\n<div>\n<p class=\"p-text\">En la aplicaci\u00f3n de PRP, se extrae sangre del paciente, se separa usando un dispositivo especial y se obtiene plasma rico en plaquetas. Este plasma se inyecta en el \u00e1rea problem\u00e1tica con agujas finas. En la terapia de plasma exosoma, los exosomas obtenidos de fuentes externas se inyectan utilizando el mismo m\u00e9todo. Ambos tratamientos suelen durar de 30 a 45 minutos y se realizan en un entorno cl\u00ednico. Despu\u00e9s del procedimiento, la persona puede volver a su vida normal y los efectos comienzan a ser visibles en breve.<\/p>\n<\/p><\/div>\n<\/p><\/div>\n<div>\n<div>\n<h2 class=\"h2-header\">\u00bfCu\u00e1nto Durar\u00e1n los Resultados de los Tratamientos de PRP y Plasma Exosoma?<\/h2>\n<\/p><\/div>\n<div>\n<p class=\"p-text\">Los resultados var\u00edan seg\u00fan las diferencias individuales, pero los tratamientos de PRP suelen mantener su efecto durante 6-12 meses. La terapia de plasma exosoma puede proporcionar una regeneraci\u00f3n de m\u00e1s larga duraci\u00f3n. Para mejorar la longevidad de los resultados, se recomiendan sesiones regulares. Adem\u00e1s, mantener una rutina adecuada de cuidado de la piel es crucial para efectos continuos.<\/p>\n<\/p><\/div>\n<\/p><\/div>\n<div>\n<div>\n<h2 class=\"h2-header\">\u00bfEl Tratamiento de PRP y Plasma Exosoma Causa Dolor o Incomodidad?<\/h2>\n<\/p><\/div>\n<div>\n<p class=\"p-text\">Puede haber una incomodidad m\u00ednima durante la aplicaci\u00f3n, pero se utilizan cremas anest\u00e9sicas locales para minimizar esta sensaci\u00f3n. Puede ocurrir enrojecimiento o hinchaz\u00f3n leve despu\u00e9s del tratamiento, pero generalmente desaparece dentro de 24 horas. El confort durante el tratamiento aumenta seg\u00fan la experiencia del profesional y sus t\u00e9cnicas de aplicaci\u00f3n. Los pacientes generalmente toleran el procedimiento c\u00f3modamente.<\/p>\n<\/p><\/div>\n<\/p><\/div>\n<div>\n<div>\n<h2 class=\"h2-header\">Precios del Tratamiento de PRP y Plasma Exosoma<\/h2>\n<\/p><\/div>\n<div>\n<p class=\"p-text\">Los precios pueden variar dependiendo del tama\u00f1o del \u00e1rea de tratamiento, la duraci\u00f3n del tratamiento o los servicios elegidos. PRP generalmente es m\u00e1s asequible, mientras que las terapias de plasma exosoma pueden diferir. Para obtener informaci\u00f3n precisa, se recomienda obtener detalles sobre precios de una cl\u00ednica especializada. Adem\u00e1s, los tratamientos en paquete pueden hacer que las soluciones a largo plazo sean m\u00e1s econ\u00f3micas.<\/p>\n<\/p><\/div>\n<\/p><\/div>\n<div>\n<div>\n<h2 class=\"h2-header\">\u00bfPor Qu\u00e9 Elegir la Cl\u00ednica Exclusiva Dr. Terziler?<\/h2>\n<\/p><\/div>\n<div>\n<p class=\"p-text\">El Dr. Terziler, con una experiencia reconocida internacionalmente y un enfoque est\u00e9tico que combina el arte y la ciencia, ofrece soluciones personalizadas que no solo ofrecen una transformaci\u00f3n f\u00edsica, sino tambi\u00e9n una renovaci\u00f3n emocional. Nuestra cl\u00ednica, equipada con tecnolog\u00edas avanzadas y operando bajo los principios de comodidad y seguridad, abraza la perfecci\u00f3n como su filosof\u00eda corporativa. Cada toque aqu\u00ed est\u00e1 destinado a mejorar su salud y felicidad en general.<\/p>\n<\/p><\/div>\n<\/p><\/div>\n<\/p><\/div>\n<\/section>\n","protected":false},"excerpt":{"rendered":"<p>Tratamientos con PRP y Plasma de Exosomas Las aplicaciones de PRP y Exosoma Plasma brindan un brillo juvenil a su piel y una apariencia plena y saludable a su cabello. Estas tecnolog\u00edas avanzadas, que activan mecanismos naturales de regeneraci\u00f3n, marcan la diferencia en el mundo de la belleza y el cuidado con una amplia gama [&hellip;]<\/p>\n","protected":false},"author":6,"featured_media":0,"parent":15919,"menu_order":0,"comment_status":"closed","ping_status":"closed","template":"","meta":{"footnotes":""},"class_list":["post-16675","page","type-page","status-publish","hentry"],"_links":{"self":[{"href":"https:\/\/drterziler.com\/es\/wp-json\/wp\/v2\/pages\/16675","targetHints":{"allow":["GET"]}}],"collection":[{"href":"https:\/\/drterziler.com\/es\/wp-json\/wp\/v2\/pages"}],"about":[{"href":"https:\/\/drterziler.com\/es\/wp-json\/wp\/v2\/types\/page"}],"author":[{"embeddable":true,"href":"https:\/\/drterziler.com\/es\/wp-json\/wp\/v2\/users\/6"}],"replies":[{"embeddable":true,"href":"https:\/\/drterziler.com\/es\/wp-json\/wp\/v2\/comments?post=16675"}],"version-history":[{"count":13,"href":"https:\/\/drterziler.com\/es\/wp-json\/wp\/v2\/pages\/16675\/revisions"}],"predecessor-version":[{"id":58462,"href":"https:\/\/drterziler.com\/es\/wp-json\/wp\/v2\/pages\/16675\/revisions\/58462"}],"up":[{"embeddable":true,"href":"https:\/\/drterziler.com\/es\/wp-json\/wp\/v2\/pages\/15919"}],"wp:attachment":[{"href":"https:\/\/drterziler.com\/es\/wp-json\/wp\/v2\/media?parent=16675"}],"curies":[{"name":"wp","href":"https:\/\/api.w.org\/{rel}","templated":true}]}}