{"id":16723,"date":"2025-01-27T14:51:19","date_gmt":"2025-01-27T14:51:19","guid":{"rendered":"https:\/\/drterziler.com\/estetica-medica\/yuz-uygulamalari\/kok-hucre-uygulamalari\/"},"modified":"2026-03-06T23:07:30","modified_gmt":"2026-03-06T23:07:30","slug":"tratamientos-con-celulas-madre","status":"publish","type":"page","link":"https:\/\/drterziler.com\/es\/estetica-medica\/tratamientos-faciales\/tratamientos-con-celulas-madre\/","title":{"rendered":"Tratamientos con C\u00e9lulas Madre"},"content":{"rendered":"<div class=\"page-content category-page\">\n<div id=\"header-area\">\n<div class=\"container\" id=\"firstContent\">\n<div class=\"header-content d-flex flex-column\">\n<h1 class=\"content-title\">Tratamientos con C\u00e9lulas Madre<\/h1>\n<div class=\"content-paragraph\">\n                    La terapia con c\u00e9lulas madre es una tecnolog\u00eda de salud avanzada que aprovecha el potencial del cuerpo para la autorreparaci\u00f3n y la renovaci\u00f3n. Este tratamiento especializado activa los mecanismos naturales de reparaci\u00f3n de las c\u00e9lulas, promoviendo la juventud, la vitalidad y la energ\u00eda. Al ofrecer un enfoque personalizado, la terapia con c\u00e9lulas madre apoya la salud general y mejora la calidad de vida.\n                <\/div>\n<nav aria-label=\"breadcrumb\" class=\"breadcrumbs\">\n<ul class=\"d-flex align-items-center mb-0\">\n<li><a class=\"link\" href=\"https:\/\/drterziler.com\/es\"><span>Dr. Terziler<\/span><\/a><\/li>\n<li class=\"separator\">\u00bb<\/li>\n<li><a class=\"link\" href=\"https:\/\/drterziler.com\/es\/estetica-medica\/\"><span>Est\u00e9tica M\u00e9dica<\/span><\/a><\/li>\n<li class=\"separator\">\u00bb<\/li>\n<li><a class=\"link\" href=\"https:\/\/drterziler.com\/es\/estetica-medica\/tratamientos-faciales\/\"><span>Tratamientos Faciales<\/span><\/a><\/li>\n<li class=\"separator\">\u00bb<\/li>\n<li class=\"current-page\"><span>Tratamientos con C\u00e9lulas Madre<\/span><\/li>\n<\/ul>\n<\/nav><\/div>\n<\/p><\/div>\n<\/p><\/div>\n<\/div>\n<section class=\"svc-section\">\n<div class=\"container\">\n<div class=\"svc-item right-card\">\n<div class=\"svc-media\">\n                <img decoding=\"async\" src=\"https:\/\/drterziler.com\/wp-content\/uploads\/2025\/04\/Gcell-Regenere-Activarev.webp\" loading=\"lazy\" class=\"cat-img\" alt=\"\">\n            <\/div>\n<div class=\"svc-card\">\n<h3 class=\"svc-title gilda\">Gcell \/ Regenera Activa<\/h3>\n<p class=\"svc-text barlow\">\n                    Es un m\u00e9todo de tratamiento biotecnol\u00f3gico avanzado que ofrece una soluci\u00f3n natural y eficaz para problemas est\u00e9ticos como la ca\u00edda del cabello y el rejuvenecimiento de la piel. Utilizando las propias c\u00e9lulas del individuo, este procedimiento fortalece el cabello y crea efectos rejuvenecedores en la piel sin necesidad de cirug\u00eda. Adecuado tanto para hombres como para mujeres, este tratamiento proporciona resultados naturales y una mejora duradera.\n                <\/p>\n<p>                <a class=\"btn-details barlow-condensed\" href=\"https:\/\/drterziler.com\/es\/estetica-medica\/tratamientos-faciales\/tratamientos-con-celulas-madre\/gcell-regenere-activa\/\">DETALLES<\/a>\n            <\/div>\n<\/p><\/div>\n<div class=\"svc-item left-card\">\n<div class=\"svc-media\">\n                <img decoding=\"async\" src=\"https:\/\/drterziler.com\/wp-content\/uploads\/2025\/04\/Mezenkimal-Kok-Hucre.webp\" loading=\"lazy\" class=\"cat-img\" alt=\"\">\n            <\/div>\n<div class=\"svc-card\">\n<h3 class=\"svc-title gilda\">C\u00e9lulas Madre Mesenquimales<\/h3>\n<p class=\"svc-text barlow\">\n                    Son c\u00e9lulas de gran valor con capacidades curativas \u00fanicas que aceleran los procesos de recuperaci\u00f3n y renovaci\u00f3n del cuerpo. Estas c\u00e9lulas pueden transformarse en diferentes tipos de tejido, lo que las hace eficaces en una amplia gama de tratamientos. Debido a su alta eficiencia y poder curativo natural, proporcionan resultados milagrosos en \u00e1reas como la restauraci\u00f3n capilar, el rejuvenecimiento de la piel y diversos campos de la salud.\n                <\/p>\n<p>                <a class=\"btn-details barlow-condensed\" href=\"https:\/\/drterziler.com\/es\/estetica-medica\/tratamientos-faciales\/tratamientos-con-celulas-madre\/celulas-madre-mesenquimales\/\">DETALLES<\/a>\n            <\/div>\n<\/p><\/div>\n<\/p><\/div>\n<\/section>\n","protected":false},"excerpt":{"rendered":"<p>Tratamientos con C\u00e9lulas Madre La terapia con c\u00e9lulas madre es una tecnolog\u00eda de salud avanzada que aprovecha el potencial del cuerpo para la autorreparaci\u00f3n y la renovaci\u00f3n. Este tratamiento especializado activa los mecanismos naturales de reparaci\u00f3n de las c\u00e9lulas, promoviendo la juventud, la vitalidad y la energ\u00eda. Al ofrecer un enfoque personalizado, la terapia con [&hellip;]<\/p>\n","protected":false},"author":6,"featured_media":0,"parent":15919,"menu_order":0,"comment_status":"closed","ping_status":"closed","template":"","meta":{"footnotes":""},"class_list":["post-16723","page","type-page","status-publish","hentry"],"_links":{"self":[{"href":"https:\/\/drterziler.com\/es\/wp-json\/wp\/v2\/pages\/16723","targetHints":{"allow":["GET"]}}],"collection":[{"href":"https:\/\/drterziler.com\/es\/wp-json\/wp\/v2\/pages"}],"about":[{"href":"https:\/\/drterziler.com\/es\/wp-json\/wp\/v2\/types\/page"}],"author":[{"embeddable":true,"href":"https:\/\/drterziler.com\/es\/wp-json\/wp\/v2\/users\/6"}],"replies":[{"embeddable":true,"href":"https:\/\/drterziler.com\/es\/wp-json\/wp\/v2\/comments?post=16723"}],"version-history":[{"count":26,"href":"https:\/\/drterziler.com\/es\/wp-json\/wp\/v2\/pages\/16723\/revisions"}],"predecessor-version":[{"id":59844,"href":"https:\/\/drterziler.com\/es\/wp-json\/wp\/v2\/pages\/16723\/revisions\/59844"}],"up":[{"embeddable":true,"href":"https:\/\/drterziler.com\/es\/wp-json\/wp\/v2\/pages\/15919"}],"wp:attachment":[{"href":"https:\/\/drterziler.com\/es\/wp-json\/wp\/v2\/media?parent=16723"}],"curies":[{"name":"wp","href":"https:\/\/api.w.org\/{rel}","templated":true}]}}