{"id":16783,"date":"2025-01-27T14:57:19","date_gmt":"2025-01-27T14:57:19","guid":{"rendered":"https:\/\/drterziler.com\/estetica-medica\/yuz-uygulamalari\/kok-hucre-uygulamalari\/gcell-regenere-activa\/"},"modified":"2026-03-06T23:09:46","modified_gmt":"2026-03-06T23:09:46","slug":"gcell-regenere-activa","status":"publish","type":"page","link":"https:\/\/drterziler.com\/es\/estetica-medica\/tratamientos-faciales\/tratamientos-con-celulas-madre\/gcell-regenere-activa\/","title":{"rendered":"Gcell \/ Regenere Activa"},"content":{"rendered":"<div class=\"page-content\">\n<div id=\"header-area\">\n<div class=\"container\" id=\"firstContent\">\n<div class=\"header-content d-flex flex-column\">\n<h1 class=\"content-title h1-header\">Gcell \/ Regenera Activa<\/h1>\n<div class=\"content-paragraph\">\n<p class=\"p-text\">Gcell \/ Regenera Activa es un m\u00e9todo de tratamiento biotecnol\u00f3gico avanzado que ofrece una soluci\u00f3n natural y eficaz para problemas est\u00e9ticos como la ca\u00edda del cabello ve el rejuvenecimiento de la piel. Este proceso, que utiliza las propias c\u00e9lulas del paciente, fortalece el cabello ve crea efectos rejuvenecedores en la piel sin necesidad de cirug\u00eda. Adecuado tanto para hombres como para mujeres, este tratamiento proporciona resultados naturales ve una mejora permanente. Dr. Terziler Exclusive Clinic \u00bb Est\u00e9tica M\u00e9dica \u00bb Aplicaciones Faciales \u00bb Tratamientos con C\u00e9lulas Madre \u00bb Gcell \/ Regenera Activa Tabla de Contenidos<\/p>\n<\/p><\/div>\n<nav aria-label=\"breadcrumb\" class=\"breadcrumbs\">\n<ul class=\"d-flex align-items-center mb-0\">\n<li><a class=\"link\" href=\"https:\/\/drterziler.com\/es\/\"><span>Dr. Terziler Exclusive Clinic<\/span><\/a><\/li>\n<li class=\"separator\">\u00bb<\/li>\n<li><a class=\"link\" href=\"https:\/\/drterziler.com\/es\/estetica-medica\/\"><span>Est\u00e9tica M\u00e9dica<\/span><\/a><\/li>\n<li class=\"separator\">\u00bb<\/li>\n<li><a class=\"link\" href=\"https:\/\/drterziler.com\/es\/estetica-medica\/tratamientos-faciales\/\"><span>Aplicaciones Faciales<\/span><\/a><\/li>\n<li class=\"separator\">\u00bb<\/li>\n<li><a class=\"link\" href=\"https:\/\/drterziler.com\/es\/estetica-medica\/tratamientos-faciales\/tratamientos-con-celulas-madre\/\"><span>Tratamientos con C\u00e9lulas Madre<\/span><\/a><\/li>\n<li class=\"separator\">\u00bb<\/li>\n<li class=\"current-page\"><span>Gcell \/ Regenera Activa<\/span><\/li>\n<\/ul>\n<\/nav><\/div>\n<\/p><\/div>\n<\/p><\/div>\n<\/div>\n<section id=\"content-area\">\n<div class=\"container my-5\">\n<div class=\"row align-items-start\">\n<div class=\"col-md-6 order-2 order-md-1\">\n<div class=\"custom-toc-box\">\n<div id=\"toc-header\">\n<h4>\u00cdndice<\/h4>\n<div class=\"toc-toggle-icon\"><\/div>\n<\/p><\/div>\n<div class=\"toc-full-divider\"><\/div>\n<div id=\"toc-body\">\n<div id=\"toc-container\"><\/div>\n<\/p><\/div>\n<\/p><\/div>\n<\/p><\/div>\n<div class=\"col-md-6 order-1 order-md-2\" id=\"jForm\">\n                <script type=\"text\/javascript\" src=\"https:\/\/form.jotform.com\/jsform\/242881767918979\"><\/script>\n            <\/div>\n<\/p><\/div>\n<\/p><\/div>\n<div class=\"container\">\n<div class=\"img-thumb\">\n            <img loading=\"lazy\" decoding=\"async\" width=\"1920\" height=\"1080\" src=\"https:\/\/drterziler.com\/wp-content\/uploads\/2025\/01\/Gcell-Regenere-Activa.webp\" srcset=\"https:\/\/drterziler.com\/wp-content\/uploads\/2025\/01\/Gcell-Regenere-Activa.webp 1920w, https:\/\/drterziler.com\/wp-content\/uploads\/2025\/01\/Gcell-Regenere-Activa-300x169.webp 300w, https:\/\/drterziler.com\/wp-content\/uploads\/2025\/01\/Gcell-Regenere-Activa-1024x576.webp 1024w, https:\/\/drterziler.com\/wp-content\/uploads\/2025\/01\/Gcell-Regenere-Activa-768x432.webp 768w, https:\/\/drterziler.com\/wp-content\/uploads\/2025\/01\/Gcell-Regenere-Activa-1536x864.webp 1536w\" sizes=\"auto, (max-width: 1920px) 100vw, 1920px\" alt=\"\">\n        <\/div>\n<div>\n<div>\n<h2 class=\"h2-header\">\u00bfQu\u00e9 es el Tratamiento GCell Regenera Activa?<\/h2>\n<\/p><\/div>\n<div>\n<p class=\"p-text\">GCell Regenera Activa es un m\u00e9todo de tratamiento biotecnol\u00f3gico de nivel avanzado desarrollado para el rejuvenecimiento capilar ve de la piel. Este tratamiento utiliza las propiedades regenerativas ve reparadoras de las c\u00e9lulas obtenidas de los propios tejidos de la persona para activar los mecanismos de curaci\u00f3n natural del cuerpo. Adem\u00e1s de ser eficaz en el tratamiento de problemas como la ca\u00edda del cabello, el adelgazamiento ve la debilidad capilar, tambi\u00e9n ofrece resultados exitosos en el rejuvenecimiento de la piel ve la recuperaci\u00f3n de la elasticidad perdida.<\/p>\n<\/p><\/div>\n<\/p><\/div>\n<div>\n<div>\n<h2 class=\"h2-header\">\u00bfQu\u00e9 es la Suspensi\u00f3n de Tejido Aut\u00f3logo?<\/h2>\n<\/p><\/div>\n<div>\n<p class=\"p-text\">La suspensi\u00f3n de tejido aut\u00f3logo es un m\u00e9todo de tratamiento que apoya el proceso de curaci\u00f3n natural del cuerpo utilizando los efectos regenerativos ve reparadores de las c\u00e9lulas obtenidas de los propios tejidos de la persona. Ofrece una soluci\u00f3n eficaz para la ca\u00edda del cabello, el envejecimiento de la piel ve otros problemas est\u00e9ticos. Este tratamiento proporciona resultados seguros ve naturales al eliminar el riesgo de reacciones al\u00e9rgicas.<\/p>\n<\/p><\/div>\n<\/p><\/div>\n<div>\n<div>\n<h2 class=\"h2-header\">\u00bfCu\u00e1les son los Beneficios del Tratamiento GCell Regenera Activa?<\/h2>\n<\/p><\/div>\n<div>\n<p class=\"p-text\">Proporciona resultados seguros con c\u00e9lulas naturales. Es un procedimiento no quir\u00fargico ve m\u00ednimamente invasivo. Tiene efectos duraderos ve permanentes. Ofrece un proceso de recuperaci\u00f3n r\u00e1pido. No hay riesgo de reacciones al\u00e9rgicas. Apoya la regeneraci\u00f3n capilar ve de la piel. Ofrece planes de tratamiento personalizados.<\/p>\n<\/p><\/div>\n<\/p><\/div>\n<div>\n<div>\n<h2 class=\"h2-header\">\u00bfPara qui\u00e9n es adecuado el Tratamiento GCell Regenera Activa?<\/h2>\n<\/p><\/div>\n<div>\n<p class=\"p-text\">Personas que experimentan ca\u00edda del cabello. Quienes desean fortalecer las hebras de cabello fino. Personas que sufren p\u00e9rdida de elasticidad en la piel. Quienes desean reducir los signos del envejecimiento. Individuos con flacidez cut\u00e1nea. Personas con preocupaciones est\u00e9ticas (tanto hombres como mujeres). Quienes desean aumentar su calidad de vida general.<\/p>\n<\/p><\/div>\n<\/p><\/div>\n<div>\n<div>\n<h2 class=\"h2-header\">\u00bfQu\u00e9 apariencia proporciona el Tratamiento GCell Regenera Activa?<\/h2>\n<\/p><\/div>\n<div>\n<p class=\"p-text\">Los resultados obtenidos tras el tratamiento son bastante evidentes. En personas con ca\u00edda del cabello, las hebras se vuelven m\u00e1s densas, gruesas ve saludables. El aumento de la densidad es visible, especialmente en las zonas con aclaramiento. En las aplicaciones cut\u00e1neas, las l\u00edneas finas disminuyen, el tono de la piel se equilibra ve aparece un aspecto m\u00e1s joven. La elasticidad de la piel aumenta, haciendo que el rostro luzca m\u00e1s firme ve din\u00e1mico. El tratamiento resalta la belleza natural de la persona mientras evita que se forme una apariencia artificial.<\/p>\n<\/p><\/div>\n<\/p><\/div>\n<div>\n<div>\n<h2 class=\"h2-header\">\u00bfCu\u00e1nto tiempo duran los resultados del Tratamiento GCell Regenera Activa?<\/h2>\n<\/p><\/div>\n<div>\n<p class=\"p-text\">La permanencia de los efectos del tratamiento puede variar seg\u00fan el estilo de vida, los factores gen\u00e9ticos ve la rutina de cuidado de la piel. Sin embargo, generalmente mantiene su efecto durante 1-2 a\u00f1os. Este per\u00edodo puede prolongarse a\u00fan m\u00e1s con sesiones de mantenimiento regulares ve un estilo de vida saludable.<\/p>\n<\/p><\/div>\n<\/p><\/div>\n<div>\n<div>\n<h2 class=\"h2-header\">\u00bfEl Tratamiento GCell Regenera Activa causa dolor o molestias?<\/h2>\n<\/p><\/div>\n<div>\n<p class=\"p-text\">Dado que se utiliza un m\u00e9todo m\u00ednimamente invasivo durante el tratamiento, la sensaci\u00f3n de dolor o molestia es muy baja. El procedimiento, realizado bajo anestesia local, suele ser tolerado con facilidad por los pacientes. Puede producirse una ligera sensibilidad despu\u00e9s de la intervenci\u00f3n, pero generalmente desaparece en pocos d\u00edas.<\/p>\n<\/p><\/div>\n<\/p><\/div>\n<div>\n<div>\n<h2 class=\"h2-header\">\u00bfPor qu\u00e9 es popular el Tratamiento GCell Regenera Activa?<\/h2>\n<\/p><\/div>\n<div>\n<p class=\"p-text\">GCell Regenera Activa ha ganado gran popularidad debido a que proporciona una regeneraci\u00f3n natural ve resultados seguros. Al no requerir cirug\u00eda, tener un tiempo de procedimiento corto ve ofrecer una recuperaci\u00f3n r\u00e1pida, es una opci\u00f3n ideal para personas con un ritmo de vida intenso. El hecho de que nombres famosos prefieran este tratamiento ve compartan sus experiencias positivas ha aumentado a\u00fan m\u00e1s su popularidad. Se ha convertido en una opci\u00f3n de tratamiento vers\u00e1til al ofrecer soluciones no solo para la ca\u00edda del cabello, sino tambi\u00e9n para el rejuvenecimiento de la piel ve soluciones anti-aging.<\/p>\n<\/p><\/div>\n<\/p><\/div>\n<div>\n<div>\n<h2 class=\"h2-header\">\u00bfCu\u00e1les son los precios del Tratamiento GCell Regenera Activa?<\/h2>\n<\/p><\/div>\n<div>\n<p class=\"p-text\">Los precios del tratamiento GCell Regenera Activa pueden variar seg\u00fan el \u00e1rea de aplicaci\u00f3n, el alcance del tratamiento ve la tecnolog\u00eda utilizada. La realizaci\u00f3n de una evaluaci\u00f3n personalizada ve un plan adecuado a las necesidades son los factores m\u00e1s importantes que afectan el precio. Teniendo en cuenta sus efectos a largo plazo, este tratamiento es una inversi\u00f3n valiosa en t\u00e9rminos de los beneficios que ofrece.<\/p>\n<\/p><\/div>\n<\/p><\/div>\n<div>\n<div>\n<h2 class=\"h2-header\">\u00bfPor qu\u00e9 elegir la Cl\u00ednica Exclusive Dr. Terziler?<\/h2>\n<\/p><\/div>\n<div>\n<p class=\"p-text\">Dr. Terziler, con su experiencia reconocida internacionalmente ve su enfoque est\u00e9tico que combina el arte con la ciencia, ofrece soluciones personalizadas que brindan no solo una transformaci\u00f3n f\u00edsica, sino tambi\u00e9n una renovaci\u00f3n emocional. Nuestra cl\u00ednica, equipada con tecnolog\u00edas avanzadas de acuerdo con los principios de confort ve seguridad, adopta la excelencia como una filosof\u00eda corporativa. Cada toque realizado aqu\u00ed tiene como objetivo mejorar su salud general ve su felicidad.<\/p>\n<\/p><\/div>\n<\/p><\/div>\n<\/p><\/div>\n<\/section>\n","protected":false},"excerpt":{"rendered":"<p>Gcell \/ Regenera Activa Gcell \/ Regenera Activa es un m\u00e9todo de tratamiento biotecnol\u00f3gico avanzado que ofrece una soluci\u00f3n natural y eficaz para problemas est\u00e9ticos como la ca\u00edda del cabello ve el rejuvenecimiento de la piel. Este proceso, que utiliza las propias c\u00e9lulas del paciente, fortalece el cabello ve crea efectos rejuvenecedores en la piel [&hellip;]<\/p>\n","protected":false},"author":6,"featured_media":0,"parent":16723,"menu_order":0,"comment_status":"closed","ping_status":"closed","template":"","meta":{"footnotes":""},"class_list":["post-16783","page","type-page","status-publish","hentry"],"_links":{"self":[{"href":"https:\/\/drterziler.com\/es\/wp-json\/wp\/v2\/pages\/16783","targetHints":{"allow":["GET"]}}],"collection":[{"href":"https:\/\/drterziler.com\/es\/wp-json\/wp\/v2\/pages"}],"about":[{"href":"https:\/\/drterziler.com\/es\/wp-json\/wp\/v2\/types\/page"}],"author":[{"embeddable":true,"href":"https:\/\/drterziler.com\/es\/wp-json\/wp\/v2\/users\/6"}],"replies":[{"embeddable":true,"href":"https:\/\/drterziler.com\/es\/wp-json\/wp\/v2\/comments?post=16783"}],"version-history":[{"count":27,"href":"https:\/\/drterziler.com\/es\/wp-json\/wp\/v2\/pages\/16783\/revisions"}],"predecessor-version":[{"id":59845,"href":"https:\/\/drterziler.com\/es\/wp-json\/wp\/v2\/pages\/16783\/revisions\/59845"}],"up":[{"embeddable":true,"href":"https:\/\/drterziler.com\/es\/wp-json\/wp\/v2\/pages\/16723"}],"wp:attachment":[{"href":"https:\/\/drterziler.com\/es\/wp-json\/wp\/v2\/media?parent=16783"}],"curies":[{"name":"wp","href":"https:\/\/api.w.org\/{rel}","templated":true}]}}