{"id":16833,"date":"2025-01-28T07:36:50","date_gmt":"2025-01-28T07:36:50","guid":{"rendered":"https:\/\/drterziler.com\/estetica-medica\/yuz-uygulamalari\/kok-hucre-uygulamalari\/mezankimal-kok-hucre\/"},"modified":"2026-03-06T23:11:12","modified_gmt":"2026-03-06T23:11:12","slug":"celulas-madre-mesenquimales","status":"publish","type":"page","link":"https:\/\/drterziler.com\/es\/estetica-medica\/tratamientos-faciales\/tratamientos-con-celulas-madre\/celulas-madre-mesenquimales\/","title":{"rendered":"C\u00e9lulas Madre Mesenquimales"},"content":{"rendered":"<div class=\"page-content\">\n<div id=\"header-area\">\n<div class=\"container\" id=\"firstContent\">\n<div class=\"header-content d-flex flex-column\">\n<h1 class=\"content-title h1-header\">C\u00e9lulas Madre Mesenquimales<\/h1>\n<div class=\"content-paragraph\">\n<p class=\"p-text\">Se trata de c\u00e9lulas muy valiosas con capacidades reparadoras \u00fanicas que aceleran los procesos de curaci\u00f3n y regeneraci\u00f3n del cuerpo. Se utilizan eficazmente en una amplia variedad de tratamientos debido a su capacidad de transformarse en diferentes tipos de tejidos. Con su alta eficiencia y poder curativo natural, brindan resultados milagrosos en la restauraci\u00f3n del cabello, el rejuvenecimiento de la piel y muchas \u00e1reas de la salud.<\/p>\n<\/p><\/div>\n<nav aria-label=\"breadcrumb\" class=\"breadcrumbs\">\n<ul class=\"d-flex align-items-center mb-0\">\n<li><a class=\"link\" href=\"https:\/\/drterziler.com\/es\/\"><span>Dr. Terziler<\/span><\/a><\/li>\n<li class=\"separator\">\u00bb<\/li>\n<li><a class=\"link\" href=\"https:\/\/drterziler.com\/es\/estetica-medica\/\"><span>Est\u00e9tica m\u00e9dica<\/span><\/a><\/li>\n<li class=\"separator\">\u00bb<\/li>\n<li><a class=\"link\" href=\"https:\/\/drterziler.com\/es\/estetica-medica\/tratamientos-faciales\/\"><span>Tratamientos Faciales<\/span><\/a><\/li>\n<li class=\"separator\">\u00bb<\/li>\n<li><a class=\"link\" href=\"https:\/\/drterziler.com\/es\/estetica-medica\/tratamientos-faciales\/tratamientos-con-celulas-madre\/\"><span>Tratamientos con C\u00e9lulas Madre<\/span><\/a><\/li>\n<li class=\"separator\">\u00bb<\/li>\n<li class=\"current-page\"><span>C\u00e9lulas Madre Mesenquimales<\/span><\/li>\n<\/ul>\n<\/nav><\/div>\n<\/p><\/div>\n<\/p><\/div>\n<\/div>\n<section id=\"content-area\">\n<div class=\"container my-5\">\n<div class=\"row align-items-start\">\n<div class=\"col-md-6 order-2 order-md-1\">\n<div class=\"custom-toc-box\">\n<div id=\"toc-header\">\n<h4>\u00cdndice<\/h4>\n<div class=\"toc-toggle-icon\"><\/div>\n<\/p><\/div>\n<div class=\"toc-full-divider\"><\/div>\n<div id=\"toc-body\">\n<div id=\"toc-container\"><\/div>\n<\/p><\/div>\n<\/p><\/div>\n<\/p><\/div>\n<div class=\"col-md-6 order-1 order-md-2\" id=\"jForm\">\n                <script type=\"text\/javascript\" src=\"https:\/\/form.jotform.com\/jsform\/242881767918979\"><\/script>\n            <\/div>\n<\/p><\/div>\n<\/p><\/div>\n<div class=\"container\">\n<div class=\"img-thumb\">\n            <img decoding=\"async\" src=\"https:\/\/drterziler.com\/wp-content\/uploads\/2025\/01\/Mezenkimal-Kok-Hucre.webp\" loading=\"lazy\" alt=\"\">\n        <\/div>\n<div>\n<div>\n<h2 class=\"h2-header\">\u00bfQu\u00e9 son las c\u00e9lulas madre mesenquimales (MSC)?<\/h2>\n<\/p><\/div>\n<div>\n<p class=\"p-text\">Las c\u00e9lulas madre mesenquimales (MSC) son c\u00e9lulas del cuerpo con la capacidad de regenerar y reparar tejidos al transformarse en diferentes tipos de c\u00e9lulas. Se encuentran principalmente en la m\u00e9dula \u00f3sea, el tejido adiposo y el cord\u00f3n umbilical. Estas c\u00e9lulas madre son conocidas por su capacidad para reducir la inflamaci\u00f3n, acelerar la cicatrizaci\u00f3n y favorecer la regeneraci\u00f3n de los tejidos. Debido a su alta eficacia, son una opci\u00f3n preferida en los tratamientos m\u00e1s avanzados para el cabello y la piel en la actualidad.<\/p>\n<\/p><\/div>\n<\/p><\/div>\n<div>\n<div>\n<h2 class=\"h2-header\">\u00bfCu\u00e1les son los beneficios de las c\u00e9lulas madre mesenquimales?<\/h2>\n<\/p><\/div>\n<div>\n<p class=\"p-text\">Detiene eficazmente la ca\u00edda del cabello. Fortalece y regenera los fol\u00edculos capilares. Revitaliza los fol\u00edculos capilares inactivos. Reduce significativamente las arrugas en la piel. Aumenta la elasticidad de la piel y la reafirma. Proporciona un efecto m\u00e1ximo con c\u00e9lulas madre naturales y puras. Dolor m\u00ednimo y proceso de recuperaci\u00f3n r\u00e1pida. Sin riesgo de reacciones al\u00e9rgicas. Favorece la regeneraci\u00f3n de los tejidos. No requiere intervenci\u00f3n quir\u00fargica.<\/p>\n<\/p><\/div>\n<\/p><\/div>\n<div>\n<div>\n<h2 class=\"h2-header\">\u00bfEn qu\u00e9 se diferencian las c\u00e9lulas madre mesenquimales de otras c\u00e9lulas madre?<\/h2>\n<\/p><\/div>\n<div>\n<p class=\"p-text\">Las c\u00e9lulas madre mesenquimales son pluripotentes (multifuncionales), lo que significa que pueden transformarse en diversos tipos de c\u00e9lulas, como \u00f3seas, cartilaginosas, adiposas y musculares. A diferencia de otras c\u00e9lulas madre, generalmente se obtienen de los propios tejidos del paciente en lugar de fuentes donantes, lo que minimiza el riesgo de reacciones al\u00e9rgicas y rechazo. Adem\u00e1s, las c\u00e9lulas madre mesenquimales pueden proporcionar resultados m\u00e1s efectivos en la reparaci\u00f3n y regeneraci\u00f3n de los tejidos.<\/p>\n<\/p><\/div>\n<\/p><\/div>\n<div>\n<div>\n<h2 class=\"h2-header\">Efecto milagroso en el tratamiento capilar y cut\u00e1neo<\/h2>\n<\/p><\/div>\n<div>\n<p class=\"p-text\">Las c\u00e9lulas madre mesenquimales derivadas del cord\u00f3n umbilical est\u00e1n en su forma m\u00e1s pura y poderosa debido a que se encuentran en la fase de edad cero. Estas c\u00e9lulas se adaptan perfectamente al \u00e1rea tratada, lo que hace que el tratamiento sea altamente efectivo. Los fol\u00edculos capilares se fortalecen, la ca\u00edda del cabello se detiene y las arrugas en la piel se reducen significativamente. Gracias a estas c\u00e9lulas supervivas, se logran mejoras impresionantes y duraderas tanto en el cabello como en la piel. Este tratamiento ofrece excelentes resultados desde una perspectiva est\u00e9tica y de salud.<\/p>\n<\/p><\/div>\n<\/p><\/div>\n<div>\n<div>\n<h2 class=\"h2-header\">\u00bfC\u00f3mo afectan las c\u00e9lulas madre mesenquimales al cuerpo?<\/h2>\n<\/p><\/div>\n<div>\n<p class=\"p-text\">Cuando las c\u00e9lulas madre mesenquimales se inyectan en el cuerpo, se dirigen a los tejidos da\u00f1ados o debilitados en el \u00e1rea tratada y env\u00edan se\u00f1ales de curaci\u00f3n a esos tejidos. Estas c\u00e9lulas madre aceleran el proceso de curaci\u00f3n natural del cuerpo al promover la reparaci\u00f3n y regeneraci\u00f3n de los tejidos. Adem\u00e1s, producen compuestos que combaten infecciones, reducen la inflamaci\u00f3n y favorecen la regeneraci\u00f3n celular. Este proceso ayuda a aliviar el dolor, aumentar la funcionalidad y mejorar la salud general.<\/p>\n<\/p><\/div>\n<\/p><\/div>\n<div>\n<div>\n<h2 class=\"h2-header\">\u00bfQui\u00e9nes son candidatos para el tratamiento con c\u00e9lulas madre mesenquimales?<\/h2>\n<\/p><\/div>\n<div>\n<p class=\"p-text\">Personas que experimentan ca\u00edda del cabello. Individuos con problemas cut\u00e1neos debido al envejecimiento. Quienes desean una piel joven y tersa. Personas que buscan fortalecer los fol\u00edculos capilares d\u00e9biles. Quienes desean aumentar el volumen y la vitalidad de su cabello. Individuos que desean mejorar su apariencia est\u00e9tica. Personas que buscan resultados naturales y duraderos. Quienes desean mejorar la salud de su cabello y piel.<\/p>\n<\/p><\/div>\n<\/p><\/div>\n<div>\n<div>\n<h2 class=\"h2-header\">\u00bfPor qu\u00e9 es popular el tratamiento con c\u00e9lulas madre mesenquimales?<\/h2>\n<\/p><\/div>\n<div>\n<p class=\"p-text\">El tratamiento con c\u00e9lulas madre mesenquimales ha ganado popularidad en los \u00faltimos a\u00f1os debido al creciente inter\u00e9s en m\u00e9todos innovadores y naturales de curaci\u00f3n. El hecho de que no requiera intervenci\u00f3n quir\u00fargica, apoye el proceso de curaci\u00f3n natural del cuerpo y proporcione resultados r\u00e1pidos lo hace una opci\u00f3n muy atractiva. Adem\u00e1s, sus efectos a largo plazo y su m\u00ednimo impacto negativo en el cuerpo han contribuido a su creciente preferencia. Su amplio uso tanto en salud como en est\u00e9tica lo ha hecho a\u00fan m\u00e1s extendido.<\/p>\n<\/p><\/div>\n<\/p><\/div>\n<div>\n<div>\n<h2 class=\"h2-header\">\u00bfC\u00f3mo se aplica el tratamiento con c\u00e9lulas madre mesenquimales?<\/h2>\n<\/p><\/div>\n<div>\n<p class=\"p-text\">El tratamiento con c\u00e9lulas madre mesenquimales se administra de manera segura y cuidadosa debajo de la piel por especialistas. Antes del procedimiento, se aplica anestesia local para garantizar la comodidad del paciente, permitiendo completar el tratamiento sin dolor ni molestias. Despu\u00e9s del procedimiento, puedes retomar r\u00e1pidamente tu rutina diaria y continuar con tus actividades sociales y profesionales sin interrupciones. Este tratamiento, realizado con m\u00ednima incomodidad y alta eficacia, garantiza excelentes resultados con el m\u00e1ximo confort.<\/p>\n<\/p><\/div>\n<\/p><\/div>\n<div>\n<div>\n<h2 class=\"h2-header\">\u00bfCu\u00e1nto duran los resultados del tratamiento con c\u00e9lulas madre mesenquimales?<\/h2>\n<\/p><\/div>\n<div>\n<p class=\"p-text\">Los resultados del tratamiento con c\u00e9lulas madre mesenquimales suelen ser duraderos y permanentes. La regeneraci\u00f3n en la zona tratada contin\u00faa mostrando los efectos reparadores de las c\u00e9lulas. Sin embargo, la duraci\u00f3n de los resultados puede variar seg\u00fan la condici\u00f3n de salud, el estilo de vida y la zona tratada. Para personas de edad avanzada o con problemas de salud graves, pueden requerirse sesiones adicionales. En general, los resultados permanecen efectivos entre 1 y 2 a\u00f1os.<\/p>\n<\/p><\/div>\n<\/p><\/div>\n<div>\n<div>\n<h2 class=\"h2-header\">\u00bfPor qu\u00e9 elegir la Cl\u00ednica Exclusiva Dr. Terziler?<\/h2>\n<\/p><\/div>\n<div>\n<p class=\"p-text\">El Dr. Terziler, con experiencia reconocida a nivel internacional y un enfoque est\u00e9tico que combina arte y ciencia, ofrece soluciones personalizadas que proporcionan no solo una transformaci\u00f3n f\u00edsica, sino tambi\u00e9n una renovaci\u00f3n emocional. Nuestra cl\u00ednica, equipada con tecnolog\u00edas avanzadas y basada en principios de confort y seguridad, adopta la perfecci\u00f3n como su filosof\u00eda corporativa. Cada tratamiento aqu\u00ed est\u00e1 dise\u00f1ado para mejorar tu bienestar general y felicidad.<\/p>\n<\/p><\/div>\n<\/p><\/div>\n<\/p><\/div>\n<\/section>\n","protected":false},"excerpt":{"rendered":"<p>C\u00e9lulas Madre Mesenquimales Se trata de c\u00e9lulas muy valiosas con capacidades reparadoras \u00fanicas que aceleran los procesos de curaci\u00f3n y regeneraci\u00f3n del cuerpo. Se utilizan eficazmente en una amplia variedad de tratamientos debido a su capacidad de transformarse en diferentes tipos de tejidos. Con su alta eficiencia y poder curativo natural, brindan resultados milagrosos en [&hellip;]<\/p>\n","protected":false},"author":6,"featured_media":0,"parent":16723,"menu_order":0,"comment_status":"closed","ping_status":"closed","template":"","meta":{"footnotes":""},"class_list":["post-16833","page","type-page","status-publish","hentry"],"_links":{"self":[{"href":"https:\/\/drterziler.com\/es\/wp-json\/wp\/v2\/pages\/16833","targetHints":{"allow":["GET"]}}],"collection":[{"href":"https:\/\/drterziler.com\/es\/wp-json\/wp\/v2\/pages"}],"about":[{"href":"https:\/\/drterziler.com\/es\/wp-json\/wp\/v2\/types\/page"}],"author":[{"embeddable":true,"href":"https:\/\/drterziler.com\/es\/wp-json\/wp\/v2\/users\/6"}],"replies":[{"embeddable":true,"href":"https:\/\/drterziler.com\/es\/wp-json\/wp\/v2\/comments?post=16833"}],"version-history":[{"count":17,"href":"https:\/\/drterziler.com\/es\/wp-json\/wp\/v2\/pages\/16833\/revisions"}],"predecessor-version":[{"id":59847,"href":"https:\/\/drterziler.com\/es\/wp-json\/wp\/v2\/pages\/16833\/revisions\/59847"}],"up":[{"embeddable":true,"href":"https:\/\/drterziler.com\/es\/wp-json\/wp\/v2\/pages\/16723"}],"wp:attachment":[{"href":"https:\/\/drterziler.com\/es\/wp-json\/wp\/v2\/media?parent=16833"}],"curies":[{"name":"wp","href":"https:\/\/api.w.org\/{rel}","templated":true}]}}