{"id":16887,"date":"2025-01-28T07:48:33","date_gmt":"2025-01-28T07:48:33","guid":{"rendered":"https:\/\/drterziler.com\/estetica-medica\/yuz-uygulamalari\/skinbooster\/"},"modified":"2026-04-21T14:32:54","modified_gmt":"2026-04-21T14:32:54","slug":"potenciador-de-piel","status":"publish","type":"page","link":"https:\/\/drterziler.com\/es\/estetica-medica\/tratamientos-faciales\/potenciador-de-piel\/","title":{"rendered":"Potenciador de Piel"},"content":{"rendered":"<div class=\"page-content\">\n<div id=\"header-area\">\n<div class=\"container\" id=\"firstContent\">\n<div class=\"header-content d-flex flex-column\">\n<h1 class=\"content-title h1-header\">Potenciador de Piel<\/h1>\n<div class=\"content-paragraph\">\n<p class=\"p-text\">Es un m\u00e9todo de tratamiento extremadamente eficaz e innovador que revitaliza la salud y la apariencia de la piel. Gracias a su f\u00f3rmula que contiene \u00e1cido hialur\u00f3nico, hidrata profundamente la piel, aumenta su elasticidad y minimiza los signos del envejecimiento. Al proporcionar una apariencia natural y radiante de la piel, crea un efecto de rejuvenecimiento saludable y hace que la piel est\u00e9 m\u00e1s vibrante.<\/p>\n<\/p><\/div>\n<nav aria-label=\"breadcrumb\" class=\"breadcrumbs\">\n<ul class=\"d-flex align-items-center mb-0\">\n<li><a class=\"link\" href=\"https:\/\/drterziler.com\/es\/\"><span>Dr. Terziler Exclusive Clinic<\/span><\/a><\/li>\n<li class=\"separator\">\u00bb<\/li>\n<li><a class=\"link\" href=\"https:\/\/drterziler.com\/es\/estetica-medica\/\"><span>Est\u00e9tica m\u00e9dica<\/span><\/a><\/li>\n<li class=\"separator\">\u00bb<\/li>\n<li><a class=\"link\" href=\"https:\/\/drterziler.com\/es\/estetica-medica\/tratamientos-faciales\/\"><span>Tratamientos Faciales<\/span><\/a><\/li>\n<li class=\"separator\">\u00bb<\/li>\n<li class=\"current-page\"><span>Potenciador de Piel<\/span><\/li>\n<\/ul>\n<\/nav><\/div>\n<\/p><\/div>\n<\/p><\/div>\n<\/div>\n<section id=\"content-area\">\n<div class=\"container my-5\">\n<div class=\"row align-items-start\">\n<div class=\"col-md-6 order-2 order-md-1\">\n<div class=\"custom-toc-box\">\n<div id=\"toc-header\">\n<h4>\u00cdndice<\/h4>\n<div class=\"toc-toggle-icon\"><\/div>\n<\/p><\/div>\n<div class=\"toc-full-divider\"><\/div>\n<div id=\"toc-body\">\n<div id=\"toc-container\"><\/div>\n<\/p><\/div>\n<\/p><\/div>\n<\/p><\/div>\n<div class=\"col-md-6 order-1 order-md-2\" id=\"jForm\">\n                <script type=\"text\/javascript\" src=\"https:\/\/form.jotform.com\/jsform\/242881767918979\"><\/script>\n            <\/div>\n<\/p><\/div>\n<\/p><\/div>\n<div class=\"container\">\n<div class=\"img-thumb\">\n            <img decoding=\"async\" src=\"https:\/\/drterziler.com\/wp-content\/uploads\/2025\/01\/Skinbooster.webp\" loading=\"lazy\" alt=\"\">\n        <\/div>\n<div>\n<div>\n<h2 class=\"h2-header\">\u00bfQu\u00e9 es Skinbooster?<\/h2>\n<\/p><\/div>\n<div>\n<p class=\"p-text\">Skinbooster es un tratamiento a base de \u00e1cido hialur\u00f3nico que aumenta el equilibrio de humedad de la piel, restaura su elasticidad y devuelve su brillo natural. Este tratamiento implica la inyecci\u00f3n de sustancias hidratantes y nutritivas debajo de la piel, ayud\u00e1ndola a lucir sana y radiante. Skinbooster se aplica generalmente en \u00e1reas como el rostro, el cuello, el escote y las manos.<\/p>\n<\/p><\/div>\n<\/p><\/div>\n<div>\n<div>\n<h2 class=\"h2-header\">\u00bfCu\u00e1les son los beneficios de Skinbooster?<\/h2>\n<\/p><\/div>\n<div>\n<p class=\"p-text\">Mejora r\u00e1pidamente el equilibrio de humedad de la piel. Aumenta la elasticidad y firmeza de la piel. Reduce las arrugas y suaviza las l\u00edneas finas. Unifica el tono de la piel y proporciona un aspecto radiante. Restaura el brillo juvenil natural de la piel. Proporciona efectos de nutrici\u00f3n profunda. Logra resultados efectivos con una intervenci\u00f3n m\u00ednima.<\/p>\n<\/p><\/div>\n<\/p><\/div>\n<div>\n<div>\n<h2 class=\"h2-header\">\u00bfQu\u00e9 apariencia proporciona?<\/h2>\n<\/p><\/div>\n<div>\n<p class=\"p-text\">El tratamiento Skinbooster aporta humedad y luminosidad a la piel. La piel luce m\u00e1s viva, fresca y juvenil. Las arrugas y l\u00edneas finas disminuyen, mientras que la piel se vuelve m\u00e1s firme y suave. El tratamiento proporciona un brillo saludable y mejora el tono de la piel.<\/p>\n<\/p><\/div>\n<\/p><\/div>\n<div>\n<div>\n<h2 class=\"h2-header\">\u00bfPara qui\u00e9n es adecuado?<\/h2>\n<\/p><\/div>\n<div>\n<p class=\"p-text\">Personas que han perdido el equilibrio de humedad de su piel. Quienes se quejan de l\u00edneas finas y arrugas. Aquellos que desean una piel juvenil, radiante y saludable. Individuos que experimentan flacidez o p\u00e9rdida de elasticidad en el rostro. Personas que prefieren intervenciones no quir\u00fargicas. Aquellos con un tono de piel desigual. Individuos que buscan una apariencia de piel saludable y natural.<\/p>\n<\/p><\/div>\n<\/p><\/div>\n<div>\n<div>\n<h2 class=\"h2-header\">\u00bfPor qu\u00e9 es popular?<\/h2>\n<\/p><\/div>\n<div>\n<p class=\"p-text\">Skinbooster es popular porque proporciona resultados m\u00e1ximos con una intervenci\u00f3n m\u00ednima. Ofrece resultados confiables, r\u00e1pidos y efectivos en el rejuvenecimiento de la piel y el aumento de la hidrataci\u00f3n. Adem\u00e1s, reduce significativamente los signos del envejecimiento manteniendo una apariencia natural. Las altas tasas de satisfacci\u00f3n y su bajo perfil de riesgo tambi\u00e9n contribuyen a su popularidad.<\/p>\n<\/p><\/div>\n<\/p><\/div>\n<div>\n<div>\n<h2 class=\"h2-header\">\u00bfC\u00f3mo se aplica?<\/h2>\n<\/p><\/div>\n<div>\n<p class=\"p-text\">Skinbooster se inyecta debajo de la piel utilizando formulaciones especiales que contienen \u00e1cido hialur\u00f3nico. El procedimiento generalmente se realiza bajo anestesia local, asegurando un proceso de tratamiento c\u00f3modo. La aplicaci\u00f3n implica varias peque\u00f1as inyecciones en \u00e1reas espec\u00edficas. El proceso de tratamiento suele durar entre 15 y 30 minutos, y los pacientes pueden reanudar inmediatamente sus actividades diarias.<\/p>\n<\/p><\/div>\n<\/p><\/div>\n<div>\n<div>\n<h2 class=\"h2-header\">\u00bfCu\u00e1nto tiempo duran los resultados?<\/h2>\n<\/p><\/div>\n<div>\n<p class=\"p-text\">Los resultados del tratamiento Skinbooster generalmente duran entre 6 y 12 meses. Dependiendo del estado de la piel y el estilo de vida, los efectos pueden ser duraderos. Sin embargo, para mantener los resultados, se recomienda realizar una o dos sesiones de mantenimiento al a\u00f1o.<\/p>\n<\/p><\/div>\n<\/p><\/div>\n<div>\n<div>\n<h2 class=\"h2-header\">\u00bfDuele?<\/h2>\n<\/p><\/div>\n<div>\n<p class=\"p-text\">El tratamiento Skinbooster generalmente se realiza con un dolor y una molestia m\u00ednimos. Dado que se aplica anestesia local, no se siente dolor durante el procedimiento. Despu\u00e9s del tratamiento, puede haber una leve sensibilidad o hinchaz\u00f3n, pero esto es temporal y deber\u00eda desaparecer en pocas horas.<\/p>\n<\/p><\/div>\n<\/p><\/div>\n<div>\n<div>\n<h2 class=\"h2-header\">Precios del tratamiento Skinbooster<\/h2>\n<\/p><\/div>\n<div>\n<p class=\"p-text\">Los precios del tratamiento Skinbooster pueden variar seg\u00fan el n\u00famero de \u00e1reas a tratar, la dosis de la aplicaci\u00f3n o cualquier tratamiento combinado que se prefiera. Por lo tanto, para obtener la informaci\u00f3n m\u00e1s precisa, comun\u00edquese con nuestros consultores de salud.<\/p>\n<\/p><\/div>\n<\/p><\/div>\n<div>\n<div>\n<h2 class=\"h2-header\">\u00bfPor qu\u00e9 elegir Dr. Terziler Exclusive Clinic?<\/h2>\n<\/p><\/div>\n<div>\n<p class=\"p-text\">El Dr. Terziler, con experiencia reconocida internacionalmente y un enfoque est\u00e9tico que combina arte y ciencia, ofrece soluciones personalizadas que brindan no solo una transformaci\u00f3n f\u00edsica, sino tambi\u00e9n una renovaci\u00f3n emocional. Nuestra cl\u00ednica, equipada con tecnolog\u00edas avanzadas y operando bajo los principios de comodidad y seguridad, adopta la perfecci\u00f3n como filosof\u00eda corporativa. Cada tratamiento aqu\u00ed est\u00e1 dise\u00f1ado para mejorar su bienestar y felicidad general.<\/p>\n<\/p><\/div>\n<\/p><\/div>\n<\/p><\/div>\n<\/section>\n","protected":false},"excerpt":{"rendered":"<p>Potenciador de Piel Es un m\u00e9todo de tratamiento extremadamente eficaz e innovador que revitaliza la salud y la apariencia de la piel. Gracias a su f\u00f3rmula que contiene \u00e1cido hialur\u00f3nico, hidrata profundamente la piel, aumenta su elasticidad y minimiza los signos del envejecimiento. Al proporcionar una apariencia natural y radiante de la piel, crea un [&hellip;]<\/p>\n","protected":false},"author":6,"featured_media":0,"parent":15919,"menu_order":0,"comment_status":"closed","ping_status":"closed","template":"","meta":{"footnotes":""},"class_list":["post-16887","page","type-page","status-publish","hentry"],"_links":{"self":[{"href":"https:\/\/drterziler.com\/es\/wp-json\/wp\/v2\/pages\/16887","targetHints":{"allow":["GET"]}}],"collection":[{"href":"https:\/\/drterziler.com\/es\/wp-json\/wp\/v2\/pages"}],"about":[{"href":"https:\/\/drterziler.com\/es\/wp-json\/wp\/v2\/types\/page"}],"author":[{"embeddable":true,"href":"https:\/\/drterziler.com\/es\/wp-json\/wp\/v2\/users\/6"}],"replies":[{"embeddable":true,"href":"https:\/\/drterziler.com\/es\/wp-json\/wp\/v2\/comments?post=16887"}],"version-history":[{"count":13,"href":"https:\/\/drterziler.com\/es\/wp-json\/wp\/v2\/pages\/16887\/revisions"}],"predecessor-version":[{"id":59849,"href":"https:\/\/drterziler.com\/es\/wp-json\/wp\/v2\/pages\/16887\/revisions\/59849"}],"up":[{"embeddable":true,"href":"https:\/\/drterziler.com\/es\/wp-json\/wp\/v2\/pages\/15919"}],"wp:attachment":[{"href":"https:\/\/drterziler.com\/es\/wp-json\/wp\/v2\/media?parent=16887"}],"curies":[{"name":"wp","href":"https:\/\/api.w.org\/{rel}","templated":true}]}}