{"id":16936,"date":"2025-01-28T07:53:06","date_gmt":"2025-01-28T07:53:06","guid":{"rendered":"https:\/\/drterziler.com\/estetica-medica\/yuz-uygulamalari\/dermapen\/"},"modified":"2026-04-21T14:30:52","modified_gmt":"2026-04-21T14:30:52","slug":"dermapen-es","status":"publish","type":"page","link":"https:\/\/drterziler.com\/es\/estetica-medica\/tratamientos-faciales\/dermapen-es\/","title":{"rendered":"Dermapen"},"content":{"rendered":"<div class=\"page-content\">\n<div id=\"header-area\">\n<div class=\"container\" id=\"firstContent\">\n<div class=\"header-content d-flex flex-column\">\n<h1 class=\"content-title h1-header\">Dermapen<\/h1>\n<div class=\"content-paragraph\">\n<p class=\"p-text\">Dermapen es un dispositivo eficaz utilizado en procedimientos para estimular los fol\u00edculos pilosos y aumentar la salud del cuero cabelludo. Con microagujas finas, se abren peque\u00f1os canales en el cuero cabelludo, se aumenta el flujo sangu\u00edneo, por lo que los fol\u00edculos pilosos est\u00e1n m\u00e1s nutridos y se maximiza la eficacia de los tratamientos. Se aplica de forma totalmente indolora y c\u00f3moda.<\/p>\n<\/p><\/div>\n<nav aria-label=\"breadcrumb\" class=\"breadcrumbs\">\n<ul class=\"d-flex align-items-center mb-0\">\n<li><a class=\"link\" href=\"https:\/\/drterziler.com\/es\"><span>Dr. Terziler<\/span><\/a><\/li>\n<li class=\"separator\">\u00bb<\/li>\n<li><a class=\"link\" href=\"https:\/\/drterziler.com\/es\/estetica-medica\/\"><span>Est\u00e9tica m\u00e9dica<\/span><\/a><\/li>\n<li class=\"separator\">\u00bb<\/li>\n<li><a class=\"link\" href=\"https:\/\/drterziler.com\/es\/estetica-medica\/tratamientos-faciales\/\"><span>Tratamientos Faciales<\/span><\/a><\/li>\n<li class=\"separator\">\u00bb<\/li>\n<li class=\"current-page\"><span>Dermapen<\/span><\/li>\n<\/ul>\n<\/nav><\/div>\n<\/p><\/div>\n<\/p><\/div>\n<\/div>\n<section id=\"content-area\">\n<div class=\"container my-5\">\n<div class=\"row align-items-start\">\n<div class=\"col-md-6 order-2 order-md-1\">\n<div class=\"custom-toc-box\">\n<div id=\"toc-header\">\n<h4>\u00cdndice<\/h4>\n<div class=\"toc-toggle-icon\"><\/div>\n<\/p><\/div>\n<div class=\"toc-full-divider\"><\/div>\n<div id=\"toc-body\">\n<div id=\"toc-container\"><\/div>\n<\/p><\/div>\n<\/p><\/div>\n<\/p><\/div>\n<div class=\"col-md-6 order-1 order-md-2\" id=\"jForm\">\n                <script type=\"text\/javascript\" src=\"https:\/\/form.jotform.com\/jsform\/242881767918979\"><\/script>\n            <\/div>\n<\/p><\/div>\n<\/p><\/div>\n<div class=\"container\">\n<div class=\"img-thumb\">\n            <img decoding=\"async\" src=\"https:\/\/drterziler.com\/wp-content\/uploads\/2025\/01\/Dermapen.webp\" alt=\"Dermapen\" loading=\"lazy\">\n        <\/div>\n<div>\n<div>\n<h2 class=\"h2-header\">\u00bfQu\u00e9 es Dermapen?<\/h2>\n<\/p><\/div>\n<div>\n<p class=\"p-text\">Dermapen es un dispositivo de \u00faltima generaci\u00f3n que ayuda en los procesos de restauraci\u00f3n capilar y tratamiento mediante la creaci\u00f3n de peque\u00f1os canales en la piel a trav\u00e9s de microagujas. Este dispositivo se utiliza com\u00fanmente para tratar diversos problemas capilares y se ha vuelto muy popular en \u00e1reas como la restauraci\u00f3n capilar en los \u00faltimos a\u00f1os.<\/p>\n<\/p><\/div>\n<\/p><\/div>\n<div>\n<div>\n<h2 class=\"h2-header\">L\u00e1piz de Microagujas para Juventud<\/h2>\n<\/p><\/div>\n<div>\n<p class=\"p-text\">El l\u00e1piz de microagujas para la juventud es una herramienta tecnol\u00f3gica revolucionaria en la restauraci\u00f3n capilar. Las microagujas aplicadas al cuero cabelludo permiten que el tratamiento penetre profundamente en el \u00e1rea objetivo. Combinado con otros m\u00e9todos de restauraci\u00f3n capilar como los l\u00e1seres capilares, el l\u00e1piz de microagujas mejora significativamente el proceso de tratamiento. Las microagujas aumentan el flujo sangu\u00edneo en el cuero cabelludo, maximizando la efectividad de los sueros aplicados, los rayos l\u00e1ser y otros agentes curativos. Esto resulta en una mejor nutrici\u00f3n y fortalecimiento de los fol\u00edculos capilares, deteniendo la ca\u00edda del cabello y apoyando el crecimiento de nuevo cabello. Este m\u00e9todo, aplicado al cuero cabelludo, ofrece una excelente soluci\u00f3n para aquellos que buscan mejorar la salud capilar de manera r\u00e1pida, indolora y sin molestias.<\/p>\n<\/p><\/div>\n<\/p><\/div>\n<div>\n<div>\n<h2 class=\"h2-header\">\u00bfC\u00f3mo se utiliza Dermapen en la restauraci\u00f3n capilar?<\/h2>\n<\/p><\/div>\n<div>\n<p class=\"p-text\">En el tratamiento de la ca\u00edda del cabello, Dermapen se utiliza con microagujas para estimular el cuero cabelludo, aumentando la circulaci\u00f3n sangu\u00ednea, apoyando la producci\u00f3n de col\u00e1geno y activando los fol\u00edculos capilares. Especialmente para individuos que experimentan p\u00e9rdida de cabello, el proceso de microagujas con Dermapen promueve el crecimiento del cabello mejorando la salud de los fol\u00edculos capilares y fomentando el crecimiento de cabello m\u00e1s fuerte y saludable.<\/p>\n<\/p><\/div>\n<\/p><\/div>\n<div>\n<div>\n<h2 class=\"h2-header\">\u00bfDuele?<\/h2>\n<\/p><\/div>\n<div>\n<p class=\"p-text\">Durante el procedimiento con Dermapen, puede haber un dolor o malestar leve. Sin embargo, generalmente se aplican cremas anest\u00e9sicas en el \u00e1rea tratada para proporcionar comodidad al paciente. La mayor\u00eda de las personas no siente molestias durante el procedimiento, o la sensaci\u00f3n es m\u00ednima.<\/p>\n<\/p><\/div>\n<\/p><\/div>\n<div>\n<div>\n<h2 class=\"h2-header\">Proceso de recuperaci\u00f3n posterior al tratamiento<\/h2>\n<\/p><\/div>\n<div>\n<p class=\"p-text\">El proceso de recuperaci\u00f3n despu\u00e9s del tratamiento con Dermapen es bastante r\u00e1pido. Puede observarse enrojecimiento y leve hinchaz\u00f3n en las \u00e1reas tratadas, pero estos efectos suelen desaparecer dentro de unas pocas horas.<\/p>\n<\/p><\/div>\n<\/p><\/div>\n<div>\n<div>\n<h2 class=\"h2-header\">\u00bfSon riesgosos los tratamientos con Dermapen?<\/h2>\n<\/p><\/div>\n<div>\n<p class=\"p-text\">Los tratamientos con Dermapen son completamente seguros cuando se realizan por nuestro equipo de expertos en un entorno est\u00e9ril utilizando las t\u00e9cnicas correctas. El tratamiento afecta suavemente el cuero cabelludo, sin representar ning\u00fan riesgo durante el procedimiento.<\/p>\n<\/p><\/div>\n<\/p><\/div>\n<div>\n<div>\n<h2 class=\"h2-header\">\u00bfPor qu\u00e9 elegir la Cl\u00ednica Exclusiva Dr. Terziler?<\/h2>\n<\/p><\/div>\n<div>\n<p class=\"p-text\">El Dr. Terziler, con experiencia reconocida internacionalmente y un enfoque est\u00e9tico que combina el arte y la ciencia, proporciona soluciones personalizadas que ofrecen no solo una transformaci\u00f3n f\u00edsica, sino tambi\u00e9n una renovaci\u00f3n emocional. Nuestra cl\u00ednica, equipada con tecnolog\u00edas avanzadas y operando bajo los principios de comodidad y seguridad, abraza la perfecci\u00f3n como su filosof\u00eda corporativa. Cada toque aqu\u00ed est\u00e1 dirigido a mejorar su salud general y felicidad.<\/p>\n<\/p><\/div>\n<\/p><\/div>\n<\/p><\/div>\n<\/section>\n","protected":false},"excerpt":{"rendered":"<p>Dermapen Dermapen es un dispositivo eficaz utilizado en procedimientos para estimular los fol\u00edculos pilosos y aumentar la salud del cuero cabelludo. Con microagujas finas, se abren peque\u00f1os canales en el cuero cabelludo, se aumenta el flujo sangu\u00edneo, por lo que los fol\u00edculos pilosos est\u00e1n m\u00e1s nutridos y se maximiza la eficacia de los tratamientos. Se [&hellip;]<\/p>\n","protected":false},"author":6,"featured_media":0,"parent":15919,"menu_order":0,"comment_status":"closed","ping_status":"closed","template":"","meta":{"footnotes":""},"class_list":["post-16936","page","type-page","status-publish","hentry"],"_links":{"self":[{"href":"https:\/\/drterziler.com\/es\/wp-json\/wp\/v2\/pages\/16936","targetHints":{"allow":["GET"]}}],"collection":[{"href":"https:\/\/drterziler.com\/es\/wp-json\/wp\/v2\/pages"}],"about":[{"href":"https:\/\/drterziler.com\/es\/wp-json\/wp\/v2\/types\/page"}],"author":[{"embeddable":true,"href":"https:\/\/drterziler.com\/es\/wp-json\/wp\/v2\/users\/6"}],"replies":[{"embeddable":true,"href":"https:\/\/drterziler.com\/es\/wp-json\/wp\/v2\/comments?post=16936"}],"version-history":[{"count":12,"href":"https:\/\/drterziler.com\/es\/wp-json\/wp\/v2\/pages\/16936\/revisions"}],"predecessor-version":[{"id":59851,"href":"https:\/\/drterziler.com\/es\/wp-json\/wp\/v2\/pages\/16936\/revisions\/59851"}],"up":[{"embeddable":true,"href":"https:\/\/drterziler.com\/es\/wp-json\/wp\/v2\/pages\/15919"}],"wp:attachment":[{"href":"https:\/\/drterziler.com\/es\/wp-json\/wp\/v2\/media?parent=16936"}],"curies":[{"name":"wp","href":"https:\/\/api.w.org\/{rel}","templated":true}]}}