{"id":16985,"date":"2025-01-28T08:00:00","date_gmt":"2025-01-28T08:00:00","guid":{"rendered":"https:\/\/drterziler.com\/estetica-medica\/dermatoloji\/"},"modified":"2026-04-21T14:39:39","modified_gmt":"2026-04-21T14:39:39","slug":"dermatologia-es","status":"publish","type":"page","link":"https:\/\/drterziler.com\/es\/estetica-medica\/dermatologia-es\/","title":{"rendered":"Dermatolog\u00eda"},"content":{"rendered":"<div class=\"page-content category-page\">\n<div id=\"header-area\">\n<div class=\"container\" id=\"firstContent\">\n<div class=\"header-content d-flex flex-column\">\n<h1 class=\"content-title\">Dermatolog\u00eda<\/h1>\n<div class=\"content-paragraph\">\n<p>La dermatolog\u00eda en Turqu\u00eda ofrece una atenci\u00f3n avanzada y asequible para afecciones de la piel, el cabello y las u\u00f1as, utilizando tecnolog\u00edas modernas y especialistas expertos. Las cl\u00ednicas dermatol\u00f3gicas turcas ofrecen tratamientos integrales para el acn\u00e9, el eccema, la psoriasis, la ros\u00e1cea, los problemas de pigmentaci\u00f3n y el envejecimiento cut\u00e1neo. Muchas tambi\u00e9n se especializan en servicios de dermatolog\u00eda cosm\u00e9tica como Botox, rellenos, terapia con l\u00e1ser y exfoliaciones qu\u00edmicas. Con instalaciones acreditadas internacionalmente y dermat\u00f3logos que hablan ingl\u00e9s, Turqu\u00eda atrae a muchos pacientes internacionales que buscan tanto cuidado de la piel m\u00e9dico como est\u00e9tico.<\/p>\n<\/p><\/div>\n<nav aria-label=\"breadcrumb\" class=\"breadcrumbs\">\n<ul class=\"d-flex align-items-center mb-0\">\n<li><a class=\"link\" href=\"https:\/\/drterziler.com\/es\/\"><span>Dr. Terziler<\/span><\/a><\/li>\n<li class=\"separator\">\u00bb<\/li>\n<li><a class=\"link\" href=\"https:\/\/drterziler.com\/es\/estetica-medica\/\"><span>Est\u00e9tica M\u00e9dica<\/span><\/a><\/li>\n<li class=\"separator\">\u00bb<\/li>\n<li class=\"current-page\"><span>Dermatolog\u00eda<\/span><\/li>\n<\/ul>\n<\/nav><\/div>\n<\/p><\/div>\n<\/p><\/div>\n<\/div>\n<section class=\"svc-section\">\n<div class=\"container\">\n<div class=\"svc-item right-card\">\n<div class=\"svc-media\">\n                <img decoding=\"async\" src=\"https:\/\/drterziler.com\/wp-content\/uploads\/2025\/02\/Akne-ve-Sivilce-Tedavisi.webp\" loading=\"lazy\" class=\"cat-img\" alt=\"\">\n            <\/div>\n<div class=\"svc-card\">\n<h3 class=\"svc-title gilda\">Tratamiento del Acn\u00e9 y las Espinillas<\/h3>\n<p class=\"svc-text barlow\">\n                    Incluye una serie de procedimientos dermatol\u00f3gicos destinados a eliminar el acn\u00e9 y las cicatrices de las espinillas. Se utilizan m\u00e9todos como tratamientos con l\u00e1ser, exfoliaciones qu\u00edmicas y medicamentos t\u00f3picos para limpiar la piel y restaurar el equilibrio. El tratamiento se personaliza seg\u00fan el tipo de piel, proporcionando resultados eficaces y r\u00e1pidos.\n                <\/p>\n<p>                <a class=\"btn-details barlow-condensed\" href=\"https:\/\/drterziler.com\/es\/estetica-medica\/dermatologia-es\/tratamiento-del-acne-y-las-espinillas\/\">DETALLES<\/a>\n            <\/div>\n<\/p><\/div>\n<div class=\"svc-item left-card\">\n<div class=\"svc-media\">\n                <img decoding=\"async\" src=\"https:\/\/drterziler.com\/wp-content\/uploads\/2025\/02\/Skar-Yara-Izi-Tedavisi.webp\" loading=\"lazy\" class=\"cat-img\" alt=\"\">\n            <\/div>\n<div class=\"svc-card\">\n<h3 class=\"svc-title gilda\">Tratamiento de Cicatrices<\/h3>\n<p class=\"svc-text barlow\">\n                    El tratamiento de cicatrices es un procedimiento est\u00e9tico destinado a reducir o mejorar la apariencia de las marcas en la piel. Este tratamiento act\u00faa apoyando los procesos de curaci\u00f3n natural de la piel para minimizar la visibilidad de las cicatrices.\n                <\/p>\n<p>                <a class=\"btn-details barlow-condensed\" href=\"https:\/\/drterziler.com\/es\/estetica-medica\/dermatologia-es\/tratamiento-de-cicatrices\/\">DETALLES<\/a>\n            <\/div>\n<\/p><\/div>\n<div class=\"svc-item right-card\">\n<div class=\"svc-media\">\n                <img decoding=\"async\" src=\"https:\/\/drterziler.com\/wp-content\/uploads\/2025\/02\/Ben-Tedavisi.webp\" loading=\"lazy\" class=\"cat-img\" alt=\"\">\n            <\/div>\n<div class=\"svc-card\">\n<h3 class=\"svc-title gilda\">Tratamiento de Lunares<\/h3>\n<p class=\"svc-text barlow\">\n                    El tratamiento de lunares es un m\u00e9todo moderno aplicado para eliminar lunares no deseados de la piel por razones est\u00e9ticas o de salud. Este procedimiento se realiza utilizando t\u00e9cnicas como l\u00e1ser, escisi\u00f3n quir\u00fargica o crioterapia, y est\u00e1 planificado para ser seguro y dejar una cicatriz m\u00ednima. El tratamiento, adaptado al individuo, tiene como objetivo proporcionar una apariencia de piel suave y saludable.\n                <\/p>\n<p>                <a class=\"btn-details barlow-condensed\" href=\"https:\/\/drterziler.com\/es\/estetica-medica\/dermatologia-es\/tratamiento-de-lunares\/\">DETALLES<\/a>\n            <\/div>\n<\/p><\/div>\n<div class=\"svc-item left-card\">\n<div class=\"svc-media\">\n                <img decoding=\"async\" src=\"https:\/\/drterziler.com\/wp-content\/uploads\/2025\/01\/Sedef-Hastaligi.webp\" loading=\"lazy\" class=\"cat-img\" alt=\"\">\n            <\/div>\n<div class=\"svc-card\">\n<h3 class=\"svc-title gilda\">Tratamiento de la Psoriasis<\/h3>\n<p class=\"svc-text barlow\">\n                    La psoriasis es una afecci\u00f3n de la piel relacionada con el sistema inmunol\u00f3gico, que causa una r\u00e1pida renovaci\u00f3n cut\u00e1nea e inflamaci\u00f3n. Suele presentarse con lesiones que provocan enrojecimiento, descamaci\u00f3n y picaz\u00f3n en la piel. La enfermedad puede desarrollarse debido a una combinaci\u00f3n de predisposici\u00f3n gen\u00e9tica y factores ambientales y, si no se trata, puede afectar negativamente la calidad de vida.\n                <\/p>\n<p>                <a class=\"btn-details barlow-condensed\" href=\"https:\/\/drterziler.com\/es\/estetica-medica\/dermatologia-es\/tratamiento-de-la-psoriasis\/\">DETALLES<\/a>\n            <\/div>\n<\/p><\/div>\n<div class=\"svc-item right-card\">\n<div class=\"svc-media\">\n                <img decoding=\"async\" src=\"https:\/\/drterziler.com\/wp-content\/uploads\/2025\/02\/Mantar-Hastaliklari.webp\" loading=\"lazy\" class=\"cat-img\" alt=\"\">\n            <\/div>\n<div class=\"svc-card\">\n<h3 class=\"svc-title gilda\">Tratamiento de Infecciones F\u00fangicas<\/h3>\n<p class=\"svc-text barlow\">\n                    Las infecciones f\u00fangicas son problemas de salud causados por la presencia de hongos en la piel, las u\u00f1as, el cabello y otras partes del cuerpo. Estas infecciones pueden propagarse r\u00e1pidamente, especialmente en ambientes c\u00e1lidos y h\u00famedos. Las enfermedades f\u00fangicas pueden provocar s\u00edntomas inc\u00f3modos y, si no se tratan, pueden dar lugar a problemas de salud graves.\n                <\/p>\n<p>                <a class=\"btn-details barlow-condensed\" href=\"https:\/\/drterziler.com\/es\/estetica-medica\/dermatologia-es\/tratamiento-de-infecciones-por-hongos\/\">DETALLES<\/a>\n            <\/div>\n<\/p><\/div>\n<div class=\"svc-item left-card\">\n<div class=\"svc-media\">\n                <img decoding=\"async\" src=\"https:\/\/drterziler.com\/wp-content\/uploads\/2025\/02\/Egzama.webp\" loading=\"lazy\" class=\"cat-img\" alt=\"\">\n            <\/div>\n<div class=\"svc-card\">\n<h3 class=\"svc-title gilda\">Tratamiento del Eccema<\/h3>\n<p class=\"svc-text barlow\">\n                    El eccema es una afecci\u00f3n cut\u00e1nea cr\u00f3nica caracterizada por inflamaci\u00f3n, picaz\u00f3n, sequedad y erupciones rojas. Esta condici\u00f3n puede ser desencadenada por predisposici\u00f3n gen\u00e9tica, problemas del sistema inmunol\u00f3gico y factores ambientales. Suele manifestarse como picaz\u00f3n y enrojecimiento y, si no se trata, puede causar da\u00f1os permanentes en la piel. El eccema puede dividirse en varios tipos, incluyendo dermatitis at\u00f3pica, dermatitis de contacto y dermatitis seborreica.\n                <\/p>\n<p>                <a class=\"btn-details barlow-condensed\" href=\"https:\/\/drterziler.com\/es\/estetica-medica\/dermatologia-es\/tratamiento-del-eccema\/\">DETALLES<\/a>\n            <\/div>\n<\/p><\/div>\n<div class=\"svc-item right-card\">\n<div class=\"svc-media\">\n                <img decoding=\"async\" src=\"https:\/\/drterziler.com\/wp-content\/uploads\/2025\/02\/Alerjik-Cilt-Hastaliklari.webp\" loading=\"lazy\" class=\"cat-img\" alt=\"\">\n            <\/div>\n<div class=\"svc-card\">\n<h3 class=\"svc-title gilda\">Enfermedades Al\u00e9rgicas de la Piel<\/h3>\n<p class=\"svc-text barlow\">\n                    Las enfermedades al\u00e9rgicas de la piel ocurren cuando el sistema inmunol\u00f3gico reacciona incorrectamente en la piel, causando molestias como picaz\u00f3n y enrojecimiento. El tratamiento de estas enfermedades es un paso importante para restaurar la salud de la piel y minimizar las reacciones al\u00e9rgicas. Con los m\u00e9todos de tratamiento adecuados, los s\u00edntomas pueden mejorar r\u00e1pidamente y se puede lograr una apariencia saludable.\n                <\/p>\n<p>                <a class=\"btn-details barlow-condensed\" href=\"https:\/\/drterziler.com\/es\/estetica-medica\/dermatologia-es\/enfermedades-alergicas-de-la-piel\/\">DETALLES<\/a>\n            <\/div>\n<\/p><\/div>\n<div class=\"svc-item left-card\">\n<div class=\"svc-media\">\n                <img decoding=\"async\" src=\"https:\/\/drterziler.com\/wp-content\/uploads\/2025\/02\/Dokuntulu-Hastaliklar.webp\" loading=\"lazy\" class=\"cat-img\" alt=\"\">\n            <\/div>\n<div class=\"svc-card\">\n<h3 class=\"svc-title gilda\">Enfermedades con Erupciones<\/h3>\n<p class=\"svc-text barlow\">\n                    Estas son condiciones que suelen manifestarse con s\u00edntomas como enrojecimiento, picaz\u00f3n, ampollas o manchas en la piel. El tratamiento de las enfermedades con erupciones se determina en funci\u00f3n de la causa subyacente y generalmente implica medicamentos, productos para el cuidado de la piel y tratamientos de apoyo para aliviar los s\u00edntomas.\n                <\/p>\n<p>                <a class=\"btn-details barlow-condensed\" href=\"https:\/\/drterziler.com\/es\/estetica-medica\/dermatologia-es\/enfermedades-eruptivas\/\">DETALLES<\/a>\n            <\/div>\n<\/p><\/div>\n<\/p><\/div>\n<\/section>\n","protected":false},"excerpt":{"rendered":"<p>Dermatolog\u00eda La dermatolog\u00eda en Turqu\u00eda ofrece una atenci\u00f3n avanzada y asequible para afecciones de la piel, el cabello y las u\u00f1as, utilizando tecnolog\u00edas modernas y especialistas expertos. Las cl\u00ednicas dermatol\u00f3gicas turcas ofrecen tratamientos integrales para el acn\u00e9, el eccema, la psoriasis, la ros\u00e1cea, los problemas de pigmentaci\u00f3n y el envejecimiento cut\u00e1neo. Muchas tambi\u00e9n se especializan [&hellip;]<\/p>\n","protected":false},"author":6,"featured_media":0,"parent":2504,"menu_order":0,"comment_status":"closed","ping_status":"closed","template":"","meta":{"footnotes":""},"class_list":["post-16985","page","type-page","status-publish","hentry"],"_links":{"self":[{"href":"https:\/\/drterziler.com\/es\/wp-json\/wp\/v2\/pages\/16985","targetHints":{"allow":["GET"]}}],"collection":[{"href":"https:\/\/drterziler.com\/es\/wp-json\/wp\/v2\/pages"}],"about":[{"href":"https:\/\/drterziler.com\/es\/wp-json\/wp\/v2\/types\/page"}],"author":[{"embeddable":true,"href":"https:\/\/drterziler.com\/es\/wp-json\/wp\/v2\/users\/6"}],"replies":[{"embeddable":true,"href":"https:\/\/drterziler.com\/es\/wp-json\/wp\/v2\/comments?post=16985"}],"version-history":[{"count":68,"href":"https:\/\/drterziler.com\/es\/wp-json\/wp\/v2\/pages\/16985\/revisions"}],"predecessor-version":[{"id":59852,"href":"https:\/\/drterziler.com\/es\/wp-json\/wp\/v2\/pages\/16985\/revisions\/59852"}],"up":[{"embeddable":true,"href":"https:\/\/drterziler.com\/es\/wp-json\/wp\/v2\/pages\/2504"}],"wp:attachment":[{"href":"https:\/\/drterziler.com\/es\/wp-json\/wp\/v2\/media?parent=16985"}],"curies":[{"name":"wp","href":"https:\/\/api.w.org\/{rel}","templated":true}]}}