{"id":17066,"date":"2025-01-28T08:13:17","date_gmt":"2025-01-28T08:13:17","guid":{"rendered":"https:\/\/drterziler.com\/estetica-medica\/dermatoloji\/akne-ve-sivilce-tedavisi\/"},"modified":"2026-04-21T14:30:27","modified_gmt":"2026-04-21T14:30:27","slug":"tratamiento-del-acne-y-las-espinillas","status":"publish","type":"page","link":"https:\/\/drterziler.com\/es\/estetica-medica\/dermatologia-es\/tratamiento-del-acne-y-las-espinillas\/","title":{"rendered":"Tratamiento del acn\u00e9 y las espinillas"},"content":{"rendered":"<div class=\"page-content\">\n<div id=\"header-area\">\n<div class=\"container\" id=\"firstContent\">\n<div class=\"header-content d-flex flex-column\">\n<h1 class=\"content-title h1-header\">Tratamiento del acn\u00e9 y las espinillas<\/h1>\n<div class=\"content-paragraph\">\n<p class=\"p-text\">Incluye una serie de procedimientos dermatol\u00f3gicos destinados a eliminar las cicatrices del acn\u00e9 y las espinillas. Se utilizan m\u00e9todos como tratamientos con l\u00e1ser, exfoliaciones qu\u00edmicas y medicamentos t\u00f3picos para limpiar y equilibrar la piel. El tratamiento se personaliza seg\u00fan el tipo de piel, ofreciendo resultados eficaces y r\u00e1pidos.<\/p>\n<\/p><\/div>\n<nav aria-label=\"breadcrumb\" class=\"breadcrumbs\">\n<ul class=\"d-flex align-items-center mb-0\">\n<li><a class=\"link\" href=\"https:\/\/drterziler.com\/es\"><span>Dr. Terziler<\/span><\/a><\/li>\n<li class=\"separator\">\u00bb<\/li>\n<li><a class=\"link\" href=\"https:\/\/drterziler.com\/es\/estetica-medica\/\"><span>Est\u00e9tica m\u00e9dica<\/span><\/a><\/li>\n<li class=\"separator\">\u00bb<\/li>\n<li><a class=\"link\" href=\"https:\/\/drterziler.com\/es\/estetica-medica\/dermatologia-es\/\"><span>Dermatolog\u00eda<\/span><\/a><\/li>\n<li class=\"separator\">\u00bb<\/li>\n<li class=\"current-page\"><span>Tratamiento del acn\u00e9 y las espinillas<\/span><\/li>\n<\/ul>\n<\/nav><\/div>\n<\/p><\/div>\n<\/p><\/div>\n<\/div>\n<section id=\"content-area\">\n<div class=\"container my-5\">\n<div class=\"row align-items-start\">\n<div class=\"col-md-6 order-2 order-md-1\">\n<div class=\"custom-toc-box\">\n<div id=\"toc-header\">\n<h4>\u00cdndice<\/h4>\n<div class=\"toc-toggle-icon\"><\/div>\n<\/p><\/div>\n<div class=\"toc-full-divider\"><\/div>\n<div id=\"toc-body\">\n<div id=\"toc-container\"><\/div>\n<\/p><\/div>\n<\/p><\/div>\n<\/p><\/div>\n<div class=\"col-md-6 order-1 order-md-2\" id=\"jForm\">\n                <script type=\"text\/javascript\" src=\"https:\/\/form.jotform.com\/jsform\/242881767918979\"><\/script>\n            <\/div>\n<\/p><\/div>\n<\/p><\/div>\n<div class=\"container\">\n<div class=\"img-thumb\">\n            <img decoding=\"async\" src=\"https:\/\/drterziler.com\/wp-content\/uploads\/2025\/01\/Akne-ve-Sivilce-Tedavisi.webp\" loading=\"lazy\" alt=\"\">\n        <\/div>\n<div>\n<div>\n<h2 class=\"h2-header\">\u00bfQu\u00e9 es el Tratamiento de Acn\u00e9 y Espinillas?<\/h2>\n<\/p><\/div>\n<div>\n<p class=\"p-text\">El tratamiento del acn\u00e9 es una serie de m\u00e9todos est\u00e9ticos destinados a prevenir y tratar el acn\u00e9 (espinillas) y la formaci\u00f3n de puntos negros en la piel. El acn\u00e9 es un problema com\u00fan de la piel causado por gl\u00e1ndulas seb\u00e1ceas obstruidas, infecciones bacterianas o cambios hormonales. El tratamiento del acn\u00e9 aborda las causas subyacentes de estos problemas, reduce la inflamaci\u00f3n en la piel, renueva el tejido cut\u00e1neo y mejora la apariencia de las cicatrices.<\/p>\n<\/p><\/div>\n<\/p><\/div>\n<div>\n<div>\n<h2 class=\"h2-header\">\u00bfCu\u00e1les son los Beneficios?<\/h2>\n<\/p><\/div>\n<div>\n<p class=\"p-text\">Proporciona una piel m\u00e1s limpia y clara Tono de piel uniforme Reduce las cicatrices del acn\u00e9 Alivia r\u00e1pidamente la inflamaci\u00f3n Apoya la regeneraci\u00f3n de la piel Aumenta la confianza en uno mismo Permite un r\u00e1pido regreso a las actividades diarias<\/p>\n<\/p><\/div>\n<\/p><\/div>\n<div>\n<div>\n<h2 class=\"h2-header\">\u00bfC\u00f3mo es el Tratamiento de Acn\u00e9?<\/h2>\n<\/p><\/div>\n<div>\n<p class=\"p-text\">El tratamiento del acn\u00e9 mejora significativamente la apariencia de las espinillas y las cicatrices en la piel. Despu\u00e9s del tratamiento, la piel parece m\u00e1s limpia, suave, saludable y m\u00e1s vibrante. Se observa un brillo notable y rejuvenecimiento en la textura de la piel despu\u00e9s del tratamiento. La mejora en las cicatrices del acn\u00e9 y el tono de la piel da como resultado una apariencia m\u00e1s joven y fresca en general.<\/p>\n<\/p><\/div>\n<\/p><\/div>\n<div>\n<div>\n<h2 class=\"h2-header\">\u00bfPara Qui\u00e9n es Adecuado?<\/h2>\n<\/p><\/div>\n<div>\n<p class=\"p-text\">Adolescentes en la pubertad Individuos con acn\u00e9 relacionado con la edad Personas que experimentan ansiedad social debido a las espinillas Piel propensa al acn\u00e9 Aquellos que buscan resultados r\u00e1pidos Personas que prefieren opciones no quir\u00fargicas<\/p>\n<\/p><\/div>\n<\/p><\/div>\n<div>\n<div>\n<h2 class=\"h2-header\">\u00bfPor Qu\u00e9 es Popular el Tratamiento del Acn\u00e9?<\/h2>\n<\/p><\/div>\n<div>\n<p class=\"p-text\">El tratamiento del acn\u00e9 ayuda a las personas a enfrentar problemas de la piel y recuperar su confianza en s\u00ed mismos. Con el creciente inter\u00e9s por el cuidado de la piel en los \u00faltimos a\u00f1os, el tratamiento del acn\u00e9 se ha convertido en una opci\u00f3n popular tanto entre adolescentes como adultos. El procedimiento es popular debido a su m\u00ednima invasividad y resultados r\u00e1pidos. Adem\u00e1s, el tratamiento del acn\u00e9 no solo trata el acn\u00e9, sino tambi\u00e9n las cicatrices del acn\u00e9, proporcionando una soluci\u00f3n m\u00e1s completa.<\/p>\n<\/p><\/div>\n<\/p><\/div>\n<div>\n<div>\n<h2 class=\"h2-header\">\u00bfC\u00f3mo se Aplica el Tratamiento del Acn\u00e9?<\/h2>\n<\/p><\/div>\n<div>\n<p class=\"p-text\">Los m\u00e9todos m\u00e1s comunes incluyen el tratamiento con l\u00e1ser, el peeling qu\u00edmico y el PRP. Los rayos l\u00e1ser apuntan a los pigmentos debajo de la piel para reducir las manchas. El peeling qu\u00edmico elimina la capa superior de la piel, creando una superficie saludable. El PRP rejuvenece la piel con sangre que tiene propiedades regenerativas. El proceso de tratamiento es personalizado y lo lleva a cabo un doctor experto.<\/p>\n<\/p><\/div>\n<\/p><\/div>\n<div>\n<div>\n<h2 class=\"h2-header\">\u00bfCu\u00e1nto Duran los Resultados?<\/h2>\n<\/p><\/div>\n<div>\n<p class=\"p-text\">La duraci\u00f3n de los resultados del tratamiento del acn\u00e9 var\u00eda seg\u00fan el m\u00e9todo aplicado y las caracter\u00edsticas individuales de la piel. Generalmente, el acn\u00e9 y las cicatrices se reducen significativamente despu\u00e9s del tratamiento, y la piel adquiere una apariencia m\u00e1s saludable. Sin embargo, los cambios hormonales, el estilo de vida o factores ambientales pueden hacer que el acn\u00e9 vuelva a aparecer. El cuidado regular y las sesiones de tratamiento pueden hacer que los resultados sean m\u00e1s permanentes.<\/p>\n<\/p><\/div>\n<\/p><\/div>\n<div>\n<div>\n<h2 class=\"h2-header\">\u00bfHay Dolor o Malestar?<\/h2>\n<\/p><\/div>\n<div>\n<p class=\"p-text\">La mayor\u00eda de los tratamientos del acn\u00e9 no causan dolor, pero algunos m\u00e9todos (especialmente el peeling qu\u00edmico o el l\u00e1ser) pueden causar una ligera sensaci\u00f3n de ardor o incomodidad. Procedimientos como la mesoterapia y la microdermoabrasi\u00f3n se realizan con un malestar m\u00ednimo y generalmente no requieren anestesia. Dependiendo de la sensibilidad de su piel, se pueden aplicar cremas anest\u00e9sicas o sistemas de enfriamiento antes del tratamiento para reducir el malestar.<\/p>\n<\/p><\/div>\n<\/p><\/div>\n<div>\n<div>\n<h2 class=\"h2-header\">Costos del Tratamiento del Acn\u00e9<\/h2>\n<\/p><\/div>\n<div>\n<p class=\"p-text\">Los precios del tratamiento del acn\u00e9 var\u00edan seg\u00fan el m\u00e9todo de tratamiento y el tipo de piel. Generalmente, los tratamientos m\u00e1s simples se ofrecen a precios m\u00e1s asequibles, mientras que los m\u00e9todos avanzados como el l\u00e1ser o la mesoterapia pueden ser un poco m\u00e1s caros. Para obtener informaci\u00f3n detallada sobre precios, recomendamos contactar con nuestra cl\u00ednica.<\/p>\n<\/p><\/div>\n<\/p><\/div>\n<div>\n<div>\n<h2 class=\"h2-header\">\u00bfPor Qu\u00e9 Elegir la Cl\u00ednica Exclusiva Dr. Terziler?<\/h2>\n<\/p><\/div>\n<div>\n<p class=\"p-text\">El Dr. Terziler, con experiencia reconocida internacionalmente y un enfoque est\u00e9tico que combina el arte y la ciencia, proporciona soluciones personalizadas que ofrecen no solo una transformaci\u00f3n f\u00edsica, sino tambi\u00e9n una renovaci\u00f3n emocional. Nuestra cl\u00ednica, equipada con tecnolog\u00edas avanzadas y operando bajo los principios de comodidad y seguridad, abraza la perfecci\u00f3n como su filosof\u00eda corporativa. Cada toque aqu\u00ed est\u00e1 dirigido a mejorar su salud general y felicidad.<\/p>\n<\/p><\/div>\n<\/p><\/div>\n<\/p><\/div>\n<\/section>\n","protected":false},"excerpt":{"rendered":"<p>Tratamiento del acn\u00e9 y las espinillas Incluye una serie de procedimientos dermatol\u00f3gicos destinados a eliminar las cicatrices del acn\u00e9 y las espinillas. Se utilizan m\u00e9todos como tratamientos con l\u00e1ser, exfoliaciones qu\u00edmicas y medicamentos t\u00f3picos para limpiar y equilibrar la piel. El tratamiento se personaliza seg\u00fan el tipo de piel, ofreciendo resultados eficaces y r\u00e1pidos. Dr. [&hellip;]<\/p>\n","protected":false},"author":6,"featured_media":0,"parent":16985,"menu_order":0,"comment_status":"closed","ping_status":"closed","template":"","meta":{"footnotes":""},"class_list":["post-17066","page","type-page","status-publish","hentry"],"_links":{"self":[{"href":"https:\/\/drterziler.com\/es\/wp-json\/wp\/v2\/pages\/17066","targetHints":{"allow":["GET"]}}],"collection":[{"href":"https:\/\/drterziler.com\/es\/wp-json\/wp\/v2\/pages"}],"about":[{"href":"https:\/\/drterziler.com\/es\/wp-json\/wp\/v2\/types\/page"}],"author":[{"embeddable":true,"href":"https:\/\/drterziler.com\/es\/wp-json\/wp\/v2\/users\/6"}],"replies":[{"embeddable":true,"href":"https:\/\/drterziler.com\/es\/wp-json\/wp\/v2\/comments?post=17066"}],"version-history":[{"count":13,"href":"https:\/\/drterziler.com\/es\/wp-json\/wp\/v2\/pages\/17066\/revisions"}],"predecessor-version":[{"id":59854,"href":"https:\/\/drterziler.com\/es\/wp-json\/wp\/v2\/pages\/17066\/revisions\/59854"}],"up":[{"embeddable":true,"href":"https:\/\/drterziler.com\/es\/wp-json\/wp\/v2\/pages\/16985"}],"wp:attachment":[{"href":"https:\/\/drterziler.com\/es\/wp-json\/wp\/v2\/media?parent=17066"}],"curies":[{"name":"wp","href":"https:\/\/api.w.org\/{rel}","templated":true}]}}