{"id":17115,"date":"2025-01-28T08:17:45","date_gmt":"2025-01-28T08:17:45","guid":{"rendered":"https:\/\/drterziler.com\/estetica-medica\/dermatoloji\/skar-yara-izi-tedavisi\/"},"modified":"2026-04-21T14:35:38","modified_gmt":"2026-04-21T14:35:38","slug":"tratamiento-de-cicatrices","status":"publish","type":"page","link":"https:\/\/drterziler.com\/es\/estetica-medica\/dermatologia-es\/tratamiento-de-cicatrices\/","title":{"rendered":"Tratamiento de cicatrices"},"content":{"rendered":"<div class=\"page-content\">\n<div id=\"header-area\">\n<div class=\"container\" id=\"firstContent\">\n<div class=\"header-content d-flex flex-column\">\n<h1 class=\"content-title h1-header\">Tratamiento de cicatrices<\/h1>\n<div class=\"content-paragraph\">\n<p class=\"p-text\">El tratamiento de cicatrices es un procedimiento est\u00e9tico destinado a reducir o mejorar la apariencia de las cicatrices en la piel. Este tratamiento apoya los procesos naturales de curaci\u00f3n de la piel, con el objetivo de minimizar la prominencia de las cicatrices.<\/p>\n<\/p><\/div>\n<nav aria-label=\"breadcrumb\" class=\"breadcrumbs\">\n<ul class=\"d-flex align-items-center mb-0\">\n<li><a class=\"link\" href=\"https:\/\/drterziler.com\/es\"><span>Dr. Terziler<\/span><\/a><\/li>\n<li class=\"separator\">\u00bb<\/li>\n<li><a class=\"link\" href=\"https:\/\/drterziler.com\/es\/estetica-medica\/\"><span>Est\u00e9tica m\u00e9dica<\/span><\/a><\/li>\n<li class=\"separator\">\u00bb<\/li>\n<li><a class=\"link\" href=\"https:\/\/drterziler.com\/es\/estetica-medica\/dermatologia-es\/\"><span>Dermatolog\u00eda<\/span><\/a><\/li>\n<li class=\"separator\">\u00bb<\/li>\n<li class=\"current-page\"><span>Tratamiento de cicatrices<\/span><\/li>\n<\/ul>\n<\/nav><\/div>\n<\/p><\/div>\n<\/p><\/div>\n<\/div>\n<section id=\"content-area\">\n<div class=\"container my-5\">\n<div class=\"row align-items-start\">\n<div class=\"col-md-6 order-2 order-md-1\">\n<div class=\"custom-toc-box\">\n<div id=\"toc-header\">\n<h4>\u00cdndice<\/h4>\n<div class=\"toc-toggle-icon\"><\/div>\n<\/p><\/div>\n<div class=\"toc-full-divider\"><\/div>\n<div id=\"toc-body\">\n<div id=\"toc-container\"><\/div>\n<\/p><\/div>\n<\/p><\/div>\n<\/p><\/div>\n<div class=\"col-md-6 order-1 order-md-2\" id=\"jForm\">\n                <script type=\"text\/javascript\" src=\"https:\/\/form.jotform.com\/jsform\/242881767918979\"><\/script>\n            <\/div>\n<\/p><\/div>\n<\/p><\/div>\n<div class=\"container\">\n<div class=\"img-thumb\">\n            <img decoding=\"async\" src=\"https:\/\/drterziler.com\/wp-content\/uploads\/2025\/01\/Skar-Yara-Izi-Tedavisi.webp\" loading=\"lazy\" alt=\"\">\n        <\/div>\n<div>\n<div>\n<h2 class=\"h2-header\">\u00bfQu\u00e9 es el Tratamiento de Cicatrices (Heridas)?<\/h2>\n<\/p><\/div>\n<div>\n<p class=\"p-text\">El tratamiento de cicatrices es un procedimiento est\u00e9tico destinado a reducir o mejorar la apariencia de las cicatrices en la piel. Este tratamiento apoya los procesos naturales de curaci\u00f3n de la piel para minimizar la visibilidad de las cicatrices. Se pueden utilizar varios m\u00e9todos como el tratamiento con l\u00e1ser, microneedling, peeling qu\u00edmico y rellenos d\u00e9rmicos. El tratamiento es personalizado seg\u00fan el tipo, tama\u00f1o y condici\u00f3n general de la cicatriz.<\/p>\n<\/p><\/div>\n<\/p><\/div>\n<div>\n<div>\n<h2 class=\"h2-header\">\u00bfCu\u00e1les son los Beneficios del Tratamiento de Cicatrices (Heridas)?<\/h2>\n<\/p><\/div>\n<div>\n<p class=\"p-text\">Mejora la apariencia est\u00e9tica Aumenta la confianza en uno mismo Aplicable a muchos tipos de cicatrices Procedimiento indoloro y c\u00f3modo Proporciona resultados r\u00e1pidos Mejora la calidad de la piel Efectos duraderos Puede aplicarse a cualquier edad<\/p>\n<\/p><\/div>\n<\/p><\/div>\n<div>\n<div>\n<h2 class=\"h2-header\">\u00bfPara Qui\u00e9n es Adecuado?<\/h2>\n<\/p><\/div>\n<div>\n<p class=\"p-text\">Aquellos con cicatrices de acn\u00e9 Individuos con cicatrices quir\u00fargicas Personas que han sufrido lesiones traum\u00e1ticas Aquellos que buscan una recuperaci\u00f3n r\u00e1pida Personas que desean renovar la textura de su piel Aquellos que se preocupan por la apariencia est\u00e9tica Individuos con problemas cr\u00f3nicos de cicatrices Personas que buscan soluciones m\u00ednimamente invasivas<\/p>\n<\/p><\/div>\n<\/p><\/div>\n<div>\n<div>\n<h2 class=\"h2-header\">\u00bfPor Qu\u00e9 es Popular el Tratamiento de Cicatrices?<\/h2>\n<\/p><\/div>\n<div>\n<p class=\"p-text\">El tratamiento de cicatrices se ha vuelto cada vez m\u00e1s popular con los avances tecnol\u00f3gicos y el uso generalizado de m\u00e9todos m\u00ednimamente invasivos. Los resultados r\u00e1pidos, la naturaleza generalmente indolora y la capacidad de mejorar la apariencia est\u00e9tica son las principales razones por las cuales las personas recurren a este tratamiento. Adem\u00e1s, el auge de las redes sociales y la mayor conciencia de los procedimientos est\u00e9ticos han respaldado su popularidad.<\/p>\n<\/p><\/div>\n<\/p><\/div>\n<div>\n<div>\n<h2 class=\"h2-header\">\u00bfC\u00f3mo se Aplica el Tratamiento de Cicatrices (Heridas)?<\/h2>\n<\/p><\/div>\n<div>\n<p class=\"p-text\">El m\u00e9todo utilizado en el tratamiento de cicatrices es determinado por el especialista. Por ejemplo, el tratamiento con l\u00e1ser reduce la pigmentaci\u00f3n en la piel y estimula la producci\u00f3n de col\u00e1geno. En el microneedling, se crean microcanales en la superficie de la piel para acelerar el proceso de renovaci\u00f3n. El peeling qu\u00edmico elimina la capa superficial de la piel, creando una textura de piel m\u00e1s saludable. Todo el proceso se realiza en un entorno higi\u00e9nico por un doctor o experto est\u00e9tico calificado.<\/p>\n<\/p><\/div>\n<\/p><\/div>\n<div>\n<div>\n<h2 class=\"h2-header\">\u00bfHay Dolor o Malestar Durante el Tratamiento de Cicatrices (Heridas)?<\/h2>\n<\/p><\/div>\n<div>\n<p class=\"p-text\">La mayor\u00eda de los tratamientos de cicatrices son m\u00ednimamente dolorosos o completamente indoloros. Durante m\u00e9todos como el l\u00e1ser o el microneedling, puede haber una ligera sensaci\u00f3n de calor o cosquilleo en la piel. Se aplican cremas anest\u00e9sicas locales antes del procedimiento para aumentar la comodidad. Despu\u00e9s del tratamiento, puede haber una ligera sensibilidad, pero esto generalmente dura un corto per\u00edodo de tiempo.<\/p>\n<\/p><\/div>\n<\/p><\/div>\n<div>\n<div>\n<h2 class=\"h2-header\">\u00bfCu\u00e1nto Dura la Sesi\u00f3n de Tratamiento de Cicatrices (Heridas)?<\/h2>\n<\/p><\/div>\n<div>\n<p class=\"p-text\">Una sesi\u00f3n de tratamiento de cicatrices generalmente dura entre 30 y 60 minutos. La duraci\u00f3n puede variar seg\u00fan el m\u00e9todo utilizado y el tama\u00f1o del \u00e1rea tratada. Sin embargo, en algunos casos, se pueden requerir varias sesiones. Los intervalos entre sesiones se planifican de acuerdo con el proceso de renovaci\u00f3n de la piel.<\/p>\n<\/p><\/div>\n<\/p><\/div>\n<div>\n<div>\n<h2 class=\"h2-header\">\u00bfCu\u00e1nto Tiempo Tarda en Curarse el Tratamiento de Cicatrices (Heridas)?<\/h2>\n<\/p><\/div>\n<div>\n<p class=\"p-text\">El tiempo de curaci\u00f3n despu\u00e9s del tratamiento depende del m\u00e9todo aplicado. Para el microneedling o el peeling qu\u00edmico, la piel generalmente se cura en 3-7 d\u00edas. En los tratamientos con l\u00e1ser, la curaci\u00f3n completa puede tomar de 1 a 2 semanas. Seguir las instrucciones de cuidado posterior acelera el proceso de curaci\u00f3n y proporciona mejores resultados.<\/p>\n<\/p><\/div>\n<\/p><\/div>\n<div>\n<div>\n<h2 class=\"h2-header\">\u00bfPor Qu\u00e9 Elegir la Cl\u00ednica Exclusiva Dr. Terziler?<\/h2>\n<\/p><\/div>\n<div>\n<p class=\"p-text\">El Dr. Terziler, con experiencia reconocida internacionalmente y un enfoque est\u00e9tico que combina el arte y la ciencia, proporciona soluciones personalizadas que ofrecen no solo una transformaci\u00f3n f\u00edsica, sino tambi\u00e9n una renovaci\u00f3n emocional. Nuestra cl\u00ednica, equipada con tecnolog\u00edas avanzadas y operando bajo los principios de comodidad y seguridad, abraza la perfecci\u00f3n como su filosof\u00eda corporativa. Cada toque aqu\u00ed est\u00e1 dirigido a mejorar su salud general y felicidad.<\/p>\n<\/p><\/div>\n<\/p><\/div>\n<\/p><\/div>\n<\/section>\n","protected":false},"excerpt":{"rendered":"<p>Tratamiento de cicatrices El tratamiento de cicatrices es un procedimiento est\u00e9tico destinado a reducir o mejorar la apariencia de las cicatrices en la piel. Este tratamiento apoya los procesos naturales de curaci\u00f3n de la piel, con el objetivo de minimizar la prominencia de las cicatrices. Dr. Terziler \u00bb Est\u00e9tica m\u00e9dica \u00bb Dermatolog\u00eda \u00bb Tratamiento de [&hellip;]<\/p>\n","protected":false},"author":6,"featured_media":0,"parent":16985,"menu_order":0,"comment_status":"closed","ping_status":"closed","template":"","meta":{"footnotes":""},"class_list":["post-17115","page","type-page","status-publish","hentry"],"_links":{"self":[{"href":"https:\/\/drterziler.com\/es\/wp-json\/wp\/v2\/pages\/17115","targetHints":{"allow":["GET"]}}],"collection":[{"href":"https:\/\/drterziler.com\/es\/wp-json\/wp\/v2\/pages"}],"about":[{"href":"https:\/\/drterziler.com\/es\/wp-json\/wp\/v2\/types\/page"}],"author":[{"embeddable":true,"href":"https:\/\/drterziler.com\/es\/wp-json\/wp\/v2\/users\/6"}],"replies":[{"embeddable":true,"href":"https:\/\/drterziler.com\/es\/wp-json\/wp\/v2\/comments?post=17115"}],"version-history":[{"count":14,"href":"https:\/\/drterziler.com\/es\/wp-json\/wp\/v2\/pages\/17115\/revisions"}],"predecessor-version":[{"id":59856,"href":"https:\/\/drterziler.com\/es\/wp-json\/wp\/v2\/pages\/17115\/revisions\/59856"}],"up":[{"embeddable":true,"href":"https:\/\/drterziler.com\/es\/wp-json\/wp\/v2\/pages\/16985"}],"wp:attachment":[{"href":"https:\/\/drterziler.com\/es\/wp-json\/wp\/v2\/media?parent=17115"}],"curies":[{"name":"wp","href":"https:\/\/api.w.org\/{rel}","templated":true}]}}