{"id":17164,"date":"2025-01-28T08:21:45","date_gmt":"2025-01-28T08:21:45","guid":{"rendered":"https:\/\/drterziler.com\/estetica-medica\/dermatoloji\/ben-tedavisi\/"},"modified":"2026-04-21T14:40:46","modified_gmt":"2026-04-21T14:40:46","slug":"tratamiento-de-lunares","status":"publish","type":"page","link":"https:\/\/drterziler.com\/es\/estetica-medica\/dermatologia-es\/tratamiento-de-lunares\/","title":{"rendered":"Tratamiento de lunares"},"content":{"rendered":"<div class=\"page-content\">\n<div id=\"header-area\">\n<div class=\"container\" id=\"firstContent\">\n<div class=\"header-content d-flex flex-column\">\n<h1 class=\"content-title h1-header\">Tratamiento de lunares<\/h1>\n<div class=\"content-paragraph\">\n<p class=\"p-text\">El tratamiento de lunares es un procedimiento moderno que se utiliza para eliminar lunares no deseados de la piel por motivos est\u00e9ticos o de salud. Este proceso se realiza mediante t\u00e9cnicas como l\u00e1ser, escisi\u00f3n quir\u00fargica o crioterapia, y est\u00e1 previsto que sea seguro y deje cicatrices m\u00ednimas. Con un enfoque personalizado, el tratamiento tiene como objetivo proporcionar una apariencia de piel suave y saludable.<\/p>\n<\/p><\/div>\n<nav aria-label=\"breadcrumb\" class=\"breadcrumbs\">\n<ul class=\"d-flex align-items-center mb-0\">\n<li><a class=\"link\" href=\"https:\/\/drterziler.com\/es\/\"><span>Dr. Terziler<\/span><\/a><\/li>\n<li class=\"separator\">\u00bb<\/li>\n<li><a class=\"link\" href=\"https:\/\/drterziler.com\/es\/estetica-medica\/\"><span>Est\u00e9tica m\u00e9dica<\/span><\/a><\/li>\n<li class=\"separator\">\u00bb<\/li>\n<li><a class=\"link\" href=\"https:\/\/drterziler.com\/es\/estetica-medica\/dermatologia-es\/\"><span>Dermatolog\u00eda<\/span><\/a><\/li>\n<li class=\"separator\">\u00bb<\/li>\n<li class=\"current-page\"><span>Tratamiento de lunares<\/span><\/li>\n<\/ul>\n<\/nav><\/div>\n<\/p><\/div>\n<\/p><\/div>\n<\/div>\n<section id=\"content-area\">\n<div class=\"container my-5\">\n<div class=\"row align-items-start\">\n<div class=\"col-md-6 order-2 order-md-1\">\n<div class=\"custom-toc-box\">\n<div id=\"toc-header\">\n<h4>\u00cdndice<\/h4>\n<div class=\"toc-toggle-icon\"><\/div>\n<\/p><\/div>\n<div class=\"toc-full-divider\"><\/div>\n<div id=\"toc-body\">\n<div id=\"toc-container\"><\/div>\n<\/p><\/div>\n<\/p><\/div>\n<\/p><\/div>\n<div class=\"col-md-6 order-1 order-md-2\" id=\"jForm\">\n                <script type=\"text\/javascript\" src=\"https:\/\/form.jotform.com\/jsform\/242881767918979\"><\/script>\n            <\/div>\n<\/p><\/div>\n<\/p><\/div>\n<div class=\"container\">\n<div class=\"img-thumb\">\n            <img decoding=\"async\" src=\"https:\/\/drterziler.com\/wp-content\/uploads\/2025\/01\/Ben-Tedavisi.webp\" alt=\"Tratamiento de lunares\" loading=\"lazy\">\n        <\/div>\n<div>\n<div>\n<h2 class=\"h2-header\">\u00bfQu\u00e9 es el Tratamiento de Lunares?<\/h2>\n<\/p><\/div>\n<div>\n<p class=\"p-text\">El tratamiento de lunares es un procedimiento dermatol\u00f3gico destinado a eliminar lunares de diferentes tama\u00f1os y colores de la piel por razones est\u00e9ticas o de salud. El tratamiento generalmente comienza con un examen dermatol\u00f3gico, y se elige el m\u00e9todo adecuado seg\u00fan el tipo de lunar. Existen diversas aplicaciones como l\u00e1ser, crioterapia, escisi\u00f3n quir\u00fargica o m\u00e9todos de radiofrecuencia. El tratamiento de lunares puede realizarse tanto para abordar preocupaciones est\u00e9ticas como para reducir el riesgo potencial de c\u00e1ncer de piel.<\/p>\n<\/p><\/div>\n<\/p><\/div>\n<div>\n<div>\n<h2 class=\"h2-header\">\u00bfCu\u00e1les son los Beneficios del Tratamiento de Lunares?<\/h2>\n<\/p><\/div>\n<div>\n<p class=\"p-text\">Mejora la apariencia est\u00e9tica M\u00ednimamente invasivo Protege la salud de la piel Proporciona resultados r\u00e1pidos Ofrece soluciones personalizadas Proporciona resultados permanentes Completamente seguro Proporciona alivio psicol\u00f3gico<\/p>\n<\/p><\/div>\n<\/p><\/div>\n<div>\n<div>\n<h2 class=\"h2-header\">\u00bfPara Qui\u00e9n es Adecuado?<\/h2>\n<\/p><\/div>\n<div>\n<p class=\"p-text\">Aquellos con lunares que crecen o cambian Individuos con preocupaciones est\u00e9ticas Personas en riesgo de problemas de salud Aquellos que desean igualar el tono de su piel Personas que buscan soluciones indoloras y r\u00e1pidas Aquellos que experimentan incomodidad funcional Individuos con predisposici\u00f3n gen\u00e9tica Personas que buscan un mejor autocuidado<\/p>\n<\/p><\/div>\n<\/p><\/div>\n<div>\n<div>\n<h2 class=\"h2-header\">\u00bfPor Qu\u00e9 es Popular el Tratamiento de Lunares?<\/h2>\n<\/p><\/div>\n<div>\n<p class=\"p-text\">El tratamiento de lunares ha ganado popularidad debido a los avances tecnol\u00f3gicos y al desarrollo de m\u00e9todos indoloros y r\u00e1pidos. Las crecientes preocupaciones est\u00e9ticas, el inter\u00e9s por una apariencia uniforme de la piel en las redes sociales y la mayor conciencia sobre la importancia de los chequeos regulares de la piel tambi\u00e9n han contribuido a esta popularidad. Adem\u00e1s, la capacidad de evaluar los lunares tanto est\u00e9ticamente como por preocupaciones de salud, y la intervenci\u00f3n temprana, ha hecho que el tratamiento sea m\u00e1s atractivo.<\/p>\n<\/p><\/div>\n<\/p><\/div>\n<div>\n<div>\n<h2 class=\"h2-header\">\u00bfC\u00f3mo se Aplica el Tratamiento de Lunares?<\/h2>\n<\/p><\/div>\n<div>\n<p class=\"p-text\">El m\u00e9todo utilizado para el tratamiento de lunares se determina despu\u00e9s de un examen dermatol\u00f3gico. Los lunares peque\u00f1os y superficiales generalmente se eliminan con tratamiento con l\u00e1ser, mientras que los lunares m\u00e1s grandes o profundos pueden requerir escisi\u00f3n quir\u00fargica. La crioterapia se utiliza para congelar y eliminar el lunar, mientras que la radiofrecuencia vaporiza el lunar con calor bajo. El procedimiento se realiza en un entorno est\u00e9ril y la duraci\u00f3n del proceso depende del m\u00e9todo utilizado.<\/p>\n<\/p><\/div>\n<\/p><\/div>\n<div>\n<div>\n<h2 class=\"h2-header\">\u00bfHay Dolor o Molestias Durante el Tratamiento de Lunares?<\/h2>\n<\/p><\/div>\n<div>\n<p class=\"p-text\">Los m\u00e9todos modernos de tratamiento de lunares son generalmente indoloros o causan molestias m\u00ednimas. Durante procedimientos como l\u00e1ser o radiofrecuencia, puede haber una ligera sensaci\u00f3n de calor o escozor. En la escisi\u00f3n quir\u00fargica, se aplica anestesia local para asegurar la comodidad del paciente. Despu\u00e9s del procedimiento, puede haber una ligera sensibilidad o enrojecimiento, pero esto generalmente se resuelve r\u00e1pidamente.<\/p>\n<\/p><\/div>\n<\/p><\/div>\n<div>\n<div>\n<h2 class=\"h2-header\">\u00bfCu\u00e1nto Tiempo Dura el Tratamiento de Lunares?<\/h2>\n<\/p><\/div>\n<div>\n<p class=\"p-text\">La duraci\u00f3n del tratamiento depende del tipo y n\u00famero de lunares. M\u00e9todos como el l\u00e1ser o la crioterapia suelen durar entre 15 y 30 minutos, mientras que la escisi\u00f3n quir\u00fargica puede llevar m\u00e1s tiempo. La mayor\u00eda de los procedimientos se pueden completar en una sola sesi\u00f3n, pero en algunos casos, pueden ser necesarias m\u00faltiples sesiones.<\/p>\n<\/p><\/div>\n<\/p><\/div>\n<div>\n<div>\n<h2 class=\"h2-header\">\u00bfCu\u00e1nto Tiempo Tarda en Sanarse Despu\u00e9s del Tratamiento de Lunares?<\/h2>\n<\/p><\/div>\n<div>\n<p class=\"p-text\">El tiempo de curaci\u00f3n despu\u00e9s del tratamiento de lunares var\u00eda seg\u00fan el m\u00e9todo utilizado. Despu\u00e9s del tratamiento con l\u00e1ser, la piel generalmente se cura completamente en 7-10 d\u00edas, mientras que en procedimientos quir\u00fargicos, esto puede tardar entre 1 y 2 semanas. Seguir las instrucciones de cuidado posterior proporcionadas por el m\u00e9dico acelera el proceso de curaci\u00f3n y asegura los mejores resultados.<\/p>\n<\/p><\/div>\n<\/p><\/div>\n<div>\n<div>\n<h2 class=\"h2-header\">\u00bfPor Qu\u00e9 Elegir la Cl\u00ednica Exclusiva Dr. Terziler?<\/h2>\n<\/p><\/div>\n<div>\n<p class=\"p-text\">El Dr. Terziler, con experiencia reconocida internacionalmente y un enfoque est\u00e9tico que combina el arte y la ciencia, proporciona soluciones personalizadas que ofrecen no solo una transformaci\u00f3n f\u00edsica, sino tambi\u00e9n una renovaci\u00f3n emocional. Nuestra cl\u00ednica, equipada con tecnolog\u00edas avanzadas y operando bajo los principios de comodidad y seguridad, abraza la perfecci\u00f3n como su filosof\u00eda corporativa. Cada toque aqu\u00ed est\u00e1 dirigido a mejorar su salud general y felicidad.<\/p>\n<\/p><\/div>\n<\/p><\/div>\n<\/p><\/div>\n<\/section>\n","protected":false},"excerpt":{"rendered":"<p>Tratamiento de lunares El tratamiento de lunares es un procedimiento moderno que se utiliza para eliminar lunares no deseados de la piel por motivos est\u00e9ticos o de salud. Este proceso se realiza mediante t\u00e9cnicas como l\u00e1ser, escisi\u00f3n quir\u00fargica o crioterapia, y est\u00e1 previsto que sea seguro y deje cicatrices m\u00ednimas. Con un enfoque personalizado, el [&hellip;]<\/p>\n","protected":false},"author":6,"featured_media":0,"parent":16985,"menu_order":0,"comment_status":"closed","ping_status":"closed","template":"","meta":{"footnotes":""},"class_list":["post-17164","page","type-page","status-publish","hentry"],"_links":{"self":[{"href":"https:\/\/drterziler.com\/es\/wp-json\/wp\/v2\/pages\/17164","targetHints":{"allow":["GET"]}}],"collection":[{"href":"https:\/\/drterziler.com\/es\/wp-json\/wp\/v2\/pages"}],"about":[{"href":"https:\/\/drterziler.com\/es\/wp-json\/wp\/v2\/types\/page"}],"author":[{"embeddable":true,"href":"https:\/\/drterziler.com\/es\/wp-json\/wp\/v2\/users\/6"}],"replies":[{"embeddable":true,"href":"https:\/\/drterziler.com\/es\/wp-json\/wp\/v2\/comments?post=17164"}],"version-history":[{"count":13,"href":"https:\/\/drterziler.com\/es\/wp-json\/wp\/v2\/pages\/17164\/revisions"}],"predecessor-version":[{"id":59858,"href":"https:\/\/drterziler.com\/es\/wp-json\/wp\/v2\/pages\/17164\/revisions\/59858"}],"up":[{"embeddable":true,"href":"https:\/\/drterziler.com\/es\/wp-json\/wp\/v2\/pages\/16985"}],"wp:attachment":[{"href":"https:\/\/drterziler.com\/es\/wp-json\/wp\/v2\/media?parent=17164"}],"curies":[{"name":"wp","href":"https:\/\/api.w.org\/{rel}","templated":true}]}}