{"id":17212,"date":"2025-01-28T08:25:48","date_gmt":"2025-01-28T08:25:48","guid":{"rendered":"https:\/\/drterziler.com\/estetica-medica\/dermatoloji\/sedef-hastaligi-tedavisi\/"},"modified":"2026-04-21T14:27:59","modified_gmt":"2026-04-21T14:27:59","slug":"tratamiento-de-la-psoriasis","status":"publish","type":"page","link":"https:\/\/drterziler.com\/es\/estetica-medica\/dermatologia-es\/tratamiento-de-la-psoriasis\/","title":{"rendered":"Tratamiento de la psoriasis"},"content":{"rendered":"<div class=\"page-content\">\n<div id=\"header-area\">\n<div class=\"container\" id=\"firstContent\">\n<div class=\"header-content d-flex flex-column\">\n<h1 class=\"content-title h1-header\">Tratamiento de la psoriasis<\/h1>\n<div class=\"content-paragraph\">\n<p class=\"p-text\">La psoriasis es una afecci\u00f3n de la piel relacionada con el sistema inmunol\u00f3gico que hace que la piel se renueve r\u00e1pidamente y se inflame. Por lo general, se presenta con lesiones que causan enrojecimiento, descamaci\u00f3n y picaz\u00f3n en el cuerpo. Esta enfermedad puede desarrollarse como resultado de una predisposici\u00f3n gen\u00e9tica y factores ambientales y, si no se trata, puede afectar negativamente la calidad de vida.<\/p>\n<\/p><\/div>\n<nav aria-label=\"breadcrumb\" class=\"breadcrumbs\">\n<ul class=\"d-flex align-items-center mb-0\">\n<li><a class=\"link\" href=\"https:\/\/drterziler.com\/es\"><span>Dr. Terziler<\/span><\/a><\/li>\n<li class=\"separator\">\u00bb<\/li>\n<li><a class=\"link\" href=\"https:\/\/drterziler.com\/es\/estetica-medica\/\"><span>Est\u00e9tica m\u00e9dica<\/span><\/a><\/li>\n<li class=\"separator\">\u00bb<\/li>\n<li><a class=\"link\" href=\"https:\/\/drterziler.com\/es\/estetica-medica\/dermatologia-es\/\"><span>Dermatolog\u00eda<\/span><\/a><\/li>\n<li class=\"separator\">\u00bb<\/li>\n<li class=\"current-page\"><span>Tratamiento de la psoriasis<\/span><\/li>\n<\/ul>\n<\/nav><\/div>\n<\/p><\/div>\n<\/p><\/div>\n<\/div>\n<section id=\"content-area\">\n<div class=\"container my-5\">\n<div class=\"row align-items-start\">\n<div class=\"col-md-6 order-2 order-md-1\">\n<div class=\"custom-toc-box\">\n<div id=\"toc-header\">\n<h4>\u00cdndice<\/h4>\n<div class=\"toc-toggle-icon\"><\/div>\n<\/p><\/div>\n<div class=\"toc-full-divider\"><\/div>\n<div id=\"toc-body\">\n<div id=\"toc-container\"><\/div>\n<\/p><\/div>\n<\/p><\/div>\n<\/p><\/div>\n<div class=\"col-md-6 order-1 order-md-2\" id=\"jForm\">\n                <script type=\"text\/javascript\" src=\"https:\/\/form.jotform.com\/jsform\/242881767918979\"><\/script>\n            <\/div>\n<\/p><\/div>\n<\/p><\/div>\n<div class=\"container\">\n<div class=\"img-thumb\">\n            <img decoding=\"async\" src=\"https:\/\/drterziler.com\/wp-content\/uploads\/2025\/01\/Sedef-Hastaligi.webp\" alt=\"Tratamiento de la psoriasis\" loading=\"lazy\">\n        <\/div>\n<div>\n<div>\n<h2 class=\"h2-header\">\u00bfQu\u00e9 es el Tratamiento de Psoriasis?<\/h2>\n<\/p><\/div>\n<div>\n<p class=\"p-text\">La psoriasis es una afecci\u00f3n cr\u00f3nica de la piel causada por un proceso acelerado de regeneraci\u00f3n celular. Esto da lugar a la formaci\u00f3n de placas rojas, elevadas y, a menudo, escamosas en la superficie de la piel. El tratamiento tiene como objetivo controlar los s\u00edntomas de la enfermedad y mejorar la calidad de vida. Se crea un plan de tratamiento personalizado utilizando m\u00e9todos como cremas y lociones, fototerapia y medicamentos biol\u00f3gicos.<\/p>\n<\/p><\/div>\n<\/p><\/div>\n<div>\n<div>\n<h2 class=\"h2-header\">\u00bfCu\u00e1les son los S\u00edntomas de la Psoriasis?<\/h2>\n<\/p><\/div>\n<div>\n<p class=\"p-text\">Enrojecimiento y Escamas Picaz\u00f3n Dolor y Ardor Lesiones en la piel Cambios en las U\u00f1as P\u00e9rdida de Cabello Piel Seca y Escamosa Problemas en las Articulaciones (Artritis Psori\u00e1sica)<\/p>\n<\/p><\/div>\n<\/p><\/div>\n<div>\n<div>\n<h2 class=\"h2-header\">\u00bfCu\u00e1les son las Ventajas del Tratamiento de Psoriasis?<\/h2>\n<\/p><\/div>\n<div>\n<p class=\"p-text\">Alivia los S\u00edntomas Reduce los Efectos Psicol\u00f3gicos Mejora la Calidad de Vida Reduce la Gravedad de la Enfermedad Proporciona una Piel m\u00e1s Suave Aplicable a Diferentes Tipos Proporciona Control a Largo Plazo Planificaci\u00f3n Personalizada<\/p>\n<\/p><\/div>\n<\/p><\/div>\n<div>\n<div>\n<h2 class=\"h2-header\">\u00bfPara Qui\u00e9n es Adecuado el Tratamiento de Psoriasis?<\/h2>\n<\/p><\/div>\n<div>\n<p class=\"p-text\">Personas Diagnosticadas con Psoriasis Aquellos con S\u00edntomas Severos Aquellos Afectados por la Reducci\u00f3n de la Calidad de Vida Aquellos que se Preocupan por la Apariencia Est\u00e9tica Aquellos que Buscan Alternativas M\u00e1s Suaves Aquellos que Buscan una Recuperaci\u00f3n M\u00e1s R\u00e1pida Personas con Afecciones Cr\u00f3nicas Casos Avanzados<\/p>\n<\/p><\/div>\n<\/p><\/div>\n<div>\n<div>\n<h2 class=\"h2-header\">\u00bfPor Qu\u00e9 es Popular el Tratamiento de Psoriasis?<\/h2>\n<\/p><\/div>\n<div>\n<p class=\"p-text\">El tratamiento de psoriasis ofrece resultados efectivos gracias a los avances tecnol\u00f3gicos y la introducci\u00f3n de medicamentos biol\u00f3gicos. La variedad de m\u00e9todos de tratamiento facilita el control de la enfermedad para las personas. Adem\u00e1s, el alivio r\u00e1pido de los s\u00edntomas y la r\u00e1pida vuelta a la vida diaria han contribuido a su creciente popularidad.<\/p>\n<\/p><\/div>\n<\/p><\/div>\n<div>\n<div>\n<h2 class=\"h2-header\">\u00bfC\u00f3mo se Aplica el Tratamiento de Psoriasis?<\/h2>\n<\/p><\/div>\n<div>\n<p class=\"p-text\">El tratamiento de psoriasis se adapta seg\u00fan el tipo y la gravedad de la enfermedad. Los tratamientos t\u00f3picos se aplican con cremas y lociones en las \u00e1reas afectadas. La fototerapia reduce las placas mediante el uso de ondas de luz especiales. Los tratamientos biol\u00f3gicos afectan el sistema inmunol\u00f3gico para detener la progresi\u00f3n de la enfermedad. El tratamiento es planificado por un dermat\u00f3logo especialista y se monitorea mediante chequeos regulares.<\/p>\n<\/p><\/div>\n<\/p><\/div>\n<div>\n<div>\n<h2 class=\"h2-header\">\u00bfHay Dolor o Molestias?<\/h2>\n<\/p><\/div>\n<div>\n<p class=\"p-text\">La mayor\u00eda de los m\u00e9todos utilizados en el tratamiento de psoriasis son indoloros. Las cremas y lociones se aplican directamente sobre la piel y no causan molestias. Durante la fototerapia, puede sentirse una ligera sensaci\u00f3n de calor, pero generalmente es breve. Los medicamentos biol\u00f3gicos generalmente se administran mediante inyecciones y no causan dolor, excepto por una leve sensaci\u00f3n de escozor.<\/p>\n<\/p><\/div>\n<\/p><\/div>\n<div>\n<div>\n<h2 class=\"h2-header\">\u00bfCu\u00e1nto Tiempo Dura el Tratamiento?<\/h2>\n<\/p><\/div>\n<div>\n<p class=\"p-text\">La duraci\u00f3n del tratamiento var\u00eda seg\u00fan el m\u00e9todo utilizado y la gravedad de la enfermedad. Los tratamientos t\u00f3picos se aplican a diario, mientras que la fototerapia generalmente se programa en varias sesiones por semana. Los tratamientos biol\u00f3gicos contin\u00faan con inyecciones en intervalos regulares. La duraci\u00f3n del tratamiento la determina el dermat\u00f3logo en funci\u00f3n de las necesidades del individuo.<\/p>\n<\/p><\/div>\n<\/p><\/div>\n<div>\n<div>\n<h2 class=\"h2-header\">\u00bfCu\u00e1ntos D\u00edas Hasta la Recuperaci\u00f3n?<\/h2>\n<\/p><\/div>\n<div>\n<p class=\"p-text\">Los efectos del tratamiento de psoriasis var\u00edan seg\u00fan el m\u00e9todo utilizado. Los tratamientos t\u00f3picos generalmente muestran resultados en unas pocas semanas, mientras que la fototerapia puede llevar a una recuperaci\u00f3n m\u00e1s r\u00e1pida. Los efectos de los medicamentos biol\u00f3gicos se vuelven notables en unos pocos meses. Es importante seguir las recomendaciones regulares de aplicaci\u00f3n y cuidado para mejorar la condici\u00f3n de la piel durante el proceso de tratamiento.<\/p>\n<\/p><\/div>\n<\/p><\/div>\n<div>\n<div>\n<h2 class=\"h2-header\">\u00bfPor Qu\u00e9 Elegir la Cl\u00ednica Exclusiva Dr. Terziler?<\/h2>\n<\/p><\/div>\n<div>\n<p class=\"p-text\">El Dr. Terziler ofrece soluciones personalizadas con experiencia reconocida a nivel mundial y un enfoque est\u00e9tico que combina arte y ciencia, brindando no solo una transformaci\u00f3n f\u00edsica, sino tambi\u00e9n una renovaci\u00f3n emocional. Nuestra cl\u00ednica, equipada con tecnolog\u00edas avanzadas y centrada en la comodidad y la seguridad, adopta la perfecci\u00f3n como filosof\u00eda corporativa. Aqu\u00ed, cada toque est\u00e1 dirigido a apoyar su salud y felicidad en general.<\/p>\n<\/p><\/div>\n<\/p><\/div>\n<\/p><\/div>\n<\/section>\n","protected":false},"excerpt":{"rendered":"<p>Tratamiento de la psoriasis La psoriasis es una afecci\u00f3n de la piel relacionada con el sistema inmunol\u00f3gico que hace que la piel se renueve r\u00e1pidamente y se inflame. Por lo general, se presenta con lesiones que causan enrojecimiento, descamaci\u00f3n y picaz\u00f3n en el cuerpo. Esta enfermedad puede desarrollarse como resultado de una predisposici\u00f3n gen\u00e9tica y [&hellip;]<\/p>\n","protected":false},"author":6,"featured_media":0,"parent":16985,"menu_order":0,"comment_status":"closed","ping_status":"closed","template":"","meta":{"footnotes":""},"class_list":["post-17212","page","type-page","status-publish","hentry"],"_links":{"self":[{"href":"https:\/\/drterziler.com\/es\/wp-json\/wp\/v2\/pages\/17212","targetHints":{"allow":["GET"]}}],"collection":[{"href":"https:\/\/drterziler.com\/es\/wp-json\/wp\/v2\/pages"}],"about":[{"href":"https:\/\/drterziler.com\/es\/wp-json\/wp\/v2\/types\/page"}],"author":[{"embeddable":true,"href":"https:\/\/drterziler.com\/es\/wp-json\/wp\/v2\/users\/6"}],"replies":[{"embeddable":true,"href":"https:\/\/drterziler.com\/es\/wp-json\/wp\/v2\/comments?post=17212"}],"version-history":[{"count":13,"href":"https:\/\/drterziler.com\/es\/wp-json\/wp\/v2\/pages\/17212\/revisions"}],"predecessor-version":[{"id":59860,"href":"https:\/\/drterziler.com\/es\/wp-json\/wp\/v2\/pages\/17212\/revisions\/59860"}],"up":[{"embeddable":true,"href":"https:\/\/drterziler.com\/es\/wp-json\/wp\/v2\/pages\/16985"}],"wp:attachment":[{"href":"https:\/\/drterziler.com\/es\/wp-json\/wp\/v2\/media?parent=17212"}],"curies":[{"name":"wp","href":"https:\/\/api.w.org\/{rel}","templated":true}]}}