{"id":17437,"date":"2025-01-28T08:49:15","date_gmt":"2025-01-28T08:49:15","guid":{"rendered":"https:\/\/drterziler.com\/estetica-medica\/dermatoloji\/alerjik-cilt-hastaliklari\/"},"modified":"2026-03-06T23:21:17","modified_gmt":"2026-03-06T23:21:17","slug":"enfermedades-alergicas-de-la-piel","status":"publish","type":"page","link":"https:\/\/drterziler.com\/es\/estetica-medica\/dermatologia-es\/enfermedades-alergicas-de-la-piel\/","title":{"rendered":"Enfermedades al\u00e9rgicas de la piel"},"content":{"rendered":"<div class=\"page-content\">\n<div id=\"header-area\">\n<div class=\"container\" id=\"firstContent\">\n<div class=\"header-content d-flex flex-column\">\n<h1 class=\"content-title h1-header\">Enfermedades al\u00e9rgicas de la piel<\/h1>\n<div class=\"content-paragraph\">\n<p class=\"p-text\">Las enfermedades al\u00e9rgicas de la piel ocurren cuando el sistema inmunol\u00f3gico responde incorrectamente en la piel, provocando molestias como picaz\u00f3n y enrojecimiento. El tratamiento de estas afecciones es un paso importante para restaurar la salud de la piel y minimizar las reacciones al\u00e9rgicas. Con los m\u00e9todos de tratamiento adecuados, los s\u00edntomas pueden mejorar r\u00e1pidamente y se puede lograr una apariencia saludable.<\/p>\n<\/p><\/div>\n<nav aria-label=\"breadcrumb\" class=\"breadcrumbs\">\n<ul class=\"d-flex align-items-center mb-0\">\n<li><a class=\"link\" href=\"https:\/\/drterziler.com\/es\"><span>Dr. Terziler<\/span><\/a><\/li>\n<li class=\"separator\">\u00bb<\/li>\n<li><a class=\"link\" href=\"https:\/\/drterziler.com\/es\/estetica-medica\/\"><span>Est\u00e9tica m\u00e9dica<\/span><\/a><\/li>\n<li class=\"separator\">\u00bb<\/li>\n<li><a class=\"link\" href=\"https:\/\/drterziler.com\/es\/estetica-medica\/dermatologia-es\/\"><span>Dermatolog\u00eda<\/span><\/a><\/li>\n<li class=\"separator\">\u00bb<\/li>\n<li class=\"current-page\"><span>Enfermedades al\u00e9rgicas de la piel<\/span><\/li>\n<\/ul>\n<\/nav><\/div>\n<\/p><\/div>\n<\/p><\/div>\n<\/div>\n<section id=\"content-area\">\n<div class=\"container my-5\">\n<div class=\"row align-items-start\">\n<div class=\"col-md-6 order-2 order-md-1\">\n<div class=\"custom-toc-box\">\n<div id=\"toc-header\">\n<h4>\u00cdndice<\/h4>\n<div class=\"toc-toggle-icon\"><\/div>\n<\/p><\/div>\n<div class=\"toc-full-divider\"><\/div>\n<div id=\"toc-body\">\n<div id=\"toc-container\"><\/div>\n<\/p><\/div>\n<\/p><\/div>\n<\/p><\/div>\n<div class=\"col-md-6 order-1 order-md-2\" id=\"jForm\">\n                <script type=\"text\/javascript\" src=\"https:\/\/form.jotform.com\/jsform\/242881767918979\"><\/script>\n            <\/div>\n<\/p><\/div>\n<\/p><\/div>\n<div class=\"container\">\n<div class=\"img-thumb\">\n            <img decoding=\"async\" src=\"https:\/\/drterziler.com\/wp-content\/uploads\/2025\/01\/Alerjik-Cilt-Hastaliklari.webp\" alt=\"Enfermedades al\u00e9rgicas de la piel\" loading=\"lazy\">\n        <\/div>\n<div>\n<div>\n<h2 class=\"h2-header\">\u00bfQu\u00e9 es el Tratamiento para Enfermedades Al\u00e9rgicas de la Piel?<\/h2>\n<\/p><\/div>\n<div>\n<p class=\"p-text\">Las enfermedades al\u00e9rgicas de la piel son condiciones que se desarrollan cuando el sistema inmunol\u00f3gico reacciona err\u00f3neamente a sustancias inofensivas. Estas enfermedades se caracterizan por s\u00edntomas como picaz\u00f3n, erupciones y enrojecimiento de la piel, y a menudo son desencadenadas por la exposici\u00f3n a al\u00e9rgenos. El tratamiento de las enfermedades al\u00e9rgicas de la piel implica diversos m\u00e9todos m\u00e9dicos y dermatol\u00f3gicos orientados a controlar estos s\u00edntomas y aliviar las reacciones al\u00e9rgicas.<\/p>\n<\/p><\/div>\n<\/p><\/div>\n<div>\n<div>\n<h2 class=\"h2-header\">\u00bfCu\u00e1les son los S\u00edntomas de las Enfermedades Al\u00e9rgicas de la Piel?<\/h2>\n<\/p><\/div>\n<div>\n<p class=\"p-text\">Picaz\u00f3n intensa e inc\u00f3moda. Enrojecimiento e hinchaz\u00f3n de la piel. Erupciones en \u00e1reas espec\u00edficas de la piel. Sequedad y descamaci\u00f3n de la piel. Hinchaz\u00f3n localizada en el cuerpo. Sensaci\u00f3n de ardor y malestar en la piel. Ampollas llenas de l\u00edquido en la piel. Reacci\u00f3n excesiva a factores externos.<\/p>\n<\/p><\/div>\n<\/p><\/div>\n<div>\n<div>\n<h2 class=\"h2-header\">\u00bfCu\u00e1les son los Beneficios del Tratamiento de las Enfermedades Al\u00e9rgicas de la Piel?<\/h2>\n<\/p><\/div>\n<div>\n<p class=\"p-text\">Alivio r\u00e1pido de los s\u00edntomas al\u00e9rgicos. Enfoque personalizado para el tratamiento. Reducci\u00f3n de los efectos secundarios. Mejora en la calidad de vida. Soluciones a largo plazo. Minimal invasividad. Restauraci\u00f3n de la salud de la piel. Recuperaci\u00f3n r\u00e1pida.<\/p>\n<\/p><\/div>\n<\/p><\/div>\n<div>\n<div>\n<h2 class=\"h2-header\">\u00bfPara Qui\u00e9n es Adecuado?<\/h2>\n<\/p><\/div>\n<div>\n<p class=\"p-text\">Personas que experimentan reacciones al\u00e9rgicas. Aquellos con picaz\u00f3n y enrojecimiento. Personas con eczema. Personas con psoriasis. Aquellos con erupciones al\u00e9rgicas. Personas con s\u00edntomas al\u00e9rgicos leves a moderados. Personas al\u00e9rgicas a productos qu\u00edmicos. Individuos con sequedad y descamaci\u00f3n.<\/p>\n<\/p><\/div>\n<\/p><\/div>\n<div>\n<div>\n<h2 class=\"h2-header\">\u00bfPor Qu\u00e9 es Popular?<\/h2>\n<\/p><\/div>\n<div>\n<p class=\"p-text\">El tratamiento de las enfermedades al\u00e9rgicas de la piel mejora significativamente la calidad de vida de los individuos. El tratamiento controla de manera efectiva las reacciones al\u00e9rgicas, eliminando molestias como la picaz\u00f3n y el dolor. Adem\u00e1s, ofrece una soluci\u00f3n eficaz para restaurar la salud de la piel, lo que aumenta a\u00fan m\u00e1s su popularidad. En los \u00faltimos a\u00f1os, los avances en tecnolog\u00eda han hecho que los m\u00e9todos de tratamiento sean a\u00fan m\u00e1s efectivos, y los enfoques personalizados se han vuelto m\u00e1s comunes.<\/p>\n<\/p><\/div>\n<\/p><\/div>\n<div>\n<div>\n<h2 class=\"h2-header\">\u00bfC\u00f3mo se Aplica?<\/h2>\n<\/p><\/div>\n<div>\n<p class=\"p-text\">El tratamiento de las enfermedades al\u00e9rgicas de la piel se puede aplicar mediante diversas t\u00e9cnicas seg\u00fan el tipo de piel y la gravedad de la condici\u00f3n. El proceso de tratamiento generalmente involucra medicamentos, cremas t\u00f3picas y, en algunos casos, aplicaciones de l\u00e1ser. Un dermat\u00f3logo determina los factores que est\u00e1n causando las reacciones al\u00e9rgicas en la piel y selecciona los m\u00e9todos de tratamiento apropiados. Durante el tratamiento, se realiza un an\u00e1lisis de la piel, seguido de la implementaci\u00f3n de un plan de tratamiento personalizado.<\/p>\n<\/p><\/div>\n<\/p><\/div>\n<div>\n<div>\n<h2 class=\"h2-header\">\u00bfHay Dolor o Molestias?<\/h2>\n<\/p><\/div>\n<div>\n<p class=\"p-text\">No se espera que se sienta dolor o molestias durante el tratamiento. La mayor\u00eda de los m\u00e9todos son m\u00ednimamente invasivos, por lo que los pacientes no experimentan molestias durante el proceso de tratamiento. Sin embargo, algunos tratamientos pueden causar una leve enrojecimiento o sensaci\u00f3n de ardor despu\u00e9s. Esto es temporal y sana r\u00e1pidamente despu\u00e9s del tratamiento.<\/p>\n<\/p><\/div>\n<\/p><\/div>\n<div>\n<div>\n<h2 class=\"h2-header\">\u00bfCu\u00e1nto Tiempo Dura la Aplicaci\u00f3n?<\/h2>\n<\/p><\/div>\n<div>\n<p class=\"p-text\">La duraci\u00f3n del tratamiento de las enfermedades al\u00e9rgicas de la piel depende del tipo y la gravedad de la condici\u00f3n. Generalmente, el tratamiento puede completarse en 30 minutos a 1 hora. Durante este tiempo, un dermat\u00f3logo realiza un an\u00e1lisis de la piel y comienza el tratamiento necesario.<\/p>\n<\/p><\/div>\n<\/p><\/div>\n<div>\n<div>\n<h2 class=\"h2-header\">\u00bfCu\u00e1ntos D\u00edas Hasta la Recuperaci\u00f3n?<\/h2>\n<\/p><\/div>\n<div>\n<p class=\"p-text\">El tiempo de recuperaci\u00f3n despu\u00e9s del tratamiento puede variar dependiendo de la gravedad de la condici\u00f3n. T\u00edpicamente, las reacciones al\u00e9rgicas disminuyen significativamente y la curaci\u00f3n de la piel es notable dentro de 7-14 d\u00edas. Sin embargo, algunos pacientes pueden sentir alivio en un periodo m\u00e1s corto, mientras que los casos m\u00e1s complejos pueden tomar algunas semanas.<\/p>\n<\/p><\/div>\n<\/p><\/div>\n<div>\n<div>\n<h2 class=\"h2-header\">Precios del Tratamiento de Enfermedades Al\u00e9rgicas de la Piel<\/h2>\n<\/p><\/div>\n<div>\n<p class=\"p-text\">El costo del tratamiento de las enfermedades al\u00e9rgicas de la piel var\u00eda seg\u00fan los m\u00e9todos utilizados y las necesidades individuales. Las soluciones m\u00e1s efectivas se determinan seg\u00fan el tipo de piel y el tipo de alergia de la persona. Para obtener informaci\u00f3n detallada y precios, por favor cont\u00e1ctenos.<\/p>\n<\/p><\/div>\n<\/p><\/div>\n<div>\n<div>\n<h2 class=\"h2-header\">\u00bfPor Qu\u00e9 Elegir la Cl\u00ednica Exclusiva Dr. Terziler?<\/h2>\n<\/p><\/div>\n<div>\n<p class=\"p-text\">El Dr. Terziler ofrece soluciones personalizadas con experiencia reconocida a nivel mundial y un enfoque est\u00e9tico que combina el arte y la ciencia, brindando no solo una transformaci\u00f3n f\u00edsica, sino tambi\u00e9n una renovaci\u00f3n emocional. Nuestra cl\u00ednica, equipada con tecnolog\u00edas avanzadas y operando bajo los principios de comodidad y seguridad, adopta la perfecci\u00f3n como su filosof\u00eda institucional. Porque aqu\u00ed, cada toque est\u00e1 dirigido a apoyar su salud y felicidad en general.<\/p>\n<\/p><\/div>\n<\/p><\/div>\n<\/p><\/div>\n<\/section>\n","protected":false},"excerpt":{"rendered":"<p>Enfermedades al\u00e9rgicas de la piel Las enfermedades al\u00e9rgicas de la piel ocurren cuando el sistema inmunol\u00f3gico responde incorrectamente en la piel, provocando molestias como picaz\u00f3n y enrojecimiento. El tratamiento de estas afecciones es un paso importante para restaurar la salud de la piel y minimizar las reacciones al\u00e9rgicas. Con los m\u00e9todos de tratamiento adecuados, los [&hellip;]<\/p>\n","protected":false},"author":6,"featured_media":0,"parent":16985,"menu_order":0,"comment_status":"closed","ping_status":"closed","template":"","meta":{"footnotes":""},"class_list":["post-17437","page","type-page","status-publish","hentry"],"_links":{"self":[{"href":"https:\/\/drterziler.com\/es\/wp-json\/wp\/v2\/pages\/17437","targetHints":{"allow":["GET"]}}],"collection":[{"href":"https:\/\/drterziler.com\/es\/wp-json\/wp\/v2\/pages"}],"about":[{"href":"https:\/\/drterziler.com\/es\/wp-json\/wp\/v2\/types\/page"}],"author":[{"embeddable":true,"href":"https:\/\/drterziler.com\/es\/wp-json\/wp\/v2\/users\/6"}],"replies":[{"embeddable":true,"href":"https:\/\/drterziler.com\/es\/wp-json\/wp\/v2\/comments?post=17437"}],"version-history":[{"count":14,"href":"https:\/\/drterziler.com\/es\/wp-json\/wp\/v2\/pages\/17437\/revisions"}],"predecessor-version":[{"id":59866,"href":"https:\/\/drterziler.com\/es\/wp-json\/wp\/v2\/pages\/17437\/revisions\/59866"}],"up":[{"embeddable":true,"href":"https:\/\/drterziler.com\/es\/wp-json\/wp\/v2\/pages\/16985"}],"wp:attachment":[{"href":"https:\/\/drterziler.com\/es\/wp-json\/wp\/v2\/media?parent=17437"}],"curies":[{"name":"wp","href":"https:\/\/api.w.org\/{rel}","templated":true}]}}