{"id":17485,"date":"2025-01-28T08:53:43","date_gmt":"2025-01-28T08:53:43","guid":{"rendered":"https:\/\/drterziler.com\/estetica-medica\/dermatoloji\/dokuntulu-hastaliklar\/"},"modified":"2026-04-21T14:34:01","modified_gmt":"2026-04-21T14:34:01","slug":"enfermedades-eruptivas","status":"publish","type":"page","link":"https:\/\/drterziler.com\/es\/estetica-medica\/dermatologia-es\/enfermedades-eruptivas\/","title":{"rendered":"Enfermedades eruptivas"},"content":{"rendered":"<div class=\"page-content\">\n<div id=\"header-area\">\n<div class=\"container\" id=\"firstContent\">\n<div class=\"header-content d-flex flex-column\">\n<h1 class=\"content-title h1-header\">Enfermedades eruptivas<\/h1>\n<div class=\"content-paragraph\">\n<p class=\"p-text\">Son afecciones que suelen presentarse con s\u00edntomas como enrojecimiento, picaz\u00f3n, ampollas o manchas en la piel. El tratamiento de las enfermedades relacionadas con la erupci\u00f3n se determina en funci\u00f3n de la causa de la afecci\u00f3n y normalmente se lleva a cabo con medicamentos, productos para el cuidado de la piel y tratamientos de apoyo destinados a aliviar los s\u00edntomas.<\/p>\n<\/p><\/div>\n<nav aria-label=\"breadcrumb\" class=\"breadcrumbs\">\n<ul class=\"d-flex align-items-center mb-0\">\n<li><a class=\"link\" href=\"https:\/\/drterziler.com\/es\/\"><span>Dr. Terziler<\/span><\/a><\/li>\n<li class=\"separator\">\u00bb<\/li>\n<li><a class=\"link\" href=\"https:\/\/drterziler.com\/es\/estetica-medica\/\"><span>Est\u00e9tica m\u00e9dica<\/span><\/a><\/li>\n<li class=\"separator\">\u00bb<\/li>\n<li><a class=\"link\" href=\"https:\/\/drterziler.com\/es\/estetica-medica\/dermatologia-es\/\"><span>Dermatolog\u00eda<\/span><\/a><\/li>\n<li class=\"separator\">\u00bb<\/li>\n<li class=\"current-page\"><span>Enfermedades eruptivas<\/span><\/li>\n<\/ul>\n<\/nav><\/div>\n<\/p><\/div>\n<\/p><\/div>\n<\/div>\n<section id=\"content-area\">\n<div class=\"container my-5\">\n<div class=\"row align-items-start\">\n<div class=\"col-md-6 order-2 order-md-1\">\n<div class=\"custom-toc-box\">\n<div id=\"toc-header\">\n<h4>\u00cdndice<\/h4>\n<div class=\"toc-toggle-icon\"><\/div>\n<\/p><\/div>\n<div class=\"toc-full-divider\"><\/div>\n<div id=\"toc-body\">\n<div id=\"toc-container\"><\/div>\n<\/p><\/div>\n<\/p><\/div>\n<\/p><\/div>\n<div class=\"col-md-6 order-1 order-md-2\" id=\"jForm\">\n                <script type=\"text\/javascript\" src=\"https:\/\/form.jotform.com\/jsform\/242881767918979\"><\/script>\n            <\/div>\n<\/p><\/div>\n<\/p><\/div>\n<div class=\"container\">\n<div class=\"img-thumb\">\n            <img decoding=\"async\" src=\"https:\/\/drterziler.com\/wp-content\/uploads\/2025\/01\/Dokuntulu-Hastaliklar.webp\" loading=\"lazy\" alt=\"\">\n        <\/div>\n<div>\n<div>\n<h2 class=\"h2-header\">\u00bfQu\u00e9 es una Enfermedad de Erupci\u00f3n Cut\u00e1nea?<\/h2>\n<\/p><\/div>\n<div>\n<p class=\"p-text\">Las enfermedades de erupci\u00f3n cut\u00e1nea son condiciones que ocurren con s\u00edntomas como manchas, ampollas, enrojecimiento o picaz\u00f3n en la piel, lo que puede afectar negativamente la salud de la piel. Estas condiciones pueden ser causadas por diversos factores como reacciones al\u00e9rgicas, infecciones, enfermedades autoinmunes, estr\u00e9s, cambios hormonales o problemas dermatol\u00f3gicos. Las enfermedades de erupci\u00f3n cut\u00e1nea pueden llevar a incomodidades f\u00edsicas y a una disminuci\u00f3n en la calidad de vida de una persona.<\/p>\n<\/p><\/div>\n<\/p><\/div>\n<div>\n<div>\n<h2 class=\"h2-header\">\u00bfCu\u00e1les Son los S\u00edntomas de las Enfermedades de Erupci\u00f3n Cut\u00e1nea?<\/h2>\n<\/p><\/div>\n<div>\n<p class=\"p-text\">Erupciones rojas en la piel. Picaz\u00f3n y sensibilidad. Acompa\u00f1ado de fiebre y fatiga. Ampollas o manchas en la piel. Enrojecimiento generalizado en el cuerpo. Hinchaz\u00f3n y descamaci\u00f3n de la piel. Dolor de cabeza y dolor muscular. Enrojecimiento y lagrimeo de los ojos.<\/p>\n<\/p><\/div>\n<\/p><\/div>\n<div>\n<div>\n<h2 class=\"h2-header\">\u00bfCu\u00e1les Son los Beneficios del Tratamiento de las Enfermedades de Erupci\u00f3n Cut\u00e1nea?<\/h2>\n<\/p><\/div>\n<div>\n<p class=\"p-text\">Reducci\u00f3n de los problemas mediante una intervenci\u00f3n temprana. Aumento de la autoconfianza en el trabajo y la vida social. Diagn\u00f3stico f\u00e1cil, tratamiento r\u00e1pido. Soluci\u00f3n con m\u00e9todos modernos. Piel saludable y clara. Opciones de tratamiento de respuesta r\u00e1pida. Varias alternativas de tratamiento. Mejora psicol\u00f3gica y est\u00e9tica.<\/p>\n<\/p><\/div>\n<\/p><\/div>\n<div>\n<div>\n<h2 class=\"h2-header\">\u00bfPara Qui\u00e9n es Adecuado?<\/h2>\n<\/p><\/div>\n<div>\n<p class=\"p-text\">Personas con erupciones prominentes en la piel. Aquellos con antecedentes de alergias. Personas con enfermedades autoinmunes. Individuos con infecciones virales o bacterianas. Aquellos con erupciones causadas por estr\u00e9s o factores psicol\u00f3gicos. Personas con desequilibrios hormonales. Individuos con enfermedades cr\u00f3nicas. Personas de todas las edades que experimentan erupciones cut\u00e1neas.<\/p>\n<\/p><\/div>\n<\/p><\/div>\n<div>\n<div>\n<h2 class=\"h2-header\">\u00bfPor Qu\u00e9 es Popular?<\/h2>\n<\/p><\/div>\n<div>\n<p class=\"p-text\">Las enfermedades de erupci\u00f3n cut\u00e1nea atraen atenci\u00f3n debido a sus s\u00edntomas visibles en la piel, lo que brinda una oportunidad para un diagn\u00f3stico temprano. Adem\u00e1s, los m\u00e9todos innovadores de tratamiento ofrecidos por las tecnolog\u00edas modernas hacen que la soluci\u00f3n de estas condiciones sea m\u00e1s r\u00e1pida y efectiva. Adem\u00e1s, la creciente conciencia de las personas sobre la salud de la piel y las preocupaciones est\u00e9ticas han hecho que el tratamiento de estas enfermedades sea m\u00e1s popular.<\/p>\n<\/p><\/div>\n<\/p><\/div>\n<div>\n<div>\n<h2 class=\"h2-header\">\u00bfC\u00f3mo se Aplica el Tratamiento de las Enfermedades de Erupci\u00f3n Cut\u00e1nea?<\/h2>\n<\/p><\/div>\n<div>\n<p class=\"p-text\">El tratamiento de las enfermedades de erupci\u00f3n cut\u00e1nea se planifica seg\u00fan la causa subyacente de la condici\u00f3n. Si la erupci\u00f3n es debido a una infecci\u00f3n, se utilizan antibi\u00f3ticos para los casos bacterianos, y se aplica tratamiento de apoyo para infecciones virales. Los medicamentos antihistam\u00ednicos se usan para reacciones al\u00e9rgicas, junto con cremas que alivian la picaz\u00f3n y calman la piel. Adem\u00e1s, se utilizan productos adecuados para el cuidado de la piel para hidratar la piel y prevenir la irritaci\u00f3n. Durante el proceso de tratamiento, la orientaci\u00f3n y el seguimiento regular de un m\u00e9dico experto son cruciales.<\/p>\n<\/p><\/div>\n<\/p><\/div>\n<div>\n<div>\n<h2 class=\"h2-header\">\u00bfHay Dolor o Molestias?<\/h2>\n<\/p><\/div>\n<div>\n<p class=\"p-text\">Generalmente, no se siente dolor ni molestias durante el tratamiento de las erupciones. En algunos casos, dependiendo de los m\u00e9todos utilizados, puede haber una leve sensaci\u00f3n de escozor o incomodidad, pero generalmente es temporal y no afecta el proceso de tratamiento.<\/p>\n<\/p><\/div>\n<\/p><\/div>\n<div>\n<div>\n<h2 class=\"h2-header\">\u00bfCu\u00e1nto Tiempo Dura la Aplicaci\u00f3n?<\/h2>\n<\/p><\/div>\n<div>\n<p class=\"p-text\">La duraci\u00f3n del tratamiento puede variar seg\u00fan el tipo y la gravedad de la erupci\u00f3n. Por ejemplo, tratamientos simples como un examen y la aplicaci\u00f3n de cremas pueden tomar de 15 a 30 minutos, mientras que tratamientos m\u00e1s exhaustivos pueden requerir varias sesiones.<\/p>\n<\/p><\/div>\n<\/p><\/div>\n<div>\n<div>\n<h2 class=\"h2-header\">\u00bfCu\u00e1ntos D\u00edas Hasta la Recuperaci\u00f3n?<\/h2>\n<\/p><\/div>\n<div>\n<p class=\"p-text\">El proceso de recuperaci\u00f3n depende de la causa de la erupci\u00f3n y el tratamiento aplicado. En la mayor\u00eda de los casos, los s\u00edntomas disminuyen significativamente dentro de los 3-7 d\u00edas. Sin embargo, las erupciones relacionadas con condiciones cr\u00f3nicas o autoinmunes pueden tardar m\u00e1s. Los primeros signos de mejora generalmente son notables dentro de unos pocos d\u00edas.<\/p>\n<\/p><\/div>\n<\/p><\/div>\n<div>\n<div>\n<h2 class=\"h2-header\">\u00bfPor Qu\u00e9 Elegir la Cl\u00ednica Exclusiva Dr. Terziler?<\/h2>\n<\/p><\/div>\n<div>\n<p class=\"p-text\">El Dr. Terziler ofrece soluciones personalizadas con experiencia reconocida a nivel mundial y un enfoque est\u00e9tico que combina el arte y la ciencia, brindando no solo una transformaci\u00f3n f\u00edsica, sino tambi\u00e9n una renovaci\u00f3n emocional. Nuestra cl\u00ednica, equipada con tecnolog\u00edas avanzadas y operando bajo los principios de comodidad y seguridad, adopta la perfecci\u00f3n como su filosof\u00eda institucional. Porque aqu\u00ed, cada toque est\u00e1 dirigido a apoyar su salud y felicidad en general.<\/p>\n<\/p><\/div>\n<\/p><\/div>\n<\/p><\/div>\n<\/section>\n","protected":false},"excerpt":{"rendered":"<p>Enfermedades eruptivas Son afecciones que suelen presentarse con s\u00edntomas como enrojecimiento, picaz\u00f3n, ampollas o manchas en la piel. El tratamiento de las enfermedades relacionadas con la erupci\u00f3n se determina en funci\u00f3n de la causa de la afecci\u00f3n y normalmente se lleva a cabo con medicamentos, productos para el cuidado de la piel y tratamientos de [&hellip;]<\/p>\n","protected":false},"author":6,"featured_media":0,"parent":16985,"menu_order":0,"comment_status":"closed","ping_status":"closed","template":"","meta":{"footnotes":""},"class_list":["post-17485","page","type-page","status-publish","hentry"],"_links":{"self":[{"href":"https:\/\/drterziler.com\/es\/wp-json\/wp\/v2\/pages\/17485","targetHints":{"allow":["GET"]}}],"collection":[{"href":"https:\/\/drterziler.com\/es\/wp-json\/wp\/v2\/pages"}],"about":[{"href":"https:\/\/drterziler.com\/es\/wp-json\/wp\/v2\/types\/page"}],"author":[{"embeddable":true,"href":"https:\/\/drterziler.com\/es\/wp-json\/wp\/v2\/users\/6"}],"replies":[{"embeddable":true,"href":"https:\/\/drterziler.com\/es\/wp-json\/wp\/v2\/comments?post=17485"}],"version-history":[{"count":14,"href":"https:\/\/drterziler.com\/es\/wp-json\/wp\/v2\/pages\/17485\/revisions"}],"predecessor-version":[{"id":59868,"href":"https:\/\/drterziler.com\/es\/wp-json\/wp\/v2\/pages\/17485\/revisions\/59868"}],"up":[{"embeddable":true,"href":"https:\/\/drterziler.com\/es\/wp-json\/wp\/v2\/pages\/16985"}],"wp:attachment":[{"href":"https:\/\/drterziler.com\/es\/wp-json\/wp\/v2\/media?parent=17485"}],"curies":[{"name":"wp","href":"https:\/\/api.w.org\/{rel}","templated":true}]}}