{"id":17534,"date":"2025-01-28T09:05:44","date_gmt":"2025-01-28T09:05:44","guid":{"rendered":"https:\/\/drterziler.com\/estetica-medica\/ameliyatsiz-goz-cevresi-uygulamalari\/"},"modified":"2026-04-21T14:42:20","modified_gmt":"2026-04-21T14:42:20","slug":"tratamientos-periorbitarios-no-quirurgicos","status":"publish","type":"page","link":"https:\/\/drterziler.com\/es\/estetica-medica\/tratamientos-periorbitarios-no-quirurgicos\/","title":{"rendered":"Tratamientos periorbitarios no quir\u00fargicos"},"content":{"rendered":"<div class=\"page-content\">\n<div id=\"header-area\">\n<div class=\"container\" id=\"firstContent\">\n<div class=\"header-content d-flex flex-column\">\n<h1 class=\"content-title h1-header\">Tratamientos periorbitarios no quir\u00fargicos<\/h1>\n<div class=\"content-paragraph\">\n<p class=\"p-text\">Los tratamientos no quir\u00fargicos para el \u00e1rea de los ojos se enfocan en problemas como arrugas, hinchaz\u00f3n y ojeras alrededor de los ojos. Estos procedimientos, que incluyen Botox, rellenos y mesoterapia, ayudan a que el \u00e1rea de los ojos luzca m\u00e1s joven y din\u00e1mica. Los efectos son inmediatamente visibles y el tiempo de recuperaci\u00f3n es corto, lo que permite un r\u00e1pido regreso al trabajo y a las actividades sociales.<\/p>\n<\/p><\/div>\n<nav aria-label=\"breadcrumb\" class=\"breadcrumbs\">\n<ul class=\"d-flex align-items-center mb-0\">\n<li><a class=\"link\" href=\"https:\/\/drterziler.com\/es\/\"><span>Dr. Terziler<\/span><\/a><\/li>\n<li class=\"separator\">\u00bb<\/li>\n<li><a class=\"link\" href=\"https:\/\/drterziler.com\/es\/estetica-medica\/\"><span>Est\u00e9tica m\u00e9dica<\/span><\/a><\/li>\n<li class=\"separator\">\u00bb<\/li>\n<li class=\"current-page\"><span>Tratamientos periorbitarios no quir\u00fargicos<\/span><\/li>\n<\/ul>\n<\/nav><\/div>\n<\/p><\/div>\n<\/p><\/div>\n<\/div>\n<section id=\"content-area\">\n<div class=\"container my-5\">\n<div class=\"row align-items-start\">\n<div class=\"col-md-6 order-2 order-md-1\">\n<div class=\"custom-toc-box\">\n<div id=\"toc-header\">\n<h4>\u00cdndice<\/h4>\n<div class=\"toc-toggle-icon\"><\/div>\n<\/p><\/div>\n<div class=\"toc-full-divider\"><\/div>\n<div id=\"toc-body\">\n<div id=\"toc-container\"><\/div>\n<\/p><\/div>\n<\/p><\/div>\n<\/p><\/div>\n<div class=\"col-md-6 order-1 order-md-2\" id=\"jForm\">\n                <script type=\"text\/javascript\" src=\"https:\/\/form.jotform.com\/jsform\/242881767918979\"><\/script>\n            <\/div>\n<\/p><\/div>\n<\/p><\/div>\n<div class=\"container\">\n<div class=\"img-thumb\">\n            <img decoding=\"async\" src=\"https:\/\/drterziler.com\/wp-content\/uploads\/2025\/01\/Ameliyatsiz-Goz-Cevresi-Uygulamalari.webp\" loading=\"lazy\" alt=\"\">\n        <\/div>\n<div>\n<div>\n<h2 class=\"h2-header\">\u00bfQu\u00e9 Son los Tratamientos No Quir\u00fargicos para el \u00c1rea de los Ojos?<\/h2>\n<\/p><\/div>\n<div>\n<p class=\"p-text\">Los tratamientos no quir\u00fargicos para el \u00e1rea de los ojos son m\u00e9todos modernos utilizados para resolver problemas est\u00e9ticos alrededor de los ojos sin necesidad de intervenci\u00f3n quir\u00fargica. T\u00e9cnicas como Botox, rellenos, PRP y tratamientos con l\u00e1ser abordan arrugas, bolsas, l\u00edneas finas y p\u00e9rdida de volumen. Estos tratamientos tienen como objetivo lograr resultados seguros y naturales.<\/p>\n<\/p><\/div>\n<\/p><\/div>\n<div>\n<div>\n<h2 class=\"h2-header\">\u00bfCu\u00e1les Son las Ventajas?<\/h2>\n<\/p><\/div>\n<div>\n<p class=\"p-text\">No requiere intervenci\u00f3n quir\u00fargica. Rejuvenece el \u00e1rea de los ojos. Aporta vitalidad a las expresiones faciales. Proporciona un corto per\u00edodo de recuperaci\u00f3n. Ofrece resultados naturales. Riesgos m\u00ednimos. Se pueden observar efectos inmediatos. Proceso de aplicaci\u00f3n r\u00e1pido. Mejora la renovaci\u00f3n de la piel.<\/p>\n<\/p><\/div>\n<\/p><\/div>\n<div>\n<div>\n<h2 class=\"h2-header\">\u00bfPara Qui\u00e9n es Adecuado?<\/h2>\n<\/p><\/div>\n<div>\n<p class=\"p-text\">Aquellos con arrugas alrededor de los ojos. Individuos que padecen bolsas en los ojos. Personas con p\u00e9rdida de volumen facial. Aquellos con l\u00edneas finas en la piel. Individuos que buscan soluciones r\u00e1pidas. Aquellos que no desean intervenci\u00f3n quir\u00fargica. Personas que buscan rejuvenecer su expresi\u00f3n. Individuos que buscan comodidad en sus expresiones faciales.<\/p>\n<\/p><\/div>\n<\/p><\/div>\n<div>\n<div>\n<h2 class=\"h2-header\">\u00bfPor Qu\u00e9 es Popular?<\/h2>\n<\/p><\/div>\n<div>\n<p class=\"p-text\">Los tratamientos no quir\u00fargicos para el \u00e1rea de los ojos son menos arriesgados que los procedimientos quir\u00fargicos y ofrecen resultados r\u00e1pidos. Un corto tiempo de recuperaci\u00f3n, dolor m\u00ednimo y una apariencia natural contribuyen a su popularidad. Adem\u00e1s, ofrecen alternativas menos invasivas para aquellos que buscan soluciones est\u00e9ticas, lo que atrae a un p\u00fablico m\u00e1s amplio.<\/p>\n<\/p><\/div>\n<\/p><\/div>\n<div>\n<div>\n<h2 class=\"h2-header\">\u00bfC\u00f3mo se Aplica?<\/h2>\n<\/p><\/div>\n<div>\n<p class=\"p-text\">Los tratamientos no quir\u00fargicos para el \u00e1rea de los ojos se realizan generalmente mediante Botox, rellenos d\u00e9rmicos o inyecciones de PRP. El Botox relaja los m\u00fasculos para suavizar las arrugas, mientras que los rellenos restauran el volumen perdido. El PRP apoya la regeneraci\u00f3n de la piel. Los tratamientos con l\u00e1ser atacan la capa externa de la piel para abordar problemas alrededor de los ojos.<\/p>\n<\/p><\/div>\n<\/p><\/div>\n<div>\n<div>\n<h2 class=\"h2-header\">\u00bfHay Dolor o Molestias?<\/h2>\n<\/p><\/div>\n<div>\n<p class=\"p-text\">Durante los tratamientos no quir\u00fargicos para el \u00e1rea de los ojos, se puede sentir una leve incomodidad. Sin embargo, se aplica una crema anest\u00e9sica local para minimizar el dolor. La mayor\u00eda de las personas experimenta solo un ligero escozor, y el dolor generalmente no persiste despu\u00e9s del procedimiento.<\/p>\n<\/p><\/div>\n<\/p><\/div>\n<div>\n<div>\n<h2 class=\"h2-header\">\u00bfCu\u00e1nto Tiempo Dura el Procedimiento?<\/h2>\n<\/p><\/div>\n<div>\n<p class=\"p-text\">Los tratamientos no quir\u00fargicos para el \u00e1rea de los ojos son bastante r\u00e1pidos. Dependiendo del m\u00e9todo seleccionado, el procedimiento generalmente toma entre 15 y 30 minutos. Esto permite que incluso las personas con agendas ocupadas se sometan al procedimiento f\u00e1cilmente y regresen r\u00e1pidamente a sus actividades diarias.<\/p>\n<\/p><\/div>\n<\/p><\/div>\n<div>\n<div>\n<h2 class=\"h2-header\">\u00bfCu\u00e1nto Tiempo Dura la Recuperaci\u00f3n?<\/h2>\n<\/p><\/div>\n<div>\n<p class=\"p-text\">El per\u00edodo de recuperaci\u00f3n generalmente comienza dentro de los 2-3 d\u00edas. Puede haber enrojecimiento leve, hinchaz\u00f3n o moretones despu\u00e9s del procedimiento, pero estos s\u00edntomas desaparecen r\u00e1pidamente. Los resultados completos se hacen evidentes dentro de 1-2 semanas, y el efecto de renovaci\u00f3n de la piel contin\u00faa mejorando con el tiempo.<\/p>\n<\/p><\/div>\n<\/p><\/div>\n<div>\n<div>\n<h2 class=\"h2-header\">Costos de los Tratamientos No Quir\u00fargicos para el \u00c1rea de los Ojos<\/h2>\n<\/p><\/div>\n<div>\n<p class=\"p-text\">Los costos var\u00edan seg\u00fan el m\u00e9todo y el tipo de tratamiento utilizado. T\u00e9cnicas como Botox, rellenos, PRP o tratamientos con l\u00e1ser difieren en precios. Se determina un precio personalizado despu\u00e9s de una evaluaci\u00f3n inicial, por lo que los costos pueden variar para cada persona.<\/p>\n<\/p><\/div>\n<\/p><\/div>\n<div>\n<div>\n<h2 class=\"h2-header\">\u00bfPor Qu\u00e9 Elegir la Cl\u00ednica Exclusiva Dr. Terziler?<\/h2>\n<\/p><\/div>\n<div>\n<p class=\"p-text\">El Dr. Terziler, reconocido a nivel mundial por su experiencia, combina arte y ciencia para ofrecer soluciones est\u00e9ticas personalizadas, creando transformaciones no solo f\u00edsicas, sino tambi\u00e9n emocionales. Nuestra cl\u00ednica, equipada con tecnolog\u00edas avanzadas y operando con una filosof\u00eda de comodidad y seguridad, adopta la perfecci\u00f3n como principio fundamental. Aqu\u00ed, cada toque est\u00e1 dirigido a mejorar su bienestar integral y felicidad.<\/p>\n<\/p><\/div>\n<\/p><\/div>\n<\/p><\/div>\n<\/section>\n","protected":false},"excerpt":{"rendered":"<p>Tratamientos periorbitarios no quir\u00fargicos Los tratamientos no quir\u00fargicos para el \u00e1rea de los ojos se enfocan en problemas como arrugas, hinchaz\u00f3n y ojeras alrededor de los ojos. Estos procedimientos, que incluyen Botox, rellenos y mesoterapia, ayudan a que el \u00e1rea de los ojos luzca m\u00e1s joven y din\u00e1mica. Los efectos son inmediatamente visibles y el [&hellip;]<\/p>\n","protected":false},"author":6,"featured_media":0,"parent":2504,"menu_order":0,"comment_status":"closed","ping_status":"closed","template":"","meta":{"footnotes":""},"class_list":["post-17534","page","type-page","status-publish","hentry"],"_links":{"self":[{"href":"https:\/\/drterziler.com\/es\/wp-json\/wp\/v2\/pages\/17534","targetHints":{"allow":["GET"]}}],"collection":[{"href":"https:\/\/drterziler.com\/es\/wp-json\/wp\/v2\/pages"}],"about":[{"href":"https:\/\/drterziler.com\/es\/wp-json\/wp\/v2\/types\/page"}],"author":[{"embeddable":true,"href":"https:\/\/drterziler.com\/es\/wp-json\/wp\/v2\/users\/6"}],"replies":[{"embeddable":true,"href":"https:\/\/drterziler.com\/es\/wp-json\/wp\/v2\/comments?post=17534"}],"version-history":[{"count":16,"href":"https:\/\/drterziler.com\/es\/wp-json\/wp\/v2\/pages\/17534\/revisions"}],"predecessor-version":[{"id":59870,"href":"https:\/\/drterziler.com\/es\/wp-json\/wp\/v2\/pages\/17534\/revisions\/59870"}],"up":[{"embeddable":true,"href":"https:\/\/drterziler.com\/es\/wp-json\/wp\/v2\/pages\/2504"}],"wp:attachment":[{"href":"https:\/\/drterziler.com\/es\/wp-json\/wp\/v2\/media?parent=17534"}],"curies":[{"name":"wp","href":"https:\/\/api.w.org\/{rel}","templated":true}]}}