{"id":17567,"date":"2025-01-28T09:10:14","date_gmt":"2025-01-28T09:10:14","guid":{"rendered":"https:\/\/drterziler.com\/estetica-medica\/el-genclestirme\/"},"modified":"2026-03-06T23:23:42","modified_gmt":"2026-03-06T23:23:42","slug":"rejuvenecimiento-de-manos","status":"publish","type":"page","link":"https:\/\/drterziler.com\/es\/estetica-medica\/rejuvenecimiento-de-manos\/","title":{"rendered":"Rejuvenecimiento de manos"},"content":{"rendered":"<div class=\"page-content\">\n<div id=\"header-area\">\n<div class=\"container\" id=\"firstContent\">\n<div class=\"header-content d-flex flex-column\">\n<h1 class=\"content-title h1-header\">Rejuvenecimiento de manos<\/h1>\n<div class=\"content-paragraph\">\n<p class=\"p-text\">Es un procedimiento est\u00e9tico no quir\u00fargico destinado a eliminar signos de envejecimiento, p\u00e9rdida de volumen, arrugas y l\u00edneas finas en las manos. Este tratamiento, realizado mediante m\u00e9todos como rellenos d\u00e9rmicos, PRP y l\u00e1ser, ayuda a que las manos luzcan m\u00e1s j\u00f3venes, saludables y vibrantes. El hecho de que pueda aplicarse r\u00e1pidamente y con un dolor m\u00ednimo lo convierte en la opci\u00f3n preferida.<\/p>\n<\/p><\/div>\n<nav aria-label=\"breadcrumb\" class=\"breadcrumbs\">\n<ul class=\"d-flex align-items-center mb-0\">\n<li><a class=\"link\" href=\"https:\/\/drterziler.com\/es\/\"><span>Dr. Terziler<\/span><\/a><\/li>\n<li class=\"separator\">\u00bb<\/li>\n<li><a class=\"link\" href=\"https:\/\/drterziler.com\/es\/estetica-medica\/\"><span>Est\u00e9tica m\u00e9dica<\/span><\/a><\/li>\n<li class=\"separator\">\u00bb<\/li>\n<li class=\"current-page\"><span>Rejuvenecimiento de manos<\/span><\/li>\n<\/ul>\n<\/nav><\/div>\n<\/p><\/div>\n<\/p><\/div>\n<\/div>\n<section id=\"content-area\">\n<div class=\"container my-5\">\n<div class=\"row align-items-start\">\n<div class=\"col-md-6 order-2 order-md-1\">\n<div class=\"custom-toc-box\">\n<div id=\"toc-header\">\n<h4>\u00cdndice<\/h4>\n<div class=\"toc-toggle-icon\"><\/div>\n<\/p><\/div>\n<div class=\"toc-full-divider\"><\/div>\n<div id=\"toc-body\">\n<div id=\"toc-container\"><\/div>\n<\/p><\/div>\n<\/p><\/div>\n<\/p><\/div>\n<div class=\"col-md-6 order-1 order-md-2\" id=\"jForm\">\n                <script type=\"text\/javascript\" src=\"https:\/\/form.jotform.com\/jsform\/242881767918979\"><\/script>\n            <\/div>\n<\/p><\/div>\n<\/p><\/div>\n<div class=\"container\">\n<div class=\"img-thumb\">\n            <img decoding=\"async\" src=\"https:\/\/drterziler.com\/wp-content\/uploads\/2025\/01\/El-Genclestirme.webp\" loading=\"lazy\" alt=\"\">\n        <\/div>\n<div>\n<div>\n<h2 class=\"h2-header\">\u00bfQu\u00e9 es el Rejuvenecimiento de Manos?<\/h2>\n<\/p><\/div>\n<div>\n<p class=\"p-text\">El rejuvenecimiento de manos es un tratamiento est\u00e9tico dise\u00f1ado para corregir los signos de envejecimiento en las manos, como arrugas, l\u00edneas finas, p\u00e9rdida de volumen y flacidez de la piel. Este procedimiento generalmente se realiza mediante el uso de rellenos d\u00e9rmicos, tratamientos con l\u00e1ser, PRP (Plasma Rico en Plaquetas) y sueros rejuvenecedores de la piel. El rejuvenecimiento de manos ayuda a que las manos se vean m\u00e1s j\u00f3venes, suaves y vibrantes.<\/p>\n<\/p><\/div>\n<\/p><\/div>\n<div>\n<div>\n<h2 class=\"h2-header\">\u00bfCu\u00e1les Son las Ventajas de los Tratamientos de Rejuvenecimiento de Manos?<\/h2>\n<\/p><\/div>\n<div>\n<p class=\"p-text\">No requiere intervenci\u00f3n quir\u00fargica. Proporciona una apariencia juvenil y firme a la piel de las manos. Asegura un per\u00edodo de recuperaci\u00f3n r\u00e1pido. Ofrece resultados naturales. Dolor y molestias m\u00ednimas. Acelera la regeneraci\u00f3n de la piel. Restaurar el volumen perdido. Rejuvenece las manos.<\/p>\n<\/p><\/div>\n<\/p><\/div>\n<div>\n<div>\n<h2 class=\"h2-header\">\u00bfQui\u00e9nes Son Adecuados para el Rejuvenecimiento de Manos?<\/h2>\n<\/p><\/div>\n<div>\n<p class=\"p-text\">Aquellos con arrugas en las manos. Individuos que experimentan p\u00e9rdida de volumen. Personas que muestran signos de envejecimiento. Aquellos con piel fina en las manos. Individuos con manchas de edad en las manos. Personas que desean evitar procedimientos quir\u00fargicos. Aquellos que priorizan una apariencia natural. Individuos que buscan una soluci\u00f3n r\u00e1pida.<\/p>\n<\/p><\/div>\n<\/p><\/div>\n<div>\n<div>\n<h2 class=\"h2-header\">\u00bfPor Qu\u00e9 es Popular?<\/h2>\n<\/p><\/div>\n<div>\n<p class=\"p-text\">El rejuvenecimiento de manos es un m\u00e9todo que trata de manera efectiva y r\u00e1pida los signos de envejecimiento en las manos. Las arrugas, l\u00edneas finas y la p\u00e9rdida de volumen tienden a volverse m\u00e1s pronunciadas con la edad y a menudo se notan m\u00e1s r\u00e1pido en las manos que en otras partes del cuerpo. Este procedimiento corrige estos problemas sin necesidad de cirug\u00eda, haciendo que las manos se vean m\u00e1s j\u00f3venes y saludables. Adem\u00e1s, su m\u00ednimo dolor, corto tiempo de recuperaci\u00f3n y resultados naturales contribuyen a su creciente popularidad.<\/p>\n<\/p><\/div>\n<\/p><\/div>\n<div>\n<div>\n<h2 class=\"h2-header\">\u00bfC\u00f3mo se Realiza?<\/h2>\n<\/p><\/div>\n<div>\n<p class=\"p-text\">El rejuvenecimiento de manos se puede llevar a cabo mediante varios m\u00e9todos. Los rellenos d\u00e9rmicos se inyectan bajo la piel para restaurar el volumen perdido, haciendo que las manos se vean m\u00e1s llenas. La terapia PRP utiliza factores de crecimiento derivados de la sangre del paciente para estimular la renovaci\u00f3n de la piel. Los tratamientos con l\u00e1ser abordan las imperfecciones en la superficie de la piel, como las manchas de edad y las arrugas, revitalizando la textura de la piel. Los procedimientos generalmente se realizan bajo anestesia local, y la duraci\u00f3n del tratamiento var\u00eda seg\u00fan el paciente.<\/p>\n<\/p><\/div>\n<\/p><\/div>\n<div>\n<div>\n<h2 class=\"h2-header\">\u00bfHay Dolor o Molestias?<\/h2>\n<\/p><\/div>\n<div>\n<p class=\"p-text\">Los procedimientos de rejuvenecimiento de manos generalmente se realizan con un dolor m\u00ednimo. Se puede sentir una leve sensaci\u00f3n de hormigueo durante las inyecciones de relleno y las aplicaciones de PRP, pero esta incomodidad suele ser breve. Para minimizar las molestias, se aplica una crema o gel anest\u00e9sico local antes del procedimiento. La mayor\u00eda de los pacientes no experimentan dolor o molestias despu\u00e9s del tratamiento y pueden continuar con sus actividades diarias.<\/p>\n<\/p><\/div>\n<\/p><\/div>\n<div>\n<div>\n<h2 class=\"h2-header\">\u00bfCu\u00e1nto Tiempo Dura el Procedimiento?<\/h2>\n<\/p><\/div>\n<div>\n<p class=\"p-text\">Los tratamientos de rejuvenecimiento de manos suelen durar entre 30 minutos y 1 hora. La duraci\u00f3n depende del m\u00e9todo elegido y del \u00e1rea de tratamiento. Las aplicaciones de rellenos y PRP se completan m\u00e1s r\u00e1pidamente, mientras que los tratamientos con l\u00e1ser pueden llevar un poco m\u00e1s de tiempo. Sin embargo, en todos los casos, los pacientes pueden reanudar sus rutinas diarias inmediatamente despu\u00e9s del procedimiento sin necesidad de un descanso prolongado.<\/p>\n<\/p><\/div>\n<\/p><\/div>\n<div>\n<div>\n<h2 class=\"h2-header\">\u00bfCu\u00e1nto Tiempo Dura la Recuperaci\u00f3n?<\/h2>\n<\/p><\/div>\n<div>\n<p class=\"p-text\">El per\u00edodo de recuperaci\u00f3n para los tratamientos de rejuvenecimiento de manos es generalmente corto. Puede haber hinchaz\u00f3n leve, enrojecimiento o moretones en los primeros d\u00edas, pero estos s\u00edntomas generalmente desaparecen dentro de 2-3 d\u00edas. Los resultados completos se hacen visibles dentro de 1-2 semanas. Siguiendo las instrucciones de cuidado postoperatorio, los pacientes pueden acelerar el proceso de curaci\u00f3n y disfrutar de los efectos rejuvenecedores en sus manos m\u00e1s r\u00e1pidamente.<\/p>\n<\/p><\/div>\n<\/p><\/div>\n<div>\n<div>\n<h2 class=\"h2-header\">\u00bfPor Qu\u00e9 Elegir la Cl\u00ednica Exclusiva Dr. Terziler?<\/h2>\n<\/p><\/div>\n<div>\n<p class=\"p-text\">El Dr. Terziler ofrece una experiencia reconocida mundialmente que combina la ciencia con el arte, proporcionando soluciones est\u00e9ticas personalizadas que entregan no solo una transformaci\u00f3n f\u00edsica, sino tambi\u00e9n una renovaci\u00f3n emocional. Nuestra cl\u00ednica, equipada con tecnolog\u00eda de vanguardia y operando bajo una filosof\u00eda de comodidad y seguridad, mantiene la excelencia como su principio fundamental. Aqu\u00ed, cada toque est\u00e1 dise\u00f1ado para mejorar su bienestar integral y felicidad.<\/p>\n<\/p><\/div>\n<\/p><\/div>\n<\/p><\/div>\n<\/section>\n","protected":false},"excerpt":{"rendered":"<p>Rejuvenecimiento de manos Es un procedimiento est\u00e9tico no quir\u00fargico destinado a eliminar signos de envejecimiento, p\u00e9rdida de volumen, arrugas y l\u00edneas finas en las manos. Este tratamiento, realizado mediante m\u00e9todos como rellenos d\u00e9rmicos, PRP y l\u00e1ser, ayuda a que las manos luzcan m\u00e1s j\u00f3venes, saludables y vibrantes. El hecho de que pueda aplicarse r\u00e1pidamente y [&hellip;]<\/p>\n","protected":false},"author":6,"featured_media":0,"parent":2504,"menu_order":0,"comment_status":"closed","ping_status":"closed","template":"","meta":{"footnotes":""},"class_list":["post-17567","page","type-page","status-publish","hentry"],"_links":{"self":[{"href":"https:\/\/drterziler.com\/es\/wp-json\/wp\/v2\/pages\/17567","targetHints":{"allow":["GET"]}}],"collection":[{"href":"https:\/\/drterziler.com\/es\/wp-json\/wp\/v2\/pages"}],"about":[{"href":"https:\/\/drterziler.com\/es\/wp-json\/wp\/v2\/types\/page"}],"author":[{"embeddable":true,"href":"https:\/\/drterziler.com\/es\/wp-json\/wp\/v2\/users\/6"}],"replies":[{"embeddable":true,"href":"https:\/\/drterziler.com\/es\/wp-json\/wp\/v2\/comments?post=17567"}],"version-history":[{"count":16,"href":"https:\/\/drterziler.com\/es\/wp-json\/wp\/v2\/pages\/17567\/revisions"}],"predecessor-version":[{"id":59872,"href":"https:\/\/drterziler.com\/es\/wp-json\/wp\/v2\/pages\/17567\/revisions\/59872"}],"up":[{"embeddable":true,"href":"https:\/\/drterziler.com\/es\/wp-json\/wp\/v2\/pages\/2504"}],"wp:attachment":[{"href":"https:\/\/drterziler.com\/es\/wp-json\/wp\/v2\/media?parent=17567"}],"curies":[{"name":"wp","href":"https:\/\/api.w.org\/{rel}","templated":true}]}}