{"id":17699,"date":"2025-01-28T09:24:47","date_gmt":"2025-01-28T09:24:47","guid":{"rendered":"https:\/\/drterziler.com\/estetica-medica\/diger-botoks-uygulamalari\/"},"modified":"2026-04-21T14:39:08","modified_gmt":"2026-04-21T14:39:08","slug":"otros-tratamientos-con-botox","status":"publish","type":"page","link":"https:\/\/drterziler.com\/es\/estetica-medica\/otros-tratamientos-con-botox\/","title":{"rendered":"Otros tratamientos con b\u00f3tox"},"content":{"rendered":"<div class=\"page-content category-page\">\n<div id=\"header-area\">\n<div class=\"container\" id=\"firstContent\">\n<div class=\"header-content d-flex flex-column\">\n<h1 class=\"content-title\">Otros Tratamientos de Botox<\/h1>\n<div class=\"content-paragraph\">\n<p>El Botox es un m\u00e9todo de tratamiento eficaz que abarca una amplia gama de aplicaciones tanto en el campo est\u00e9tico como en el m\u00e9dico. El Botox de masetero ayuda a estilizar el contorno facial al reducir la tensi\u00f3n excesiva en los m\u00fasculos de la mand\u00edbula, mientras que el Botox para la migra\u00f1a alivia los dolores de cabeza y mejora la calidad de vida. El Botox para la sudoraci\u00f3n controla la transpiraci\u00f3n excesiva, haciendo que la vida diaria sea m\u00e1s c\u00f3moda. Estos tipos de Botox son frecuentemente preferidos debido a su naturaleza m\u00ednimamente invasiva y a sus r\u00e1pidos tiempos de recuperaci\u00f3n.<\/p>\n<\/p><\/div>\n<nav aria-label=\"breadcrumb\" class=\"breadcrumbs\">\n<ul class=\"d-flex align-items-center mb-0\">\n<li><a class=\"link\" href=\"https:\/\/drterziler.com\/es\/\"><span>Dr. Terziler<\/span><\/a><\/li>\n<li class=\"separator\">\u00bb<\/li>\n<li><a class=\"link\" href=\"https:\/\/drterziler.com\/es\/estetica-medica\/\"><span>Est\u00e9tica M\u00e9dica<\/span><\/a><\/li>\n<li class=\"separator\">\u00bb<\/li>\n<li class=\"current-page\"><span>Otros Tratamientos de Botox<\/span><\/li>\n<\/ul>\n<\/nav><\/div>\n<\/p><\/div>\n<\/p><\/div>\n<\/div>\n<section class=\"svc-section\">\n<div class=\"container\">\n<div class=\"svc-item right-card\">\n<div class=\"svc-media\">\n                <img decoding=\"async\" src=\"https:\/\/drterziler.com\/wp-content\/uploads\/2025\/02\/Terleme-Botoksu.webp\" loading=\"lazy\" class=\"cat-img\" alt=\"\">\n            <\/div>\n<div class=\"svc-card\">\n<h3 class=\"svc-title gilda\">Botox para la Sudoraci\u00f3n<\/h3>\n<p class=\"svc-text barlow\">\n                    El Botox para la sudoraci\u00f3n es un m\u00e9todo de tratamiento eficaz que utiliza la toxina botul\u00ednica para controlar la transpiraci\u00f3n excesiva. Detiene temporalmente la producci\u00f3n de sudor en \u00e1reas como las axilas, las palmas de las manos y las plantas de los pies, proporcionando alivio.\n                <\/p>\n<p>                <a class=\"btn-details barlow-condensed\" href=\"https:\/\/drterziler.com\/es\/estetica-medica\/otros-tratamientos-con-botox\/botox-para-el-sudor\/\">DETALLES<\/a>\n            <\/div>\n<\/p><\/div>\n<div class=\"svc-item left-card\">\n<div class=\"svc-media\">\n                <img decoding=\"async\" src=\"https:\/\/drterziler.com\/wp-content\/uploads\/2025\/02\/Migren-Botoksu.webp\" loading=\"lazy\" class=\"cat-img\" alt=\"\">\n            <\/div>\n<div class=\"svc-card\">\n<h3 class=\"svc-title gilda\">Botox para la Migra\u00f1a<\/h3>\n<p class=\"svc-text barlow\">\n                    El Botox para la migra\u00f1a es un m\u00e9todo de tratamiento que utiliza la toxina botul\u00ednica para prevenir ataques de migra\u00f1a frecuentes y severos. El Botox se aplica en \u00e1reas espec\u00edficas de la cabeza, ayudando a aliviar el dolor y reducir la frecuencia de los ataques. Este tratamiento tiene como objetivo mejorar la calidad de vida al reducir los episodios, en lugar de ofrecer una soluci\u00f3n permanente a la enfermedad de la migra\u00f1a.\n                <\/p>\n<p>                <a class=\"btn-details barlow-condensed\" href=\"https:\/\/drterziler.com\/es\/estetica-medica\/otros-tratamientos-con-botox\/botox-para-la-migrana\/\">DETALLES<\/a>\n            <\/div>\n<\/p><\/div>\n<div class=\"svc-item right-card\">\n<div class=\"svc-media\">\n                <img decoding=\"async\" src=\"https:\/\/drterziler.com\/wp-content\/uploads\/2025\/02\/Masseter-Botoksu.webp\" loading=\"lazy\" class=\"cat-img\" alt=\"\">\n            <\/div>\n<div class=\"svc-card\">\n<h3 class=\"svc-title gilda\">Botox de Masetero<\/h3>\n<p class=\"svc-text barlow\">\n                    El Botox de masetero es un m\u00e9todo de tratamiento que moldea el contorno facial al prevenir la sobreactividad de los m\u00fasculos de la mand\u00edbula. Especialmente, la anchura causada por el desarrollo excesivo de los m\u00fasculos en el \u00e1rea de la mand\u00edbula puede reducirse con inyecciones de Botox. Adem\u00e1s, proporciona una soluci\u00f3n a los problemas de rechinar y apretar los dientes al aliviar la tensi\u00f3n en los m\u00fasculos mandibulares.\n                <\/p>\n<p>                <a class=\"btn-details barlow-condensed\" href=\"https:\/\/drterziler.com\/es\/estetica-medica\/otros-tratamientos-con-botox\/botox-masetero-es\/\">DETALLES<\/a>\n            <\/div>\n<\/p><\/div>\n<div class=\"svc-item left-card\">\n<div class=\"svc-media\">\n                <img decoding=\"async\" src=\"https:\/\/drterziler.com\/wp-content\/uploads\/2025\/04\/CIL-KOK-HUCRELI-KREM-ERKEKrev.webp\" loading=\"lazy\" class=\"cat-img\" alt=\"\">\n            <\/div>\n<div class=\"svc-card\">\n<h3 class=\"svc-title gilda\">Productos para el Cuidado de la Piel<\/h3>\n<p class=\"svc-text barlow\">\n                    La crema, aplicada una vez al d\u00eda por la noche en una cantidad del tama\u00f1o de un guisante sobre la piel limpia y absorbida mediante masajes, refresca la piel en las \u00e1reas donde se utiliza. Tambi\u00e9n puede aplicarse en la cintura, los codos y las rodillas.\n                <\/p>\n<p>                <a class=\"btn-details barlow-condensed\" href=\"https:\/\/drterziler.com\/es\/estetica-medica\/otros-tratamientos-con-botox\/productos-para-el-cuidado-de-la-piel\/feeluxo-crema-factor-celulas-madre\/\">DETALLES<\/a>\n            <\/div>\n<\/p><\/div>\n<\/p><\/div>\n<\/section>\n","protected":false},"excerpt":{"rendered":"<p>Otros Tratamientos de Botox El Botox es un m\u00e9todo de tratamiento eficaz que abarca una amplia gama de aplicaciones tanto en el campo est\u00e9tico como en el m\u00e9dico. El Botox de masetero ayuda a estilizar el contorno facial al reducir la tensi\u00f3n excesiva en los m\u00fasculos de la mand\u00edbula, mientras que el Botox para la [&hellip;]<\/p>\n","protected":false},"author":6,"featured_media":0,"parent":2504,"menu_order":0,"comment_status":"closed","ping_status":"closed","template":"","meta":{"footnotes":""},"class_list":["post-17699","page","type-page","status-publish","hentry"],"_links":{"self":[{"href":"https:\/\/drterziler.com\/es\/wp-json\/wp\/v2\/pages\/17699","targetHints":{"allow":["GET"]}}],"collection":[{"href":"https:\/\/drterziler.com\/es\/wp-json\/wp\/v2\/pages"}],"about":[{"href":"https:\/\/drterziler.com\/es\/wp-json\/wp\/v2\/types\/page"}],"author":[{"embeddable":true,"href":"https:\/\/drterziler.com\/es\/wp-json\/wp\/v2\/users\/6"}],"replies":[{"embeddable":true,"href":"https:\/\/drterziler.com\/es\/wp-json\/wp\/v2\/comments?post=17699"}],"version-history":[{"count":38,"href":"https:\/\/drterziler.com\/es\/wp-json\/wp\/v2\/pages\/17699\/revisions"}],"predecessor-version":[{"id":59879,"href":"https:\/\/drterziler.com\/es\/wp-json\/wp\/v2\/pages\/17699\/revisions\/59879"}],"up":[{"embeddable":true,"href":"https:\/\/drterziler.com\/es\/wp-json\/wp\/v2\/pages\/2504"}],"wp:attachment":[{"href":"https:\/\/drterziler.com\/es\/wp-json\/wp\/v2\/media?parent=17699"}],"curies":[{"name":"wp","href":"https:\/\/api.w.org\/{rel}","templated":true}]}}