{"id":17789,"date":"2025-01-28T10:07:23","date_gmt":"2025-01-28T10:07:23","guid":{"rendered":"https:\/\/drterziler.com\/estetica-medica\/diger-botoks-uygulamalari\/terleme-botoksu\/"},"modified":"2026-04-21T14:29:14","modified_gmt":"2026-04-21T14:29:14","slug":"botox-para-el-sudor","status":"publish","type":"page","link":"https:\/\/drterziler.com\/es\/estetica-medica\/otros-tratamientos-con-botox\/botox-para-el-sudor\/","title":{"rendered":"B\u00f3tox para el sudor"},"content":{"rendered":"<div class=\"page-content\">\n<div id=\"header-area\">\n<div class=\"container\" id=\"firstContent\">\n<div class=\"header-content d-flex flex-column\">\n<h1 class=\"content-title h1-header\">B\u00f3tox para el sudor<\/h1>\n<div class=\"content-paragraph\">\n<p class=\"p-text\">Es un m\u00e9todo de tratamiento eficaz que utiliza la toxina botul\u00ednica para controlar la sudoraci\u00f3n excesiva. Al detener temporalmente la producci\u00f3n de sudor en zonas como las axilas, las palmas y las plantas de los pies, proporciona alivio.<\/p>\n<\/p><\/div>\n<nav aria-label=\"breadcrumb\" class=\"breadcrumbs\">\n<ul class=\"d-flex align-items-center mb-0\">\n<li><a class=\"link\" href=\"https:\/\/drterziler.com\/es\/\"><span>Dr. Terziler<\/span><\/a><\/li>\n<li class=\"separator\">\u00bb<\/li>\n<li><a class=\"link\" href=\"https:\/\/drterziler.com\/es\/estetica-medica\/\"><span>Est\u00e9tica m\u00e9dica<\/span><\/a><\/li>\n<li class=\"separator\">\u00bb<\/li>\n<li><a class=\"link\" href=\"https:\/\/drterziler.com\/es\/estetica-medica\/otros-tratamientos-con-botox\/\"><span>Otros tratamientos con b\u00f3tox<\/span><\/a><\/li>\n<li class=\"separator\">\u00bb<\/li>\n<li class=\"current-page\"><span>B\u00f3tox para el sudor<\/span><\/li>\n<\/ul>\n<\/nav><\/div>\n<\/p><\/div>\n<\/p><\/div>\n<\/div>\n<section id=\"content-area\">\n<div class=\"container my-5\">\n<div class=\"row align-items-start\">\n<div class=\"col-md-6 order-2 order-md-1\">\n<div class=\"custom-toc-box\">\n<div id=\"toc-header\">\n<h4>\u00cdndice<\/h4>\n<div class=\"toc-toggle-icon\"><\/div>\n<\/p><\/div>\n<div class=\"toc-full-divider\"><\/div>\n<div id=\"toc-body\">\n<div id=\"toc-container\"><\/div>\n<\/p><\/div>\n<\/p><\/div>\n<\/p><\/div>\n<div class=\"col-md-6 order-1 order-md-2\" id=\"jForm\">\n                <script type=\"text\/javascript\" src=\"https:\/\/form.jotform.com\/jsform\/242881767918979\"><\/script>\n            <\/div>\n<\/p><\/div>\n<\/p><\/div>\n<div class=\"container\">\n<div class=\"img-thumb\">\n            <img decoding=\"async\" src=\"https:\/\/drterziler.com\/wp-content\/uploads\/2025\/01\/Terleme-Botoksu.webp\" loading=\"lazy\" alt=\"\">\n        <\/div>\n<div>\n<div>\n<h2 class=\"h2-header\">\u00bfQu\u00e9 es el Botox para el Sudor?<\/h2>\n<\/p><\/div>\n<div>\n<p class=\"p-text\">El botox para el sudor es un m\u00e9todo eficaz utilizado en el tratamiento de la sudoraci\u00f3n excesiva (hiperhidrosis). En este procedimiento, se inyecta la toxina botul\u00ednica (botox) para bloquear la funci\u00f3n de las gl\u00e1ndulas sudor\u00edparas. La aplicaci\u00f3n se realiza t\u00edpicamente en \u00e1reas donde se experimenta una sudoraci\u00f3n intensa, como las axilas, las palmas de las manos, las plantas de los pies y la cara. El botox detiene temporalmente la producci\u00f3n de sudor, eliminando significativamente el problema de la sudoraci\u00f3n excesiva.<\/p>\n<\/p><\/div>\n<\/p><\/div>\n<div>\n<div>\n<h2 class=\"h2-header\">\u00bfCu\u00e1les Son las Ventajas del Botox para el Sudor?<\/h2>\n<\/p><\/div>\n<div>\n<p class=\"p-text\">Proporciona un control eficaz sobre la sudoraci\u00f3n. Mejora la calidad de vida diaria. Aplicaci\u00f3n r\u00e1pida y tiempo de recuperaci\u00f3n corto. Tratamiento f\u00e1cil y m\u00ednimamente invasivo. Bajo riesgo de reacciones al\u00e9rgicas. Experiencia c\u00f3moda durante el procedimiento. Previene los desaf\u00edos sociales causados por la sudoraci\u00f3n excesiva.<\/p>\n<\/p><\/div>\n<\/p><\/div>\n<div>\n<div>\n<h2 class=\"h2-header\">\u00bfPara Qui\u00e9n es Adecuado el Botox para el Sudor?<\/h2>\n<\/p><\/div>\n<div>\n<p class=\"p-text\">Individuos con sudoraci\u00f3n excesiva. Personas inc\u00f3modas con su vida social debido a la sudoraci\u00f3n. Aquellos que experimentan sudoraci\u00f3n mientras hacen ejercicio. Casos que no se pueden controlar con medicaci\u00f3n. Personas con sudoraci\u00f3n excesiva en los brazos y las manos. Individuos con problemas de sudoraci\u00f3n durante los meses de verano. Personas cuya trabajo o actividades diarias se ven afectadas por la sudoraci\u00f3n. Individuos que experimentan p\u00e9rdida de confianza debido a la sudoraci\u00f3n.<\/p>\n<\/p><\/div>\n<\/p><\/div>\n<div>\n<div>\n<h2 class=\"h2-header\">\u00bfPor Qu\u00e9 Es Popular?<\/h2>\n<\/p><\/div>\n<div>\n<p class=\"p-text\">El botox para el sudor ha ganado gran popularidad en los \u00faltimos a\u00f1os debido a que ofrece una soluci\u00f3n segura y eficaz. La sudoraci\u00f3n excesiva causa molestias tanto f\u00edsicas como psicol\u00f3gicas, y este tratamiento mejora significativamente la calidad de vida. Adem\u00e1s, sus ventajas, como ser un procedimiento m\u00ednimamente invasivo, tener un r\u00e1pido proceso de recuperaci\u00f3n y no dejar marcas permanentes, hacen que el tratamiento sea muy atractivo. Dado que el botox se utiliza com\u00fanmente con fines est\u00e9ticos, tratar la sudoraci\u00f3n con este m\u00e9todo familiar tambi\u00e9n contribuye a su popularidad.<\/p>\n<\/p><\/div>\n<\/p><\/div>\n<div>\n<div>\n<h2 class=\"h2-header\">\u00bfExiste una Restricci\u00f3n de Edad para el Botox para el Sudor?<\/h2>\n<\/p><\/div>\n<div>\n<p class=\"p-text\">No, no existe una restricci\u00f3n de edad espec\u00edfica para el botox para el sudor. Generalmente, puede aplicarse a personas de todas las edades que experimentan sudoraci\u00f3n excesiva. Las personas que sufren de sudoraci\u00f3n excesiva com\u00fanmente recurren a este tratamiento para mejorar su calidad de vida y tomar control sobre el problema de la sudoraci\u00f3n.<\/p>\n<\/p><\/div>\n<\/p><\/div>\n<div>\n<div>\n<h2 class=\"h2-header\">\u00bfC\u00f3mo Se Aplica el Botox para el Sudor?<\/h2>\n<\/p><\/div>\n<div>\n<p class=\"p-text\">El botox para el sudor se aplica inyectando toxina botul\u00ednica en el \u00e1rea correspondiente utilizando agujas finas. Antes de la aplicaci\u00f3n, se limpia el \u00e1rea y, si es necesario, se aplica una crema anest\u00e9sica. Luego, el botox se inyecta debajo de la piel para detener temporalmente la funci\u00f3n de las gl\u00e1ndulas sudor\u00edparas. El procedimiento dura solo unos minutos y los pacientes pueden regresar a sus actividades normales despu\u00e9s. Los resultados suelen ser visibles en unos pocos d\u00edas.<\/p>\n<\/p><\/div>\n<\/p><\/div>\n<div>\n<div>\n<h2 class=\"h2-header\">\u00bfHay Dolor o Molestias Durante el Botox para el Sudor?<\/h2>\n<\/p><\/div>\n<div>\n<p class=\"p-text\">El procedimiento de botox para el sudor generalmente se realiza con un dolor m\u00ednimo. Antes del procedimiento, se adormece el \u00e1rea utilizando una crema anest\u00e9sica local o un m\u00e9todo de enfriamiento, lo que asegura que los pacientes no sientan molestias. Las agujas son muy finas, por lo que no se siente dolor durante el procedimiento. Algunos pacientes pueden experimentar un leve dolor o sensibilidad despu\u00e9s, pero esto suele ser breve y tolerable.<\/p>\n<\/p><\/div>\n<\/p><\/div>\n<div>\n<div>\n<h2 class=\"h2-header\">\u00bfCu\u00e1nto Tiempo Dura el Procedimiento de Botox para el Sudor?<\/h2>\n<\/p><\/div>\n<div>\n<p class=\"p-text\">El procedimiento de botox para el sudor es bastante r\u00e1pido. Normalmente, dura entre 10 y 15 minutos. Este tiempo puede variar dependiendo de las \u00e1reas tratadas y el alcance del tratamiento, pero en general, los pacientes terminan el procedimiento r\u00e1pidamente y pueden reanudar sus actividades diarias el mismo d\u00eda.<\/p>\n<\/p><\/div>\n<\/p><\/div>\n<div>\n<div>\n<h2 class=\"h2-header\">\u00bfCu\u00e1ntos D\u00edas Toma para Recuperarse?<\/h2>\n<\/p><\/div>\n<div>\n<p class=\"p-text\">El proceso de recuperaci\u00f3n del botox para el sudor generalmente comienza dentro de 2-3 d\u00edas. Puede haber un leve enrojecimiento, hinchaz\u00f3n o marcas de agujas durante los primeros d\u00edas, pero estos son temporales y desaparecen r\u00e1pidamente. El efecto del botox generalmente se hace completamente visible dentro de 3-7 d\u00edas, y los resultados pueden durar hasta 6 meses. El per\u00edodo de recuperaci\u00f3n puede variar seg\u00fan diferencias personales, pero la mayor\u00eda de los pacientes puede regresar a su vida normal en poco tiempo.<\/p>\n<\/p><\/div>\n<\/p><\/div>\n<div>\n<div>\n<h2 class=\"h2-header\">Precios del Botox para el Sudor<\/h2>\n<\/p><\/div>\n<div>\n<p class=\"p-text\">En 2025, los precios del botox para el sudor pueden variar dependiendo del \u00e1rea de tratamiento, la duraci\u00f3n del procedimiento y la experiencia requerida. Nuestra cl\u00ednica sigue diferentes pol\u00edticas de precios basadas en los m\u00e9todos y materiales utilizados para el tratamiento. Los precios tambi\u00e9n se determinan seg\u00fan la extensi\u00f3n de la aplicaci\u00f3n y el n\u00famero de sesiones, por lo que ser\u00eda m\u00e1s preciso obtener un precio espec\u00edfico mediante una evaluaci\u00f3n personal.<\/p>\n<\/p><\/div>\n<\/p><\/div>\n<div>\n<div>\n<h2 class=\"h2-header\">\u00bfPor Qu\u00e9 Elegir la Cl\u00ednica Exclusiva Dr. Terziler?<\/h2>\n<\/p><\/div>\n<div>\n<p class=\"p-text\">El Dr. Terziler, con experiencia reconocida internacionalmente y un enfoque est\u00e9tico que combina arte y ciencia, ofrece soluciones personalizadas que brindan no solo una transformaci\u00f3n f\u00edsica, sino tambi\u00e9n emocional. Nuestra cl\u00ednica, equipada con tecnolog\u00edas avanzadas y basada en los principios de comodidad y seguridad, adopta la perfecci\u00f3n como su filosof\u00eda institucional. Porque aqu\u00ed, cada toque est\u00e1 dirigido a mejorar su salud y felicidad integral.<\/p>\n<\/p><\/div>\n<\/p><\/div>\n<\/p><\/div>\n<\/section>\n","protected":false},"excerpt":{"rendered":"<p>B\u00f3tox para el sudor Es un m\u00e9todo de tratamiento eficaz que utiliza la toxina botul\u00ednica para controlar la sudoraci\u00f3n excesiva. Al detener temporalmente la producci\u00f3n de sudor en zonas como las axilas, las palmas y las plantas de los pies, proporciona alivio. Dr. Terziler \u00bb Est\u00e9tica m\u00e9dica \u00bb Otros tratamientos con b\u00f3tox \u00bb B\u00f3tox para [&hellip;]<\/p>\n","protected":false},"author":6,"featured_media":0,"parent":17699,"menu_order":0,"comment_status":"closed","ping_status":"closed","template":"","meta":{"footnotes":""},"class_list":["post-17789","page","type-page","status-publish","hentry"],"_links":{"self":[{"href":"https:\/\/drterziler.com\/es\/wp-json\/wp\/v2\/pages\/17789","targetHints":{"allow":["GET"]}}],"collection":[{"href":"https:\/\/drterziler.com\/es\/wp-json\/wp\/v2\/pages"}],"about":[{"href":"https:\/\/drterziler.com\/es\/wp-json\/wp\/v2\/types\/page"}],"author":[{"embeddable":true,"href":"https:\/\/drterziler.com\/es\/wp-json\/wp\/v2\/users\/6"}],"replies":[{"embeddable":true,"href":"https:\/\/drterziler.com\/es\/wp-json\/wp\/v2\/comments?post=17789"}],"version-history":[{"count":14,"href":"https:\/\/drterziler.com\/es\/wp-json\/wp\/v2\/pages\/17789\/revisions"}],"predecessor-version":[{"id":59882,"href":"https:\/\/drterziler.com\/es\/wp-json\/wp\/v2\/pages\/17789\/revisions\/59882"}],"up":[{"embeddable":true,"href":"https:\/\/drterziler.com\/es\/wp-json\/wp\/v2\/pages\/17699"}],"wp:attachment":[{"href":"https:\/\/drterziler.com\/es\/wp-json\/wp\/v2\/media?parent=17789"}],"curies":[{"name":"wp","href":"https:\/\/api.w.org\/{rel}","templated":true}]}}