{"id":17838,"date":"2025-01-28T10:11:31","date_gmt":"2025-01-28T10:11:31","guid":{"rendered":"https:\/\/drterziler.com\/estetica-medica\/diger-botoks-uygulamalari\/migren-botoksu\/"},"modified":"2026-04-21T14:42:52","modified_gmt":"2026-04-21T14:42:52","slug":"botox-para-la-migrana","status":"publish","type":"page","link":"https:\/\/drterziler.com\/es\/estetica-medica\/otros-tratamientos-con-botox\/botox-para-la-migrana\/","title":{"rendered":"B\u00f3tox para la migra\u00f1a"},"content":{"rendered":"<div class=\"page-content\">\n<div id=\"header-area\">\n<div class=\"container\" id=\"firstContent\">\n<div class=\"header-content d-flex flex-column\">\n<h1 class=\"content-title h1-header\">B\u00f3tox para la migra\u00f1a<\/h1>\n<div class=\"content-paragraph\">\n<p class=\"p-text\">El Botox para la migra\u00f1a es un m\u00e9todo de tratamiento que utiliza la toxina botul\u00ednica para prevenir ataques de migra\u00f1a frecuentes y graves. El Botox aplicado en zonas espec\u00edficas de la cabeza ayuda a aliviar el dolor y reducir la frecuencia de los ataques. Este tratamiento tiene como objetivo mejorar la calidad de vida reduciendo la frecuencia de los ataques, en lugar de ofrecer una soluci\u00f3n permanente a la condici\u00f3n de migra\u00f1a.<\/p>\n<\/p><\/div>\n<nav aria-label=\"breadcrumb\" class=\"breadcrumbs\">\n<ul class=\"d-flex align-items-center mb-0\">\n<li><a class=\"link\" href=\"https:\/\/drterziler.com\/es\/\"><span>Dr. Terziler<\/span><\/a><\/li>\n<li class=\"separator\">\u00bb<\/li>\n<li><a class=\"link\" href=\"https:\/\/drterziler.com\/es\/estetica-medica\/\"><span>Est\u00e9tica m\u00e9dica<\/span><\/a><\/li>\n<li class=\"separator\">\u00bb<\/li>\n<li><a class=\"link\" href=\"https:\/\/drterziler.com\/es\/estetica-medica\/otros-tratamientos-con-botox\/\"><span>Otros tratamientos con b\u00f3tox<\/span><\/a><\/li>\n<li class=\"separator\">\u00bb<\/li>\n<li class=\"current-page\"><span>B\u00f3tox para la migra\u00f1a<\/span><\/li>\n<\/ul>\n<\/nav><\/div>\n<\/p><\/div>\n<\/p><\/div>\n<\/div>\n<section id=\"content-area\">\n<div class=\"container my-5\">\n<div class=\"row align-items-start\">\n<div class=\"col-md-6 order-2 order-md-1\">\n<div class=\"custom-toc-box\">\n<div id=\"toc-header\">\n<h4>\u00cdndice<\/h4>\n<div class=\"toc-toggle-icon\"><\/div>\n<\/p><\/div>\n<div class=\"toc-full-divider\"><\/div>\n<div id=\"toc-body\">\n<div id=\"toc-container\"><\/div>\n<\/p><\/div>\n<\/p><\/div>\n<\/p><\/div>\n<div class=\"col-md-6 order-1 order-md-2\" id=\"jForm\">\n                <script type=\"text\/javascript\" src=\"https:\/\/form.jotform.com\/jsform\/242881767918979\"><\/script>\n            <\/div>\n<\/p><\/div>\n<\/p><\/div>\n<div class=\"container\">\n<div class=\"img-thumb\">\n            <img decoding=\"async\" src=\"https:\/\/drterziler.com\/wp-content\/uploads\/2025\/01\/Migren-Botoksu.webp\" loading=\"lazy\" alt=\"\">\n        <\/div>\n<div>\n<div>\n<h2 class=\"h2-header\">\u00bfQu\u00e9 es el Botox para la Migra\u00f1a?<\/h2>\n<\/p><\/div>\n<div>\n<p class=\"p-text\">El botox para la migra\u00f1a es un m\u00e9todo de tratamiento aplicado a personas con migra\u00f1as cr\u00f3nicas. La toxina botul\u00ednica se inyecta en los m\u00fasculos de la cabeza y el cuello para bloquear los desencadenantes de las migra\u00f1as. La aplicaci\u00f3n se prefiere para reducir la frecuencia y la gravedad de los ataques de migra\u00f1a. El botox previene la ocurrencia del dolor al bloquear la transmisi\u00f3n nerviosa y ayuda a prevenir los dolores de cabeza.<\/p>\n<\/p><\/div>\n<\/p><\/div>\n<div>\n<div>\n<h2 class=\"h2-header\">\u00bfC\u00f3mo Previene el Botox para la Migra\u00f1a los Dolores de Cabeza?<\/h2>\n<\/p><\/div>\n<div>\n<p class=\"p-text\">La soluci\u00f3n de toxina botul\u00ednica afecta las terminaciones nerviosas, bloqueando la transmisi\u00f3n del dolor y reduciendo la formaci\u00f3n de dolores de cabeza. Cuando la toxina botul\u00ednica se inyecta en los m\u00fasculos de la cabeza y el cuello, previene la liberaci\u00f3n de sustancias qu\u00edmicas que causan dolor. Como resultado, los dolores de cabeza desencadenados por migra\u00f1as y ataques de dolor severo se alivian o previenen.<\/p>\n<\/p><\/div>\n<\/p><\/div>\n<div>\n<div>\n<h2 class=\"h2-header\">\u00bfCu\u00e1les Son las Ventajas del Botox para la Migra\u00f1a?<\/h2>\n<\/p><\/div>\n<div>\n<p class=\"p-text\">Reduce los ataques frecuentes y persistentes de migra\u00f1a. Proporciona alivio duradero. No requiere el uso de medicamentos. Tratamiento m\u00ednimamente invasivo. Alivia los dolores de cabeza. Los efectos secundarios son muy raros. Mejora la calidad de vida diaria.<\/p>\n<\/p><\/div>\n<\/p><\/div>\n<div>\n<div>\n<h2 class=\"h2-header\">\u00bfPara Qui\u00e9n Es Adecuado?<\/h2>\n<\/p><\/div>\n<div>\n<p class=\"p-text\">Sufridores de migra\u00f1a cr\u00f3nica. Individuos que experimentan dolor de migra\u00f1a que no desaparece con medicamentos. Aquellos que experimentan dolores de cabeza frecuentes. Personas cuya vida social se ve afectada por los ataques de migra\u00f1a. Individuos con dolor continuo en la cabeza y el cuello. Personas que sufren de insomnio o fatiga excesiva. Aquellos que buscan soluciones a largo plazo para las migra\u00f1as. Individuos que no han obtenido beneficios de otros tratamientos para la migra\u00f1a.<\/p>\n<\/p><\/div>\n<\/p><\/div>\n<div>\n<div>\n<h2 class=\"h2-header\">\u00bfPor Qu\u00e9 Es Popular el Botox para la Migra\u00f1a?<\/h2>\n<\/p><\/div>\n<div>\n<p class=\"p-text\">El botox para la migra\u00f1a se ha vuelto bastante popular en los \u00faltimos a\u00f1os porque ofrece una alternativa eficaz y segura para tratar las migra\u00f1as. En situaciones donde los medicamentos son insuficientes y los ataques de migra\u00f1a afectan gravemente la calidad de vida, el botox proporciona un alivio significativo. Adem\u00e1s, al ser un m\u00e9todo m\u00ednimamente invasivo, tener un r\u00e1pido proceso de recuperaci\u00f3n y ofrecer una forma de combatir los ataques recurrentes de migra\u00f1a, hace que este tratamiento sea a\u00fan m\u00e1s atractivo.<\/p>\n<\/p><\/div>\n<\/p><\/div>\n<div>\n<div>\n<h2 class=\"h2-header\">\u00bfExiste una Restricci\u00f3n de Edad para el Botox para la Migra\u00f1a?<\/h2>\n<\/p><\/div>\n<div>\n<p class=\"p-text\">No, no existe una restricci\u00f3n de edad espec\u00edfica para el botox para la migra\u00f1a. Generalmente, puede aplicarse a personas de todas las edades que tienen migra\u00f1as o dolores de cabeza. Es com\u00fan que personas de todas las edades recurran a este tratamiento para aliviar el dolor causado por las migra\u00f1as y mejorar su calidad de vida.<\/p>\n<\/p><\/div>\n<\/p><\/div>\n<div>\n<div>\n<h2 class=\"h2-header\">\u00bfC\u00f3mo Se Aplica el Botox para la Migra\u00f1a?<\/h2>\n<\/p><\/div>\n<div>\n<p class=\"p-text\">El botox para la migra\u00f1a se aplica inyectando toxina botul\u00ednica en \u00e1reas espec\u00edficas de la cabeza usando agujas finas. Durante la aplicaci\u00f3n, se enfocan las \u00e1reas del frente de la cabeza, las sienes, el cuello y los hombros, zonas desencadenadas por las migra\u00f1as. El procedimiento es realizado por un especialista y generalmente toma alrededor de 30 minutos. El botox ayuda a reducir el dolor y disminuir la frecuencia de los ataques de migra\u00f1a al bloquear la transmisi\u00f3n nerviosa.<\/p>\n<\/p><\/div>\n<\/p><\/div>\n<div>\n<div>\n<h2 class=\"h2-header\">\u00bfHay Dolor o Molestias Durante el Tratamiento de Botox para la Migra\u00f1a?<\/h2>\n<\/p><\/div>\n<div>\n<p class=\"p-text\">El procedimiento de botox para la migra\u00f1a generalmente causa un dolor m\u00ednimo. Puede sentirse una ligera sensaci\u00f3n de escozor durante la aplicaci\u00f3n, pero la mayor\u00eda de los pacientes no lo encuentra molesto. Adem\u00e1s, debido al uso de agujas finas durante el procedimiento, el nivel de dolor es bastante bajo. Si se desea, se puede aplicar una crema anest\u00e9sica en la zona antes del procedimiento para reducir a\u00fan m\u00e1s las molestias.<\/p>\n<\/p><\/div>\n<\/p><\/div>\n<div>\n<div>\n<h2 class=\"h2-header\">\u00bfCu\u00e1nto Tiempo Dura el Procedimiento?<\/h2>\n<\/p><\/div>\n<div>\n<p class=\"p-text\">El procedimiento de botox para la migra\u00f1a t\u00edpicamente dura entre 20-30 minutos. El botox se inyecta en varios puntos de la cabeza y el cuello para el tratamiento. Los pacientes generalmente pueden reanudar sus actividades normales poco despu\u00e9s del procedimiento. La duraci\u00f3n del tratamiento puede variar dependiendo de la intensidad del dolor de cabeza y las \u00e1reas tratadas.<\/p>\n<\/p><\/div>\n<\/p><\/div>\n<div>\n<div>\n<h2 class=\"h2-header\">\u00bfCu\u00e1ntos D\u00edas Toma para Recuperarse?<\/h2>\n<\/p><\/div>\n<div>\n<p class=\"p-text\">Los efectos del tratamiento de botox para la migra\u00f1a generalmente se sienten en unos pocos d\u00edas, pero los resultados completos aparecen dentro de las 2 semanas. Despu\u00e9s del procedimiento, puede haber un ligero enrojecimiento, hinchaz\u00f3n o marcas de agujas, pero estos s\u00edntomas desaparecen r\u00e1pidamente. Los efectos del botox duran de 3 a 6 meses, y el tratamiento se puede repetir. Despu\u00e9s de la primera aplicaci\u00f3n, los pacientes pueden observar la efectividad del tratamiento y discutir m\u00e1s tratamientos con su m\u00e9dico si es necesario.<\/p>\n<\/p><\/div>\n<\/p><\/div>\n<div>\n<div>\n<h2 class=\"h2-header\">Precios del Botox para la Migra\u00f1a<\/h2>\n<\/p><\/div>\n<div>\n<p class=\"p-text\">En 2025, los precios del botox para la migra\u00f1a pueden variar dependiendo del \u00e1rea de tratamiento, la duraci\u00f3n y la experiencia requerida. Nuestra cl\u00ednica sigue diferentes pol\u00edticas de precios basadas en los m\u00e9todos y materiales utilizados para el tratamiento. Los precios tambi\u00e9n se determinan seg\u00fan la extensi\u00f3n de la aplicaci\u00f3n y el n\u00famero de sesiones, por lo que es m\u00e1s preciso obtener un precio espec\u00edfico mediante una evaluaci\u00f3n personal.<\/p>\n<\/p><\/div>\n<\/p><\/div>\n<div>\n<div>\n<h2 class=\"h2-header\">\u00bfPor Qu\u00e9 Elegir la Cl\u00ednica Exclusiva Dr. Terziler?<\/h2>\n<\/p><\/div>\n<div>\n<p class=\"p-text\">El Dr. Terziler, con experiencia reconocida internacionalmente y un enfoque est\u00e9tico que combina arte y ciencia, ofrece soluciones personalizadas que brindan no solo una transformaci\u00f3n f\u00edsica, sino tambi\u00e9n emocional. Nuestra cl\u00ednica, equipada con tecnolog\u00edas avanzadas y basada en los principios de comodidad y seguridad, adopta la perfecci\u00f3n como su filosof\u00eda institucional. Porque aqu\u00ed, cada toque est\u00e1 dirigido a mejorar su salud y felicidad integral.<\/p>\n<\/p><\/div>\n<\/p><\/div>\n<\/p><\/div>\n<\/section>\n","protected":false},"excerpt":{"rendered":"<p>B\u00f3tox para la migra\u00f1a El Botox para la migra\u00f1a es un m\u00e9todo de tratamiento que utiliza la toxina botul\u00ednica para prevenir ataques de migra\u00f1a frecuentes y graves. El Botox aplicado en zonas espec\u00edficas de la cabeza ayuda a aliviar el dolor y reducir la frecuencia de los ataques. Este tratamiento tiene como objetivo mejorar la [&hellip;]<\/p>\n","protected":false},"author":6,"featured_media":0,"parent":17699,"menu_order":0,"comment_status":"closed","ping_status":"closed","template":"","meta":{"footnotes":""},"class_list":["post-17838","page","type-page","status-publish","hentry"],"_links":{"self":[{"href":"https:\/\/drterziler.com\/es\/wp-json\/wp\/v2\/pages\/17838","targetHints":{"allow":["GET"]}}],"collection":[{"href":"https:\/\/drterziler.com\/es\/wp-json\/wp\/v2\/pages"}],"about":[{"href":"https:\/\/drterziler.com\/es\/wp-json\/wp\/v2\/types\/page"}],"author":[{"embeddable":true,"href":"https:\/\/drterziler.com\/es\/wp-json\/wp\/v2\/users\/6"}],"replies":[{"embeddable":true,"href":"https:\/\/drterziler.com\/es\/wp-json\/wp\/v2\/comments?post=17838"}],"version-history":[{"count":13,"href":"https:\/\/drterziler.com\/es\/wp-json\/wp\/v2\/pages\/17838\/revisions"}],"predecessor-version":[{"id":59884,"href":"https:\/\/drterziler.com\/es\/wp-json\/wp\/v2\/pages\/17838\/revisions\/59884"}],"up":[{"embeddable":true,"href":"https:\/\/drterziler.com\/es\/wp-json\/wp\/v2\/pages\/17699"}],"wp:attachment":[{"href":"https:\/\/drterziler.com\/es\/wp-json\/wp\/v2\/media?parent=17838"}],"curies":[{"name":"wp","href":"https:\/\/api.w.org\/{rel}","templated":true}]}}