{"id":17888,"date":"2025-01-28T10:15:23","date_gmt":"2025-01-28T10:15:23","guid":{"rendered":"https:\/\/drterziler.com\/estetica-medica\/diger-botoks-uygulamalari\/masseter-botoksu\/"},"modified":"2026-04-21T14:35:13","modified_gmt":"2026-04-21T14:35:13","slug":"botox-masetero-es","status":"publish","type":"page","link":"https:\/\/drterziler.com\/es\/estetica-medica\/otros-tratamientos-con-botox\/botox-masetero-es\/","title":{"rendered":"B\u00f3tox masetero"},"content":{"rendered":"<div class=\"page-content\">\n<div id=\"header-area\">\n<div class=\"container\" id=\"firstContent\">\n<div class=\"header-content d-flex flex-column\">\n<h1 class=\"content-title h1-header\">B\u00f3tox masetero<\/h1>\n<div class=\"content-paragraph\">\n<p class=\"p-text\">Masseter Botox es un m\u00e9todo de tratamiento que da forma al contorno facial evitando la actividad excesiva de los m\u00fasculos de la mand\u00edbula. Puede reducir el ancho causado por el desarrollo excesivo de los m\u00fasculos en el \u00e1rea de la mand\u00edbula mediante inyecciones de Botox. Adem\u00e1s, ayuda a aliviar problemas como rechinar y apretar los dientes, aliviando la tensi\u00f3n en los m\u00fasculos de la mand\u00edbula.<\/p>\n<\/p><\/div>\n<nav aria-label=\"breadcrumb\" class=\"breadcrumbs\">\n<ul class=\"d-flex align-items-center mb-0\">\n<li><a class=\"link\" href=\"https:\/\/drterziler.com\/es\/\"><span>Dr. Terziler<\/span><\/a><\/li>\n<li class=\"separator\">\u00bb<\/li>\n<li><a class=\"link\" href=\"https:\/\/drterziler.com\/es\/estetica-medica\/\"><span>Est\u00e9tica m\u00e9dica<\/span><\/a><\/li>\n<li class=\"separator\">\u00bb<\/li>\n<li><a class=\"link\" href=\"https:\/\/drterziler.com\/es\/estetica-medica\/otros-tratamientos-con-botox\/\"><span>Otros tratamientos con b\u00f3tox<\/span><\/a><\/li>\n<li class=\"separator\">\u00bb<\/li>\n<li class=\"current-page\"><span>B\u00f3tox masetero<\/span><\/li>\n<\/ul>\n<\/nav><\/div>\n<\/p><\/div>\n<\/p><\/div>\n<\/div>\n<section id=\"content-area\">\n<div class=\"container my-5\">\n<div class=\"row align-items-start\">\n<div class=\"col-md-6 order-2 order-md-1\">\n<div class=\"custom-toc-box\">\n<div id=\"toc-header\">\n<h4>\u00cdndice<\/h4>\n<div class=\"toc-toggle-icon\"><\/div>\n<\/p><\/div>\n<div class=\"toc-full-divider\"><\/div>\n<div id=\"toc-body\">\n<div id=\"toc-container\"><\/div>\n<\/p><\/div>\n<\/p><\/div>\n<\/p><\/div>\n<div class=\"col-md-6 order-1 order-md-2\" id=\"jForm\">\n                <script type=\"text\/javascript\" src=\"https:\/\/form.jotform.com\/jsform\/242881767918979\"><\/script>\n            <\/div>\n<\/p><\/div>\n<\/p><\/div>\n<div class=\"container\">\n<div class=\"img-thumb\">\n            <img decoding=\"async\" src=\"https:\/\/drterziler.com\/wp-content\/uploads\/2025\/01\/Masseter-Botoksu.webp\" loading=\"lazy\" alt=\"\">\n        <\/div>\n<div>\n<div>\n<h2 class=\"h2-header\">\u00bfQu\u00e9 es el Botox para el Masetero?<\/h2>\n<\/p><\/div>\n<div>\n<p class=\"p-text\">El botox para el masetero es un m\u00e9todo de tratamiento est\u00e9tico en el que se inyecta toxina botul\u00ednica en los m\u00fasculos de la mand\u00edbula. Esta aplicaci\u00f3n suaviza las mand\u00edbulas duras y anchas causadas por el desarrollo excesivo de los m\u00fasculos maseteros, proporcionando una apariencia m\u00e1s refinada y elegante. Adem\u00e1s, este tratamiento resuelve problemas relacionados con los m\u00fasculos de la mand\u00edbula, como el rechinar o apretar de los dientes.<\/p>\n<\/p><\/div>\n<\/p><\/div>\n<div>\n<div>\n<h2 class=\"h2-header\">\u00bfCu\u00e1les Son las Ventajas del Botox para el Masetero?<\/h2>\n<\/p><\/div>\n<div>\n<p class=\"p-text\">Afina la l\u00ednea de la mand\u00edbula. Equilibra las caracter\u00edsticas faciales. Previene el rechinido de los dientes. Resuelve las dificultades para abrir la boca. Relaja los m\u00fasculos de la mand\u00edbula. Proporciona una apariencia est\u00e9tica. Reduce el dolor en la mand\u00edbula. Mejora la calidad del sue\u00f1o.<\/p>\n<\/p><\/div>\n<\/p><\/div>\n<div>\n<div>\n<h2 class=\"h2-header\">\u00bfPara Qui\u00e9n Es Adecuado?<\/h2>\n<\/p><\/div>\n<div>\n<p class=\"p-text\">Personas con mand\u00edbulas anchas. Personas que experimentan problemas con el rechinido de los dientes. Aquellos que tienen dificultades para abrir la boca. Individuos con problemas de sue\u00f1o causados por el rechinar o apretar de los dientes. Aquellos que desean un perfil mandibular m\u00e1s atractivo. Personas que sienten tensi\u00f3n excesiva en los m\u00fasculos de la mand\u00edbula. Individuos que quieren mejorar su est\u00e9tica facial en general.<\/p>\n<\/p><\/div>\n<\/p><\/div>\n<div>\n<div>\n<h2 class=\"h2-header\">\u00bfPor Qu\u00e9 Es Popular el Botox para el Masetero?<\/h2>\n<\/p><\/div>\n<div>\n<p class=\"p-text\">El botox para el masetero es bastante popular debido a sus beneficios tanto est\u00e9ticos como funcionales. Este tratamiento, preferido para dar forma a las caracter\u00edsticas faciales, tambi\u00e9n alivia la tensi\u00f3n excesiva y el dolor en los m\u00fasculos de la mand\u00edbula, mejorando as\u00ed la calidad de vida diaria. Su naturaleza m\u00ednimamente invasiva, r\u00e1pido proceso de recuperaci\u00f3n y efectos no permanentes lo hacen muy atractivo. Adem\u00e1s, al proporcionar resultados naturales, aumenta la satisfacci\u00f3n de los pacientes.<\/p>\n<\/p><\/div>\n<\/p><\/div>\n<div>\n<div>\n<h2 class=\"h2-header\">\u00bfExiste una Restricci\u00f3n de Edad para el Botox para el Masetero?<\/h2>\n<\/p><\/div>\n<div>\n<p class=\"p-text\">No, no existe una restricci\u00f3n de edad espec\u00edfica para el botox para el masetero. Generalmente, puede aplicarse a personas de todas las edades con problemas est\u00e9ticos o funcionales. Es com\u00fan que personas de todas las edades busquen este tratamiento para abordar el desarrollo excesivo y la tensi\u00f3n en los m\u00fasculos de la mand\u00edbula.<\/p>\n<\/p><\/div>\n<\/p><\/div>\n<div>\n<div>\n<h2 class=\"h2-header\">\u00bfC\u00f3mo Se Aplica el Botox para el Masetero?<\/h2>\n<\/p><\/div>\n<div>\n<p class=\"p-text\">El botox para el masetero se aplica inyectando toxina botul\u00ednica en los m\u00fasculos maseteros en el \u00e1rea de la mand\u00edbula. Antes del procedimiento, generalmente se aplica una crema anest\u00e9sica al paciente para evitar cualquier incomodidad durante el proceso. El botox se inyecta en puntos espec\u00edficos para reducir la potencia de contracci\u00f3n de los m\u00fasculos, afinando as\u00ed la l\u00ednea de la mand\u00edbula y previniendo el crecimiento excesivo del m\u00fasculo. La aplicaci\u00f3n dura aproximadamente 10-15 minutos, y los pacientes pueden volver a sus actividades normales de inmediato.<\/p>\n<\/p><\/div>\n<\/p><\/div>\n<div>\n<div>\n<h2 class=\"h2-header\">\u00bfHay Dolor o Molestias Durante el Tratamiento de Botox para el Masetero?<\/h2>\n<\/p><\/div>\n<div>\n<p class=\"p-text\">Durante el procedimiento de botox para el masetero, puede haber una ligera sensaci\u00f3n de incomodidad, pero generalmente no se espera dolor. Gracias a la aplicaci\u00f3n de crema anest\u00e9sica, los sitios de inyecci\u00f3n se adormecen, haciendo que el procedimiento sea m\u00e1s c\u00f3modo. La mayor\u00eda de los pacientes informan sentir solo una ligera sensaci\u00f3n de escozor y no experimentan dolor o molestias despu\u00e9s del tratamiento.<\/p>\n<\/p><\/div>\n<\/p><\/div>\n<div>\n<div>\n<h2 class=\"h2-header\">\u00bfCu\u00e1nto Tiempo Dura el Procedimiento de Botox para el Masetero?<\/h2>\n<\/p><\/div>\n<div>\n<p class=\"p-text\">El procedimiento de botox para el masetero es bastante r\u00e1pido y generalmente dura entre 10-15 minutos. Debido al uso de agujas finas durante el procedimiento, hay poca incomodidad. Despu\u00e9s del tratamiento, los pacientes pueden reanudar sus actividades diarias de inmediato. Los efectos del botox pueden comenzar a mostrarse en unos pocos d\u00edas, pero el procedimiento en s\u00ed es muy corto y r\u00e1pido.<\/p>\n<\/p><\/div>\n<\/p><\/div>\n<div>\n<div>\n<h2 class=\"h2-header\">\u00bfCu\u00e1ntos D\u00edas Toma para Recuperarse?<\/h2>\n<\/p><\/div>\n<div>\n<p class=\"p-text\">El proceso de recuperaci\u00f3n despu\u00e9s del tratamiento de botox para el masetero es bastante r\u00e1pido y generalmente se completa en pocos d\u00edas. Puede haber un ligero enrojecimiento, moretones o hinchaz\u00f3n despu\u00e9s del procedimiento, pero estos s\u00edntomas desaparecen r\u00e1pidamente. Los efectos del botox comienzan a sentirse en 3-5 d\u00edas, y los resultados completos aparecen dentro de 1-2 semanas. Como no hay un proceso de recuperaci\u00f3n lento, los pacientes pueden volver a su vida normal de inmediato.<\/p>\n<\/p><\/div>\n<\/p><\/div>\n<div>\n<div>\n<h2 class=\"h2-header\">\u00bfC\u00f3mo Resuelve el Botox para el Masetero los Problemas de Rechinido o Apretamiento de los Dientes?<\/h2>\n<\/p><\/div>\n<div>\n<p class=\"p-text\">Los problemas de rechinar y apretar los dientes son causados principalmente por la tensi\u00f3n excesiva en los m\u00fasculos de la mand\u00edbula. La toxina botul\u00ednica previene las contracciones en los m\u00fasculos de la mand\u00edbula, evitando as\u00ed el rechinido de los dientes durante la noche y ayudando a relajar los m\u00fasculos durante el d\u00eda. Este tratamiento reduce los s\u00edntomas como la tensi\u00f3n en la mand\u00edbula, dolores de cabeza y dolor en la mand\u00edbula al relajar los m\u00fasculos de la mand\u00edbula.<\/p>\n<\/p><\/div>\n<\/p><\/div>\n<div>\n<div>\n<h2 class=\"h2-header\">Precios del Botox para el Masetero<\/h2>\n<\/p><\/div>\n<div>\n<p class=\"p-text\">En 2025, los precios del botox para el masetero pueden variar dependiendo del \u00e1rea de tratamiento, la duraci\u00f3n y la experiencia requerida. Nuestra cl\u00ednica sigue diferentes pol\u00edticas de precios basadas en los m\u00e9todos y materiales utilizados para el tratamiento. Los precios tambi\u00e9n se determinan seg\u00fan la extensi\u00f3n de la aplicaci\u00f3n y el n\u00famero de sesiones, por lo que es m\u00e1s preciso obtener un precio espec\u00edfico mediante una evaluaci\u00f3n personal.<\/p>\n<\/p><\/div>\n<\/p><\/div>\n<div>\n<div>\n<h2 class=\"h2-header\">\u00bfPor Qu\u00e9 Elegir la Cl\u00ednica Exclusiva Dr. Terziler?<\/h2>\n<\/p><\/div>\n<div>\n<p class=\"p-text\">El Dr. Terziler, con experiencia reconocida internacionalmente y un enfoque est\u00e9tico que combina arte y ciencia, ofrece soluciones personalizadas que brindan no solo una transformaci\u00f3n f\u00edsica, sino tambi\u00e9n emocional. Nuestra cl\u00ednica, equipada con tecnolog\u00edas avanzadas y basada en los principios de comodidad y seguridad, adopta la perfecci\u00f3n como su filosof\u00eda institucional. Porque aqu\u00ed, cada toque est\u00e1 dirigido a mejorar su salud y felicidad integral.<\/p>\n<\/p><\/div>\n<\/p><\/div>\n<\/p><\/div>\n<\/section>\n","protected":false},"excerpt":{"rendered":"<p>B\u00f3tox masetero Masseter Botox es un m\u00e9todo de tratamiento que da forma al contorno facial evitando la actividad excesiva de los m\u00fasculos de la mand\u00edbula. Puede reducir el ancho causado por el desarrollo excesivo de los m\u00fasculos en el \u00e1rea de la mand\u00edbula mediante inyecciones de Botox. Adem\u00e1s, ayuda a aliviar problemas como rechinar y [&hellip;]<\/p>\n","protected":false},"author":6,"featured_media":0,"parent":17699,"menu_order":0,"comment_status":"closed","ping_status":"closed","template":"","meta":{"footnotes":""},"class_list":["post-17888","page","type-page","status-publish","hentry"],"_links":{"self":[{"href":"https:\/\/drterziler.com\/es\/wp-json\/wp\/v2\/pages\/17888","targetHints":{"allow":["GET"]}}],"collection":[{"href":"https:\/\/drterziler.com\/es\/wp-json\/wp\/v2\/pages"}],"about":[{"href":"https:\/\/drterziler.com\/es\/wp-json\/wp\/v2\/types\/page"}],"author":[{"embeddable":true,"href":"https:\/\/drterziler.com\/es\/wp-json\/wp\/v2\/users\/6"}],"replies":[{"embeddable":true,"href":"https:\/\/drterziler.com\/es\/wp-json\/wp\/v2\/comments?post=17888"}],"version-history":[{"count":16,"href":"https:\/\/drterziler.com\/es\/wp-json\/wp\/v2\/pages\/17888\/revisions"}],"predecessor-version":[{"id":59886,"href":"https:\/\/drterziler.com\/es\/wp-json\/wp\/v2\/pages\/17888\/revisions\/59886"}],"up":[{"embeddable":true,"href":"https:\/\/drterziler.com\/es\/wp-json\/wp\/v2\/pages\/17699"}],"wp:attachment":[{"href":"https:\/\/drterziler.com\/es\/wp-json\/wp\/v2\/media?parent=17888"}],"curies":[{"name":"wp","href":"https:\/\/api.w.org\/{rel}","templated":true}]}}