{"id":17955,"date":"2025-01-28T10:23:19","date_gmt":"2025-01-28T10:23:19","guid":{"rendered":"https:\/\/drterziler.com\/estetica-medica\/teknolojik-uygulamalar\/"},"modified":"2026-04-21T14:40:10","modified_gmt":"2026-04-21T14:40:10","slug":"tratamientos-tecnologicos","status":"publish","type":"page","link":"https:\/\/drterziler.com\/es\/estetica-medica\/tratamientos-tecnologicos\/","title":{"rendered":"Tratamientos Tecnol\u00f3gicos"},"content":{"rendered":"<div class=\"page-content\">\n<div id=\"header-area\">\n<div class=\"container\" id=\"firstContent\">\n<div class=\"header-content d-flex flex-column\">\n<h1 class=\"content-title h1-header\">Tratamientos Tecnol\u00f3gicos<\/h1>\n<div class=\"content-paragraph\">\n<p class=\"p-text\">Como Dr. Terziler, ofrecemos una experiencia futurista con nuestras aplicaciones de vanguardia en est\u00e9tica, salud y belleza. A trav\u00e9s de dispositivos rob\u00f3ticos, tecnolog\u00edas l\u00e1ser y sistemas inteligentes, los procesos de tratamiento no solo se aceleran, sino que tambi\u00e9n se vuelven m\u00e1s efectivos. Las aplicaciones modernizadas, que utilizan m\u00e9todos m\u00ednimamente invasivos, permiten una recuperaci\u00f3n m\u00e1s r\u00e1pida y brindan una comodidad incomparable.Al aprovechar todas las posibilidades de la tecnolog\u00eda actual, formulamos un enfoque de tratamiento personalizado y brindamos resultados que superan las expectativas. Nuestras tecnolog\u00edas avanzadas tanto en est\u00e9tica como en medicina se optimizan en cada paso para lograr resultados sorprendentes. En el Dr. Terziler, adoptamos el principio de su &quot;felicidad hol\u00edstica&quot; en los \u00e1mbitos de la salud, la belleza y la satisfacci\u00f3n, superando los l\u00edmites para presenciar su sonrisa.<\/p>\n<\/p><\/div>\n<nav aria-label=\"breadcrumb\" class=\"breadcrumbs\">\n<ul class=\"d-flex align-items-center mb-0\">\n<li><a class=\"link\" href=\"https:\/\/drterziler.com\/es\/\"><span>Dr. Terziler<\/span><\/a><\/li>\n<li class=\"separator\">\u00bb<\/li>\n<li><a class=\"link\" href=\"https:\/\/drterziler.com\/es\/estetica-medica\/\"><span>Est\u00e9tica m\u00e9dica<\/span><\/a><\/li>\n<li class=\"separator\">\u00bb<\/li>\n<li class=\"current-page\"><span>Tratamientos Tecnol\u00f3gicos<\/span><\/li>\n<\/ul>\n<\/nav><\/div>\n<\/p><\/div>\n<\/p><\/div>\n<\/div>\n<section id=\"content-area\">\n<div class=\"container my-5\">\n<div class=\"row align-items-start\">\n<div class=\"col-md-6 order-2 order-md-1\">\n<div class=\"custom-toc-box\">\n<div id=\"toc-header\">\n<h4>\u00cdndice<\/h4>\n<div class=\"toc-toggle-icon\"><\/div>\n<\/p><\/div>\n<div class=\"toc-full-divider\"><\/div>\n<div id=\"toc-body\">\n<div id=\"toc-container\"><\/div>\n<\/p><\/div>\n<\/p><\/div>\n<\/p><\/div>\n<div class=\"col-md-6 order-1 order-md-2\" id=\"jForm\">\n                <script type=\"text\/javascript\" src=\"https:\/\/form.jotform.com\/jsform\/242881767918979\"><\/script>\n            <\/div>\n<\/p><\/div>\n<\/p><\/div>\n<div class=\"container\">\n<div class=\"img-thumb\">\n            <img decoding=\"async\" src=\"https:\/\/drterziler.com\/wp-content\/uploads\/2025\/01\/Teknolojik-Uygulamalar.webp\" loading=\"lazy\" alt=\"\">\n        <\/div>\n<div>\n<div>\n<h2 class=\"h2-header\">\u00bfPor qu\u00e9 Cl\u00ednica Exclusiva Dr. Terziler?<\/h2>\n<\/p><\/div>\n<div>\n<p class=\"p-text\">El Dr. Terziler, con experiencia reconocida mundialmente y un enfoque est\u00e9tico que combina arte y ciencia, ofrece soluciones personalizadas que aportan no solo una transformaci\u00f3n f\u00edsica sino tambi\u00e9n emocional. Nuestra cl\u00ednica, equipada con tecnolog\u00edas avanzadas y que opera seg\u00fan los principios de comodidad y confianza, adopta la perfecci\u00f3n como su filosof\u00eda central. Porque aqu\u00ed, cada toque est\u00e1 dise\u00f1ado para mejorar tu salud y felicidad en general.<\/p>\n<\/p><\/div>\n<\/p><\/div>\n<\/p><\/div>\n<\/section>\n","protected":false},"excerpt":{"rendered":"<p>Tratamientos Tecnol\u00f3gicos Como Dr. Terziler, ofrecemos una experiencia futurista con nuestras aplicaciones de vanguardia en est\u00e9tica, salud y belleza. A trav\u00e9s de dispositivos rob\u00f3ticos, tecnolog\u00edas l\u00e1ser y sistemas inteligentes, los procesos de tratamiento no solo se aceleran, sino que tambi\u00e9n se vuelven m\u00e1s efectivos. Las aplicaciones modernizadas, que utilizan m\u00e9todos m\u00ednimamente invasivos, permiten una recuperaci\u00f3n [&hellip;]<\/p>\n","protected":false},"author":6,"featured_media":0,"parent":2504,"menu_order":0,"comment_status":"closed","ping_status":"closed","template":"","meta":{"footnotes":""},"class_list":["post-17955","page","type-page","status-publish","hentry"],"_links":{"self":[{"href":"https:\/\/drterziler.com\/es\/wp-json\/wp\/v2\/pages\/17955","targetHints":{"allow":["GET"]}}],"collection":[{"href":"https:\/\/drterziler.com\/es\/wp-json\/wp\/v2\/pages"}],"about":[{"href":"https:\/\/drterziler.com\/es\/wp-json\/wp\/v2\/types\/page"}],"author":[{"embeddable":true,"href":"https:\/\/drterziler.com\/es\/wp-json\/wp\/v2\/users\/6"}],"replies":[{"embeddable":true,"href":"https:\/\/drterziler.com\/es\/wp-json\/wp\/v2\/comments?post=17955"}],"version-history":[{"count":13,"href":"https:\/\/drterziler.com\/es\/wp-json\/wp\/v2\/pages\/17955\/revisions"}],"predecessor-version":[{"id":59888,"href":"https:\/\/drterziler.com\/es\/wp-json\/wp\/v2\/pages\/17955\/revisions\/59888"}],"up":[{"embeddable":true,"href":"https:\/\/drterziler.com\/es\/wp-json\/wp\/v2\/pages\/2504"}],"wp:attachment":[{"href":"https:\/\/drterziler.com\/es\/wp-json\/wp\/v2\/media?parent=17955"}],"curies":[{"name":"wp","href":"https:\/\/api.w.org\/{rel}","templated":true}]}}