{"id":17988,"date":"2025-01-28T10:27:31","date_gmt":"2025-01-28T10:27:31","guid":{"rendered":"https:\/\/drterziler.com\/estetica-medica\/tamamlayici-tip-getat-uygulamalari\/"},"modified":"2026-04-06T11:53:19","modified_gmt":"2026-04-06T11:53:19","slug":"tratamientos-getat-de-medicina-complementaria","status":"publish","type":"page","link":"https:\/\/drterziler.com\/es\/estetica-medica\/tratamientos-getat-de-medicina-complementaria\/","title":{"rendered":"Tratamientos GETAT de Medicina Complementaria"},"content":{"rendered":"<div class=\"page-content\">\n<div id=\"header-area\">\n<div class=\"container\" id=\"firstContent\">\n<div class=\"header-content d-flex flex-column\">\n<h1 class=\"content-title h1-header\">Tratamientos GETAT de Medicina Complementaria<\/h1>\n<div class=\"content-paragraph\">\n<p class=\"p-text\">La medicina complementaria (GETAT) es un campo de tratamiento que tiene como objetivo apoyar al cuerpo con m\u00e9todos de curaci\u00f3n naturales y hol\u00edsticos junto con la medicina convencional. Estas pr\u00e1cticas no solo ayudan a los procesos de curaci\u00f3n del cuerpo, sino que tambi\u00e9n tienen como objetivo mejorar el bienestar mental y f\u00edsico de una persona al m\u00e1ximo nivel.<\/p>\n<\/p><\/div>\n<nav aria-label=\"breadcrumb\" class=\"breadcrumbs\">\n<ul class=\"d-flex align-items-center mb-0\">\n<li><a class=\"link\" href=\"https:\/\/drterziler.com\/es\"><span>Dr. Terziler<\/span><\/a><\/li>\n<li class=\"separator\">\u00bb<\/li>\n<li><a class=\"link\" href=\"https:\/\/drterziler.com\/es\/estetica-medica\/\"><span>Est\u00e9tica m\u00e9dica<\/span><\/a><\/li>\n<li class=\"separator\">\u00bb<\/li>\n<li class=\"current-page\"><span>Tratamientos GETAT de Medicina Complementaria<\/span><\/li>\n<\/ul>\n<\/nav><\/div>\n<\/p><\/div>\n<\/p><\/div>\n<\/div>\n<section id=\"content-area\">\n<div class=\"container my-5\">\n<div class=\"row align-items-start\">\n<div class=\"col-md-6 order-2 order-md-1\">\n<div class=\"custom-toc-box\">\n<div id=\"toc-header\">\n<h4>\u00cdndice<\/h4>\n<div class=\"toc-toggle-icon\"><\/div>\n<\/p><\/div>\n<div class=\"toc-full-divider\"><\/div>\n<div id=\"toc-body\">\n<div id=\"toc-container\"><\/div>\n<\/p><\/div>\n<\/p><\/div>\n<\/p><\/div>\n<div class=\"col-md-6 order-1 order-md-2\" id=\"jForm\">\n                <script type=\"text\/javascript\" src=\"https:\/\/form.jotform.com\/jsform\/242881767918979\"><\/script>\n            <\/div>\n<\/p><\/div>\n<\/p><\/div>\n<div class=\"container\">\n<div class=\"img-thumb\">\n            <img decoding=\"async\" src=\"https:\/\/drterziler.com\/wp-content\/uploads\/2025\/01\/Tamamlayici-Tip-GETAT-Uygulamalari.webp\" loading=\"lazy\" alt=\"\">\n        <\/div>\n<div>\n<div>\n<h2 class=\"h2-header\">Aplicaciones de la Medicina Complementaria (GETAT)<\/h2>\n<\/p><\/div>\n<div>\n<p class=\"p-text\">La medicina complementaria (GETAT) es un campo de tratamiento que tiene como objetivo apoyar al cuerpo con m\u00e9todos de curaci\u00f3n naturales y hol\u00edsticos junto con la medicina convencional. Estas aplicaciones no solo apoyan los procesos de curaci\u00f3n del cuerpo, sino que tambi\u00e9n buscan elevar la salud mental y f\u00edsica de una persona al m\u00e1s alto nivel. La terapia de ozono 10X, las aplicaciones de mesoterapia y el Elixir de la Juventud son solo algunos de nuestros tratamientos complementarios populares.<\/p>\n<\/p><\/div>\n<\/p><\/div>\n<div>\n<div>\n<h2 class=\"h2-header\">\u00bfQu\u00e9 Son las Aplicaciones de Medicina Complementaria (GETAT)?<\/h2>\n<\/p><\/div>\n<div>\n<p class=\"p-text\">La medicina complementaria proporciona un enfoque de salud integrativo al ofrecer m\u00e9todos de tratamiento alternativos junto con la medicina convencional. Se utilizan m\u00e9todos naturales y t\u00e9cnicas de tratamiento para mejorar la capacidad de auto-curaci\u00f3n del cuerpo. Este tipo de tratamiento combina aplicaciones alternativas para mantener el equilibrio f\u00edsico, mental y emocional.<\/p>\n<\/p><\/div>\n<\/p><\/div>\n<div>\n<div>\n<h2 class=\"h2-header\">\u00bfCu\u00e1les Son los Beneficios de las Aplicaciones de Medicina Complementaria (GETAT)?<\/h2>\n<\/p><\/div>\n<div>\n<p class=\"p-text\">Hace hincapi\u00e9 en la curaci\u00f3n natural. Aumenta la energ\u00eda y vitalidad. Fortalece el sistema inmunol\u00f3gico. Proporciona relajaci\u00f3n mental. Reduce el estr\u00e9s y la ansiedad. Ayuda en el manejo del dolor. Acelera el proceso de curaci\u00f3n. Planes de tratamiento personalizados.<\/p>\n<\/p><\/div>\n<\/p><\/div>\n<div>\n<div>\n<h2 class=\"h2-header\">\u00bfPara Qui\u00e9n Es Adecuado?<\/h2>\n<\/p><\/div>\n<div>\n<p class=\"p-text\">Aquellos que buscan manejar el estr\u00e9s. Personas que buscan tratamientos naturales. Aquellos que experimentan fatiga cr\u00f3nica e insomnio. Personas con enfermedades cr\u00f3nicas. Aquellos que necesitan terapia para el alivio del dolor. Individuos que buscan claridad mental. Personas que desean reforzar su sistema inmunol\u00f3gico. Aquellos en un proceso de recuperaci\u00f3n f\u00edsica. Individuos que buscan tratamientos no quir\u00fargicos.<\/p>\n<\/p><\/div>\n<\/p><\/div>\n<div>\n<div>\n<h2 class=\"h2-header\">\u00bfPor Qu\u00e9 Es Popular la Medicina Complementaria?<\/h2>\n<\/p><\/div>\n<div>\n<p class=\"p-text\">Hoy en d\u00eda, m\u00e1s personas recurren a enfoques naturales y hol\u00edsticos en sus procesos de salud y curaci\u00f3n. El estr\u00e9s y los problemas de salud derivados de la vida moderna han aumentado la popularidad de estos tratamientos. Adem\u00e1s, los efectos secundarios m\u00ednimos y los enfoques de tratamiento personalizados hacen que este campo sea atractivo. Las personas pueden apoyar los procesos naturales de curaci\u00f3n de su cuerpo mientras logran un equilibrio mental.<\/p>\n<\/p><\/div>\n<\/p><\/div>\n<div>\n<div>\n<h2 class=\"h2-header\">\u00bfC\u00f3mo Se Aplica?<\/h2>\n<\/p><\/div>\n<div>\n<p class=\"p-text\">Las aplicaciones de medicina complementaria generalmente son realizadas por un m\u00e9dico o terapeuta especializado. Primero, se eval\u00faa el estado general de salud de la persona y se crea un plan de tratamiento personalizado. Se seleccionan y aplican diversos m\u00e9todos como la terapia de ozono 10X, el Elixir de la Juventud o la mesoterapia, seg\u00fan las necesidades del paciente. El proceso de tratamiento generalmente se lleva a cabo en m\u00faltiples sesiones, y el estado del paciente se eval\u00faa despu\u00e9s de cada sesi\u00f3n. Los m\u00e9todos de aplicaci\u00f3n generalmente consisten en t\u00e9cnicas no invasivas, naturales y relajantes. Cada m\u00e9todo utilizado durante el tratamiento est\u00e1 dise\u00f1ado para mejorar la calidad de vida del paciente.<\/p>\n<\/p><\/div>\n<\/p><\/div>\n<div>\n<div>\n<h2 class=\"h2-header\">\u00bfHay Dolor o Molestias?<\/h2>\n<\/p><\/div>\n<div>\n<p class=\"p-text\">El procedimiento es casi indoloro o solo involucra una molestia muy leve. T\u00edpicamente se utilizan agujas finas, pero debido a que son extremadamente delgadas, rara vez se siente dolor. Aunque puede haber una ligera incomodidad durante el procedimiento, generalmente se considera una se\u00f1al de que el tratamiento est\u00e1 siendo efectivo. El terapeuta o especialista garantiza la comodidad del paciente durante todo el procedimiento.<\/p>\n<\/p><\/div>\n<\/p><\/div>\n<div>\n<div>\n<h2 class=\"h2-header\">\u00bfCu\u00e1nto Tiempo Toma Sanar?<\/h2>\n<\/p><\/div>\n<div>\n<p class=\"p-text\">El per\u00edodo de recuperaci\u00f3n puede variar dependiendo del m\u00e9todo de tratamiento y el estado de salud del individuo. En la mayor\u00eda de las aplicaciones de medicina complementaria, se puede sentir un alivio inmediato, y el proceso de curaci\u00f3n puede acelerarse. Durante el per\u00edodo de aplicaci\u00f3n, nuestros especialistas realizan seguimientos regulares para optimizar el proceso y mejorar su eficiencia.<\/p>\n<\/p><\/div>\n<\/p><\/div>\n<div>\n<div>\n<h2 class=\"h2-header\">\u00bfPor Qu\u00e9 Elegir la Cl\u00ednica Exclusiva Dr. Terziler?<\/h2>\n<\/p><\/div>\n<div>\n<p class=\"p-text\">El Dr. Terziler, con experiencia internacionalmente reconocida y un enfoque est\u00e9tico que combina arte y ciencia, ofrece soluciones personalizadas que brindan no solo una transformaci\u00f3n f\u00edsica, sino tambi\u00e9n emocional. Nuestra cl\u00ednica, equipada con tecnolog\u00edas avanzadas y construida sobre los principios de comodidad y seguridad, adopta la perfecci\u00f3n como su filosof\u00eda central. Porque aqu\u00ed, cada toque est\u00e1 dise\u00f1ado para mejorar su salud hol\u00edstica y felicidad.<\/p>\n<\/p><\/div>\n<\/p><\/div>\n<\/p><\/div>\n<\/section>\n","protected":false},"excerpt":{"rendered":"<p>Tratamientos GETAT de Medicina Complementaria La medicina complementaria (GETAT) es un campo de tratamiento que tiene como objetivo apoyar al cuerpo con m\u00e9todos de curaci\u00f3n naturales y hol\u00edsticos junto con la medicina convencional. Estas pr\u00e1cticas no solo ayudan a los procesos de curaci\u00f3n del cuerpo, sino que tambi\u00e9n tienen como objetivo mejorar el bienestar mental [&hellip;]<\/p>\n","protected":false},"author":6,"featured_media":0,"parent":2504,"menu_order":0,"comment_status":"closed","ping_status":"closed","template":"","meta":{"footnotes":""},"class_list":["post-17988","page","type-page","status-publish","hentry"],"_links":{"self":[{"href":"https:\/\/drterziler.com\/es\/wp-json\/wp\/v2\/pages\/17988","targetHints":{"allow":["GET"]}}],"collection":[{"href":"https:\/\/drterziler.com\/es\/wp-json\/wp\/v2\/pages"}],"about":[{"href":"https:\/\/drterziler.com\/es\/wp-json\/wp\/v2\/types\/page"}],"author":[{"embeddable":true,"href":"https:\/\/drterziler.com\/es\/wp-json\/wp\/v2\/users\/6"}],"replies":[{"embeddable":true,"href":"https:\/\/drterziler.com\/es\/wp-json\/wp\/v2\/comments?post=17988"}],"version-history":[{"count":14,"href":"https:\/\/drterziler.com\/es\/wp-json\/wp\/v2\/pages\/17988\/revisions"}],"predecessor-version":[{"id":59890,"href":"https:\/\/drterziler.com\/es\/wp-json\/wp\/v2\/pages\/17988\/revisions\/59890"}],"up":[{"embeddable":true,"href":"https:\/\/drterziler.com\/es\/wp-json\/wp\/v2\/pages\/2504"}],"wp:attachment":[{"href":"https:\/\/drterziler.com\/es\/wp-json\/wp\/v2\/media?parent=17988"}],"curies":[{"name":"wp","href":"https:\/\/api.w.org\/{rel}","templated":true}]}}