{"id":18021,"date":"2025-01-28T10:41:00","date_gmt":"2025-01-28T10:41:00","guid":{"rendered":"https:\/\/drterziler.com\/estetica-medica\/ozon-terapi\/"},"modified":"2026-03-06T23:43:50","modified_gmt":"2026-03-06T23:43:50","slug":"ozonoterapia","status":"publish","type":"page","link":"https:\/\/drterziler.com\/es\/estetica-medica\/ozonoterapia\/","title":{"rendered":"Ozonoterapia"},"content":{"rendered":"<div class=\"page-content\">\n<div id=\"header-area\">\n<div class=\"container\" id=\"firstContent\">\n<div class=\"header-content d-flex flex-column\">\n<h1 class=\"content-title h1-header\">Ozonoterapia<\/h1>\n<div class=\"content-paragraph\">\n<p class=\"p-text\">La ozonoterapia es un m\u00e9todo de tratamiento que ha ganado atenci\u00f3n en los \u00faltimos a\u00f1os por sus efectos sobre la salud de la piel. El ozono es una forma de ox\u00edgeno compuesta por tres \u00e1tomos y presenta fuertes propiedades antioxidantes. El uso del ozono en tratamientos de la piel cubre una amplia gama de \u00e1reas, desde efectos antienvejecimiento hasta el tratamiento del acn\u00e9.<\/p>\n<\/p><\/div>\n<nav aria-label=\"breadcrumb\" class=\"breadcrumbs\">\n<ul class=\"d-flex align-items-center mb-0\">\n<li><a class=\"link\" href=\"https:\/\/drterziler.com\/es\/\"><span>Dr. Terziler<\/span><\/a><\/li>\n<li class=\"separator\">\u00bb<\/li>\n<li><a class=\"link\" href=\"https:\/\/drterziler.com\/es\/estetica-medica\/\"><span>Est\u00e9tica m\u00e9dica<\/span><\/a><\/li>\n<li class=\"separator\">\u00bb<\/li>\n<li class=\"current-page\"><span>Ozonoterapia<\/span><\/li>\n<\/ul>\n<\/nav><\/div>\n<\/p><\/div>\n<\/p><\/div>\n<\/div>\n<section id=\"content-area\">\n<div class=\"container my-5\">\n<div class=\"row align-items-start\">\n<div class=\"col-md-6 order-2 order-md-1\">\n<div class=\"custom-toc-box\">\n<div id=\"toc-header\">\n<h4>\u00cdndice<\/h4>\n<div class=\"toc-toggle-icon\"><\/div>\n<\/p><\/div>\n<div class=\"toc-full-divider\"><\/div>\n<div id=\"toc-body\">\n<div id=\"toc-container\"><\/div>\n<\/p><\/div>\n<\/p><\/div>\n<\/p><\/div>\n<div class=\"col-md-6 order-1 order-md-2\" id=\"jForm\">\n                <script type=\"text\/javascript\" src=\"https:\/\/form.jotform.com\/jsform\/242881767918979\"><\/script>\n            <\/div>\n<\/p><\/div>\n<\/p><\/div>\n<div class=\"container\">\n<div class=\"img-thumb\">\n            <img decoding=\"async\" src=\"https:\/\/drterziler.com\/wp-content\/uploads\/2025\/02\/Ozon-Terapi1.webp\" loading=\"lazy\" alt=\"\">\n        <\/div>\n<div>\n<div>\n<h2 class=\"h2-header\">\u00bfQu\u00e9 Es la Terapia de Ozono y C\u00f3mo Afecta la Piel?<\/h2>\n<\/p><\/div>\n<div>\n<p class=\"p-text\">La terapia de ozono consiste en mezclar gas ozono con sangre extra\u00edda del paciente, que luego se reintroduce en el cuerpo a trav\u00e9s de suero. El ozono ayuda a regenerar y revitalizar la piel, mientras refuerza el sistema inmunol\u00f3gico. Aumenta los niveles de ox\u00edgeno en la piel, ayudando a lograr una apariencia m\u00e1s saludable y brillante. Adem\u00e1s, tiene un impacto positivo en las imperfecciones de la piel y los signos de envejecimiento.<\/p>\n<\/p><\/div>\n<\/p><\/div>\n<div>\n<div>\n<h2 class=\"h2-header\">\u00bfQu\u00e9 Problemas de Piel Ayuda a Resolver la Terapia de Ozono?<\/h2>\n<\/p><\/div>\n<div>\n<p class=\"p-text\">Acn\u00e9 y cicatrices de acn\u00e9 Sequedad excesiva y sensibilidad Imperfecciones de la piel e hiperpigmentaci\u00f3n Arrugas finas y p\u00e9rdida de elasticidad Pores dilatados y puntos negros Irregularidades en el tono de la piel Da\u00f1o solar y envejecimiento prematuro<\/p>\n<\/p><\/div>\n<\/p><\/div>\n<div>\n<div>\n<h2 class=\"h2-header\">Beneficios de la Terapia de Ozono<\/h2>\n<\/p><\/div>\n<div>\n<p class=\"p-text\">Limpia profundamente la piel Acelera la regeneraci\u00f3n celular Aumenta la producci\u00f3n de col\u00e1geno Tonifica y revitaliza la piel Apoya la circulaci\u00f3n sangu\u00ednea Desintoxica eliminando toxinas Fortalece la barrera cut\u00e1nea Proporciona una apariencia juvenil y saludable<\/p>\n<\/p><\/div>\n<\/p><\/div>\n<div>\n<div>\n<h2 class=\"h2-header\">\u00bfC\u00f3mo Afecta la Terapia de Ozono las Arrugas y las Imperfecciones?<\/h2>\n<\/p><\/div>\n<div>\n<p class=\"p-text\">El ozono penetra en las capas profundas de la piel, estimulando la producci\u00f3n de col\u00e1geno y elastina. Esto reduce la apariencia de las arrugas mientras aclara el color de las imperfecciones y proporciona un tono de piel m\u00e1s uniforme. Gracias a su efecto antioxidante, neutraliza los radicales libres y retrasa los signos de envejecimiento.<\/p>\n<\/p><\/div>\n<\/p><\/div>\n<div>\n<div>\n<h2 class=\"h2-header\">\u00bfLa Terapia de Ozono Ayuda con los Disc\u00f3tipos Herniados?<\/h2>\n<\/p><\/div>\n<div>\n<p class=\"p-text\">S\u00ed, la terapia de ozono se utiliza como tratamiento alternativo y complementario para los disc\u00f3tipos herniados. El ozono reduce la inflamaci\u00f3n localizada, aumenta la circulaci\u00f3n sangu\u00ednea, acelera el proceso de curaci\u00f3n y alivia el dolor. Sin embargo, su idoneidad para cada paciente requiere una evaluaci\u00f3n experta.<\/p>\n<\/p><\/div>\n<\/p><\/div>\n<div>\n<div>\n<h2 class=\"h2-header\">\u00bfPara Qui\u00e9n Es Adecuada la Terapia de Ozono?<\/h2>\n<\/p><\/div>\n<div>\n<p class=\"p-text\">Aquellos que buscan rejuvenecimiento de la piel Personas con problemas de acn\u00e9 e imperfecciones Aquellos que sufren de fatiga cr\u00f3nica Personas con problemas circulatorios Aquellos que desean fortalecer su sistema inmunol\u00f3gico Personas que quieren aumentar su resistencia a infecciones Aquellos que desean desintoxicar su cuerpo Personas que buscan mejorar la elasticidad de la piel<\/p>\n<\/p><\/div>\n<\/p><\/div>\n<div>\n<div>\n<h2 class=\"h2-header\">\u00bfQu\u00e9 Tipos de Piel Son Adecuados para la Terapia de Ozono?<\/h2>\n<\/p><\/div>\n<div>\n<p class=\"p-text\">La terapia de ozono es adecuada para todo tipo de piel. Regula el equilibrio de sebo en la piel grasa, hidrata la piel seca y proporciona efectos rejuvenecedores en la piel sensible. Tambi\u00e9n es un m\u00e9todo seguro y eficaz para individuos con problemas dermatol\u00f3gicos.<\/p>\n<\/p><\/div>\n<\/p><\/div>\n<div>\n<div>\n<h2 class=\"h2-header\">\u00bfC\u00f3mo Se Aplica la Terapia de Ozono?<\/h2>\n<\/p><\/div>\n<div>\n<p class=\"p-text\">La terapia de ozono se aplica en nuestra cl\u00ednica utilizando el m\u00e9todo de suero ozonizado. En este m\u00e9todo, el suero ozonizado especialmente preparado se administra por v\u00eda intravenosa, aumentando la oxigenaci\u00f3n en las c\u00e9lulas y apoyando el proceso de renovaci\u00f3n. El procedimiento se realiza en un entorno completamente est\u00e9ril y c\u00f3modo, y se completa r\u00e1pidamente. Despu\u00e9s del tratamiento, la persona puede regresar inmediatamente a su vida diaria.<\/p>\n<\/p><\/div>\n<\/p><\/div>\n<\/p><\/div>\n<\/section>\n","protected":false},"excerpt":{"rendered":"<p>Ozonoterapia La ozonoterapia es un m\u00e9todo de tratamiento que ha ganado atenci\u00f3n en los \u00faltimos a\u00f1os por sus efectos sobre la salud de la piel. El ozono es una forma de ox\u00edgeno compuesta por tres \u00e1tomos y presenta fuertes propiedades antioxidantes. El uso del ozono en tratamientos de la piel cubre una amplia gama de [&hellip;]<\/p>\n","protected":false},"author":6,"featured_media":0,"parent":2504,"menu_order":0,"comment_status":"closed","ping_status":"closed","template":"","meta":{"footnotes":""},"class_list":["post-18021","page","type-page","status-publish","hentry"],"_links":{"self":[{"href":"https:\/\/drterziler.com\/es\/wp-json\/wp\/v2\/pages\/18021","targetHints":{"allow":["GET"]}}],"collection":[{"href":"https:\/\/drterziler.com\/es\/wp-json\/wp\/v2\/pages"}],"about":[{"href":"https:\/\/drterziler.com\/es\/wp-json\/wp\/v2\/types\/page"}],"author":[{"embeddable":true,"href":"https:\/\/drterziler.com\/es\/wp-json\/wp\/v2\/users\/6"}],"replies":[{"embeddable":true,"href":"https:\/\/drterziler.com\/es\/wp-json\/wp\/v2\/comments?post=18021"}],"version-history":[{"count":13,"href":"https:\/\/drterziler.com\/es\/wp-json\/wp\/v2\/pages\/18021\/revisions"}],"predecessor-version":[{"id":59894,"href":"https:\/\/drterziler.com\/es\/wp-json\/wp\/v2\/pages\/18021\/revisions\/59894"}],"up":[{"embeddable":true,"href":"https:\/\/drterziler.com\/es\/wp-json\/wp\/v2\/pages\/2504"}],"wp:attachment":[{"href":"https:\/\/drterziler.com\/es\/wp-json\/wp\/v2\/media?parent=18021"}],"curies":[{"name":"wp","href":"https:\/\/api.w.org\/{rel}","templated":true}]}}