{"id":2433,"date":"2024-08-12T17:11:21","date_gmt":"2024-08-12T17:11:21","guid":{"rendered":"https:\/\/drterziler.com\/dr-servet-terziler\/"},"modified":"2026-03-08T14:37:26","modified_gmt":"2026-03-08T14:37:26","slug":"dr-servet-terziler","status":"publish","type":"page","link":"https:\/\/drterziler.com\/es\/dr-servet-terziler\/","title":{"rendered":"Dr. Servet Terziler"},"content":{"rendered":"<div class=\"page-content\">\n<div id=\"header-area\">\n<div class=\"container\" id=\"firstContent\">\n<div class=\"header-content d-flex flex-column\">\n<h1 class=\"content-title h1-header\">Dr. Servet Terziler<\/h1>\n<div class=\"content-paragraph\">\n<p class=\"p-text\">\n<\/div>\n<nav aria-label=\"breadcrumb\" class=\"breadcrumbs\">\n<ul class=\"d-flex align-items-center mb-0\">\n<li><a class=\"link\" href=\"https:\/\/drterziler.com\/es\/\"><span>Dr. Terziler<\/span><\/a><\/li>\n<li class=\"separator\">\u00bb<\/li>\n<li class=\"current-page\"><span>Dr. Servet Terziler<\/span><\/li>\n<\/ul>\n<\/nav><\/div>\n<\/p><\/div>\n<\/p><\/div>\n<\/div>\n<section id=\"content-area\">\n<div class=\"container g-0 w-100\">\n<div class=\"col-lg-12 col-12 tour-video\">\n<div class=\"video-wrapper\">\n<iframe\ndata-src=\"https:\/\/www.youtube-nocookie.com\/embed\/Z1pQZbFH3BA\"\nframeborder=\"0\"\nallow=\"encrypted-media; picture-in-picture\"\nallowfullscreen><br \/>\n<\/iframe>\n      <\/div>\n<\/p><\/div>\n<\/p><\/div>\n<div class=\"container\">\n<div>\n<div>\n<h2 class=\"h2-header\"><\/h2>\n<\/p><\/div>\n<div>\n<p class=\"p-text\">Con 35 a\u00f1os de experiencia y miles de operaciones exitosas, el Dr. Terziler, conocido como el \u00abPicasso del Cabello\u00bb, ofrece soluciones est\u00e9ticas naturales y permanentes a hu\u00e9spedes de todo el mundo. A trav\u00e9s de sus experiencias en conferencias en Europa y EE. UU. y su trabajo innovador, Terziler introdujo el primer robot de trasplante capilar en Turqu\u00eda y es tambi\u00e9n el \u00fanico m\u00e9dico en el mundo que utiliza la pluma de punta de zafiro m\u00e1s delgada.<\/p>\n<\/p><\/div>\n<\/p><\/div>\n<div>\n<div>\n<p class=\"p-text\">Desde tratamientos regenerativos apoyados por c\u00e9lulas madre hasta aplicaciones androl\u00f3gicas, Dr. Terziler Exclusive Clinic desarrolla soluciones de pr\u00f3xima generaci\u00f3n e invita a una experiencia 100% personalizada donde el arte se une a la ciencia. Detr\u00e1s de esta impresionante carrera se encuentra no solo el conocimiento, sino tambi\u00e9n una visi\u00f3n moldeada por la perseverancia, un esp\u00edritu que lucha por la perfecci\u00f3n y una pasi\u00f3n infinita por el aprendizaje.<\/p>\n<\/p><\/div>\n<\/p><\/div>\n<div>\n<div>\n<p class=\"p-text\">El Dr. Terziler naci\u00f3 en Estambul en 1968. Desde joven destac\u00f3 por su car\u00e1cter disciplinado, trabajador y decidido. Tras graduarse como el mejor de su clase en el Kabata\u015f Boys\u2019 High School \u2014una de las escuelas m\u00e1s prestigiosas de Turqu\u00eda\u2014 ingres\u00f3 en la Facultad de Medicina de la Universidad de Estambul con un \u00e9xito sobresaliente en el examen nacional universitario. En 1991 se gradu\u00f3 con honores, sentando las bases de lo que se convertir\u00eda en una carrera reconocida internacionalmente. Tras su graduaci\u00f3n, comenz\u00f3 r\u00e1pidamente su formaci\u00f3n en trasplante capilar, recibiendo educaci\u00f3n avanzada en t\u00e9cnicas de trasplante capilar, cirug\u00eda capilar rob\u00f3tica y tratamientos capilares avanzados tanto en Turqu\u00eda como en el extranjero. Estos esfuerzos se convirtieron en los primeros pasos para establecer centros de trasplante capilar en Turqu\u00eda y crear un nuevo est\u00e1ndar que alcanz\u00f3 la excelencia global.<\/p>\n<\/p><\/div>\n<\/p><\/div>\n<div>\n<div>\n<p class=\"p-text\">Su primera aventura en la gesti\u00f3n sanitaria comenz\u00f3 en 1996, cuando reuni\u00f3 a 10 colegas m\u00e9dicos para fundar el \u00abOnur Medical Center\u00bb. A lo largo de su carrera, tambi\u00e9n trabaj\u00f3 en el \u00abG\u00f6ztepe Marmara Medical Center\u00bb (2001), el \u00abBah\u00e7elievler Marmara Medical Center\u00bb (2002) y el \u00ab\u00dcmraniye Medical Center\u00bb (2003). En 2005, el Ministerio de Salud de Turqu\u00eda le concedi\u00f3 el t\u00edtulo de \u00abM\u00e9dico Est\u00e9tico M\u00e9dico\u00bb. Entre 2004 y 2021, se desempe\u00f1\u00f3 como cofundador y presidente de la junta directiva de \u00abEsteworld Health Group\u00bb, que prestaba servicios en los campos de \u00abTrasplante y Tratamientos Capilares\u00bb, \u00abCirug\u00eda Pl\u00e1stica\u00bb, \u00abEst\u00e9tica M\u00e9dica\u00bb y \u00abSalud y Est\u00e9tica Oral y Dental\u00bb.<\/p>\n<\/p><\/div>\n<\/p><\/div>\n<div>\n<div>\n<p class=\"p-text\">Hoy en d\u00eda, el Dr. Terziler contin\u00faa su labor bajo el techo de Dr. Terziler Exclusive Clinic, ubicada en el prestigioso distrito de Etiler en Estambul. La cl\u00ednica ofrece soluciones de clase mundial en \u00e1reas como el trasplante y la restauraci\u00f3n capilar, medicina regenerativa y salud sexual, tratamientos con c\u00e9lulas madre, pr\u00e1cticas de longevidad, salud oral y dental, y est\u00e9tica m\u00e9dica.<\/p>\n<\/p><\/div>\n<\/p><\/div>\n<div>\n<div>\n<p class=\"p-text\">Dr. Terziler Exclusive Clinic ofrece una experiencia de tratamiento de primera clase con su robot de trasplante capilar patentado, una infraestructura tecnol\u00f3gica avanzada, el certificado de acreditaci\u00f3n internacional AACI y una cl\u00ednica moderna que ha sido galardonada con los \u00abEuropean Property Awards\u00bb. De este modo, la cl\u00ednica ofrece cada d\u00eda confianza, comodidad y resultados permanentes garantizados a hu\u00e9spedes de todo el mundo, brind\u00e1ndoles la experiencia de la excelencia est\u00e9tica.<\/p>\n<\/p><\/div>\n<\/p><\/div>\n<div>\n<div>\n<p class=\"p-text\">Adem\u00e1s de desempe\u00f1arse como presidente de la junta directiva de su propia cl\u00ednica, el Dr. Terziler es el fundador y presidente de T\u00dcSATDER (Asociaci\u00f3n Internacional de Turismo M\u00e9dico). Sus columnas sobre el \u00abBuen Vivir\u00bb se han publicado en el peri\u00f3dico D\u00fcnya, y contin\u00faa compartiendo sus conocimientos en la secci\u00f3n de salud del peri\u00f3dico Sabah. Tambi\u00e9n es autor del libro de 2016 La fuerza viene de la debilidad y orgulloso padre de una hija.<\/p>\n<\/p><\/div>\n<\/p><\/div>\n<\/p><\/div>\n<\/section>\n<p>\u00ab`<\/p>\n","protected":false},"excerpt":{"rendered":"<p>Dr. Servet Terziler Dr. Terziler \u00bb Dr. Servet Terziler Con 35 a\u00f1os de experiencia y miles de operaciones exitosas, el Dr. Terziler, conocido como el \u00abPicasso del Cabello\u00bb, ofrece soluciones est\u00e9ticas naturales y permanentes a hu\u00e9spedes de todo el mundo. A trav\u00e9s de sus experiencias en conferencias en Europa y EE. UU. y su trabajo [&hellip;]<\/p>\n","protected":false},"author":6,"featured_media":0,"parent":0,"menu_order":0,"comment_status":"closed","ping_status":"closed","template":"","meta":{"footnotes":""},"class_list":["post-2433","page","type-page","status-publish","hentry"],"_links":{"self":[{"href":"https:\/\/drterziler.com\/es\/wp-json\/wp\/v2\/pages\/2433","targetHints":{"allow":["GET"]}}],"collection":[{"href":"https:\/\/drterziler.com\/es\/wp-json\/wp\/v2\/pages"}],"about":[{"href":"https:\/\/drterziler.com\/es\/wp-json\/wp\/v2\/types\/page"}],"author":[{"embeddable":true,"href":"https:\/\/drterziler.com\/es\/wp-json\/wp\/v2\/users\/6"}],"replies":[{"embeddable":true,"href":"https:\/\/drterziler.com\/es\/wp-json\/wp\/v2\/comments?post=2433"}],"version-history":[{"count":16,"href":"https:\/\/drterziler.com\/es\/wp-json\/wp\/v2\/pages\/2433\/revisions"}],"predecessor-version":[{"id":59928,"href":"https:\/\/drterziler.com\/es\/wp-json\/wp\/v2\/pages\/2433\/revisions\/59928"}],"wp:attachment":[{"href":"https:\/\/drterziler.com\/es\/wp-json\/wp\/v2\/media?parent=2433"}],"curies":[{"name":"wp","href":"https:\/\/api.w.org\/{rel}","templated":true}]}}