{"id":2447,"date":"2024-08-12T14:21:31","date_gmt":"2024-08-12T14:21:31","guid":{"rendered":"https:\/\/drterziler.com\/tratamientos-capilares\/"},"modified":"2026-03-05T23:48:06","modified_gmt":"2026-03-05T23:48:06","slug":"tratamientos-capilares","status":"publish","type":"page","link":"https:\/\/drterziler.com\/es\/tratamientos-capilares\/","title":{"rendered":"Tratamientos capilares"},"content":{"rendered":"<div class=\"page-content category-page\">\n<div id=\"header-area\">\n<div class=\"container\" id=\"firstContent\">\n<div class=\"header-content d-flex flex-column\">\n<h1 class=\"content-title\">Tratamientos Capilares<\/h1>\n<div class=\"content-paragraph\">\n<p>En los tratamientos de restauraci\u00f3n capilar, el objetivo es fortalecer el cabello existente, prevenir la ca\u00edda y mantener la salud capilar. Las aplicaciones basadas en tecnolog\u00eda avanzada, como los tratamientos con l\u00e1ser, el PRP, los factores de crecimiento y la mesoterapia, ayudan a revitalizar el cabello. Con planes de tratamiento personalizados, una experiencia de tratamiento de primera clase espera tanto a hombres como a mujeres en la Cl\u00ednica Exclusive del Dr. Terziler.<\/p>\n<\/p><\/div>\n<nav aria-label=\"breadcrumb\" class=\"breadcrumbs\">\n<ul class=\"d-flex align-items-center mb-0\">\n<li><a class=\"link\" href=\"https:\/\/drterziler.com\/es\/\"><span>Dr. Terziler<\/span><\/a><\/li>\n<li class=\"separator\">\u00bb<\/li>\n<li class=\"current-page\"><span>Tratamientos Capilares<\/span><\/li>\n<\/ul>\n<\/nav><\/div>\n<\/p><\/div>\n<\/p><\/div>\n<\/div>\n<section class=\"svc-section\">\n<div class=\"container\">\n<div class=\"svc-item right-card\">\n<div class=\"svc-media\">\n                <img decoding=\"async\" src=\"https:\/\/drterziler.com\/wp-content\/uploads\/2026\/02\/Sac-Eksozom_6_11zon.webp\" alt=\"Tratamientos con Exosomas\" style=\"transform: scaleX(-1);\" loading=\"lazy\" class=\"cat-img\">\n            <\/div>\n<div class=\"svc-card\">\n<h3 class=\"svc-title gilda\">Tratamientos con Exosomas<\/h3>\n<p class=\"svc-text barlow\">\n                    Los exosomas son estructuras microsc\u00f3picas encerradas en una membrana que las c\u00e9lulas secretan de forma natural para facilitar la comunicaci\u00f3n intercelular. Con un tama\u00f1o que suele oscilar entre los 30 y los 150 nan\u00f3metros, estas estructuras se forman a trav\u00e9s de ves\u00edculas especializadas dentro de la c\u00e9lula e influyen en otras c\u00e9lulas transportando informaci\u00f3n biol\u00f3gica.\n                <\/p>\n<p>                <a class=\"btn-details barlow-condensed\" href=\"https:\/\/drterziler.com\/es\/tratamientos-capilares\/exosomas\/exosomas-para-el-tratamiento-capilar\/\">DETALLES<\/a>\n            <\/div>\n<\/p><\/div>\n<div class=\"svc-item left-card\">\n<div class=\"svc-media\">\n                <img decoding=\"async\" src=\"https:\/\/drterziler.com\/wp-content\/uploads\/2025\/04\/HAIR-ELIXIR.webp\" alt=\"Hair Elixir\" loading=\"lazy\" class=\"cat-img\">\n            <\/div>\n<div class=\"svc-card\">\n<h3 class=\"svc-title gilda\">Elixir Capilar<\/h3>\n<p class=\"svc-text barlow\">\n                    El tratamiento Hair Elixir consiste en inyectar en el cuero cabelludo plasma enriquecido, derivado de las propias c\u00e9lulas madre del paciente. Este proceso nutre el cuero cabelludo y proporciona factores de crecimiento reparadores, fortaleciendo eficazmente las hebras de cabello existentes y favoreciendo el crecimiento de cabello nuevo.\n                <\/p>\n<p>                <a class=\"btn-details barlow-condensed\" href=\"https:\/\/drterziler.com\/es\/tratamientos-capilares\/elixir-capilar\/\">DETALLES<\/a>\n            <\/div>\n<\/p><\/div>\n<div class=\"svc-item right-card\">\n<div class=\"svc-media\">\n                <img decoding=\"async\" src=\"https:\/\/drterziler.com\/wp-content\/uploads\/2026\/02\/Tricho-Test_8_11zon.webp\" alt=\"Tratamientos con Exosomas\" loading=\"lazy\" class=\"cat-img\">\n            <\/div>\n<div class=\"svc-card\">\n<h3 class=\"svc-title gilda\">Prueba Tricho<\/h3>\n<p class=\"svc-text barlow\">\n                    A trav\u00e9s de un plan de cuidados personalizado, se analizan a fondo las necesidades espec\u00edficas del cabello en personas con p\u00e9rdida de cabello gen\u00e9tica. Tras enviar las muestras a un laboratorio gen\u00e9tico en Espa\u00f1a, se eval\u00faan 50 marcadores de ADN diferentes y el proceso de tratamiento comienza con un suero formulado a medida para cada individuo.\n                <\/p>\n<p>                <a class=\"btn-details barlow-condensed\" href=\"https:\/\/drterziler.com\/es\/tratamientos-capilares\/prueba-tricho\/\">DETALLES<\/a>\n            <\/div>\n<\/p><\/div>\n<div class=\"svc-item left-card\">\n<div class=\"svc-media\">\n                <img decoding=\"async\" src=\"https:\/\/drterziler.com\/wp-content\/uploads\/2026\/02\/HAIR-LASER_3_11zon.webp\" alt=\"Hair Elixir\" loading=\"lazy\" class=\"cat-img\">\n            <\/div>\n<div class=\"svc-card\">\n<h3 class=\"svc-title gilda\">Tratamiento L\u00e1ser Capilar<\/h3>\n<p class=\"svc-text barlow\">\n                    El tratamiento capilar con l\u00e1ser utiliza tecnolog\u00eda l\u00e1ser avanzada para aumentar la actividad bajo el cuero cabelludo, fortaleciendo el cabello existente, revitalizando los fol\u00edculos pilosos inactivos y promoviendo el crecimiento de nuevo cabello en zonas con p\u00e9rdida capilar. Los rayos l\u00e1ser de baja temperatura ofrecen un procedimiento completamente indoloro, sin riesgos m\u00e9dicos ni da\u00f1os para el cuero cabelludo o el cabello.\n                <\/p>\n<p>                <a class=\"btn-details barlow-condensed\" href=\"https:\/\/drterziler.com\/es\/tratamientos-capilares\/terapia-laser-capilar\/\">DETALLES<\/a>\n            <\/div>\n<\/p><\/div>\n<div class=\"svc-item right-card\">\n<div class=\"svc-media\">\n                <img decoding=\"async\" src=\"https:\/\/drterziler.com\/wp-content\/uploads\/2026\/02\/GROWTH-FACTOR_1_11zon.webp\" alt=\"Tratamientos con Exosomas\" loading=\"lazy\" class=\"cat-img\">\n            <\/div>\n<div class=\"svc-card\">\n<h3 class=\"svc-title gilda\">Tratamiento de Factor de Crecimiento<\/h3>\n<p class=\"svc-text barlow\">\n                    El Factor de Crecimiento es un m\u00e9todo de tratamiento en el que se aplica al cuero cabelludo un suero personalizado que contiene vitaminas, minerales, amino\u00e1cidos y componentes restauradores mediante t\u00e9cnicas de dermapen y masaje. Este proceso nutre y estimula los fol\u00edculos pilosos inactivos, promoviendo el crecimiento de nuevo cabello y logrando un aspecto m\u00e1s denso y voluminoso.\n                <\/p>\n<p>                <a class=\"btn-details barlow-condensed\" href=\"https:\/\/drterziler.com\/es\/tratamientos-capilares\/factores-de-crecimiento\/\">DETALLES<\/a>\n            <\/div>\n<\/p><\/div>\n<div class=\"svc-item left-card\">\n<div class=\"svc-media\">\n                <img decoding=\"async\" src=\"https:\/\/drterziler.com\/wp-content\/uploads\/2026\/02\/PRP_5_11zon.webp\" alt=\"Hair Elixir\" loading=\"lazy\" class=\"cat-img\">\n            <\/div>\n<div class=\"svc-card\">\n<h3 class=\"svc-title gilda\">PRP<\/h3>\n<p class=\"svc-text barlow\">\n                    Este enfoque innovador y de base biol\u00f3gica para combatir la p\u00e9rdida de cabello consiste en el uso de PRP (Plasma Rico en Plaquetas). El PRP se obtiene de la propia sangre del paciente y es rico en plaquetas. El plasma se inyecta en el cuero cabelludo, revitalizando los fol\u00edculos pilosos y promoviendo el crecimiento de cabello nuevo.\n                <\/p>\n<p>                <a class=\"btn-details barlow-condensed\" href=\"https:\/\/drterziler.com\/es\/tratamientos-capilares\/prp\/\">DETALLES<\/a>\n            <\/div>\n<\/p><\/div>\n<div class=\"svc-item right-card\">\n<div class=\"svc-media\">\n                <img decoding=\"async\" src=\"https:\/\/drterziler.com\/wp-content\/uploads\/2026\/02\/HAIR-NAIL-KOKTEYL-1_4_11zon.webp\" alt=\"Tratamientos con Exosomas\" loading=\"lazy\" class=\"cat-img\">\n            <\/div>\n<div class=\"svc-card\">\n<h3 class=\"svc-title gilda\">Tratamiento C\u00f3ctel Cabello U\u00f1as<\/h3>\n<p class=\"svc-text barlow\">\n                    Se trata de una mezcla especialmente formulada con vitaminas naturales que crea un efecto potenciador en el cabello y las u\u00f1as. Rico en zinc, vitamina B y biotina, nutre y fortalece los fol\u00edculos pilosos, al tiempo que hace que las u\u00f1as sean m\u00e1s fuertes y lisas. Tambi\u00e9n puede utilizarse en el tratamiento de afecciones como la psoriasis y el eccema.\n                <\/p>\n<p>                <a class=\"btn-details barlow-condensed\" href=\"https:\/\/drterziler.com\/es\/tratamientos-capilares\/coctel-cabello-unas\/\">DETALLES<\/a>\n            <\/div>\n<\/p><\/div>\n<div class=\"svc-item left-card\">\n<div class=\"svc-media\">\n                <img decoding=\"async\" src=\"https:\/\/drterziler.com\/wp-content\/uploads\/2026\/02\/SAMPUANrev_7_11zon.webp\" alt=\"Hair Elixir\" loading=\"lazy\" class=\"cat-img\">\n            <\/div>\n<div class=\"svc-card\">\n<h3 class=\"svc-title gilda\">Productos para el Cuidado del Cabello<\/h3>\n<p class=\"svc-text barlow\">\n                    Con su extracto de canela, fortalece las ra\u00edces capilares y aporta resistencia al cabello. Gracias a vitaminas y minerales como la niacinamida, equilibra el cuero cabelludo. Con el extracto de semilla de comino negro, previene la ca\u00edda del cabello.\n                <\/p>\n<p>                <a class=\"btn-details barlow-condensed\" href=\"https:\/\/drterziler.com\/es\/tratamientos-capilares\/productos-para-el-cuidado-del-cabello\/\">DETALLES<\/a>\n            <\/div>\n<\/p><\/div>\n<\/p><\/div>\n<\/section>\n","protected":false},"excerpt":{"rendered":"<p>Tratamientos Capilares En los tratamientos de restauraci\u00f3n capilar, el objetivo es fortalecer el cabello existente, prevenir la ca\u00edda y mantener la salud capilar. Las aplicaciones basadas en tecnolog\u00eda avanzada, como los tratamientos con l\u00e1ser, el PRP, los factores de crecimiento y la mesoterapia, ayudan a revitalizar el cabello. Con planes de tratamiento personalizados, una experiencia [&hellip;]<\/p>\n","protected":false},"author":6,"featured_media":766,"parent":0,"menu_order":0,"comment_status":"closed","ping_status":"closed","template":"","meta":{"footnotes":""},"class_list":["post-2447","page","type-page","status-publish","has-post-thumbnail","hentry"],"_links":{"self":[{"href":"https:\/\/drterziler.com\/es\/wp-json\/wp\/v2\/pages\/2447","targetHints":{"allow":["GET"]}}],"collection":[{"href":"https:\/\/drterziler.com\/es\/wp-json\/wp\/v2\/pages"}],"about":[{"href":"https:\/\/drterziler.com\/es\/wp-json\/wp\/v2\/types\/page"}],"author":[{"embeddable":true,"href":"https:\/\/drterziler.com\/es\/wp-json\/wp\/v2\/users\/6"}],"replies":[{"embeddable":true,"href":"https:\/\/drterziler.com\/es\/wp-json\/wp\/v2\/comments?post=2447"}],"version-history":[{"count":40,"href":"https:\/\/drterziler.com\/es\/wp-json\/wp\/v2\/pages\/2447\/revisions"}],"predecessor-version":[{"id":59549,"href":"https:\/\/drterziler.com\/es\/wp-json\/wp\/v2\/pages\/2447\/revisions\/59549"}],"wp:featuredmedia":[{"embeddable":true,"href":"https:\/\/drterziler.com\/es\/wp-json\/wp\/v2\/media\/766"}],"wp:attachment":[{"href":"https:\/\/drterziler.com\/es\/wp-json\/wp\/v2\/media?parent=2447"}],"curies":[{"name":"wp","href":"https:\/\/api.w.org\/{rel}","templated":true}]}}