{"id":2463,"date":"2024-08-12T14:42:02","date_gmt":"2024-08-12T14:42:02","guid":{"rendered":"https:\/\/drterziler.com\/tratamientos-capilares\/tratamiento-con-factores-de-crecimiento\/"},"modified":"2026-04-15T14:19:32","modified_gmt":"2026-04-15T14:19:32","slug":"factores-de-crecimiento","status":"publish","type":"page","link":"https:\/\/drterziler.com\/es\/tratamientos-capilares\/factores-de-crecimiento\/","title":{"rendered":"Tratamiento con factores de crecimiento"},"content":{"rendered":"<div class=\"page-content\">\n<div id=\"header-area\">\n<div class=\"container\" id=\"firstContent\">\n<div class=\"header-content d-flex flex-column\">\n<h1 class=\"content-title h1-header\">Tratamiento con factores de crecimiento<\/h1>\n<div class=\"content-paragraph\">\n<p class=\"p-text\">El tratamiento con Factor de Crecimiento es un enfoque moderno y personalizado desarrollado para mejorar la salud del cabello y combatir su ca\u00edda. Este tratamiento se lleva a cabo aplicando en el cuero cabelludo un suero especial que contiene vitaminas, minerales, amino\u00e1cidos y componentes reconstituyentes. El proceso de aplicaci\u00f3n se optimiza utilizando un dispositivo dermapen y t\u00e9cnicas de masaje, estimulando as\u00ed los fol\u00edculos pilosos y promoviendo el crecimiento de nuevo cabello.<\/p>\n<\/p><\/div>\n<nav aria-label=\"breadcrumb\" class=\"breadcrumbs\">\n<ul class=\"d-flex align-items-center mb-0\">\n<li><a class=\"link\" href=\"https:\/\/drterziler.com\/es\/\"><span>Dr. Terziler Exclusive Clinic<\/span><\/a><\/li>\n<li class=\"separator\">\u00bb<\/li>\n<li><a class=\"link\" href=\"https:\/\/drterziler.com\/es\/tratamientos-capilares\/\"><span>Tratamientos capilares<\/span><\/a><\/li>\n<li class=\"separator\">\u00bb<\/li>\n<li class=\"current-page\"><span>Tratamiento con factores de crecimiento<\/span><\/li>\n<\/ul>\n<\/nav><\/div>\n<\/p><\/div>\n<\/p><\/div>\n<\/div>\n<section id=\"content-area\">\n<div class=\"container my-5\">\n<div class=\"row align-items-start\">\n<div class=\"col-md-6 order-2 order-md-1\">\n<div class=\"custom-toc-box\">\n<div id=\"toc-header\">\n<h4>\u00cdndice<\/h4>\n<div class=\"toc-toggle-icon\"><\/div>\n<\/p><\/div>\n<div class=\"toc-full-divider\"><\/div>\n<div id=\"toc-body\">\n<div id=\"toc-container\"><\/div>\n<\/p><\/div>\n<\/p><\/div>\n<\/p><\/div>\n<div class=\"col-md-6 order-1 order-md-2\" id=\"jForm\">\n                <script type=\"text\/javascript\" src=\"https:\/\/form.jotform.com\/jsform\/242881767918979\"><\/script>\n            <\/div>\n<\/p><\/div>\n<\/p><\/div>\n<div class=\"container\">\n<div class=\"img-thumb\">\n            <img loading=\"lazy\" decoding=\"async\" width=\"1140\" height=\"641\" src=\"https:\/\/drterziler.com\/wp-content\/uploads\/2025\/04\/GROWTH-FACTOR.webp\" alt=\"\" srcset=\"https:\/\/drterziler.com\/wp-content\/uploads\/2025\/04\/GROWTH-FACTOR.webp 1140w, https:\/\/drterziler.com\/wp-content\/uploads\/2025\/04\/GROWTH-FACTOR-300x169.webp 300w, https:\/\/drterziler.com\/wp-content\/uploads\/2025\/04\/GROWTH-FACTOR-1024x576.webp 1024w, https:\/\/drterziler.com\/wp-content\/uploads\/2025\/04\/GROWTH-FACTOR-768x432.webp 768w\" sizes=\"auto, (max-width: 1140px) 100vw, 1140px\">\n        <\/div>\n<div>\n<div>\n<h2 class=\"h2-header\">Componentes moleculares y sus efectos en los fol\u00edculos pilosos<\/h2>\n<\/p><\/div>\n<div>\n<p class=\"p-text\">El suero Factor de Crecimiento contiene nutrientes esenciales y componentes biol\u00f3gicamente activos que las ra\u00edces del cabello necesitan. Estos componentes incluyen vitaminas, minerales y amino\u00e1cidos; estas sustancias aumentan las actividades metab\u00f3licas de los fol\u00edculos pilosos y favorecen la renovaci\u00f3n celular. Los componentes restauradores reparan los da\u00f1os del cuero cabelludo, permitiendo que las ra\u00edces del cabello se desarrollen en un entorno m\u00e1s sano. Este proceso acelera la transici\u00f3n de las ra\u00edces del cabello a la fase de crecimiento activo y mejora el aspecto general del cabello.<\/p>\n<\/p><\/div>\n<\/p><\/div>\n<div>\n<div>\n<h2 class=\"h2-header\">Proceso de tratamiento: El papel del Dermapen y el masaje<\/h2>\n<\/p><\/div>\n<div>\n<p class=\"p-text\">El dispositivo dermapen utilizado en el tratamiento con Factor de Crecimiento crea canales microsc\u00f3picos en el cuero cabelludo, haciendo llegar el suero a las capas profundas. Estos microcanales inician el proceso natural de cicatrizaci\u00f3n de la piel, lo que permite transportar m\u00e1s nutrientes y ox\u00edgeno a los fol\u00edculos pilosos. Al mismo tiempo, las t\u00e9cnicas de masaje aplicadas maximizan el efecto del suero al aumentar la circulaci\u00f3n sangu\u00ednea y estimular las ra\u00edces del cabello. De este modo, se favorece tanto el fortalecimiento del cabello existente como la formaci\u00f3n de cabello nuevo.<\/p>\n<\/p><\/div>\n<\/p><\/div>\n<div>\n<div>\n<h2 class=\"h2-header\">Investigaci\u00f3n cl\u00ednica y eficacia<\/h2>\n<\/p><\/div>\n<div>\n<p class=\"p-text\">Las investigaciones cl\u00ednicas sobre el tratamiento con Factor de Crecimiento demuestran que este m\u00e9todo es eficaz para reducir la ca\u00edda del cabello y favorecer su crecimiento. Se han obtenido resultados significativos, especialmente en cuanto a la revitalizaci\u00f3n de las ra\u00edces del cabello y la aparici\u00f3n de nuevos cabellos. El tratamiento es adecuado para personas de todas las edades y sexos, y se garantiza la m\u00e1xima eficacia gracias a los sueros formulados espec\u00edficamente para cada individuo.<\/p>\n<\/p><\/div>\n<\/p><\/div>\n<div>\n<div>\n<h2 class=\"h2-header\">Soluciones permanentes con un enfoque personalizado<\/h2>\n<\/p><\/div>\n<div>\n<p class=\"p-text\">Una de las caracter\u00edsticas m\u00e1s importantes del tratamiento con Factor de Crecimiento es que est\u00e1 formulado espec\u00edficamente para cada individuo y se aplica en funci\u00f3n del tipo de cabello y las necesidades de cada persona. Este enfoque personalizado aumenta la tasa de \u00e9xito del tratamiento y permite obtener resultados m\u00e1s permanentes. Adem\u00e1s, los componentes utilizados en el proceso de tratamiento proporcionan una mejora a largo plazo en el cuero cabelludo y mantienen la salud general del cabello.<\/p>\n<\/p><\/div>\n<\/p><\/div>\n<\/p><\/div>\n<\/section>\n","protected":false},"excerpt":{"rendered":"<p>Tratamiento con factores de crecimiento El tratamiento con Factor de Crecimiento es un enfoque moderno y personalizado desarrollado para mejorar la salud del cabello y combatir su ca\u00edda. Este tratamiento se lleva a cabo aplicando en el cuero cabelludo un suero especial que contiene vitaminas, minerales, amino\u00e1cidos y componentes reconstituyentes. El proceso de aplicaci\u00f3n se [&hellip;]<\/p>\n","protected":false},"author":6,"featured_media":4924,"parent":2447,"menu_order":0,"comment_status":"closed","ping_status":"closed","template":"","meta":{"footnotes":""},"class_list":["post-2463","page","type-page","status-publish","has-post-thumbnail","hentry"],"_links":{"self":[{"href":"https:\/\/drterziler.com\/es\/wp-json\/wp\/v2\/pages\/2463","targetHints":{"allow":["GET"]}}],"collection":[{"href":"https:\/\/drterziler.com\/es\/wp-json\/wp\/v2\/pages"}],"about":[{"href":"https:\/\/drterziler.com\/es\/wp-json\/wp\/v2\/types\/page"}],"author":[{"embeddable":true,"href":"https:\/\/drterziler.com\/es\/wp-json\/wp\/v2\/users\/6"}],"replies":[{"embeddable":true,"href":"https:\/\/drterziler.com\/es\/wp-json\/wp\/v2\/comments?post=2463"}],"version-history":[{"count":14,"href":"https:\/\/drterziler.com\/es\/wp-json\/wp\/v2\/pages\/2463\/revisions"}],"predecessor-version":[{"id":62067,"href":"https:\/\/drterziler.com\/es\/wp-json\/wp\/v2\/pages\/2463\/revisions\/62067"}],"up":[{"embeddable":true,"href":"https:\/\/drterziler.com\/es\/wp-json\/wp\/v2\/pages\/2447"}],"wp:featuredmedia":[{"embeddable":true,"href":"https:\/\/drterziler.com\/es\/wp-json\/wp\/v2\/media\/4924"}],"wp:attachment":[{"href":"https:\/\/drterziler.com\/es\/wp-json\/wp\/v2\/media?parent=2463"}],"curies":[{"name":"wp","href":"https:\/\/api.w.org\/{rel}","templated":true}]}}