{"id":2465,"date":"2024-08-12T14:37:34","date_gmt":"2024-08-12T14:37:34","guid":{"rendered":"https:\/\/drterziler.com\/tratamientos-capilares\/revision-capilar\/"},"modified":"2026-02-27T13:01:19","modified_gmt":"2026-02-27T13:01:19","slug":"revision-capilar","status":"publish","type":"page","link":"https:\/\/drterziler.com\/es\/tratamientos-capilares\/revision-capilar\/","title":{"rendered":"Revisi\u00f3n capilar"},"content":{"rendered":"<div class=\"page-content\">\n<div id=\"header-area\">\n<div class=\"container\" id=\"firstContent\">\n<div class=\"header-content d-flex flex-column\">\n<h1 class=\"content-title h1-header\">Revisi\u00f3n capilar<\/h1>\n<div class=\"content-paragraph\">\n<p class=\"p-text\">Como Dr. Terziler, ofrecemos una experiencia futurista con nuestras aplicaciones de vanguardia en est\u00e9tica, salud y belleza. A trav\u00e9s de dispositivos rob\u00f3ticos, tecnolog\u00edas l\u00e1ser y sistemas inteligentes, los procesos de tratamiento no solo se aceleran, sino que tambi\u00e9n se vuelven m\u00e1s efectivos. Las aplicaciones modernizadas, que utilizan m\u00e9todos m\u00ednimamente invasivos, permiten una recuperaci\u00f3n m\u00e1s r\u00e1pida y brindan una comodidad incomparable.Al aprovechar todas las posibilidades de la tecnolog\u00eda actual, formulamos un enfoque de tratamiento personalizado y brindamos resultados que superan las expectativas. Nuestras tecnolog\u00edas avanzadas tanto en est\u00e9tica como en medicina se optimizan en cada paso para lograr resultados sorprendentes. En el Dr. Terziler, adoptamos el principio de su &quot;felicidad hol\u00edstica&quot; en los \u00e1mbitos de la salud, la belleza y la satisfacci\u00f3n, superando los l\u00edmites para presenciar su sonrisa.<\/p>\n<\/p><\/div>\n<nav aria-label=\"breadcrumb\" class=\"breadcrumbs\">\n<ul class=\"d-flex align-items-center mb-0\">\n<li><a class=\"link\" href=\"https:\/\/drterziler.com\/es\/\"><span>Dr. Terziler Exclusive Clinic<\/span><\/a><\/li>\n<li class=\"separator\">\u00bb<\/li>\n<li><a class=\"link\" href=\"https:\/\/drterziler.com\/es\/tratamientos-capilares\/\"><span>Tratamientos capilares<\/span><\/a><\/li>\n<li class=\"separator\">\u00bb<\/li>\n<li class=\"current-page\"><span>Revisi\u00f3n capilar<\/span><\/li>\n<\/ul>\n<\/nav><\/div>\n<\/p><\/div>\n<\/p><\/div>\n<\/div>\n<section id=\"content-area\">\n<div class=\"container my-5\">\n<div class=\"row align-items-start\">\n<div class=\"col-md-6 order-2 order-md-1\">\n<div class=\"custom-toc-box\">\n<div id=\"toc-header\">\n<h4>\u00cdndice<\/h4>\n<div class=\"toc-toggle-icon\"><\/div>\n<\/p><\/div>\n<div class=\"toc-full-divider\"><\/div>\n<div id=\"toc-body\">\n<div id=\"toc-container\"><\/div>\n<\/p><\/div>\n<\/p><\/div>\n<\/p><\/div>\n<div class=\"col-md-6 order-1 order-md-2\" id=\"jForm\">\n                <script type=\"text\/javascript\" src=\"https:\/\/form.jotform.com\/jsform\/242881767918979\"><\/script>\n            <\/div>\n<\/p><\/div>\n<\/p><\/div>\n<div class=\"container\">\n<div>\n<div>\n<h2 class=\"h2-header\">Chequeo capilar: An\u00e1lisis exhaustivo de la salud del cabello y el cuero cabelludo<\/h2>\n<\/p><\/div>\n<div>\n<p class=\"p-text\">El chequeo capilar consiste en una serie de pruebas tricol\u00f3gicas destinadas a detectar y tratar los problemas del cabello y el cuero cabelludo. Durante este proceso, se examinan las ra\u00edces del cabello mediante im\u00e1genes microsc\u00f3picas detalladas y se miden diversos par\u00e1metros como el \u00edndice de masa capilar, la elasticidad, la humedad, el sebo (grasa) y el valor de pH. Adem\u00e1s, se eval\u00faan nutrientes clave como el hierro, el zinc, el \u00e1cido f\u00f3lico, la vitamina D, la vitamina B12 y la biotina, que son vitales para la salud general. El objetivo de un chequeo capilar es proporcionar el tratamiento m\u00e1s preciso para el paciente mediante la identificaci\u00f3n de factores gen\u00e9ticos u hormonales que puedan estar contribuyendo a la ca\u00edda del cabello.<\/p>\n<\/p><\/div>\n<\/p><\/div>\n<div>\n<div>\n<h2 class=\"h2-header\">\u00bfPor qu\u00e9 es importante un chequeo capilar?<\/h2>\n<\/p><\/div>\n<div>\n<p class=\"p-text\">Las revisiones capilares peri\u00f3dicas son esenciales para mantener una salud capilar \u00f3ptima y abordar los problemas subyacentes antes de que se agraven. Al identificar los primeros signos de ca\u00edda del cabello, afecciones del cuero cabelludo u otros problemas, podemos intervenir a tiempo y recomendar los tratamientos adecuados para evitar da\u00f1os mayores y promover un crecimiento sano del cabello. Un chequeo capilar tambi\u00e9n nos permite controlar los cambios en su cabello y cuero cabelludo a lo largo del tiempo, proporcionando informaci\u00f3n valiosa sobre su salud capilar general y permiti\u00e9ndonos ajustar su plan de tratamiento seg\u00fan sea necesario.<\/p>\n<\/p><\/div>\n<\/p><\/div>\n<div>\n<div>\n<h2 class=\"h2-header\">\u00bfC\u00f3mo se aplica un chequeo capilar?<\/h2>\n<\/p><\/div>\n<div>\n<p class=\"p-text\">El proceso del Hair Check-Up comienza con una anamnesis (historial del paciente), realizada por un tric\u00f3logo especialista. Se trata de una entrevista personal en la que se analiza el historial m\u00e9dico del paciente, su estilo de vida y su rutina de cuidado capilar. A continuaci\u00f3n, se toma una muestra del cuero cabelludo para evaluar la salud del cabello, el \u00edndice de rotura y la gravedad de la ca\u00edda, mediante la t\u00e9cnica del \u00abtricograma\u00bb, que examina la morfolog\u00eda del cabello y ayuda a diagnosticar las enfermedades capilares. Tras el examen f\u00edsico y las mediciones, se solicita un an\u00e1lisis de sangre para identificar cualquier problema subyacente. El diagn\u00f3stico se basa en los resultados de estas exploraciones y an\u00e1lisis, que suelen durar entre 1 y 1,5 horas. A continuaci\u00f3n, se elabora una terapia tricol\u00f3gica personalizada o un plan de tratamiento para el paciente. Si se identifica una afecci\u00f3n m\u00e9dica como causa de la ca\u00edda del cabello, se deriva al paciente a un m\u00e9dico especialista.<\/p>\n<\/p><\/div>\n<\/p><\/div>\n<div>\n<div>\n<h2 class=\"h2-header\">Qu\u00e9 esperar de un chequeo capilar<\/h2>\n<\/p><\/div>\n<div>\n<p class=\"p-text\">Durante su cita de Chequeo Capilar, nuestros especialistas realizar\u00e1n una evaluaci\u00f3n exhaustiva de su cuero cabelludo y cabello. Esto puede incluir: Examen visual del cuero cabelludo y los fol\u00edculos pilosos An\u00e1lisis de la densidad, el grosor y la textura del cabello Evaluaci\u00f3n del estado del cuero cabelludo, incluidos los signos de inflamaci\u00f3n, caspa u otros problemas dermatol\u00f3gicos Discusi\u00f3n de cualquier preocupaci\u00f3n sobre la p\u00e9rdida de cabello o cambios en los patrones de crecimiento del cabello Recomendaciones para pruebas de diagn\u00f3stico o tratamientos adicionales si es necesario Nuestros especialistas se toman el tiempo para escuchar sus preocupaciones y responder a cualquier pregunta que pueda tener, asegur\u00e1ndose de que se sienta seguro y apoyado durante todo el proceso.<\/p>\n<\/p><\/div>\n<\/p><\/div>\n<div>\n<div>\n<h2 class=\"h2-header\">Dimensi\u00f3n cient\u00edfica del chequeo capilar: Prueba gen\u00e9tica del cabello<\/h2>\n<\/p><\/div>\n<div>\n<p class=\"p-text\">La ca\u00edda del cabello suele tener una base gen\u00e9tica, aunque tambi\u00e9n pueden contribuir otros factores. Las pruebas gen\u00e9ticas capilares, como el \u00abtricho test\u00bb, son la \u00faltima tecnolog\u00eda utilizada para conocer las causas gen\u00e9ticas de la ca\u00edda del cabello. Esta prueba puede identificar el gen espec\u00edfico responsable de la ca\u00edda del cabello en un plazo de 5 a 6 semanas. A partir de los resultados, pueden desarrollarse f\u00f3rmulas personalizadas, como sueros capilares y vitaminas, para frenar o incluso detener los problemas del cabello y el cuero cabelludo.<\/p>\n<\/p><\/div>\n<\/p><\/div>\n<div>\n<div>\n<h2 class=\"h2-header\">\u00bfQui\u00e9n debe hacerse un chequeo capilar?<\/h2>\n<\/p><\/div>\n<div>\n<p class=\"p-text\">Cualquier persona que experimente debilidad capilar, ca\u00edda regional del cabello, picores en el cuero cabelludo, caspa excesiva o p\u00e9rdida de elasticidad capilar deber\u00eda plantearse un chequeo capilar. El proceso comienza con una evaluaci\u00f3n de los niveles de vitaminas y minerales de la persona, que desempe\u00f1an un papel fundamental en la salud del cabello.<\/p>\n<\/p><\/div>\n<\/p><\/div>\n<div>\n<div>\n<h2 class=\"h2-header\">Beneficios de un chequeo capilar<\/h2>\n<\/p><\/div>\n<div>\n<p class=\"p-text\">Detecci\u00f3n precoz de la ca\u00edda del cabello: La identificaci\u00f3n precoz de los signos de ca\u00edda o debilitamiento del cabello permite intervenir con prontitud, evitar una mayor ca\u00edda y mejorar la eficacia del tratamiento. Recomendaciones personalizadas: Nuestros especialistas proporcionan asesoramiento personalizado sobre productos para el cuidado del cabello, tratamientos y cambios en el estilo de vida en funci\u00f3n de sus necesidades y objetivos espec\u00edficos. Mejora de la salud del cuero cabelludo: Abordar los problemas del cuero cabelludo durante el chequeo puede conducir a un cuero cabelludo m\u00e1s sano, que es esencial para un cabello fuerte y resistente. Tranquilidad: Los chequeos capilares regulares garantizan que la salud de tu cabello est\u00e1 siendo controlada por profesionales, proporcion\u00e1ndote soluciones eficaces para cualquier problema.<\/p>\n<\/p><\/div>\n<\/p><\/div>\n<div>\n<div>\n<h2 class=\"h2-header\">Programe hoy mismo su revisi\u00f3n capilar<\/h2>\n<\/p><\/div>\n<div>\n<p class=\"p-text\">No espere a que los problemas capilares empeoren. Programe hoy mismo su chequeo capilar en la cl\u00ednica del Dr. Terziler y tome medidas proactivas para mantener un cabello sano y lleno de vida. Nuestro equipo de expertos est\u00e1 a su disposici\u00f3n para ayudarle a conseguir un cabello sano y bonito.<\/p>\n<\/p><\/div>\n<\/p><\/div>\n<\/p><\/div>\n<\/section>\n","protected":false},"excerpt":{"rendered":"<p>Revisi\u00f3n capilar Como Dr. Terziler, ofrecemos una experiencia futurista con nuestras aplicaciones de vanguardia en est\u00e9tica, salud y belleza. A trav\u00e9s de dispositivos rob\u00f3ticos, tecnolog\u00edas l\u00e1ser y sistemas inteligentes, los procesos de tratamiento no solo se aceleran, sino que tambi\u00e9n se vuelven m\u00e1s efectivos. Las aplicaciones modernizadas, que utilizan m\u00e9todos m\u00ednimamente invasivos, permiten una recuperaci\u00f3n [&hellip;]<\/p>\n","protected":false},"author":6,"featured_media":891,"parent":2447,"menu_order":0,"comment_status":"closed","ping_status":"closed","template":"","meta":{"footnotes":""},"class_list":["post-2465","page","type-page","status-publish","has-post-thumbnail","hentry"],"_links":{"self":[{"href":"https:\/\/drterziler.com\/es\/wp-json\/wp\/v2\/pages\/2465","targetHints":{"allow":["GET"]}}],"collection":[{"href":"https:\/\/drterziler.com\/es\/wp-json\/wp\/v2\/pages"}],"about":[{"href":"https:\/\/drterziler.com\/es\/wp-json\/wp\/v2\/types\/page"}],"author":[{"embeddable":true,"href":"https:\/\/drterziler.com\/es\/wp-json\/wp\/v2\/users\/6"}],"replies":[{"embeddable":true,"href":"https:\/\/drterziler.com\/es\/wp-json\/wp\/v2\/comments?post=2465"}],"version-history":[{"count":6,"href":"https:\/\/drterziler.com\/es\/wp-json\/wp\/v2\/pages\/2465\/revisions"}],"predecessor-version":[{"id":57682,"href":"https:\/\/drterziler.com\/es\/wp-json\/wp\/v2\/pages\/2465\/revisions\/57682"}],"up":[{"embeddable":true,"href":"https:\/\/drterziler.com\/es\/wp-json\/wp\/v2\/pages\/2447"}],"wp:featuredmedia":[{"embeddable":true,"href":"https:\/\/drterziler.com\/es\/wp-json\/wp\/v2\/media\/891"}],"wp:attachment":[{"href":"https:\/\/drterziler.com\/es\/wp-json\/wp\/v2\/media?parent=2465"}],"curies":[{"name":"wp","href":"https:\/\/api.w.org\/{rel}","templated":true}]}}