{"id":2469,"date":"2024-08-12T14:44:08","date_gmt":"2024-08-12T14:44:08","guid":{"rendered":"https:\/\/drterziler.com\/tratamientos-capilares\/tratamiento-coctel-cabello-unas\/"},"modified":"2026-04-16T11:03:04","modified_gmt":"2026-04-16T11:03:04","slug":"coctel-cabello-unas","status":"publish","type":"page","link":"https:\/\/drterziler.com\/es\/tratamientos-capilares\/coctel-cabello-unas\/","title":{"rendered":"Tratamiento C\u00f3ctel Cabello U\u00f1as"},"content":{"rendered":"<div class=\"page-content\">\n<div id=\"header-area\">\n<div class=\"container\" id=\"firstContent\">\n<div class=\"header-content d-flex flex-column\">\n<h1 class=\"content-title h1-header\">Tratamiento C\u00f3ctel Cabello U\u00f1as<\/h1>\n<div class=\"content-paragraph\">\n<p class=\"p-text\">El Tratamiento C\u00f3ctel Cabello-U\u00f1as ofrece un enfoque hol\u00edstico para mejorar la salud tanto del cabello como de las u\u00f1as con una mezcla especialmente formulada de ingredientes naturales. Este tratamiento combina nutrientes esenciales para nutrir y fortalecer los fol\u00edculos pilosos al tiempo que mejora la resistencia y el aspecto de las u\u00f1as. Enriquecido con zinc, complejos vitam\u00ednicos B, N-acetilciste\u00edna y biotina, el C\u00f3ctel U\u00f1as-Cabello est\u00e1 dise\u00f1ado para tratar problemas comunes como la ca\u00edda del cabello, la rotura de las u\u00f1as y los signos del envejecimiento.<\/p>\n<\/p><\/div>\n<nav aria-label=\"breadcrumb\" class=\"breadcrumbs\">\n<ul class=\"d-flex align-items-center mb-0\">\n<li><a class=\"link\" href=\"https:\/\/drterziler.com\/es\/\"><span>Dr. Terziler Exclusive Clinic<\/span><\/a><\/li>\n<li class=\"separator\">\u00bb<\/li>\n<li><a class=\"link\" href=\"https:\/\/drterziler.com\/es\/tratamientos-capilares\/\"><span>Tratamientos capilares<\/span><\/a><\/li>\n<li class=\"separator\">\u00bb<\/li>\n<li class=\"current-page\"><span>Tratamiento C\u00f3ctel Cabello U\u00f1as<\/span><\/li>\n<\/ul>\n<\/nav><\/div>\n<\/p><\/div>\n<\/p><\/div>\n<\/div>\n<section id=\"content-area\">\n<div class=\"container my-5\">\n<div class=\"row align-items-start\">\n<div class=\"col-md-6 order-2 order-md-1\">\n<div class=\"custom-toc-box\">\n<div id=\"toc-header\">\n<h4>\u00cdndice<\/h4>\n<div class=\"toc-toggle-icon\"><\/div>\n<\/p><\/div>\n<div class=\"toc-full-divider\"><\/div>\n<div id=\"toc-body\">\n<div id=\"toc-container\"><\/div>\n<\/p><\/div>\n<\/p><\/div>\n<\/p><\/div>\n<div class=\"col-md-6 order-1 order-md-2\" id=\"jForm\">\n                <script type=\"text\/javascript\" src=\"https:\/\/form.jotform.com\/jsform\/242881767918979\"><\/script>\n            <\/div>\n<\/p><\/div>\n<\/p><\/div>\n<div class=\"container\">\n<div class=\"img-thumb\">\n            <img loading=\"lazy\" decoding=\"async\" width=\"1140\" height=\"641\" src=\"https:\/\/drterziler.com\/wp-content\/uploads\/2025\/04\/HAIR-NAIL-KOKTEYL-1.webp\" alt=\"\" srcset=\"https:\/\/drterziler.com\/wp-content\/uploads\/2025\/04\/HAIR-NAIL-KOKTEYL-1.webp 1140w, https:\/\/drterziler.com\/wp-content\/uploads\/2025\/04\/HAIR-NAIL-KOKTEYL-1-300x169.webp 300w, https:\/\/drterziler.com\/wp-content\/uploads\/2025\/04\/HAIR-NAIL-KOKTEYL-1-1024x576.webp 1024w, https:\/\/drterziler.com\/wp-content\/uploads\/2025\/04\/HAIR-NAIL-KOKTEYL-1-768x432.webp 768w\" sizes=\"auto, (max-width: 1140px) 100vw, 1140px\">\n        <\/div>\n<div>\n<div>\n<h2 class=\"h2-header\">\u00bfQu\u00e9 es el tratamiento de c\u00f3ctel para u\u00f1as de cabello?<\/h2>\n<\/p><\/div>\n<div>\n<p class=\"p-text\">Hair Nail Cocktail Treatment es una soluci\u00f3n \u00fanica que integra una alta concentraci\u00f3n de vitaminas y minerales esenciales para promover una salud \u00f3ptima del cabello y las u\u00f1as. Esta mezcla incluye:Zinc: Reduce el envejecimiento de la piel, la ca\u00edda del cabello y la rotura de las u\u00f1as al favorecer las reacciones enzim\u00e1ticas del organismo.Complejos de vitamina B: Vitales para la fortaleza del cabello y las u\u00f1as, incluyen B1, B2, B5, B6, B7, B9 y B12.N-acetil ciste\u00edna: Conocida por sus propiedades antioxidantes que ayudan a mantener el cabello y las u\u00f1as sanos.Biotina: Favorece la salud general del cabello y las u\u00f1as.<\/p>\n<\/p><\/div>\n<\/p><\/div>\n<div>\n<div>\n<h2 class=\"h2-header\">Beneficios del tratamiento de c\u00f3ctel para u\u00f1as y cabello<\/h2>\n<\/p><\/div>\n<div>\n<p class=\"p-text\">Fortalece los fol\u00edculos pilosos: Nutre y revitaliza el cabello, favoreciendo un crecimiento m\u00e1s sano.Mejora la resistencia de las u\u00f1as: Mejora la suavidad y durabilidad de las u\u00f1as, reduciendo su rotura.Ayuda a la recuperaci\u00f3n postrasplante: Puede utilizarse como tratamiento de apoyo tras un trasplante capilar.Reduce los signos del envejecimiento: Mitiga los efectos del envejecimiento de la piel abordando las deficiencias de nutrientes esenciales.<\/p>\n<\/p><\/div>\n<\/p><\/div>\n<div>\n<div>\n<h2 class=\"h2-header\">Protocolo de tratamiento<\/h2>\n<\/p><\/div>\n<div>\n<p class=\"p-text\">El Tratamiento C\u00f3ctel U\u00f1as Cabello consiste en una serie de cinco sesiones, cada una de las cuales se administra una vez a la semana. Este r\u00e9gimen garantiza un cuidado completo y permite una absorci\u00f3n \u00f3ptima de los nutrientes beneficiosos.<\/p>\n<\/p><\/div>\n<\/p><\/div>\n<div>\n<div>\n<h2 class=\"h2-header\">Candidatos ideales para el tratamiento de c\u00f3ctel de u\u00f1as y pelo<\/h2>\n<\/p><\/div>\n<div>\n<p class=\"p-text\">Este tratamiento es ideal para personas que desean mejorar la salud y el aspecto de su cabello y u\u00f1as. Es especialmente beneficioso como terapia complementaria tras un trasplante capilar o para quienes sufren ca\u00edda del cabello y rotura de u\u00f1as.<\/p>\n<\/p><\/div>\n<\/p><\/div>\n<div>\n<div>\n<h2 class=\"h2-header\">\u00a1Reserve hoy mismo su tratamiento de c\u00f3ctel de u\u00f1as y cabello!<\/h2>\n<\/p><\/div>\n<div>\n<p class=\"p-text\">Mejore la salud y fortaleza de su cabello y u\u00f1as con el Tratamiento C\u00f3ctel Cabello U\u00f1as en la Cl\u00ednica Capilar Exclusiva Dr. Terziler. Nuestro equipo de expertos est\u00e1 aqu\u00ed para proporcionar atenci\u00f3n personalizada y apoyo adaptado a sus necesidades.<\/p>\n<\/p><\/div>\n<\/p><\/div>\n<\/p><\/div>\n<\/section>\n","protected":false},"excerpt":{"rendered":"<p>Tratamiento C\u00f3ctel Cabello U\u00f1as El Tratamiento C\u00f3ctel Cabello-U\u00f1as ofrece un enfoque hol\u00edstico para mejorar la salud tanto del cabello como de las u\u00f1as con una mezcla especialmente formulada de ingredientes naturales. Este tratamiento combina nutrientes esenciales para nutrir y fortalecer los fol\u00edculos pilosos al tiempo que mejora la resistencia y el aspecto de las u\u00f1as. [&hellip;]<\/p>\n","protected":false},"author":6,"featured_media":4930,"parent":2447,"menu_order":0,"comment_status":"closed","ping_status":"closed","template":"","meta":{"footnotes":""},"class_list":["post-2469","page","type-page","status-publish","has-post-thumbnail","hentry"],"_links":{"self":[{"href":"https:\/\/drterziler.com\/es\/wp-json\/wp\/v2\/pages\/2469","targetHints":{"allow":["GET"]}}],"collection":[{"href":"https:\/\/drterziler.com\/es\/wp-json\/wp\/v2\/pages"}],"about":[{"href":"https:\/\/drterziler.com\/es\/wp-json\/wp\/v2\/types\/page"}],"author":[{"embeddable":true,"href":"https:\/\/drterziler.com\/es\/wp-json\/wp\/v2\/users\/6"}],"replies":[{"embeddable":true,"href":"https:\/\/drterziler.com\/es\/wp-json\/wp\/v2\/comments?post=2469"}],"version-history":[{"count":16,"href":"https:\/\/drterziler.com\/es\/wp-json\/wp\/v2\/pages\/2469\/revisions"}],"predecessor-version":[{"id":62136,"href":"https:\/\/drterziler.com\/es\/wp-json\/wp\/v2\/pages\/2469\/revisions\/62136"}],"up":[{"embeddable":true,"href":"https:\/\/drterziler.com\/es\/wp-json\/wp\/v2\/pages\/2447"}],"wp:featuredmedia":[{"embeddable":true,"href":"https:\/\/drterziler.com\/es\/wp-json\/wp\/v2\/media\/4930"}],"wp:attachment":[{"href":"https:\/\/drterziler.com\/es\/wp-json\/wp\/v2\/media?parent=2469"}],"curies":[{"name":"wp","href":"https:\/\/api.w.org\/{rel}","templated":true}]}}