{"id":2471,"date":"2024-08-12T20:00:03","date_gmt":"2024-08-12T20:00:03","guid":{"rendered":"https:\/\/drterziler.com\/tratamientos-capilares\/prueba-tricho\/"},"modified":"2026-04-21T14:34:47","modified_gmt":"2026-04-21T14:34:47","slug":"prueba-tricho","status":"publish","type":"page","link":"https:\/\/drterziler.com\/es\/tratamientos-capilares\/prueba-tricho\/","title":{"rendered":"Prueba Tricho"},"content":{"rendered":"<div class=\"page-content\">\n<div id=\"header-area\">\n<div class=\"container\" id=\"firstContent\">\n<div class=\"header-content d-flex flex-column\">\n<h1 class=\"content-title h1-header\">Prueba Tricho<\/h1>\n<div class=\"content-paragraph\">\n<p class=\"p-text\">El TrichoTest es la prueba gen\u00e9tica m\u00e1s avanzada para el diagn\u00f3stico de la ca\u00edda del cabello. Permite identificar los factores gen\u00e9ticos espec\u00edficos que causan la alopecia, facilitando el desarrollo de un tratamiento capilar 100% personalizado basado en el ADN de cada individuo.<\/p>\n<\/p><\/div>\n<nav aria-label=\"breadcrumb\" class=\"breadcrumbs\">\n<ul class=\"d-flex align-items-center mb-0\">\n<li><a class=\"link\" href=\"https:\/\/drterziler.com\/es\/\"><span>Dr. Terziler Exclusive Clinic<\/span><\/a><\/li>\n<li class=\"separator\">\u00bb<\/li>\n<li><a class=\"link\" href=\"https:\/\/drterziler.com\/es\/tratamientos-capilares\/\"><span>Tratamientos capilares<\/span><\/a><\/li>\n<li class=\"separator\">\u00bb<\/li>\n<li class=\"current-page\"><span>Prueba Tricho<\/span><\/li>\n<\/ul>\n<\/nav><\/div>\n<\/p><\/div>\n<\/p><\/div>\n<\/div>\n<section id=\"content-area\">\n<div class=\"container my-5\">\n<div class=\"row align-items-start\">\n<div class=\"col-md-6 order-2 order-md-1\">\n<div class=\"custom-toc-box\">\n<div id=\"toc-header\">\n<h4>\u00cdndice<\/h4>\n<div class=\"toc-toggle-icon\"><\/div>\n<\/p><\/div>\n<div class=\"toc-full-divider\"><\/div>\n<div id=\"toc-body\">\n<div id=\"toc-container\"><\/div>\n<\/p><\/div>\n<\/p><\/div>\n<\/p><\/div>\n<div class=\"col-md-6 order-1 order-md-2\" id=\"jForm\">\n                <script type=\"text\/javascript\" src=\"https:\/\/form.jotform.com\/jsform\/242881767918979\"><\/script>\n            <\/div>\n<\/p><\/div>\n<\/p><\/div>\n<div class=\"container\">\n<div class=\"img-thumb\">\n            <img loading=\"lazy\" decoding=\"async\" width=\"1140\" height=\"641\" src=\"https:\/\/drterziler.com\/wp-content\/uploads\/2025\/04\/Tricho-Test.webp\" alt=\"Prueba Tricho Gen\u00e9tica Capilar\" \/>\n        <\/div>\n<div>\n<div>\n<h2 class=\"h2-header\">La clave contra la ca\u00edda del cabello gen\u00e9tica: \u00a1el TrichoTest!<\/h2>\n<\/p><\/div>\n<div>\n<p class=\"p-text\">Si sufre p\u00e9rdida de cabello por causas gen\u00e9ticas, ya no es un problema sin soluci\u00f3n. Con el innovador TrichoTest, considerado uno de los avances m\u00e9dicos m\u00e1s significativos del siglo, es posible proteger, fortalecer e incluso regenerar el cabello existente sin necesidad inicial de intervenci\u00f3n quir\u00fargica.<\/p>\n<\/p><\/div>\n<div>\n<p class=\"p-text\">Tanto en hombres como en mujeres, esta prueba identifica exactamente lo que los fol\u00edculos necesitan para prosperar, permitiendo mejorar la calidad y cantidad del cabello al abordar sus necesidades biol\u00f3gicas exactas.<\/p>\n<\/p><\/div>\n<\/p><\/div>\n<div>\n<div>\n<h3 class=\"h3-header\">\u00bfC\u00f3mo funciona la prueba Tricho?<\/h3>\n<\/p><\/div>\n<div>\n<p class=\"p-text\">El proceso es sencillo, r\u00e1pido y no invasivo:<\/p>\n<\/p><\/div>\n<div>\n<p class=\"p-text\"><strong class=\"barlow\">Toma de muestra:<\/strong> Se obtiene una simple muestra de saliva del paciente, que se env\u00eda a un laboratorio especializado en gen\u00e9tica.<\/p>\n<\/p><\/div>\n<div>\n<p class=\"p-text\"><strong class=\"barlow\">An\u00e1lisis y Formulaci\u00f3n:<\/strong> Durante un periodo de 5 a 8 semanas, los especialistas analizan la muestra para crear una formulaci\u00f3n personalizada de sueros y vitaminas.<\/p>\n<\/p><\/div>\n<div>\n<p class=\"p-text\"><strong class=\"barlow\">Tratamiento a medida:<\/strong> Se prepara un suero capilar y comprimidos espec\u00edficos que el paciente utiliza bajo supervisi\u00f3n m\u00e9dica durante 6 a 9 meses para obtener resultados \u00f3ptimos.<\/p>\n<\/p><\/div>\n<\/p><\/div>\n<div>\n<div>\n<h2 class=\"h2-header\">Por qu\u00e9 la prueba Tricho cambia las reglas del juego<\/h2>\n<\/p><\/div>\n<div>\n<p class=\"p-text\">Durante su cita de chequeo capilar en la Cl\u00ednica Dr. Terziler, realizamos una evaluaci\u00f3n exhaustiva que complementa los resultados gen\u00e9ticos:<\/p>\n<\/p><\/div>\n<div>\n<ul class=\"p-text\">\n<li>An\u00e1lisis de la densidad, grosor y textura del cabello.<\/li>\n<li>Evaluaci\u00f3n dermatol\u00f3gica del cuero cabelludo (inflamaci\u00f3n o caspa).<\/li>\n<li>Examen visual de la salud de los fol\u00edculos pilosos.<\/li>\n<\/ul><\/div>\n<\/p><\/div>\n<div>\n<div>\n<h3 class=\"h3-header\">Adopte una soluci\u00f3n personalizada<\/h3>\n<\/p><\/div>\n<div>\n<p class=\"p-text\">En lugar de conformarse con tratamientos gen\u00e9ricos que pueden no funcionar para su tipo de alopecia, le invitamos a descubrir los beneficios de un enfoque basado en su propio ADN. Diga adi\u00f3s a las frustraciones de la p\u00e9rdida gen\u00e9tica del cabello y recupere su salud capilar con una estrategia dise\u00f1ada exclusivamente para usted.<\/p>\n<\/p><\/div>\n<\/p><\/div>\n<\/p><\/div>\n<\/section>\n","protected":false},"excerpt":{"rendered":"<p>Prueba Tricho El TrichoTest es la prueba gen\u00e9tica m\u00e1s avanzada para el diagn\u00f3stico de la ca\u00edda del cabello. Permite identificar los factores gen\u00e9ticos espec\u00edficos que causan la alopecia, facilitando el desarrollo de un tratamiento capilar 100% personalizado basado en el ADN de cada individuo. Dr. Terziler Exclusive Clinic \u00bb Tratamientos capilares \u00bb Prueba Tricho \u00cdndice [&hellip;]<\/p>\n","protected":false},"author":6,"featured_media":4954,"parent":2447,"menu_order":0,"comment_status":"closed","ping_status":"closed","template":"","meta":{"footnotes":""},"class_list":["post-2471","page","type-page","status-publish","has-post-thumbnail","hentry"],"_links":{"self":[{"href":"https:\/\/drterziler.com\/es\/wp-json\/wp\/v2\/pages\/2471","targetHints":{"allow":["GET"]}}],"collection":[{"href":"https:\/\/drterziler.com\/es\/wp-json\/wp\/v2\/pages"}],"about":[{"href":"https:\/\/drterziler.com\/es\/wp-json\/wp\/v2\/types\/page"}],"author":[{"embeddable":true,"href":"https:\/\/drterziler.com\/es\/wp-json\/wp\/v2\/users\/6"}],"replies":[{"embeddable":true,"href":"https:\/\/drterziler.com\/es\/wp-json\/wp\/v2\/comments?post=2471"}],"version-history":[{"count":16,"href":"https:\/\/drterziler.com\/es\/wp-json\/wp\/v2\/pages\/2471\/revisions"}],"predecessor-version":[{"id":62407,"href":"https:\/\/drterziler.com\/es\/wp-json\/wp\/v2\/pages\/2471\/revisions\/62407"}],"up":[{"embeddable":true,"href":"https:\/\/drterziler.com\/es\/wp-json\/wp\/v2\/pages\/2447"}],"wp:featuredmedia":[{"embeddable":true,"href":"https:\/\/drterziler.com\/es\/wp-json\/wp\/v2\/media\/4954"}],"wp:attachment":[{"href":"https:\/\/drterziler.com\/es\/wp-json\/wp\/v2\/media?parent=2471"}],"curies":[{"name":"wp","href":"https:\/\/api.w.org\/{rel}","templated":true}]}}