{"id":2485,"date":"2024-08-12T14:21:52","date_gmt":"2024-08-12T14:21:52","guid":{"rendered":"https:\/\/drterziler.com\/longevidad\/"},"modified":"2026-03-05T23:50:52","modified_gmt":"2026-03-05T23:50:52","slug":"longevidad","status":"publish","type":"page","link":"https:\/\/drterziler.com\/es\/longevidad\/","title":{"rendered":"Longevidad"},"content":{"rendered":"<div class=\"page-content category-page\">\n<div id=\"header-area\">\n<div class=\"container\" id=\"firstContent\">\n<div class=\"header-content d-flex flex-column\">\n<h1 class=\"content-title\">Longevidad<\/h1>\n<div class=\"content-paragraph\">\n<p>La longevidad proporciona rejuvenecimiento y salud al reparar el cuerpo por dentro y por fuera. El Elixir de la Juventud mejora la eficiencia f\u00edsica, mental y sexual al aumentar la energ\u00eda y la fuerza. El glutati\u00f3n y la vitamina C desintoxican el cuerpo, mejorando las funciones cognitivas y apoyando la regeneraci\u00f3n celular. La ozonoterapia promueve la regeneraci\u00f3n de los tejidos mediante altos niveles de ox\u00edgeno. La terapia NAD aumenta la producci\u00f3n de energ\u00eda celular, aportando rejuvenecimiento y vitalidad. El C\u00f3ctel de Myer aborda las deficiencias vitam\u00ednicas y proporciona claridad mental.<\/p>\n<\/p><\/div>\n<nav aria-label=\"breadcrumb\" class=\"breadcrumbs\">\n<ul class=\"d-flex align-items-center mb-0\">\n<li><a class=\"link\" href=\"https:\/\/drterziler.com\/es\/\"><span>Dr. Terziler<\/span><\/a><\/li>\n<li class=\"separator\">\u00bb<\/li>\n<li class=\"current-page\"><span>Longevidad<\/span><\/li>\n<\/ul>\n<\/nav><\/div>\n<\/p><\/div>\n<\/p><\/div>\n<\/div>\n<section class=\"svc-section\">\n<div class=\"container\">\n<div class=\"svc-item right-card\">\n<div class=\"svc-media\">\n                <img decoding=\"async\" src=\"https:\/\/drterziler.com\/wp-content\/uploads\/2025\/04\/Elixir-of-Youth.webp\" alt=\"Elixir de la Juventud\" loading=\"lazy\" class=\"cat-img\">\n            <\/div>\n<div class=\"svc-card\">\n<h3 class=\"svc-title gilda\">Elixir de la Juventud<\/h3>\n<p class=\"svc-text barlow\">\n                    Es un protocolo en el que se inyecta en el cuerpo una mezcla milagrosa que lo rejuvenece interna y externamente, potencialmente hasta 15 a\u00f1os. El suero milagroso proporciona una fuente de energ\u00eda y fuerza casi inagotable, maximizando el rendimiento f\u00edsico, mental y sexual. Facilita la ganancia muscular y la p\u00e9rdida de peso saludable, manteniendo la confianza y la motivaci\u00f3n en su punto m\u00e1s alto.\n                <\/p>\n<p>                <a class=\"btn-details barlow-condensed\" href=\"https:\/\/drterziler.com\/es\/longevidad\/golden-vial\/\">DETALLES<\/a>\n            <\/div>\n<\/p><\/div>\n<div class=\"svc-item left-card\">\n<div class=\"svc-media\">\n                <img decoding=\"async\" src=\"https:\/\/drterziler.com\/wp-content\/uploads\/2025\/04\/glutatyon.webp\" alt=\"Glutati\u00f3n y Vitamina C\" loading=\"lazy\" class=\"cat-img\">\n            <\/div>\n<div class=\"svc-card\">\n<h3 class=\"svc-title gilda\">Glutati\u00f3n y Vitamina C<\/h3>\n<p class=\"svc-text barlow\">\n                    La enzima glutati\u00f3n, que desintoxica el cuerpo del c\u00e1ncer y de todas las dem\u00e1s sustancias t\u00f3xicas, se combina con la vitamina C para proporcionar una fuente incre\u00edble de energ\u00eda e inmunidad. Esta poderosa combinaci\u00f3n mejora las funciones cognitivas, creando una mente clara y activa. Apoya la regeneraci\u00f3n celular y retrasa el proceso de envejecimiento.\n                <\/p>\n<p>                <a class=\"btn-details barlow-condensed\" href=\"https:\/\/drterziler.com\/es\/longevidad\/glutation-y-vitamina-c\/\">DETALLES<\/a>\n            <\/div>\n<\/p><\/div>\n<div class=\"svc-item right-card\">\n<div class=\"svc-media\">\n                <img decoding=\"async\" src=\"https:\/\/drterziler.com\/wp-content\/uploads\/2025\/04\/10x-Ozone-Therapy.webp\" alt=\"Ozonoterapia 10x\" loading=\"lazy\" class=\"cat-img\">\n            <\/div>\n<div class=\"svc-card\">\n<h3 class=\"svc-title gilda\">Ozonoterapia 10x<\/h3>\n<p class=\"svc-text barlow\">\n                    Gracias a dispositivos de \u00faltima generaci\u00f3n, esta terapia ofrece los beneficios de 10 sesiones en una sola, brindando efectos milagrosos junto con la m\u00e1xima eficiencia de tiempo. La ozonoterapia inicia una regeneraci\u00f3n tisular integral al elevar los niveles de ox\u00edgeno en la sangre a niveles altos, creando un efecto de dopaje natural en el cuerpo a trav\u00e9s de la energ\u00eda y vitalidad que proporciona.\n                <\/p>\n<p>                <a class=\"btn-details barlow-condensed\" href=\"https:\/\/drterziler.com\/es\/longevidad\/ozonoterapia\/\">DETALLES<\/a>\n            <\/div>\n<\/p><\/div>\n<div class=\"svc-item left-card\">\n<div class=\"svc-media\">\n                <img decoding=\"async\" src=\"https:\/\/drterziler.com\/wp-content\/uploads\/2025\/04\/NAD.webp\" alt=\"NAD\" loading=\"lazy\" class=\"cat-img\">\n            <\/div>\n<div class=\"svc-card\">\n<h3 class=\"svc-title gilda\">NAD<\/h3>\n<p class=\"svc-text barlow\">\n                    La terapia NAD, que mejora la producci\u00f3n de energ\u00eda de alta calidad en las c\u00e9lulas, proporciona vitalidad y agilidad, y es un m\u00e9todo complementario que mejora el funcionamiento de los sistemas del cuerpo. A medida que aumentan los niveles de energ\u00eda, el cuerpo se somete a una reparaci\u00f3n y rejuvenecimiento celular, mejorando en \u00faltima instancia la calidad de vida.\n                <\/p>\n<p>                <a class=\"btn-details barlow-condensed\" href=\"https:\/\/drterziler.com\/es\/longevidad\/nad\/\">DETALLES<\/a>\n            <\/div>\n<\/p><\/div>\n<div class=\"svc-item right-card\">\n<div class=\"svc-media\">\n                <img decoding=\"async\" src=\"https:\/\/drterziler.com\/wp-content\/uploads\/2025\/04\/Myers-Cocktail.webp\" alt=\"C\u00f3ctel de Myer\" loading=\"lazy\" class=\"cat-img\">\n            <\/div>\n<div class=\"svc-card\">\n<h3 class=\"svc-title gilda\">C\u00f3ctel de Myer<\/h3>\n<p class=\"svc-text barlow\">\n                    Se define como una terapia vitam\u00ednica utilizada para tratar la fatiga persistente, el dolor de la fibromialgia, la depresi\u00f3n y varias otras afecciones. El suero especial, que combina complejos de vitamina B, vitamina C y cloruro de magnesio, se administra directamente en el torrente sangu\u00edneo, haciendo que el cuerpo sea m\u00e1s din\u00e1mico y energizado mientras mejora la claridad mental.\n                <\/p>\n<p>                <a class=\"btn-details barlow-condensed\" href=\"https:\/\/drterziler.com\/es\/longevidad\/coctel-myer\/\">DETALLES<\/a>\n            <\/div>\n<\/p><\/div>\n<\/p><\/div>\n<\/section>\n","protected":false},"excerpt":{"rendered":"<p>Longevidad La longevidad proporciona rejuvenecimiento y salud al reparar el cuerpo por dentro y por fuera. El Elixir de la Juventud mejora la eficiencia f\u00edsica, mental y sexual al aumentar la energ\u00eda y la fuerza. El glutati\u00f3n y la vitamina C desintoxican el cuerpo, mejorando las funciones cognitivas y apoyando la regeneraci\u00f3n celular. La ozonoterapia [&hellip;]<\/p>\n","protected":false},"author":6,"featured_media":62216,"parent":0,"menu_order":0,"comment_status":"closed","ping_status":"closed","template":"","meta":{"footnotes":""},"class_list":["post-2485","page","type-page","status-publish","has-post-thumbnail","hentry"],"_links":{"self":[{"href":"https:\/\/drterziler.com\/es\/wp-json\/wp\/v2\/pages\/2485","targetHints":{"allow":["GET"]}}],"collection":[{"href":"https:\/\/drterziler.com\/es\/wp-json\/wp\/v2\/pages"}],"about":[{"href":"https:\/\/drterziler.com\/es\/wp-json\/wp\/v2\/types\/page"}],"author":[{"embeddable":true,"href":"https:\/\/drterziler.com\/es\/wp-json\/wp\/v2\/users\/6"}],"replies":[{"embeddable":true,"href":"https:\/\/drterziler.com\/es\/wp-json\/wp\/v2\/comments?post=2485"}],"version-history":[{"count":20,"href":"https:\/\/drterziler.com\/es\/wp-json\/wp\/v2\/pages\/2485\/revisions"}],"predecessor-version":[{"id":59551,"href":"https:\/\/drterziler.com\/es\/wp-json\/wp\/v2\/pages\/2485\/revisions\/59551"}],"wp:featuredmedia":[{"embeddable":true,"href":"https:\/\/drterziler.com\/es\/wp-json\/wp\/v2\/media\/62216"}],"wp:attachment":[{"href":"https:\/\/drterziler.com\/es\/wp-json\/wp\/v2\/media?parent=2485"}],"curies":[{"name":"wp","href":"https:\/\/api.w.org\/{rel}","templated":true}]}}