{"id":2487,"date":"2024-08-12T14:45:48","date_gmt":"2024-08-12T14:45:48","guid":{"rendered":"https:\/\/drterziler.com\/longevidad\/glutation-y-vitamina-c\/"},"modified":"2026-02-27T13:06:48","modified_gmt":"2026-02-27T13:06:48","slug":"glutation-y-vitamina-c","status":"publish","type":"page","link":"https:\/\/drterziler.com\/es\/longevidad\/glutation-y-vitamina-c\/","title":{"rendered":"Glutati\u00f3n y vitamina C"},"content":{"rendered":"<div class=\"page-content\">\n<div id=\"header-area\">\n<div class=\"container\" id=\"firstContent\">\n<div class=\"header-content d-flex flex-column\">\n<h1 class=\"content-title h1-header\">Glutati\u00f3n y vitamina C<\/h1>\n<div class=\"content-paragraph\">\n<p class=\"p-text\">La terapia con glutati\u00f3n C es un potente tratamiento de medicina complementaria dise\u00f1ado para rejuvenecer su organismo mediante la combinaci\u00f3n de los beneficios del glutati\u00f3n y la vitamina C. Esta terapia es conocida por sus propiedades desintoxicantes, su apoyo al sistema inmunitario y sus beneficios para la regeneraci\u00f3n celular. Al actuar como un \u00ablimpiador de basura\u00bb para su cuerpo, ayuda a eliminar sustancias t\u00f3xicas y fortalece su metabolismo, promoviendo la salud y la vitalidad en general.<\/p>\n<\/p><\/div>\n<nav aria-label=\"breadcrumb\" class=\"breadcrumbs\">\n<ul class=\"d-flex align-items-center mb-0\">\n<li><a class=\"link\" href=\"https:\/\/drterziler.com\/es\/\"><span>Dr. Terziler Exclusive Clinic<\/span><\/a><\/li>\n<li class=\"separator\">\u00bb<\/li>\n<li><a class=\"link\" href=\"https:\/\/drterziler.com\/es\/longevidad\/\"><span>Longevidad<\/span><\/a><\/li>\n<li class=\"separator\">\u00bb<\/li>\n<li class=\"current-page\"><span>Glutati\u00f3n y vitamina C<\/span><\/li>\n<\/ul>\n<\/nav><\/div>\n<\/p><\/div>\n<\/p><\/div>\n<\/div>\n<section id=\"content-area\">\n<div class=\"container my-5\">\n<div class=\"row align-items-start\">\n<div class=\"col-md-6 order-2 order-md-1\">\n<div class=\"custom-toc-box\">\n<div id=\"toc-header\">\n<h4>\u00cdndice<\/h4>\n<div class=\"toc-toggle-icon\"><\/div>\n<\/p><\/div>\n<div class=\"toc-full-divider\"><\/div>\n<div id=\"toc-body\">\n<div id=\"toc-container\"><\/div>\n<\/p><\/div>\n<\/p><\/div>\n<\/p><\/div>\n<div class=\"col-md-6 order-1 order-md-2\" id=\"jForm\">\n                <script type=\"text\/javascript\" src=\"https:\/\/form.jotform.com\/jsform\/242881767918979\"><\/script>\n            <\/div>\n<\/p><\/div>\n<\/p><\/div>\n<div class=\"container\">\n<div class=\"img-thumb\">\n            <img loading=\"lazy\" decoding=\"async\" width=\"1140\" height=\"641\" src=\"https:\/\/drterziler.com\/wp-content\/uploads\/2025\/04\/glutatyon.webp\" alt=\"\" srcset=\"https:\/\/drterziler.com\/wp-content\/uploads\/2025\/04\/glutatyon.webp 1140w, https:\/\/drterziler.com\/wp-content\/uploads\/2025\/04\/glutatyon-300x169.webp 300w, https:\/\/drterziler.com\/wp-content\/uploads\/2025\/04\/glutatyon-1024x576.webp 1024w, https:\/\/drterziler.com\/wp-content\/uploads\/2025\/04\/glutatyon-768x432.webp 768w\" sizes=\"auto, (max-width: 1140px) 100vw, 1140px\">\n        <\/div>\n<div>\n<div>\n<h2 class=\"h2-header\">\u00bfQu\u00e9 es la terapia con glutati\u00f3n C?<\/h2>\n<\/p><\/div>\n<div>\n<p class=\"p-text\">La terapia con glutati\u00f3n C integra dos componentes clave:Glutati\u00f3n: A menudo denominado el \u00abantioxidante maestro\u00bb del organismo, el glutati\u00f3n desempe\u00f1a un papel crucial en la gesti\u00f3n del sistema inmunitario y la desintoxicaci\u00f3n de sustancias nocivas.Vitamina C :Potente antioxidante que favorece la funci\u00f3n inmunitaria, protege contra el estr\u00e9s oxidativo y ayuda a la regeneraci\u00f3n celular.<\/p>\n<\/p><\/div>\n<\/p><\/div>\n<div>\n<div>\n<h2 class=\"h2-header\">Beneficios de la terapia con glutati\u00f3n C<\/h2>\n<\/p><\/div>\n<div>\n<p class=\"p-text\">Desintoxicaci\u00f3n: Purifica el organismo eliminando toxinas, de forma similar a como act\u00faa un antioxidante sobre la maquinaria. Apoyo inmunitario: Refuerza el sistema inmunitario, mejorando la capacidad del organismo para defenderse de las enfermedades. Juventud y salud: Promueve un metabolismo robusto y apoya la salud y vitalidad en general. Regeneraci\u00f3n celular: Ayuda a la reparaci\u00f3n y regeneraci\u00f3n de las c\u00e9lulas, contribuyendo a una apariencia juvenil.<\/p>\n<\/p><\/div>\n<\/p><\/div>\n<div>\n<div>\n<h2 class=\"h2-header\">C\u00f3mo act\u00faa la terapia con glutati\u00f3n C<\/h2>\n<\/p><\/div>\n<div>\n<p class=\"p-text\">La terapia se administra como una serie de 5 sesiones, con una sesi\u00f3n por semana. Este r\u00e9gimen est\u00e1 dise\u00f1ado para proporcionar apoyo y rejuvenecimiento continuos. Los efectos combinados del glutati\u00f3n y la vitamina C act\u00faan sin\u00e9rgicamente para activar y mejorar el sistema inmunitario, ofreciendo un enfoque integral para mantener la salud y el bienestar.<\/p>\n<\/p><\/div>\n<\/p><\/div>\n<div>\n<div>\n<h2 class=\"h2-header\">Candidatos ideales para la terapia con glutati\u00f3n C<\/h2>\n<\/p><\/div>\n<div>\n<p class=\"p-text\">Esta terapia se recomienda a personas sanas en general que deseen reforzar su sistema inmunitario, desintoxicar su organismo y mejorar su bienestar general. Se aconseja someterse a la terapia una vez al a\u00f1o como parte de una rutina regular de mantenimiento de la salud.<\/p>\n<\/p><\/div>\n<\/p><\/div>\n<div>\n<div>\n<h2 class=\"h2-header\">Reserve hoy mismo su terapia con glutati\u00f3n C<\/h2>\n<\/p><\/div>\n<div>\n<p class=\"p-text\">Experimente los efectos revitalizantes de la Terapia de Glutati\u00f3n C en la Cl\u00ednica Capilar Exclusiva Dr. Terziler. Nuestro equipo de expertos est\u00e1 listo para ayudarle a desintoxicar y fortalecer su cuerpo para un m\u00e1s sano, m\u00e1s vibrante.<\/p>\n<\/p><\/div>\n<\/p><\/div>\n<\/p><\/div>\n<\/section>\n","protected":false},"excerpt":{"rendered":"<p>Glutati\u00f3n y vitamina C La terapia con glutati\u00f3n C es un potente tratamiento de medicina complementaria dise\u00f1ado para rejuvenecer su organismo mediante la combinaci\u00f3n de los beneficios del glutati\u00f3n y la vitamina C. Esta terapia es conocida por sus propiedades desintoxicantes, su apoyo al sistema inmunitario y sus beneficios para la regeneraci\u00f3n celular. Al actuar [&hellip;]<\/p>\n","protected":false},"author":6,"featured_media":5065,"parent":2485,"menu_order":0,"comment_status":"closed","ping_status":"closed","template":"","meta":{"footnotes":""},"class_list":["post-2487","page","type-page","status-publish","has-post-thumbnail","hentry"],"_links":{"self":[{"href":"https:\/\/drterziler.com\/es\/wp-json\/wp\/v2\/pages\/2487","targetHints":{"allow":["GET"]}}],"collection":[{"href":"https:\/\/drterziler.com\/es\/wp-json\/wp\/v2\/pages"}],"about":[{"href":"https:\/\/drterziler.com\/es\/wp-json\/wp\/v2\/types\/page"}],"author":[{"embeddable":true,"href":"https:\/\/drterziler.com\/es\/wp-json\/wp\/v2\/users\/6"}],"replies":[{"embeddable":true,"href":"https:\/\/drterziler.com\/es\/wp-json\/wp\/v2\/comments?post=2487"}],"version-history":[{"count":18,"href":"https:\/\/drterziler.com\/es\/wp-json\/wp\/v2\/pages\/2487\/revisions"}],"predecessor-version":[{"id":57691,"href":"https:\/\/drterziler.com\/es\/wp-json\/wp\/v2\/pages\/2487\/revisions\/57691"}],"up":[{"embeddable":true,"href":"https:\/\/drterziler.com\/es\/wp-json\/wp\/v2\/pages\/2485"}],"wp:featuredmedia":[{"embeddable":true,"href":"https:\/\/drterziler.com\/es\/wp-json\/wp\/v2\/media\/5065"}],"wp:attachment":[{"href":"https:\/\/drterziler.com\/es\/wp-json\/wp\/v2\/media?parent=2487"}],"curies":[{"name":"wp","href":"https:\/\/api.w.org\/{rel}","templated":true}]}}