{"id":2489,"date":"2024-08-12T22:39:00","date_gmt":"2024-08-12T22:39:00","guid":{"rendered":"https:\/\/drterziler.com\/longevidad\/golden-vial\/"},"modified":"2026-02-27T13:08:01","modified_gmt":"2026-02-27T13:08:01","slug":"golden-vial","status":"publish","type":"page","link":"https:\/\/drterziler.com\/es\/longevidad\/golden-vial\/","title":{"rendered":"Elixir de juventud"},"content":{"rendered":"<div class=\"page-content\">\n<div id=\"header-area\">\n<div class=\"container\" id=\"firstContent\">\n<div class=\"header-content d-flex flex-column\">\n<h1 class=\"content-title h1-header\">Elixir de juventud<\/h1>\n<div class=\"content-paragraph\">\n<p class=\"p-text\">Se trata de un programa revolucionario que invierte el reloj biol\u00f3gico hasta 15 a\u00f1os. Mediante un suero milagroso, este tratamiento repara el cuerpo por dentro y por fuera, proporcionando una energ\u00eda casi inagotable y eliminando los efectos del envejecimiento f\u00edsico, cognitivo y psicol\u00f3gico.<\/p>\n<\/p><\/div>\n<nav aria-label=\"breadcrumb\" class=\"breadcrumbs\">\n<ul class=\"d-flex align-items-center mb-0\">\n<li><a class=\"link\" href=\"https:\/\/drterziler.com\/es\/\"><span>Dr. Terziler Exclusive Clinic<\/span><\/a><\/li>\n<li class=\"separator\">\u00bb<\/li>\n<li><a class=\"link\" href=\"https:\/\/drterziler.com\/es\/longevidad\/\"><span>Longevidad<\/span><\/a><\/li>\n<li class=\"separator\">\u00bb<\/li>\n<li class=\"current-page\"><span>Elixir de juventud<\/span><\/li>\n<\/ul>\n<\/nav><\/div>\n<\/p><\/div>\n<\/p><\/div>\n<\/div>\n<section id=\"content-area\">\n<div class=\"container my-5\">\n<div class=\"row align-items-start\">\n<div class=\"col-md-6 order-2 order-md-1\">\n<div class=\"custom-toc-box\">\n<div id=\"toc-header\">\n<h4>\u00cdndice<\/h4>\n<div class=\"toc-toggle-icon\"><\/div>\n<\/p><\/div>\n<div class=\"toc-full-divider\"><\/div>\n<div id=\"toc-body\">\n<div id=\"toc-container\"><\/div>\n<\/p><\/div>\n<\/p><\/div>\n<\/p><\/div>\n<div class=\"col-md-6 order-1 order-md-2\" id=\"jForm\">\n                <script type=\"text\/javascript\" src=\"https:\/\/form.jotform.com\/jsform\/242881767918979\"><\/script>\n            <\/div>\n<\/p><\/div>\n<\/p><\/div>\n<div class=\"container\">\n<div class=\"img-thumb\">\n            <img loading=\"lazy\" decoding=\"async\" width=\"1140\" height=\"641\" src=\"https:\/\/drterziler.com\/wp-content\/uploads\/2025\/04\/Elixir-of-Youth.webp\" alt=\"Tratamiento Elixir de Juventud y Longevidad\" \/>\n        <\/div>\n<div>\n<div>\n<h2 class=\"h2-header\">Soluci\u00f3n milagrosa para afecciones cr\u00f3nicas<\/h2>\n<\/p><\/div>\n<div>\n<p class=\"p-text\">El Elixir de Juventud ofrece una respuesta contundente contra el insomnio cr\u00f3nico y la fatiga, permiti\u00e9ndole sentirse vigoroso durante todo el d\u00eda. Gracias a sus 240 tipos de exosomas espec\u00edficos, acelera la renovaci\u00f3n celular y acaba con la niebla mental, agudizando todas las funciones cognitivas.<\/p>\n<\/p><\/div>\n<\/p><\/div>\n<div>\n<div>\n<h2 class=\"h2-header\">Beneficios del Programa de Rejuvenecimiento<\/h2>\n<\/p><\/div>\n<div>\n<p class=\"p-text\"><strong class=\"barlow\">Rendimiento F\u00edsico:<\/strong> El suero favorece la ganancia de masa muscular, aumenta la tasa metab\u00f3lica y mejora la resistencia general, facilitando una quema de grasas m\u00e1s eficiente.<\/p>\n<\/p><\/div>\n<div>\n<p class=\"p-text\"><strong class=\"barlow\">Eficacia Mental y Sexual:<\/strong> Refuerza la concentraci\u00f3n y la memoria mientras optimiza la libido y las funciones sexuales, permitiendo un desempe\u00f1o m\u00e1s exitoso en la vida profesional y social.<\/p>\n<\/p><\/div>\n<div>\n<p class=\"p-text\"><strong class=\"barlow\">Motivaci\u00f3n y Confianza:<\/strong> Un cuerpo renovado contribuye a alcanzar niveles m\u00e1ximos de seguridad en uno mismo, proyectando una actitud m\u00e1s din\u00e1mica y activa ante los desaf\u00edos diarios.<\/p>\n<\/p><\/div>\n<\/p><\/div>\n<div>\n<div>\n<h3 class=\"h3-header\">\u00bfExiste un l\u00edmite de edad para el tratamiento?<\/h3>\n<\/p><\/div>\n<div>\n<p class=\"p-text\">No existe un l\u00edmite de edad espec\u00edfico. El Elixir de la Juventud resulta atractivo para todos los grupos de edad: en j\u00f3venes maximiza el rendimiento, mientras que en personas mayores proporciona salud, vitalidad y restauraci\u00f3n celular profunda adaptada a cada etapa de la vida.<\/p>\n<\/p><\/div>\n<\/p><\/div>\n<div>\n<div>\n<h3 class=\"h3-header\">\u00bfTiene efectos secundarios el programa?<\/h3>\n<\/p><\/div>\n<div>\n<p class=\"p-text\">El programa es totalmente seguro y no tiene efectos secundarios. Es aplicado por equipos de expertos en un entorno cl\u00ednico controlado, garantizando un proceso c\u00f3modo que no interfiere en el funcionamiento normal del organismo.<\/p>\n<\/p><\/div>\n<\/p><\/div>\n<div>\n<div>\n<h3 class=\"h3-header\">\u00bfEs apto para personas que se medican habitualmente?<\/h3>\n<\/p><\/div>\n<div>\n<p class=\"p-text\">El uso de medicamentos no suele ser un impedimento. No obstante, para garantizar la m\u00e1xima seguridad, evaluamos exhaustivamente el historial m\u00e9dico de cada hu\u00e9sped y determinamos la v\u00eda m\u00e1s adecuada bajo una rigurosa supervisi\u00f3n m\u00e9dica antes de proceder con el suero.<\/p>\n<\/p><\/div>\n<\/p><\/div>\n<\/p><\/div>\n<\/section>\n","protected":false},"excerpt":{"rendered":"<p>Elixir de juventud Se trata de un programa revolucionario que invierte el reloj biol\u00f3gico hasta 15 a\u00f1os. Mediante un suero milagroso, este tratamiento repara el cuerpo por dentro y por fuera, proporcionando una energ\u00eda casi inagotable y eliminando los efectos del envejecimiento f\u00edsico, cognitivo y psicol\u00f3gico. Dr. Terziler Exclusive Clinic \u00bb Longevidad \u00bb Elixir de [&hellip;]<\/p>\n","protected":false},"author":6,"featured_media":5059,"parent":2485,"menu_order":0,"comment_status":"closed","ping_status":"closed","template":"","meta":{"footnotes":""},"class_list":["post-2489","page","type-page","status-publish","has-post-thumbnail","hentry"],"_links":{"self":[{"href":"https:\/\/drterziler.com\/es\/wp-json\/wp\/v2\/pages\/2489","targetHints":{"allow":["GET"]}}],"collection":[{"href":"https:\/\/drterziler.com\/es\/wp-json\/wp\/v2\/pages"}],"about":[{"href":"https:\/\/drterziler.com\/es\/wp-json\/wp\/v2\/types\/page"}],"author":[{"embeddable":true,"href":"https:\/\/drterziler.com\/es\/wp-json\/wp\/v2\/users\/6"}],"replies":[{"embeddable":true,"href":"https:\/\/drterziler.com\/es\/wp-json\/wp\/v2\/comments?post=2489"}],"version-history":[{"count":14,"href":"https:\/\/drterziler.com\/es\/wp-json\/wp\/v2\/pages\/2489\/revisions"}],"predecessor-version":[{"id":57693,"href":"https:\/\/drterziler.com\/es\/wp-json\/wp\/v2\/pages\/2489\/revisions\/57693"}],"up":[{"embeddable":true,"href":"https:\/\/drterziler.com\/es\/wp-json\/wp\/v2\/pages\/2485"}],"wp:featuredmedia":[{"embeddable":true,"href":"https:\/\/drterziler.com\/es\/wp-json\/wp\/v2\/media\/5059"}],"wp:attachment":[{"href":"https:\/\/drterziler.com\/es\/wp-json\/wp\/v2\/media?parent=2489"}],"curies":[{"name":"wp","href":"https:\/\/api.w.org\/{rel}","templated":true}]}}