{"id":2491,"date":"2024-08-12T14:49:05","date_gmt":"2024-08-12T14:49:05","guid":{"rendered":"https:\/\/drterziler.com\/longevidad\/coctel-myer\/"},"modified":"2026-02-27T13:08:43","modified_gmt":"2026-02-27T13:08:43","slug":"coctel-myer","status":"publish","type":"page","link":"https:\/\/drterziler.com\/es\/longevidad\/coctel-myer\/","title":{"rendered":"C\u00f3ctel Myer"},"content":{"rendered":"<div class=\"page-content\">\n<div id=\"header-area\">\n<div class=\"container\" id=\"firstContent\">\n<div class=\"header-content d-flex flex-column\">\n<h1 class=\"content-title h1-header\">C\u00f3ctel Myer<\/h1>\n<div class=\"content-paragraph\">\n<p class=\"p-text\">Se define como una terapia vitam\u00ednica utilizada para el tratamiento de muchas dolencias como la fatiga persistente, los dolores de fibromialgia y la depresi\u00f3n. El suero especial combinado con complejos de vitamina B, vitamina C y cloruro de magnesio, cuando se administra directamente en la sangre, hace que el cuerpo sea m\u00e1s din\u00e1mico y vigoroso a la vez que proporciona claridad mental.<\/p>\n<\/p><\/div>\n<nav aria-label=\"breadcrumb\" class=\"breadcrumbs\">\n<ul class=\"d-flex align-items-center mb-0\">\n<li><a class=\"link\" href=\"https:\/\/drterziler.com\/es\/\"><span>Dr. Terziler Exclusive Clinic<\/span><\/a><\/li>\n<li class=\"separator\">\u00bb<\/li>\n<li><a class=\"link\" href=\"https:\/\/drterziler.com\/es\/longevidad\/\"><span>Longevidad<\/span><\/a><\/li>\n<li class=\"separator\">\u00bb<\/li>\n<li class=\"current-page\"><span>C\u00f3ctel Myer<\/span><\/li>\n<\/ul>\n<\/nav><\/div>\n<\/p><\/div>\n<\/p><\/div>\n<\/div>\n<section id=\"content-area\">\n<div class=\"container my-5\">\n<div class=\"row align-items-start\">\n<div class=\"col-md-6 order-2 order-md-1\">\n<div class=\"custom-toc-box\">\n<div id=\"toc-header\">\n<h4>\u00cdndice<\/h4>\n<div class=\"toc-toggle-icon\"><\/div>\n<\/p><\/div>\n<div class=\"toc-full-divider\"><\/div>\n<div id=\"toc-body\">\n<div id=\"toc-container\"><\/div>\n<\/p><\/div>\n<\/p><\/div>\n<\/p><\/div>\n<div class=\"col-md-6 order-1 order-md-2\" id=\"jForm\">\n                <script type=\"text\/javascript\" src=\"https:\/\/form.jotform.com\/jsform\/242881767918979\"><\/script>\n            <\/div>\n<\/p><\/div>\n<\/p><\/div>\n<div class=\"container\">\n<div class=\"img-thumb\">\n            <img loading=\"lazy\" decoding=\"async\" width=\"1140\" height=\"641\" src=\"https:\/\/drterziler.com\/wp-content\/uploads\/2025\/04\/Myers-Cocktail.webp\" alt=\"\" srcset=\"https:\/\/drterziler.com\/wp-content\/uploads\/2025\/04\/Myers-Cocktail.webp 1140w, https:\/\/drterziler.com\/wp-content\/uploads\/2025\/04\/Myers-Cocktail-300x169.webp 300w, https:\/\/drterziler.com\/wp-content\/uploads\/2025\/04\/Myers-Cocktail-1024x576.webp 1024w, https:\/\/drterziler.com\/wp-content\/uploads\/2025\/04\/Myers-Cocktail-768x432.webp 768w\" sizes=\"auto, (max-width: 1140px) 100vw, 1140px\">\n        <\/div>\n<div>\n<div>\n<h2 class=\"h2-header\">\u00bfCu\u00e1l es el contenido del c\u00f3ctel de Myers y qu\u00e9 beneficios aporta?<\/h2>\n<\/p><\/div>\n<div>\n<p class=\"p-text\">El C\u00f3ctel Myers est\u00e1 repleto de potentes componentes como las vitaminas del grupo B, la vitamina C y el cloruro de magnesio. Mientras que las vitaminas del grupo B contribuyen a la producci\u00f3n de energ\u00eda, la vitamina C refuerza el sistema inmunitario y el magnesio alivia el dolor muscular. Esta mezcla especial energiza el cuerpo, reduciendo la fatiga tanto f\u00edsica como mental.<\/p>\n<\/p><\/div>\n<\/p><\/div>\n<div>\n<div>\n<h2 class=\"h2-header\">Una mente clara y aguda<\/h2>\n<\/p><\/div>\n<div>\n<p class=\"p-text\">El C\u00f3ctel de Myers proporciona claridad mental gracias a su complejo de vitamina B que favorece las funciones cerebrales y a la vitamina C con efectos antioxidantes. Al tiempo que alivia la fatiga, aumenta la claridad mental y la concentraci\u00f3n. Especialmente durante periodos estresantes e intensos, ayuda a mantener la mente m\u00e1s centrada y activa. Por lo tanto, proporciona una mejora significativa en la vida empresarial y social.<\/p>\n<\/p><\/div>\n<\/p><\/div>\n<div>\n<div>\n<h2 class=\"h2-header\">\u00bfPara qui\u00e9n es adecuado el C\u00f3ctel Myers?<\/h2>\n<\/p><\/div>\n<div>\n<p class=\"p-text\">Es una opci\u00f3n excelente para personas con fatiga cr\u00f3nica, fibromialgia, depresi\u00f3n, dolores musculares o sometidas a estr\u00e9s intenso. Cualquiera que desee aumentar los niveles de energ\u00eda, aportar claridad mental y mejorar la salud en general puede beneficiarse de este tratamiento.<\/p>\n<\/p><\/div>\n<\/p><\/div>\n<div>\n<div>\n<h2 class=\"h2-header\">\u00bfC\u00f3mo se administra?<\/h2>\n<\/p><\/div>\n<div>\n<p class=\"p-text\">El c\u00f3ctel vitam\u00ednico, que se presenta en forma de suero y se inyecta en el organismo, es mucho m\u00e1s eficaz que las vitaminas ingeridas por v\u00eda oral, ya que se incluye directamente en el torrente sangu\u00edneo. El tratamiento, que puede aplicarse una vez a la semana durante 3-6 sesiones, se completa en aproximadamente una hora dependiendo de la velocidad de transferencia.<\/p>\n<\/p><\/div>\n<\/p><\/div>\n<\/p><\/div>\n<\/section>\n","protected":false},"excerpt":{"rendered":"<p>C\u00f3ctel Myer Se define como una terapia vitam\u00ednica utilizada para el tratamiento de muchas dolencias como la fatiga persistente, los dolores de fibromialgia y la depresi\u00f3n. El suero especial combinado con complejos de vitamina B, vitamina C y cloruro de magnesio, cuando se administra directamente en la sangre, hace que el cuerpo sea m\u00e1s din\u00e1mico [&hellip;]<\/p>\n","protected":false},"author":6,"featured_media":981,"parent":2485,"menu_order":0,"comment_status":"closed","ping_status":"closed","template":"","meta":{"footnotes":""},"class_list":["post-2491","page","type-page","status-publish","has-post-thumbnail","hentry"],"_links":{"self":[{"href":"https:\/\/drterziler.com\/es\/wp-json\/wp\/v2\/pages\/2491","targetHints":{"allow":["GET"]}}],"collection":[{"href":"https:\/\/drterziler.com\/es\/wp-json\/wp\/v2\/pages"}],"about":[{"href":"https:\/\/drterziler.com\/es\/wp-json\/wp\/v2\/types\/page"}],"author":[{"embeddable":true,"href":"https:\/\/drterziler.com\/es\/wp-json\/wp\/v2\/users\/6"}],"replies":[{"embeddable":true,"href":"https:\/\/drterziler.com\/es\/wp-json\/wp\/v2\/comments?post=2491"}],"version-history":[{"count":12,"href":"https:\/\/drterziler.com\/es\/wp-json\/wp\/v2\/pages\/2491\/revisions"}],"predecessor-version":[{"id":57696,"href":"https:\/\/drterziler.com\/es\/wp-json\/wp\/v2\/pages\/2491\/revisions\/57696"}],"up":[{"embeddable":true,"href":"https:\/\/drterziler.com\/es\/wp-json\/wp\/v2\/pages\/2485"}],"wp:featuredmedia":[{"embeddable":true,"href":"https:\/\/drterziler.com\/es\/wp-json\/wp\/v2\/media\/981"}],"wp:attachment":[{"href":"https:\/\/drterziler.com\/es\/wp-json\/wp\/v2\/media?parent=2491"}],"curies":[{"name":"wp","href":"https:\/\/api.w.org\/{rel}","templated":true}]}}