{"id":2493,"date":"2024-08-12T14:47:10","date_gmt":"2024-08-12T14:47:10","guid":{"rendered":"https:\/\/drterziler.com\/longevidad\/ozonoterapia\/"},"modified":"2026-02-27T13:09:44","modified_gmt":"2026-02-27T13:09:44","slug":"ozonoterapia","status":"publish","type":"page","link":"https:\/\/drterziler.com\/es\/longevidad\/ozonoterapia\/","title":{"rendered":"10x Ozonoterapia"},"content":{"rendered":"<div class=\"page-content\">\n<div id=\"header-area\">\n<div class=\"container\" id=\"firstContent\">\n<div class=\"header-content d-flex flex-column\">\n<h1 class=\"content-title h1-header\">10x Ozonoterapia<\/h1>\n<div class=\"content-paragraph\">\n<p class=\"p-text\">Esta terapia, que proporciona 10 sesiones de tratamiento en una sola sesi\u00f3n gracias a aparatos de \u00faltima generaci\u00f3n, ofrece efectos milagrosos as\u00ed como un ahorro m\u00e1ximo de tiempo. La ozonoterapia, que inicia la renovaci\u00f3n hol\u00edstica de los tejidos elevando el nivel de ox\u00edgeno en la sangre a niveles altos, crea un efecto dopante natural en el organismo gracias a la energ\u00eda y vitalidad que proporciona.Las c\u00e9lulas sangu\u00edneas enriquecidas con ozono renuevan el metabolismo y refuerzan el sistema inmunol\u00f3gico, protegiendo al organismo especialmente contra la gripe y otras enfermedades v\u00edricas.El ozono se utiliza ampliamente desde hace muchos a\u00f1os en el \u00e1mbito m\u00e9dico para la desinfecci\u00f3n de equipos, as\u00ed como en la purificaci\u00f3n de agua y sustancias alimenticias, ya que no muestra efectos secundarios sobre la salud humana y tiene propiedades antibacterianas y antioxidantes.<\/p>\n<\/p><\/div>\n<nav aria-label=\"breadcrumb\" class=\"breadcrumbs\">\n<ul class=\"d-flex align-items-center mb-0\">\n<li><a class=\"link\" href=\"https:\/\/drterziler.com\/es\/\"><span>Dr. Terziler Exclusive Clinic<\/span><\/a><\/li>\n<li class=\"separator\">\u00bb<\/li>\n<li><a class=\"link\" href=\"https:\/\/drterziler.com\/es\/longevidad\/\"><span>Longevidad<\/span><\/a><\/li>\n<li class=\"separator\">\u00bb<\/li>\n<li class=\"current-page\"><span>10x Ozonoterapia<\/span><\/li>\n<\/ul>\n<\/nav><\/div>\n<\/p><\/div>\n<\/p><\/div>\n<\/div>\n<section id=\"content-area\">\n<div class=\"container my-5\">\n<div class=\"row align-items-start\">\n<div class=\"col-md-6 order-2 order-md-1\">\n<div class=\"custom-toc-box\">\n<div id=\"toc-header\">\n<h4>\u00cdndice<\/h4>\n<div class=\"toc-toggle-icon\"><\/div>\n<\/p><\/div>\n<div class=\"toc-full-divider\"><\/div>\n<div id=\"toc-body\">\n<div id=\"toc-container\"><\/div>\n<\/p><\/div>\n<\/p><\/div>\n<\/p><\/div>\n<div class=\"col-md-6 order-1 order-md-2\" id=\"jForm\">\n                <script type=\"text\/javascript\" src=\"https:\/\/form.jotform.com\/jsform\/242881767918979\"><\/script>\n            <\/div>\n<\/p><\/div>\n<\/p><\/div>\n<div class=\"container\">\n<div class=\"img-thumb\">\n            <img loading=\"lazy\" decoding=\"async\" width=\"1140\" height=\"641\" src=\"https:\/\/drterziler.com\/wp-content\/uploads\/2025\/04\/10x-Ozone-Therapy.webp\" alt=\"\" srcset=\"https:\/\/drterziler.com\/wp-content\/uploads\/2025\/04\/10x-Ozone-Therapy.webp 1140w, https:\/\/drterziler.com\/wp-content\/uploads\/2025\/04\/10x-Ozone-Therapy-300x169.webp 300w, https:\/\/drterziler.com\/wp-content\/uploads\/2025\/04\/10x-Ozone-Therapy-1024x576.webp 1024w, https:\/\/drterziler.com\/wp-content\/uploads\/2025\/04\/10x-Ozone-Therapy-768x432.webp 768w\" sizes=\"auto, (max-width: 1140px) 100vw, 1140px\">\n        <\/div>\n<div>\n<div>\n<h2 class=\"h2-header\">Tecnolog\u00eda que reduce 10 sesiones de terapia a una sola<\/h2>\n<\/p><\/div>\n<div>\n<p class=\"p-text\">Obtener los resultados esperados de la ozonoterapia puede llevar hasta 4-5 sesiones. Esta situaci\u00f3n supone un obst\u00e1culo para quienes no pueden dedicar tiempo suficiente a la terapia debido a sus apretadas agendas de trabajo o a diversos motivos. Sin embargo, el Dr. Terziler ha logrado reducir la ozonoterapia tradicional que se completa en 10 sesiones a una sola sesi\u00f3n con el dispositivo de tecnolog\u00eda avanzada que adquiri\u00f3 para su cl\u00ednica como resultado de estudios en profundidad.<\/p>\n<\/p><\/div>\n<\/p><\/div>\n<div>\n<div>\n<h2 class=\"h2-header\">Tiempo m\u00ednimo Prestaci\u00f3n m\u00e1xima<\/h2>\n<\/p><\/div>\n<div>\n<p class=\"p-text\">Gracias al dispositivo de ozonoterapia de \u00faltima generaci\u00f3n de la Cl\u00ednica Dr. Terziler Exclusive, los resultados que se pod\u00edan obtener en 10 sesiones en la ozonoterapia tradicional ahora se pueden conseguir en una sola sesi\u00f3n. Esta tecnolog\u00eda proporciona el m\u00e1ximo beneficio con un tiempo de aplicaci\u00f3n de 15-20 minutos y una gesti\u00f3n \u00f3ptima del tiempo para aquellas personas con un ritmo de trabajo ajetreado que no pueden dedicar mucho tiempo a la terapia.<\/p>\n<\/p><\/div>\n<\/p><\/div>\n<div>\n<div>\n<h2 class=\"h2-header\">\u00bfEs seguro tomar 10 dosis en una sola sesi\u00f3n?<\/h2>\n<\/p><\/div>\n<div>\n<p class=\"p-text\">S\u00ed, \u00a1es seguro! Esta tecnolog\u00eda le permite obtener el beneficio de 10 sesiones en una sola sesi\u00f3n proporcionando la cantidad necesaria de ozono al cuerpo de la manera m\u00e1s ideal y controlada. Es una aplicaci\u00f3n que se puede preferir con seguridad para ahorrar tiempo mientras se obtiene el m\u00e1ximo beneficio.<\/p>\n<\/p><\/div>\n<\/p><\/div>\n<div>\n<div>\n<h2 class=\"h2-header\">\u00bfPara qui\u00e9n es adecuada la ozonoterapia?<\/h2>\n<\/p><\/div>\n<div>\n<p class=\"p-text\">Pacientes con fatiga cr\u00f3nica Pacientes con fibromialgia Pacientes diab\u00e9ticos Pacientes con infecciones cr\u00f3nicas y problemas de inflamaci\u00f3n Pacientes con artritis reumatoide y osteoartritis Personas con un sistema inmunitario d\u00e9bil Personas que buscan ayuda para problemas de la piel y el proceso de cicatrizaci\u00f3n de heridas<\/p>\n<\/p><\/div>\n<\/p><\/div>\n<div>\n<div>\n<h2 class=\"h2-header\">\u00bfQui\u00e9n no debe recibir ozonoterapia?<\/h2>\n<\/p><\/div>\n<div>\n<p class=\"p-text\">Mujeres embarazadas Personas con deficiencia de glucosa-6-fosfato deshidrogenasa Personas con disfunci\u00f3n tiroidea (hipertiroidismo) Pacientes con trastornos hemorr\u00e1gicos o anemia grave Personas que han sufrido un infarto agudo de miocardio Personas con problemas cardiovasculares graves<\/p>\n<\/p><\/div>\n<\/p><\/div>\n<\/p><\/div>\n<\/section>\n","protected":false},"excerpt":{"rendered":"<p>10x Ozonoterapia Esta terapia, que proporciona 10 sesiones de tratamiento en una sola sesi\u00f3n gracias a aparatos de \u00faltima generaci\u00f3n, ofrece efectos milagrosos as\u00ed como un ahorro m\u00e1ximo de tiempo. La ozonoterapia, que inicia la renovaci\u00f3n hol\u00edstica de los tejidos elevando el nivel de ox\u00edgeno en la sangre a niveles altos, crea un efecto dopante [&hellip;]<\/p>\n","protected":false},"author":6,"featured_media":5083,"parent":2485,"menu_order":0,"comment_status":"closed","ping_status":"closed","template":"","meta":{"footnotes":""},"class_list":["post-2493","page","type-page","status-publish","has-post-thumbnail","hentry"],"_links":{"self":[{"href":"https:\/\/drterziler.com\/es\/wp-json\/wp\/v2\/pages\/2493","targetHints":{"allow":["GET"]}}],"collection":[{"href":"https:\/\/drterziler.com\/es\/wp-json\/wp\/v2\/pages"}],"about":[{"href":"https:\/\/drterziler.com\/es\/wp-json\/wp\/v2\/types\/page"}],"author":[{"embeddable":true,"href":"https:\/\/drterziler.com\/es\/wp-json\/wp\/v2\/users\/6"}],"replies":[{"embeddable":true,"href":"https:\/\/drterziler.com\/es\/wp-json\/wp\/v2\/comments?post=2493"}],"version-history":[{"count":14,"href":"https:\/\/drterziler.com\/es\/wp-json\/wp\/v2\/pages\/2493\/revisions"}],"predecessor-version":[{"id":57698,"href":"https:\/\/drterziler.com\/es\/wp-json\/wp\/v2\/pages\/2493\/revisions\/57698"}],"up":[{"embeddable":true,"href":"https:\/\/drterziler.com\/es\/wp-json\/wp\/v2\/pages\/2485"}],"wp:featuredmedia":[{"embeddable":true,"href":"https:\/\/drterziler.com\/es\/wp-json\/wp\/v2\/media\/5083"}],"wp:attachment":[{"href":"https:\/\/drterziler.com\/es\/wp-json\/wp\/v2\/media?parent=2493"}],"curies":[{"name":"wp","href":"https:\/\/api.w.org\/{rel}","templated":true}]}}