{"id":2504,"date":"2024-08-12T14:23:02","date_gmt":"2024-08-12T14:23:02","guid":{"rendered":"https:\/\/drterziler.com\/estetica-medica\/"},"modified":"2026-03-05T23:54:30","modified_gmt":"2026-03-05T23:54:30","slug":"estetica-medica","status":"publish","type":"page","link":"https:\/\/drterziler.com\/es\/estetica-medica\/","title":{"rendered":"Est\u00e9tica m\u00e9dica"},"content":{"rendered":"<div class=\"page-content category-page\">\n<div id=\"header-area\">\n<div class=\"container\" id=\"firstContent\">\n<div class=\"header-content d-flex flex-column\">\n<h1 class=\"content-title\">Est\u00e9tica M\u00e9dica<\/h1>\n<div class=\"content-paragraph\">\n<p>En Dr. Terziler Exclusive Clinic, nos especializamos en realzar su belleza natural mediante tratamientos aplicados por expertos. Nuestros servicios incluyen aplicaciones de mesoterapia, vacunaci\u00f3n de juventud y b\u00f3tox, todos dise\u00f1ados para rejuvenecer su piel y proporcionar una apariencia juvenil. Con un enfoque en la precisi\u00f3n y el cuidado, aseguramos que reciba tratamientos de la m\u00e1s alta calidad adaptados a sus necesidades espec\u00edficas. Experimente el arte de la est\u00e9tica m\u00e9dica con resultados que le har\u00e1n sentir seguro y renovado.<\/p>\n<\/p><\/div>\n<nav aria-label=\"breadcrumb\" class=\"breadcrumbs\">\n<ul class=\"d-flex align-items-center mb-0\">\n<li><a class=\"link\" href=\"https:\/\/drterziler.com\/es\/\"><span>Dr. Terziler<\/span><\/a><\/li>\n<li class=\"separator\">\u00bb<\/li>\n<li class=\"current-page\"><span>Est\u00e9tica M\u00e9dica<\/span><\/li>\n<\/ul>\n<\/nav><\/div>\n<\/p><\/div>\n<\/p><\/div>\n<\/div>\n<section class=\"svc-section\">\n<div class=\"container\">\n<div class=\"svc-item right-card\">\n<div class=\"svc-media\">\n                <img decoding=\"async\" src=\"https:\/\/drterziler.com\/wp-content\/uploads\/2025\/04\/karbon-peeling.webp\" alt=\"Tratamientos Faciales\" loading=\"lazy\" class=\"cat-img\">\n            <\/div>\n<div class=\"svc-card\">\n<h3 class=\"svc-title gilda\">Tratamientos Faciales<\/h3>\n<p class=\"svc-text barlow\">\n                    Estamos aqu\u00ed para el rostro que desea ver en el espejo. Con nuestros dispositivos de tecnolog\u00eda avanzada y un toque experto, le guiamos en el viaje de su piel hacia la juventud. El aspecto de sus sue\u00f1os est\u00e1 ahora a solo un paso, en su forma m\u00e1s impecable.\n                <\/p>\n<p>                <a class=\"btn-details barlow-condensed\" href=\"https:\/\/drterziler.com\/es\/estetica-medica\/tratamientos-faciales\/\">DETALLES<\/a>\n            <\/div>\n<\/p><\/div>\n<div class=\"svc-item left-card\">\n<div class=\"svc-media\">\n                <img decoding=\"async\" src=\"https:\/\/drterziler.com\/wp-content\/uploads\/2025\/02\/Dermatoloji.webp\" alt=\"Dermatolog\u00eda\" loading=\"lazy\" class=\"cat-img\" style=\"transform: scaleX(-1);\">\n            <\/div>\n<div class=\"svc-card\">\n<h3 class=\"svc-title gilda\">Dermatolog\u00eda<\/h3>\n<p class=\"svc-text barlow\">\n                    La dermatolog\u00eda es una rama de la medicina especializada en la salud y la est\u00e9tica de la piel. Las enfermedades y los problemas est\u00e9ticos relacionados con la piel, el cabello, las u\u00f1as y otras estructuras subcut\u00e1neas se abordan mediante tratamientos dermatol\u00f3gicos. Los dermat\u00f3logos no solo tratan afecciones como manchas en la piel, acn\u00e9 y psoriasis, sino que tambi\u00e9n realizan diversos procedimientos est\u00e9ticos para lograr una apariencia cut\u00e1nea saludable y juvenil.\n                <\/p>\n<p>                <a class=\"btn-details barlow-condensed\" href=\"https:\/\/drterziler.com\/es\/estetica-medica\/dermatologia-es\/\">DETALLES<\/a>\n            <\/div>\n<\/p><\/div>\n<div class=\"svc-item right-card\">\n<div class=\"svc-media\">\n                <img decoding=\"async\" src=\"https:\/\/drterziler.com\/wp-content\/uploads\/2025\/01\/Ameliyatsiz-Goz-Cevresi-Uygulamalari.webp\" alt=\"Tratamientos Periorbitales no Quir\u00fargicos\" loading=\"lazy\" class=\"cat-img\" style=\"transform: scaleX(-1);\">\n            <\/div>\n<div class=\"svc-card\">\n<h3 class=\"svc-title gilda\">Tratamientos Periorbitales no Quir\u00fargicos<\/h3>\n<p class=\"svc-text barlow\">\n                    Los tratamientos no quir\u00fargicos para el \u00e1rea de los ojos se dirigen a problemas como arrugas, bolsas y ojeras alrededor de los ojos. Estos procedimientos, utilizando m\u00e9todos como b\u00f3tox, rellenos y mesoterapia, mejoran la apariencia juvenil y din\u00e1mica de la zona ocular. Los efectos son visibles de inmediato y el tiempo de recuperaci\u00f3n es corto, lo que permite un r\u00e1pido regreso al trabajo y a las actividades sociales.\n                <\/p>\n<p>                <a class=\"btn-details barlow-condensed\" href=\"https:\/\/drterziler.com\/es\/estetica-medica\/tratamientos-periorbitarios-no-quirurgicos\/\">DETALLES<\/a>\n            <\/div>\n<\/p><\/div>\n<div class=\"svc-item left-card\">\n<div class=\"svc-media\">\n                <img decoding=\"async\" src=\"https:\/\/drterziler.com\/wp-content\/uploads\/2025\/02\/El-Genclestirme.webp\" alt=\"Rejuvenecimiento de Manos\" loading=\"lazy\" class=\"cat-img\">\n            <\/div>\n<div class=\"svc-card\">\n<h3 class=\"svc-title gilda\">Rejuvenecimiento de Manos<\/h3>\n<p class=\"svc-text barlow\">\n                    Es un procedimiento est\u00e9tico no quir\u00fargico destinado a abordar los signos del envejecimiento, la p\u00e9rdida de volumen, las arrugas y las l\u00edneas finas en las manos. Realizado mediante m\u00e9todos como rellenos d\u00e9rmicos, PRP y tratamientos con l\u00e1ser, este procedimiento mejora la apariencia juvenil, saludable y vibrante de las manos. Su r\u00e1pida aplicaci\u00f3n y m\u00ednima incomodidad lo convierten en una opci\u00f3n muy preferida.\n                <\/p>\n<p>                <a class=\"btn-details barlow-condensed\" href=\"https:\/\/drterziler.com\/es\/estetica-medica\/rejuvenecimiento-de-manos\/\">DETALLES<\/a>\n            <\/div>\n<\/p><\/div>\n<div class=\"svc-item right-card\">\n<div class=\"svc-media\">\n                <img decoding=\"async\" src=\"https:\/\/drterziler.com\/wp-content\/uploads\/2025\/02\/Boyun-Genclestirme.webp\" alt=\"Rejuvenecimiento de Cuello\" loading=\"lazy\" class=\"cat-img\" style=\"transform: scaleX(-1);\">\n            <\/div>\n<div class=\"svc-card\">\n<h3 class=\"svc-title gilda\">Rejuvenecimiento de Cuello<\/h3>\n<p class=\"svc-text barlow\">\n                    Es un procedimiento no quir\u00fargico realizado para corregir arrugas, flacidez y l\u00edneas finas causadas por el envejecimiento. Se utilizan t\u00e9cnicas como rellenos, b\u00f3tox, l\u00e1ser y PRP para que la piel del cuello aparezca m\u00e1s firme, suave y juvenil. Este tratamiento suele preferirse por sus resultados r\u00e1pidos y efectivos, m\u00ednima incomodidad y corto tiempo de recuperaci\u00f3n.\n                <\/p>\n<p>                <a class=\"btn-details barlow-condensed\" href=\"https:\/\/drterziler.com\/es\/estetica-medica\/rejuvenecimiento-del-cuello\/\">DETALLES<\/a>\n            <\/div>\n<\/p><\/div>\n<div class=\"svc-item left-card\">\n<div class=\"svc-media\">\n                <img decoding=\"async\" src=\"https:\/\/drterziler.com\/wp-content\/uploads\/2025\/02\/Dekolte-Genclestirme.webp\" alt=\"Rejuvenecimiento del Escote\" loading=\"lazy\" class=\"cat-img\" style=\"transform: scaleX(-1);\">\n            <\/div>\n<div class=\"svc-card\">\n<h3 class=\"svc-title gilda\">Rejuvenecimiento del Escote<\/h3>\n<p class=\"svc-text barlow\">\n                    El tratamiento de rejuvenecimiento del escote es un procedimiento innovador destinado a tratar las l\u00edneas finas, las manchas y la p\u00e9rdida de elasticidad de la piel en el \u00e1rea del cuello y el pecho. Los m\u00e9todos apoyados por ingredientes naturales tensan la piel a la vez que proporcionan una apariencia m\u00e1s juvenil y radiante. Este tratamiento ofrece una soluci\u00f3n eficaz para un escote suave y luminoso.\n                <\/p>\n<p>                <a class=\"btn-details barlow-condensed\" href=\"https:\/\/drterziler.com\/es\/estetica-medica\/rejuvenecimiento-del-escote\/\">DETALLES<\/a>\n            <\/div>\n<\/p><\/div>\n<div class=\"svc-item right-card\">\n<div class=\"svc-media\">\n                <img decoding=\"async\" src=\"https:\/\/drterziler.com\/wp-content\/uploads\/2025\/01\/Gidi-Genclestirme.webp\" alt=\"Rejuvenecimiento de Papada\" loading=\"lazy\" class=\"cat-img\" style=\"transform: scaleX(-1);\">\n            <\/div>\n<div class=\"svc-card\">\n<h3 class=\"svc-title gilda\">Rejuvenecimiento de Papada<\/h3>\n<p class=\"svc-text barlow\">\n                    El tratamiento de rejuvenecimiento submentoniano tiene como objetivo reducir la flacidez y la laxitud de la piel, logrando una apariencia m\u00e1s juvenil y firme. Este tratamiento puede realizarse mediante m\u00e9todos como b\u00f3tox, rellenos y l\u00e1ser, trabajando al reducir la acumulaci\u00f3n de grasa en el \u00e1rea y aumentar la elasticidad de la piel. Como resultado, la l\u00ednea de la mand\u00edbula se vuelve m\u00e1s definida y se mejora el contorno facial.\n                <\/p>\n<p>                <a class=\"btn-details barlow-condensed\" href=\"https:\/\/drterziler.com\/es\/estetica-medica\/rejuvenecimiento-de-papada\/\">DETALLES<\/a>\n            <\/div>\n<\/p><\/div>\n<div class=\"svc-item left-card\">\n<div class=\"svc-media\">\n                <img decoding=\"async\" src=\"https:\/\/drterziler.com\/wp-content\/uploads\/2025\/02\/Diger-Botoks-Uygulamalari.webp\" alt=\"Otros Tratamientos de B\u00f3tox\" loading=\"lazy\" class=\"cat-img\" style=\"transform: scaleX(-1);\">\n            <\/div>\n<div class=\"svc-card\">\n<h3 class=\"svc-title gilda\">Otros Tratamientos de B\u00f3tox<\/h3>\n<p class=\"svc-text barlow\">\n                    El b\u00f3tox es una gama eficaz de m\u00e9todos de tratamiento que abarcan un amplio espectro en est\u00e9tica y salud. El b\u00f3tox masetero reduce la tensi\u00f3n excesiva en los m\u00fasculos de la mand\u00edbula, afinando los contornos faciales, mientras que el b\u00f3tox para la migra\u00f1a alivia los dolores de cabeza y mejora la calidad de vida. El b\u00f3tox para el sudor ayuda a controlar la sudoraci\u00f3n excesiva, haciendo la vida diaria m\u00e1s c\u00f3moda. Estos tipos de tratamientos con b\u00f3tox suelen preferirse debido a su naturaleza m\u00ednimamente invasiva y r\u00e1pidos tiempos de recuperaci\u00f3n.\n                <\/p>\n<p>                <a class=\"btn-details barlow-condensed\" href=\"https:\/\/drterziler.com\/es\/estetica-medica\/otros-tratamientos-con-botox\/\">DETALLES<\/a>\n            <\/div>\n<\/p><\/div>\n<div class=\"svc-item right-card\">\n<div class=\"svc-media\">\n                <img decoding=\"async\" src=\"https:\/\/drterziler.com\/wp-content\/uploads\/2025\/02\/Teknolojik-Uygulamalar.webp\" alt=\"Tratamientos Tecnol\u00f3gicos\" loading=\"lazy\" class=\"cat-img\" style=\"transform: scaleX(-1);\">\n            <\/div>\n<div class=\"svc-card\">\n<h3 class=\"svc-title gilda\">Tratamientos Tecnol\u00f3gicos<\/h3>\n<p class=\"svc-text barlow\">\n                    Como Dr. Terziler, ofrecemos una experiencia atemporal con nuestras aplicaciones de vanguardia en est\u00e9tica, salud y belleza. Los dispositivos rob\u00f3ticos, las tecnolog\u00edas l\u00e1ser y los sistemas inteligentes aceleran y mejoran la eficacia de los procesos de tratamiento. Las aplicaciones modernizadas permiten un proceso de recuperaci\u00f3n m\u00e1s r\u00e1pido con m\u00e9todos m\u00ednimamente invasivos, al tiempo que proporcionan una comodidad inigualable.\n                <\/p>\n<p>                <a class=\"btn-details barlow-condensed\" href=\"https:\/\/drterziler.com\/es\/estetica-medica\/tratamientos-tecnologicos\/\">DETALLES<\/a>\n            <\/div>\n<\/p><\/div>\n<div class=\"svc-item left-card\">\n<div class=\"svc-media\">\n                <img decoding=\"async\" src=\"https:\/\/drterziler.com\/wp-content\/uploads\/2025\/02\/Tamamlayici-Tip-GETAT-Uygulamalari.webp\" alt=\"Tratamientos de Medicina Complementaria GETAT\" loading=\"lazy\" class=\"cat-img\" style=\"transform: scaleX(-1);\">\n            <\/div>\n<div class=\"svc-card\">\n<h3 class=\"svc-title gilda\">Tratamientos de Medicina Complementaria GETAT<\/h3>\n<p class=\"svc-text barlow\">\n                    La medicina complementaria (GETAT) es un campo de tratamiento que tiene como objetivo apoyar al cuerpo con m\u00e9todos de curaci\u00f3n naturales y hol\u00edsticos junto con la medicina tradicional. Estas aplicaciones no solo apoyan los procesos de curaci\u00f3n del cuerpo, sino que tambi\u00e9n pretenden mejorar la salud tanto mental como f\u00edsica del individuo a los niveles m\u00e1s altos.\n                <\/p>\n<p>                <a class=\"btn-details barlow-condensed\" href=\"https:\/\/drterziler.com\/es\/estetica-medica\/tratamientos-getat-de-medicina-complementaria\/\">DETALLES<\/a>\n            <\/div>\n<\/p><\/div>\n<div class=\"svc-item right-card\">\n<div class=\"svc-media\">\n                <img decoding=\"async\" src=\"https:\/\/drterziler.com\/wp-content\/uploads\/2025\/07\/Cilt-Eksozom.webp\" alt=\"Tratamientos con Exosomas\" loading=\"lazy\" class=\"cat-img\">\n            <\/div>\n<div class=\"svc-card\">\n<h3 class=\"svc-title gilda\">Tratamientos con Exosomas<\/h3>\n<p class=\"svc-text barlow\">\n                    Los exosomas son estructuras microsc\u00f3picas encerradas en una membrana producidas dentro de las c\u00e9lulas y secretadas fuera de ellas. Transportan contenidos biol\u00f3gicos como ARN, prote\u00ednas y factores de crecimiento, transmitiendo informaci\u00f3n entre c\u00e9lulas. En los \u00faltimos a\u00f1os, los exosomas han ganado atenci\u00f3n en los tratamientos de rejuvenecimiento cut\u00e1neo debido a su papel significativo en los procesos de regeneraci\u00f3n tisular y renovaci\u00f3n celular.\n                <\/p>\n<p>                <a class=\"btn-details barlow-condensed\" href=\"https:\/\/drterziler.com\/es\/estetica-medica\/tratamientos-con-exosomas-skin\/exosomas-para-el-tratamiento-de-la-piel\/\">DETALLES<\/a>\n            <\/div>\n<\/p><\/div>\n<div class=\"svc-item left-card\">\n<div class=\"svc-media\">\n                <img decoding=\"async\" src=\"https:\/\/drterziler.com\/wp-content\/uploads\/2025\/02\/cilt-iksiri-1.webp\" alt=\"Skin Elixir\" loading=\"lazy\" class=\"cat-img\" style=\"transform: scaleX(-1);\">\n            <\/div>\n<div class=\"svc-card\">\n<h3 class=\"svc-title gilda\">Elixir de piel<\/h3>\n<p class=\"svc-text barlow\">\n                    Este tratamiento est\u00e1 dise\u00f1ado para apoyar la estructura natural de la piel y reducir los signos del envejecimiento. La f\u00f3rmula especial, consistente en una combinaci\u00f3n de \u00e1cido hialur\u00f3nico, vitaminas, antioxidantes y otros ingredientes naturales, penetra profundamente en la piel, realzando su vitalidad y rejuveneciendo su apariencia.\n                <\/p>\n<p>                <a class=\"btn-details barlow-condensed\" href=\"https:\/\/drterziler.com\/es\/estetica-medica\/elixir-de-piel\/\">DETALLES<\/a>\n            <\/div>\n<\/p><\/div>\n<div class=\"svc-item right-card\">\n<div class=\"svc-media\">\n                <img decoding=\"async\" src=\"https:\/\/drterziler.com\/wp-content\/uploads\/2025\/02\/Ozon-Terapi1.webp\" alt=\"Ozonoterapia\" loading=\"lazy\" class=\"cat-img\">\n            <\/div>\n<div class=\"svc-card\">\n<h3 class=\"svc-title gilda\">Ozonoterapia<\/h3>\n<p class=\"svc-text barlow\">\n                    La ozonoterapia ayuda a aumentar la oxigenaci\u00f3n de la piel, promoviendo una apariencia m\u00e1s saludable, brillante y juvenil. Con su potente efecto detox, renueva las c\u00e9lulas de la piel, apoya la reducci\u00f3n de manchas y arrugas finas, y tambi\u00e9n mejora la elasticidad de la piel, creando una textura m\u00e1s firme y vibrante.\n                <\/p>\n<p>                <a class=\"btn-details barlow-condensed\" href=\"https:\/\/drterziler.com\/es\/estetica-medica\/ozonoterapia\/\">DETALLES<\/a>\n            <\/div>\n<\/p><\/div>\n<\/p><\/div>\n<\/section>\n","protected":false},"excerpt":{"rendered":"<p>Est\u00e9tica M\u00e9dica En Dr. Terziler Exclusive Clinic, nos especializamos en realzar su belleza natural mediante tratamientos aplicados por expertos. Nuestros servicios incluyen aplicaciones de mesoterapia, vacunaci\u00f3n de juventud y b\u00f3tox, todos dise\u00f1ados para rejuvenecer su piel y proporcionar una apariencia juvenil. Con un enfoque en la precisi\u00f3n y el cuidado, aseguramos que reciba tratamientos de [&hellip;]<\/p>\n","protected":false},"author":6,"featured_media":1006,"parent":0,"menu_order":0,"comment_status":"closed","ping_status":"closed","template":"","meta":{"footnotes":""},"class_list":["post-2504","page","type-page","status-publish","has-post-thumbnail","hentry"],"_links":{"self":[{"href":"https:\/\/drterziler.com\/es\/wp-json\/wp\/v2\/pages\/2504","targetHints":{"allow":["GET"]}}],"collection":[{"href":"https:\/\/drterziler.com\/es\/wp-json\/wp\/v2\/pages"}],"about":[{"href":"https:\/\/drterziler.com\/es\/wp-json\/wp\/v2\/types\/page"}],"author":[{"embeddable":true,"href":"https:\/\/drterziler.com\/es\/wp-json\/wp\/v2\/users\/6"}],"replies":[{"embeddable":true,"href":"https:\/\/drterziler.com\/es\/wp-json\/wp\/v2\/comments?post=2504"}],"version-history":[{"count":56,"href":"https:\/\/drterziler.com\/es\/wp-json\/wp\/v2\/pages\/2504\/revisions"}],"predecessor-version":[{"id":59553,"href":"https:\/\/drterziler.com\/es\/wp-json\/wp\/v2\/pages\/2504\/revisions\/59553"}],"wp:featuredmedia":[{"embeddable":true,"href":"https:\/\/drterziler.com\/es\/wp-json\/wp\/v2\/media\/1006"}],"wp:attachment":[{"href":"https:\/\/drterziler.com\/es\/wp-json\/wp\/v2\/media?parent=2504"}],"curies":[{"name":"wp","href":"https:\/\/api.w.org\/{rel}","templated":true}]}}