{"id":2508,"date":"2024-08-12T16:07:43","date_gmt":"2024-08-12T16:07:43","guid":{"rendered":"https:\/\/drterziler.com\/estetica-medica\/aplicaciones-de-la-mesoterapia\/"},"modified":"2026-03-06T23:06:05","modified_gmt":"2026-03-06T23:06:05","slug":"mesoterapia","status":"publish","type":"page","link":"https:\/\/drterziler.com\/es\/estetica-medica\/tratamientos-faciales\/mesoterapia\/","title":{"rendered":"Mesoterapia"},"content":{"rendered":"<div class=\"page-content category-page\">\n<div id=\"header-area\">\n<div class=\"container\" id=\"firstContent\">\n<div class=\"header-content d-flex flex-column\">\n<h1 class=\"content-title\">Mesoterapia<\/h1>\n<div class=\"content-paragraph\">\n<p>La mesoterapia es un m\u00e9todo de tratamiento eficaz que impacta profundamente en su piel, proporcionando juventud, vitalidad y luminosidad. A trav\u00e9s de microinyecciones de vitaminas, minerales, \u00e1cido hialur\u00f3nico y otros ingredientes nutritivos bajo la piel, asegura que su cutis reciba todos los nutrientes que necesita. Esto da como resultado una apariencia vibrante y radiante.<\/p>\n<\/p><\/div>\n<nav aria-label=\"breadcrumb\" class=\"breadcrumbs\">\n<ul class=\"d-flex align-items-center mb-0\">\n<li><a class=\"link\" href=\"https:\/\/drterziler.com\/es\/\"><span>Dr. Terziler<\/span><\/a><\/li>\n<li class=\"separator\">\u00bb<\/li>\n<li><a class=\"link\" href=\"https:\/\/drterziler.com\/es\/estetica-medica\/\"><span>Est\u00e9tica M\u00e9dica<\/span><\/a><\/li>\n<li class=\"separator\">\u00bb<\/li>\n<li><a class=\"link\" href=\"https:\/\/drterziler.com\/es\/estetica-medica\/tratamientos-faciales\/\"><span>Tratamientos Faciales<\/span><\/a><\/li>\n<li class=\"separator\">\u00bb<\/li>\n<li class=\"current-page\"><span>Mesoterapia<\/span><\/li>\n<\/ul>\n<\/nav><\/div>\n<\/p><\/div>\n<\/p><\/div>\n<\/p><\/div>\n<section class=\"svc-section\">\n<div class=\"container\">\n<div class=\"svc-item right-card\">\n<div class=\"svc-media\">\n              <img decoding=\"async\" src=\"https:\/\/drterziler.com\/wp-content\/uploads\/2025\/02\/Akne-Tedavisi-1.webp\" style=\"transform: scaleX(-1);\" loading=\"lazy\" class=\"cat-img\" alt=\"\">\n              <\/div>\n<div class=\"svc-card\">\n<h3 class=\"svc-title gilda\">Tratamiento del Acn\u00e9<\/h3>\n<p class=\"svc-text barlow\">\n                  Incluye una serie de procedimientos dermatol\u00f3gicos destinados a eliminar el acn\u00e9 y las cicatrices de granos. Se utilizan m\u00e9todos como tratamientos con l\u00e1ser, exfoliaciones qu\u00edmicas y medicamentos t\u00f3picos para limpiar y restaurar el equilibrio de la piel. El tratamiento se personaliza seg\u00fan el tipo de piel, proporcionando resultados eficaces y r\u00e1pidos.\n              <\/p>\n<p>              <a class=\"btn-details barlow-condensed\" href=\"https:\/\/drterziler.com\/es\/estetica-medica\/tratamientos-faciales\/mesoterapia\/tratamiento-del-acne\/\">DETALLES<\/a>\n              <\/div>\n<\/p><\/div>\n<div class=\"svc-item left-card\">\n<div class=\"svc-media\">\n              <img decoding=\"async\" src=\"https:\/\/drterziler.com\/wp-content\/uploads\/2025\/02\/leke-tedavisi-1.webp\" loading=\"lazy\" class=\"cat-img\" alt=\"\">\n              <\/div>\n<div class=\"svc-card\">\n<h3 class=\"svc-title gilda\">Tratamiento de Manchas<\/h3>\n<p class=\"svc-text barlow\">\n                  Se dirige a las manchas solares, las cicatrices del acn\u00e9 y los signos del envejecimiento, igualando el tono de la piel. Se utilizan m\u00e9todos como el tratamiento con l\u00e1ser, las exfoliaciones qu\u00edmicas y el PRP para eliminar las imperfecciones y dar luminosidad a la piel. El tratamiento es personalizado, proporcionando resultados naturales y duraderos.\n              <\/p>\n<p>              <a class=\"btn-details barlow-condensed\" href=\"https:\/\/drterziler.com\/es\/estetica-medica\/tratamientos-faciales\/mesoterapia\/tratamiento-localizado\/\">DETALLES<\/a>\n              <\/div>\n<\/p><\/div>\n<div class=\"svc-item right-card\">\n<div class=\"svc-media\">\n            <img decoding=\"async\" src=\"https:\/\/drterziler.com\/wp-content\/uploads\/2025\/02\/Anti-Aging-1.webp\" loading=\"lazy\" class=\"cat-img\" style=\"transform: scaleX(-1);\" alt=\"\">\n            <\/div>\n<div class=\"svc-card\">\n<h3 class=\"svc-title gilda\">Anti-Aging<\/h3>\n<p class=\"svc-text barlow\">\n                Los tratamientos anti-aging que desaf\u00edan los signos del paso del tiempo son procedimientos modernos destinados a lograr una piel m\u00e1s joven, vibrante y suave. Al apoyar tanto la belleza est\u00e9tica como la natural, estos m\u00e9todos ofrecen una soluci\u00f3n popular para todos en la actualidad.\n            <\/p>\n<p>            <a class=\"btn-details barlow-condensed\" href=\"https:\/\/drterziler.com\/es\/estetica-medica\/tratamientos-faciales\/mesoterapia\/antienvejecimiento\/\">DETALLES<\/a>\n            <\/div>\n<\/p><\/div>\n<\/p><\/div>\n<\/section>\n","protected":false},"excerpt":{"rendered":"<p>Mesoterapia La mesoterapia es un m\u00e9todo de tratamiento eficaz que impacta profundamente en su piel, proporcionando juventud, vitalidad y luminosidad. A trav\u00e9s de microinyecciones de vitaminas, minerales, \u00e1cido hialur\u00f3nico y otros ingredientes nutritivos bajo la piel, asegura que su cutis reciba todos los nutrientes que necesita. Esto da como resultado una apariencia vibrante y radiante. [&hellip;]<\/p>\n","protected":false},"author":6,"featured_media":5001,"parent":15919,"menu_order":0,"comment_status":"closed","ping_status":"closed","template":"","meta":{"footnotes":""},"class_list":["post-2508","page","type-page","status-publish","has-post-thumbnail","hentry"],"_links":{"self":[{"href":"https:\/\/drterziler.com\/es\/wp-json\/wp\/v2\/pages\/2508","targetHints":{"allow":["GET"]}}],"collection":[{"href":"https:\/\/drterziler.com\/es\/wp-json\/wp\/v2\/pages"}],"about":[{"href":"https:\/\/drterziler.com\/es\/wp-json\/wp\/v2\/types\/page"}],"author":[{"embeddable":true,"href":"https:\/\/drterziler.com\/es\/wp-json\/wp\/v2\/users\/6"}],"replies":[{"embeddable":true,"href":"https:\/\/drterziler.com\/es\/wp-json\/wp\/v2\/comments?post=2508"}],"version-history":[{"count":23,"href":"https:\/\/drterziler.com\/es\/wp-json\/wp\/v2\/pages\/2508\/revisions"}],"predecessor-version":[{"id":59843,"href":"https:\/\/drterziler.com\/es\/wp-json\/wp\/v2\/pages\/2508\/revisions\/59843"}],"up":[{"embeddable":true,"href":"https:\/\/drterziler.com\/es\/wp-json\/wp\/v2\/pages\/15919"}],"wp:featuredmedia":[{"embeddable":true,"href":"https:\/\/drterziler.com\/es\/wp-json\/wp\/v2\/media\/5001"}],"wp:attachment":[{"href":"https:\/\/drterziler.com\/es\/wp-json\/wp\/v2\/media?parent=2508"}],"curies":[{"name":"wp","href":"https:\/\/api.w.org\/{rel}","templated":true}]}}