{"id":2510,"date":"2024-08-12T16:08:05","date_gmt":"2024-08-12T16:08:05","guid":{"rendered":"https:\/\/drterziler.com\/estetica-medica\/vacuna-juvenil\/"},"modified":"2026-02-27T13:17:03","modified_gmt":"2026-02-27T13:17:03","slug":"elixir-de-piel","status":"publish","type":"page","link":"https:\/\/drterziler.com\/es\/estetica-medica\/elixir-de-piel\/","title":{"rendered":"Elixir de piel"},"content":{"rendered":"<div class=\"page-content\">\n<div id=\"header-area\">\n<div class=\"container\" id=\"firstContent\">\n<div class=\"header-content d-flex flex-column\">\n<h1 class=\"content-title h1-header\">Elixir de piel<\/h1>\n<div class=\"content-paragraph\">\n<p class=\"p-text\">El secreto de la renovaci\u00f3n natural<\/p>\n<\/p><\/div>\n<nav aria-label=\"breadcrumb\" class=\"breadcrumbs\">\n<ul class=\"d-flex align-items-center mb-0\">\n<li><a class=\"link\" href=\"https:\/\/drterziler.com\/es\/\"><span>Dr. Terziler Exclusive Clinic<\/span><\/a><\/li>\n<li class=\"separator\">\u00bb<\/li>\n<li><a class=\"link\" href=\"https:\/\/drterziler.com\/es\/estetica-medica\/\"><span>Est\u00e9tica m\u00e9dica<\/span><\/a><\/li>\n<li class=\"separator\">\u00bb<\/li>\n<li class=\"current-page\"><span>Elixir de piel<\/span><\/li>\n<\/ul>\n<\/nav><\/div>\n<\/p><\/div>\n<\/p><\/div>\n<\/div>\n<section id=\"content-area\">\n<div class=\"container my-5\">\n<div class=\"row align-items-start\">\n<div class=\"col-md-6 order-2 order-md-1\">\n<div class=\"custom-toc-box\">\n<div id=\"toc-header\">\n<h4>\u00cdndice<\/h4>\n<div class=\"toc-toggle-icon\"><\/div>\n<\/p><\/div>\n<div class=\"toc-full-divider\"><\/div>\n<div id=\"toc-body\">\n<div id=\"toc-container\"><\/div>\n<\/p><\/div>\n<\/p><\/div>\n<\/p><\/div>\n<div class=\"col-md-6 order-1 order-md-2\" id=\"jForm\">\n                <script type=\"text\/javascript\" src=\"https:\/\/form.jotform.com\/jsform\/242881767918979\"><\/script>\n            <\/div>\n<\/p><\/div>\n<\/p><\/div>\n<div class=\"container\">\n<div class=\"img-thumb\">\n            <img loading=\"lazy\" decoding=\"async\" width=\"1920\" height=\"1080\" src=\"https:\/\/drterziler.com\/wp-content\/uploads\/2025\/02\/cilt-iksiri-1.webp\" alt=\"\" sizes=\"auto, (max-width: 1920px) 100vw, 1920px\">\n        <\/div>\n<div>\n<div>\n<h2 class=\"h2-header\">\u00bfQu\u00e9 es Skin Elixir?<\/h2>\n<\/p><\/div>\n<div>\n<p class=\"p-text\">Skin Elixir es un m\u00e9todo de tratamiento desarrollado para mantener la estructura natural de la piel y reducir los signos del envejecimiento. Esta f\u00f3rmula especial penetra profundamente en la piel con una combinaci\u00f3n de \u00e1cido hialur\u00f3nico, vitaminas, antioxidantes y otros componentes naturales, aumentando la vitalidad de la piel. El elixir favorece la renovaci\u00f3n de la piel al tiempo que proporciona un aspecto sano y joven.<\/p>\n<\/p><\/div>\n<\/p><\/div>\n<div>\n<div>\n<h2 class=\"h2-header\">Contenido y ventajas<\/h2>\n<\/p><\/div>\n<div>\n<p class=\"p-text\">Skin Elixir contiene potentes componentes como \u00e1cido hialur\u00f3nico, vitaminas y antioxidantes. El \u00e1cido hialur\u00f3nico mantiene el equilibrio de hidrataci\u00f3n de la piel, reduciendo la sequedad y las arrugas. Las vitaminas contribuyen a nutrir y reparar la piel, mientras que los antioxidantes combaten los radicales libres, retrasando el envejecimiento cut\u00e1neo. Estos componentes aumentan la elasticidad de la piel y proporcionan un aspecto m\u00e1s saludable.<\/p>\n<\/p><\/div>\n<\/p><\/div>\n<div>\n<div>\n<h2 class=\"h2-header\">\u00bfPara qui\u00e9n es adecuado?<\/h2>\n<\/p><\/div>\n<div>\n<p class=\"p-text\">Skin Elixir es ideal para pieles con signos de envejecimiento, da\u00f1adas por el consumo de alcohol y cigarrillos, afectadas por factores externos como los rayos solares y el sol\u00e1rium. Asimismo, las personas que desean eliminar cicatrices de acn\u00e9 e irregularidades en el tono de la piel pueden beneficiarse de este tratamiento. Dependiendo de la estructura de la piel, este tratamiento ofrece una opci\u00f3n adecuada para todos.<\/p>\n<\/p><\/div>\n<\/p><\/div>\n<div>\n<div>\n<h2 class=\"h2-header\">Resultados esperados<\/h2>\n<\/p><\/div>\n<div>\n<p class=\"p-text\">Tras el tratamiento, la piel se vuelve m\u00e1s tersa, vibrante y el\u00e1stica. Se aprecia un efecto tensor, de aumento de la hidrataci\u00f3n y de rejuvenecimiento de la piel. Con aplicaciones regulares, se pueden conseguir mejoras m\u00e1s permanentes y un aspecto m\u00e1s joven y duradero en la piel.<\/p>\n<\/p><\/div>\n<\/p><\/div>\n<div>\n<div>\n<h2 class=\"h2-header\">Cuidados y recomendaciones<\/h2>\n<\/p><\/div>\n<div>\n<p class=\"p-text\">Tras la aplicaci\u00f3n de Skin Elixir, es importante proteger la piel del sol y utilizar crema hidratante con regularidad. Adem\u00e1s, para conseguir resultados permanentes en la piel, deben seguirse los intervalos de sesiones recomendados. Un estilo de vida saludable y una dieta equilibrada tambi\u00e9n son importantes para favorecer el proceso de curaci\u00f3n de la piel. Seg\u00fan los consejos de los expertos, repetir el tratamiento a determinados intervalos garantiza la obtenci\u00f3n de los mejores resultados.<\/p>\n<\/p><\/div>\n<\/p><\/div>\n<\/p><\/div>\n<\/section>\n","protected":false},"excerpt":{"rendered":"<p>Elixir de piel El secreto de la renovaci\u00f3n natural Dr. Terziler Exclusive Clinic \u00bb Est\u00e9tica m\u00e9dica \u00bb Elixir de piel \u00cdndice \u00bfQu\u00e9 es Skin Elixir? Skin Elixir es un m\u00e9todo de tratamiento desarrollado para mantener la estructura natural de la piel y reducir los signos del envejecimiento. Esta f\u00f3rmula especial penetra profundamente en la piel [&hellip;]<\/p>\n","protected":false},"author":6,"featured_media":4977,"parent":2504,"menu_order":0,"comment_status":"closed","ping_status":"closed","template":"","meta":{"footnotes":""},"class_list":["post-2510","page","type-page","status-publish","has-post-thumbnail","hentry"],"_links":{"self":[{"href":"https:\/\/drterziler.com\/es\/wp-json\/wp\/v2\/pages\/2510","targetHints":{"allow":["GET"]}}],"collection":[{"href":"https:\/\/drterziler.com\/es\/wp-json\/wp\/v2\/pages"}],"about":[{"href":"https:\/\/drterziler.com\/es\/wp-json\/wp\/v2\/types\/page"}],"author":[{"embeddable":true,"href":"https:\/\/drterziler.com\/es\/wp-json\/wp\/v2\/users\/6"}],"replies":[{"embeddable":true,"href":"https:\/\/drterziler.com\/es\/wp-json\/wp\/v2\/comments?post=2510"}],"version-history":[{"count":15,"href":"https:\/\/drterziler.com\/es\/wp-json\/wp\/v2\/pages\/2510\/revisions"}],"predecessor-version":[{"id":57705,"href":"https:\/\/drterziler.com\/es\/wp-json\/wp\/v2\/pages\/2510\/revisions\/57705"}],"up":[{"embeddable":true,"href":"https:\/\/drterziler.com\/es\/wp-json\/wp\/v2\/pages\/2504"}],"wp:featuredmedia":[{"embeddable":true,"href":"https:\/\/drterziler.com\/es\/wp-json\/wp\/v2\/media\/4977"}],"wp:attachment":[{"href":"https:\/\/drterziler.com\/es\/wp-json\/wp\/v2\/media?parent=2510"}],"curies":[{"name":"wp","href":"https:\/\/api.w.org\/{rel}","templated":true}]}}