{"id":2520,"date":"2024-08-12T17:12:03","date_gmt":"2024-08-12T17:12:03","guid":{"rendered":"https:\/\/drterziler.com\/nuestra-clinica\/acerca-de\/"},"modified":"2026-03-08T14:35:22","modified_gmt":"2026-03-08T14:35:22","slug":"acerca-de","status":"publish","type":"page","link":"https:\/\/drterziler.com\/es\/nuestra-clinica\/acerca-de\/","title":{"rendered":"Acerca de"},"content":{"rendered":"<div class=\"page-content\">\n<div id=\"header-area\">\n<div class=\"container\" id=\"firstContent\">\n<div class=\"header-content d-flex flex-column\">\n<h1 class=\"content-title h1-header\">Sobre Nosotros<\/h1>\n<div class=\"content-paragraph\">\n<p class=\"p-text\">\n<\/p><\/div>\n<nav aria-label=\"breadcrumb\" class=\"breadcrumbs\">\n<ul class=\"d-flex align-items-center mb-0\">\n<li><a class=\"link\" href=\"https:\/\/drterziler.com\/es\/\"><span>Dr. Terziler Exclusive Clinic<\/span><\/a><\/li>\n<li class=\"separator\">\u00bb<\/li>\n<li><a class=\"link\" href=\"https:\/\/drterziler.com\/es\/nuestra-clinica\/acerca-de\/\"><span>Nuestra Cl\u00ednica<\/span><\/a><\/li>\n<li class=\"separator\">\u00bb<\/li>\n<li class=\"current-page\"><span>Sobre Nosotros<\/span><\/li>\n<\/ul>\n<\/nav><\/div>\n<\/p><\/div>\n<\/p><\/div>\n<\/div>\n<section id=\"content-area\">\n<div class=\"container g-0 w-100\">\n<div class=\"col-lg-12 col-12 tour-video\">\n<div class=\"video-wrapper\">\n                <iframe\n                data-src=\"https:\/\/www.youtube-nocookie.com\/embed\/bjR2KtM5NZ4\"\n                frameborder=\"0\"\n                allow=\"encrypted-media; picture-in-picture\"\n                allowfullscreen><br \/>\n                <\/iframe>\n            <\/div>\n<\/p><\/div>\n<\/p><\/div>\n<div class=\"container\">\n<div>\n<div>\n<h2 class=\"h2-header\">Nuestra Misi\u00f3n<\/h2>\n<\/p><\/div>\n<div>\n<p class=\"p-text\">Nuestra misi\u00f3n como Dr. Terziler Exclusive Clinic es: \u2022 Llegar a m\u00e1s personas que sufren de debilidad y p\u00e9rdida de cabello utilizando tecnolog\u00edas y tratamientos de trasplante capilar de vanguardia, y asegurar que m\u00e1s personas tengan un cabello sano, abundante y permanente. \u2022 Brindar un servicio de salud por encima de los est\u00e1ndares y expectativas mundiales a nuestros hu\u00e9spedes y sus familiares, con nuestra experiencia de un cuarto de siglo en trasplantes y tratamientos capilares, con una alta conciencia de calidad. \u2022 Ofrecer un servicio de salud donde cada detalle sea considerado, digno de la confianza, el inter\u00e9s y la expectativa de nuestros hu\u00e9spedes que conf\u00edan en nosotros y nos eligen. \u2022 Ser el compa\u00f1ero m\u00e1s confiable en el campo de la salud y los tratamientos capilares, brindando servicios de apoyo y consultor\u00eda a nuestros hu\u00e9spedes que han recibido servicios de trasplante y tratamiento capilar en nuestra cl\u00ednica, con un enfoque \u00e9tico y transparente.<\/p>\n<\/p><\/div>\n<\/p><\/div>\n<div>\n<div>\n<h2 class=\"h2-header\">Nuestra Visi\u00f3n<\/h2>\n<\/p><\/div>\n<div>\n<p class=\"p-text\">Nuestra visi\u00f3n como Dr. Terziler Exclusive Clinic es: \u2022 Llevar las pr\u00e1cticas de trasplante capilar en Turqu\u00eda a lo m\u00e1s alto de los est\u00e1ndares mundiales y tambi\u00e9n elevar los est\u00e1ndares de la medicina turca a la cima del mundo, especialmente en el campo del trasplante capilar. \u2022 Apoyar el desarrollo de nuevos tratamientos y aplicaciones contribuyendo a estudios cient\u00edficos en el campo del trasplante capilar a la luz de nuestro conocimiento y experiencia de un cuarto de siglo. \u2022 Ser una instituci\u00f3n de salud de referencia tanto en nuestro pa\u00eds como en el mundo, con el lema de \u201c101 de satisfacci\u00f3n por cada 100 clientes\u201d. \u2022 Adoptar la innovaci\u00f3n como cultura corporativa bajo el lema \u201cLos procesos de cambio y desarrollo nunca terminan\u201d y participar en capacitaciones, seminarios y talleres en el extranjero; ser uno de los l\u00edderes pioneros del sector como seguidor cercano de los desarrollos cient\u00edficos. \u2022 Contribuir al desarrollo de nuestro pa\u00eds y del turismo de salud brindando servicios por encima de los est\u00e1ndares mundiales a nuestros hu\u00e9spedes. \u2022 Ser la cl\u00ednica de trasplante capilar preferida tanto en nuestro pa\u00eds como en el mundo, gracias al servicio que brindamos y a nuestro enfoque orientado a las personas que siempre busca la perfecci\u00f3n. \u2022 Hacer del trasplante capilar una experiencia \u00fanica que sea recordada con placer de por vida por nuestros clientes, con nuestro servicio exclusivo donde cada detalle es tenido en cuenta. \u2022 Crear una percepci\u00f3n profesional mediante la formaci\u00f3n de m\u00e9dicos y profesionales de la salud dedicados a su profesi\u00f3n, conscientes de todo tipo de innovaciones en el trasplante capilar y que no comprometan los valores \u00e9ticos y humanos, de acuerdo con el campo del trasplante capilar.<\/p>\n<\/p><\/div>\n<\/p><\/div>\n<\/p><\/div>\n<\/section>\n","protected":false},"excerpt":{"rendered":"<p>Sobre Nosotros Dr. Terziler Exclusive Clinic \u00bb Nuestra Cl\u00ednica \u00bb Sobre Nosotros Nuestra Misi\u00f3n Nuestra misi\u00f3n como Dr. Terziler Exclusive Clinic es: \u2022 Llegar a m\u00e1s personas que sufren de debilidad y p\u00e9rdida de cabello utilizando tecnolog\u00edas y tratamientos de trasplante capilar de vanguardia, y asegurar que m\u00e1s personas tengan un cabello sano, abundante y [&hellip;]<\/p>\n","protected":false},"author":6,"featured_media":0,"parent":2519,"menu_order":0,"comment_status":"closed","ping_status":"closed","template":"","meta":{"footnotes":""},"class_list":["post-2520","page","type-page","status-publish","hentry"],"_links":{"self":[{"href":"https:\/\/drterziler.com\/es\/wp-json\/wp\/v2\/pages\/2520","targetHints":{"allow":["GET"]}}],"collection":[{"href":"https:\/\/drterziler.com\/es\/wp-json\/wp\/v2\/pages"}],"about":[{"href":"https:\/\/drterziler.com\/es\/wp-json\/wp\/v2\/types\/page"}],"author":[{"embeddable":true,"href":"https:\/\/drterziler.com\/es\/wp-json\/wp\/v2\/users\/6"}],"replies":[{"embeddable":true,"href":"https:\/\/drterziler.com\/es\/wp-json\/wp\/v2\/comments?post=2520"}],"version-history":[{"count":7,"href":"https:\/\/drterziler.com\/es\/wp-json\/wp\/v2\/pages\/2520\/revisions"}],"predecessor-version":[{"id":59927,"href":"https:\/\/drterziler.com\/es\/wp-json\/wp\/v2\/pages\/2520\/revisions\/59927"}],"up":[{"embeddable":true,"href":"https:\/\/drterziler.com\/es\/wp-json\/wp\/v2\/pages\/2519"}],"wp:attachment":[{"href":"https:\/\/drterziler.com\/es\/wp-json\/wp\/v2\/media?parent=2520"}],"curies":[{"name":"wp","href":"https:\/\/api.w.org\/{rel}","templated":true}]}}