{"id":29873,"date":"2024-10-22T10:31:26","date_gmt":"2024-10-22T10:31:26","guid":{"rendered":"https:\/\/drterziler.com\/?page_id=29873"},"modified":"2025-06-13T08:18:21","modified_gmt":"2025-06-13T08:18:21","slug":"trasplante-capilar-en-turquia-frente-a-ee-uu","status":"publish","type":"page","link":"https:\/\/drterziler.com\/es\/trasplante-capilar-en-turquia-frente-a-ee-uu\/","title":{"rendered":"Trasplante capilar en Turqu\u00eda frente a EE.UU."},"content":{"rendered":"<h1 class=\"content-title h1-header\">Trasplante capilar en Turqu\u00eda frente a EE.UU.<\/h1>\n<nav aria-label=\"breadcrumbs\" class=\"rank-math-breadcrumb\"><p><span class=\"last\">Dr. Terziler<\/span><\/p><\/nav>\n<h4>\n\t\t\t\t\u00cdndice\t\t\t<\/h4>\n<p>\t\t\t\t\t\t\t<svg aria-hidden=\"true\" viewBox=\"0 0 448 512\" xmlns=\"http:\/\/www.w3.org\/2000\/svg\"><path d=\"M207.029 381.476L12.686 187.132c-9.373-9.373-9.373-24.569 0-33.941l22.667-22.667c9.357-9.357 24.522-9.375 33.901-.04L224 284.505l154.745-154.021c9.379-9.335 24.544-9.317 33.901.04l22.667 22.667c9.373 9.373 9.373 24.569 0 33.941L240.971 381.476c-9.373 9.372-24.569 9.372-33.942 0z\"><\/path><\/svg><br \/>\n\t\t\t\t<svg aria-hidden=\"true\" viewBox=\"0 0 448 512\" xmlns=\"http:\/\/www.w3.org\/2000\/svg\"><path d=\"M240.971 130.524l194.343 194.343c9.373 9.373 9.373 24.569 0 33.941l-22.667 22.667c-9.357 9.357-24.522 9.375-33.901.04L224 227.495 69.255 381.516c-9.379 9.335-24.544 9.317-33.901-.04l-22.667-22.667c-9.373-9.373-9.373-24.569 0-33.941L207.03 130.525c9.372-9.373 24.568-9.373 33.941-.001z\"><\/path><\/svg><br \/>\n\t\t\t\t<svg aria-hidden=\"true\" viewBox=\"0 0 1000 1000\" xmlns=\"http:\/\/www.w3.org\/2000\/svg\"><path d=\"M500 975V858C696 858 858 696 858 500S696 142 500 142 142 304 142 500H25C25 237 238 25 500 25S975 237 975 500 763 975 500 975Z\"><\/path><\/svg><br \/>\n\t\t\t\t\t\t\t\t\t\t\t\t\t\t\t\t\t\t\t\t\t\t<img loading=\"lazy\" decoding=\"async\" width=\"751\" height=\"502\" src=\"https:\/\/drterziler.com\/wp-content\/uploads\/2024\/10\/hair-transplant-turkey-vs-usa.png\" alt=\"\" srcset=\"https:\/\/drterziler.com\/wp-content\/uploads\/2024\/10\/hair-transplant-turkey-vs-usa.png 751w, https:\/\/drterziler.com\/wp-content\/uploads\/2024\/10\/hair-transplant-turkey-vs-usa-300x201.png 300w\" sizes=\"auto, (max-width: 751px) 100vw, 751px\">\t\t\t\t\t\t\t\t\t\t\t\t\t<\/p>\n<p>Al considerar las opciones de trasplante capilar, muchas personas sopesan las ventajas de viajar al extranjero, en particular a Turqu\u00eda, frente a recibir tratamiento en Estados Unidos. Turqu\u00eda se ha convertido en un destino destacado para la restauraci\u00f3n capilar debido a su asequibilidad, calidad de la atenci\u00f3n y t\u00e9cnicas avanzadas. Sin embargo, Estados Unidos tambi\u00e9n ofrece cl\u00ednicas de renombre y cirujanos experimentados. Comprender las diferencias entre los procedimientos de trasplante capilar en Turqu\u00eda y Estados Unidos puede ayudar a los pacientes a tomar decisiones informadas sobre su proceso de restauraci\u00f3n capilar.<\/p>\n<h2>Comparaci\u00f3n de costes<\/h2>\n<p>Una de las diferencias m\u00e1s significativas entre los trasplantes de cabello en Turqu\u00eda y en EE. UU. es el coste. Los procedimientos de trasplante de cabello en Turqu\u00eda suelen oscilar entre <strong>2500 y 7000 d\u00f3lares<\/strong>, dependiendo de la t\u00e9cnica utilizada y del n\u00famero de injertos necesarios. En cambio, los mismos procedimientos en EE. UU. pueden costar entre <strong>6000 y 18 000 d\u00f3lares<\/strong>. La diferencia sustancial de costes se debe principalmente a los menores gastos operativos en Turqu\u00eda y a la naturaleza competitiva del turismo m\u00e9dico. Los pacientes pueden acceder a menudo a una atenci\u00f3n de alta calidad a una fracci\u00f3n del precio que pagar\u00edan en EE. UU.<\/p>\n<h2>Calidad de la atenci\u00f3n<\/h2>\n<p>Turqu\u00eda se ha consolidado como un destino l\u00edder para los trasplantes de cabello, con numerosas cl\u00ednicas que cumplen las normas internacionales. Muchos cirujanos turcos est\u00e1n altamente capacitados y tienen mucha experiencia, ya que han realizado miles de procedimientos. El uso de t\u00e9cnicas avanzadas como la extracci\u00f3n de unidades foliculares (FUE) y el trasplante de cabello rob\u00f3tico es com\u00fan en Turqu\u00eda, lo que garantiza resultados de aspecto natural. En EE. UU., los pacientes tambi\u00e9n tienen acceso a cl\u00ednicas de renombre y cirujanos cualificados. Sin embargo, los costes m\u00e1s elevados pueden limitar las opciones para algunas personas.<\/p>\n<h2>Tecnolog\u00eda y t\u00e9cnicas<\/h2>\n<p>Tanto Turqu\u00eda como EE. UU. utilizan tecnolog\u00eda y t\u00e9cnicas avanzadas para el trasplante de cabello. En Turqu\u00eda, las cl\u00ednicas suelen estar al d\u00eda de las \u00faltimas innovaciones, ofreciendo a los pacientes procedimientos m\u00ednimamente invasivos que reducen el tiempo de recuperaci\u00f3n y mejoran los resultados. La t\u00e9cnica FUE se utiliza ampliamente, lo que permite una colocaci\u00f3n precisa de los injertos y una cicatrizaci\u00f3n m\u00ednima. En EE. UU. se emplean t\u00e9cnicas similares, y muchas cl\u00ednicas tambi\u00e9n ofrecen tecnolog\u00eda de vanguardia. Sin embargo, la disponibilidad de ciertos m\u00e9todos avanzados puede variar seg\u00fan la ubicaci\u00f3n.<\/p>\n<h2>Paquetes integrales<\/h2>\n<p>Muchas cl\u00ednicas turcas ofrecen paquetes con todo incluido que cubren varios aspectos del proceso de trasplante capilar, incluyendo el procedimiento, las consultas preoperatorias, el alojamiento, el transporte y la atenci\u00f3n postoperatoria. Esta comodidad facilita a los pacientes internacionales la navegaci\u00f3n por su viaje de tratamiento. Por el contrario, aunque algunas cl\u00ednicas de EE. UU. pueden ofrecer paquetes, los pacientes a menudo se enfrentan a costes adicionales de alojamiento y viaje, lo que puede aumentar el gasto total.<\/p>\n<h2>Experiencia y apoyo al paciente<\/h2>\n<p>La experiencia del paciente puede variar significativamente entre Turqu\u00eda y EE. UU. En Turqu\u00eda, el sector hotelero est\u00e1 bien desarrollado y las cl\u00ednicas suelen hacer hincapi\u00e9 en la atenci\u00f3n al cliente y la comodidad del paciente. Los pacientes pueden esperar un ambiente acogedor y una atenci\u00f3n personalizada durante todo el tratamiento. En EE. UU., aunque muchas cl\u00ednicas dan prioridad a la atenci\u00f3n al paciente, la experiencia puede variar en funci\u00f3n de las pr\u00e1cticas individuales. Algunos pacientes pueden encontrar que el coste del tratamiento afecta al nivel de servicio que reciben.<\/p>\n<h3>Conclusi\u00f3n<\/h3>\n<p>Tanto Turqu\u00eda como EE. UU. ofrecen opciones viables para los trasplantes de cabello, cada una con sus ventajas y consideraciones. Turqu\u00eda destaca por su asequibilidad, paquetes completos y atenci\u00f3n de alta calidad, lo que la convierte en una opci\u00f3n atractiva para muchos que buscan la restauraci\u00f3n capilar. Por otro lado, EE. UU. ofrece cl\u00ednicas de renombre y cirujanos experimentados, aunque a un coste m\u00e1s elevado. En \u00faltima instancia, la decisi\u00f3n debe basarse en las preferencias individuales, el presupuesto y los servicios espec\u00edficos ofrecidos por las cl\u00ednicas que se est\u00e1n considerando.<\/p>\n<p>\t\t\t\t\t\t\t<a href=\"https:\/\/drterziler.com\/wp-content\/uploads\/2024\/09\/2500-graft-hair-transplant-before-after.jpg\" data-elementor-open-lightbox=\"yes\" data-elementor-lightbox-slideshow=\"5fcda46\" data-elementor-lightbox-title=\"2500-graft-hair-transplant-before-after\" data-e-action-hash=\"#elementor-action%3Aaction%3Dlightbox%26settings%3DeyJpZCI6NzUzMSwidXJsIjoiaHR0cHM6XC9cL2RydGVyemlsZXIuY29tXC93cC1jb250ZW50XC91cGxvYWRzXC8yMDI0XC8wOVwvMjUwMC1ncmFmdC1oYWlyLXRyYW5zcGxhbnQtYmVmb3JlLWFmdGVyLmpwZyIsInNsaWRlc2hvdyI6IjVmY2RhNDYifQ%3D%3D\"><br \/>\n\t\t<\/a><br \/>\n\t\t\t\t\t\t\t<a href=\"https:\/\/drterziler.com\/wp-content\/uploads\/2024\/09\/3000-graft-hair-transplant-before-after.jpg\" data-elementor-open-lightbox=\"yes\" data-elementor-lightbox-slideshow=\"5fcda46\" data-elementor-lightbox-title=\"3000-graft-hair-transplant-before-after\" data-e-action-hash=\"#elementor-action%3Aaction%3Dlightbox%26settings%3DeyJpZCI6NzUzNywidXJsIjoiaHR0cHM6XC9cL2RydGVyemlsZXIuY29tXC93cC1jb250ZW50XC91cGxvYWRzXC8yMDI0XC8wOVwvMzAwMC1ncmFmdC1oYWlyLXRyYW5zcGxhbnQtYmVmb3JlLWFmdGVyLmpwZyIsInNsaWRlc2hvdyI6IjVmY2RhNDYifQ%3D%3D\"><br \/>\n\t\t<\/a><br \/>\n\t\t\t\t\t\t\t<a href=\"https:\/\/drterziler.com\/wp-content\/uploads\/2024\/09\/3500-graft-hair-transplant-before-after.jpg\" data-elementor-open-lightbox=\"yes\" data-elementor-lightbox-slideshow=\"5fcda46\" data-elementor-lightbox-title=\"3500-graft-hair-transplant-before-after\" data-e-action-hash=\"#elementor-action%3Aaction%3Dlightbox%26settings%3DeyJpZCI6NzU0MywidXJsIjoiaHR0cHM6XC9cL2RydGVyemlsZXIuY29tXC93cC1jb250ZW50XC91cGxvYWRzXC8yMDI0XC8wOVwvMzUwMC1ncmFmdC1oYWlyLXRyYW5zcGxhbnQtYmVmb3JlLWFmdGVyLmpwZyIsInNsaWRlc2hvdyI6IjVmY2RhNDYifQ%3D%3D\"><br \/>\n\t\t<\/a><br \/>\n\t\t\t\t\t\t\t<a href=\"https:\/\/drterziler.com\/wp-content\/uploads\/2024\/09\/4000-graft-hair-transplant-before-after.jpg\" data-elementor-open-lightbox=\"yes\" data-elementor-lightbox-slideshow=\"5fcda46\" data-elementor-lightbox-title=\"4000-graft-hair-transplant-before-after\" data-e-action-hash=\"#elementor-action%3Aaction%3Dlightbox%26settings%3DeyJpZCI6NzU0OSwidXJsIjoiaHR0cHM6XC9cL2RydGVyemlsZXIuY29tXC93cC1jb250ZW50XC91cGxvYWRzXC8yMDI0XC8wOVwvNDAwMC1ncmFmdC1oYWlyLXRyYW5zcGxhbnQtYmVmb3JlLWFmdGVyLmpwZyIsInNsaWRlc2hvdyI6IjVmY2RhNDYifQ%3D%3D\"><br \/>\n\t\t<\/a><br \/>\n\t\t\t\t\t\t\t<a href=\"https:\/\/drterziler.com\/wp-content\/uploads\/2024\/09\/4500-graft-hair-transplant-before-after.jpg\" data-elementor-open-lightbox=\"yes\" data-elementor-lightbox-slideshow=\"5fcda46\" data-elementor-lightbox-title=\"4500-graft-hair-transplant-before-after\" data-e-action-hash=\"#elementor-action%3Aaction%3Dlightbox%26settings%3DeyJpZCI6NzU1NSwidXJsIjoiaHR0cHM6XC9cL2RydGVyemlsZXIuY29tXC93cC1jb250ZW50XC91cGxvYWRzXC8yMDI0XC8wOVwvNDUwMC1ncmFmdC1oYWlyLXRyYW5zcGxhbnQtYmVmb3JlLWFmdGVyLmpwZyIsInNsaWRlc2hvdyI6IjVmY2RhNDYifQ%3D%3D\"><br \/>\n\t\t<\/a><br \/>\n\t\t\t\t\t\t\t<a href=\"https:\/\/drterziler.com\/wp-content\/uploads\/2024\/09\/5200-graft-hair-transplant-before-after.jpg\" data-elementor-open-lightbox=\"yes\" data-elementor-lightbox-slideshow=\"5fcda46\" data-elementor-lightbox-title=\"5200-graft-hair-transplant-before-after\" data-e-action-hash=\"#elementor-action%3Aaction%3Dlightbox%26settings%3DeyJpZCI6NzU2MSwidXJsIjoiaHR0cHM6XC9cL2RydGVyemlsZXIuY29tXC93cC1jb250ZW50XC91cGxvYWRzXC8yMDI0XC8wOVwvNTIwMC1ncmFmdC1oYWlyLXRyYW5zcGxhbnQtYmVmb3JlLWFmdGVyLmpwZyIsInNsaWRlc2hvdyI6IjVmY2RhNDYifQ%3D%3D\"><br \/>\n\t\t<\/a><br \/>\n\t\t\t\t\t\t\t<a href=\"https:\/\/drterziler.com\/wp-content\/uploads\/2024\/09\/5300-graft-hair-transplant-before-after.jpg\" data-elementor-open-lightbox=\"yes\" data-elementor-lightbox-slideshow=\"5fcda46\" data-elementor-lightbox-title=\"5300-graft-hair-transplant-before-after\" data-e-action-hash=\"#elementor-action%3Aaction%3Dlightbox%26settings%3DeyJpZCI6NzU2NywidXJsIjoiaHR0cHM6XC9cL2RydGVyemlsZXIuY29tXC93cC1jb250ZW50XC91cGxvYWRzXC8yMDI0XC8wOVwvNTMwMC1ncmFmdC1oYWlyLXRyYW5zcGxhbnQtYmVmb3JlLWFmdGVyLmpwZyIsInNsaWRlc2hvdyI6IjVmY2RhNDYifQ%3D%3D\"><br \/>\n\t\t<\/a><br \/>\n\t\t\t\t\t\t\t<svg aria-hidden=\"true\" viewBox=\"0 0 1000 1000\" xmlns=\"http:\/\/www.w3.org\/2000\/svg\"><path d=\"M646 125C629 125 613 133 604 142L308 442C296 454 292 471 292 487 292 504 296 521 308 533L604 854C617 867 629 875 646 875 663 875 679 871 692 858 704 846 713 829 713 812 713 796 708 779 692 767L438 487 692 225C700 217 708 204 708 187 708 171 704 154 692 142 675 129 663 125 646 125Z\"><\/path><\/svg><br \/>\n\t\t\t\t\t\t\t<svg aria-hidden=\"true\" viewBox=\"0 0 1000 1000\" xmlns=\"http:\/\/www.w3.org\/2000\/svg\"><path d=\"M696 533C708 521 713 504 713 487 713 471 708 454 696 446L400 146C388 133 375 125 354 125 338 125 325 129 313 142 300 154 292 171 292 187 292 204 296 221 308 233L563 492 304 771C292 783 288 800 288 817 288 833 296 850 308 863 321 871 338 875 354 875 371 875 388 867 400 854L696 533Z\"><\/path><\/svg>\t\t\t\t\t\t<\/p>\n<details id=\"e-n-accordion-item-2340\" open>\n<summary data-accordion-index=\"1\" tabindex=\"0\" aria-expanded=\"true\" aria-controls=\"e-n-accordion-item-2340\" >\n\t\t\t\t\t \u00bfEst\u00e1n cualificados los cirujanos en Turqu\u00eda?<br \/>\n\t\t\t<svg aria-hidden=\"true\" viewBox=\"0 0 448 512\" xmlns=\"http:\/\/www.w3.org\/2000\/svg\"><path d=\"M416 208H32c-17.67 0-32 14.33-32 32v32c0 17.67 14.33 32 32 32h384c17.67 0 32-14.33 32-32v-32c0-17.67-14.33-32-32-32z\"><\/path><\/svg><br \/>\n\t\t\t<svg aria-hidden=\"true\" viewBox=\"0 0 448 512\" xmlns=\"http:\/\/www.w3.org\/2000\/svg\"><path d=\"M416 208H272V64c0-17.67-14.33-32-32-32h-32c-17.67 0-32 14.33-32 32v144H32c-17.67 0-32 14.33-32 32v32c0 17.67 14.33 32 32 32h144v144c0 17.67 14.33 32 32 32h32c17.67 0 32-14.33 32-32V304h144c17.67 0 32-14.33 32-32v-32c0-17.67-14.33-32-32-32z\"><\/path><\/svg><br \/>\n\t\t\t\t\t\t<\/summary>\n<p>S\u00ed, muchos cirujanos de Turqu\u00eda est\u00e1n altamente cualificados y tienen mucha experiencia, ya que han realizado miles de intervenciones de trasplante capilar y han recibido formaci\u00f3n en instituciones de prestigio.<\/p>\n<\/details>\n<details id=\"e-n-accordion-item-2341\" >\n<summary data-accordion-index=\"2\" tabindex=\"-1\" aria-expanded=\"false\" aria-controls=\"e-n-accordion-item-2341\" >\n\t\t\t\t\t \u00bfOfrecen las cl\u00ednicas turcas paquetes con todo incluido?<br \/>\n\t\t\t<svg aria-hidden=\"true\" viewBox=\"0 0 448 512\" xmlns=\"http:\/\/www.w3.org\/2000\/svg\"><path d=\"M416 208H32c-17.67 0-32 14.33-32 32v32c0 17.67 14.33 32 32 32h384c17.67 0 32-14.33 32-32v-32c0-17.67-14.33-32-32-32z\"><\/path><\/svg><br \/>\n\t\t\t<svg aria-hidden=\"true\" viewBox=\"0 0 448 512\" xmlns=\"http:\/\/www.w3.org\/2000\/svg\"><path d=\"M416 208H272V64c0-17.67-14.33-32-32-32h-32c-17.67 0-32 14.33-32 32v144H32c-17.67 0-32 14.33-32 32v32c0 17.67 14.33 32 32 32h144v144c0 17.67 14.33 32 32 32h32c17.67 0 32-14.33 32-32V304h144c17.67 0 32-14.33 32-32v-32c0-17.67-14.33-32-32-32z\"><\/path><\/svg><br \/>\n\t\t\t\t\t\t<\/summary>\n<p>S\u00ed, muchas cl\u00ednicas de Turqu\u00eda ofrecen paquetes con todo incluido que cubren la intervenci\u00f3n, el alojamiento, el transporte y los cuidados postoperatorios, lo que hace que el proceso resulte c\u00f3modo para los pacientes internacionales.<\/p>\n<\/details>\n<details id=\"e-n-accordion-item-2342\" >\n<summary data-accordion-index=\"3\" tabindex=\"-1\" aria-expanded=\"false\" aria-controls=\"e-n-accordion-item-2342\" >\n\t\t\t\t\t \u00bfPuedo combinar un trasplante capilar con unas vacaciones en Turqu\u00eda?<br \/>\n\t\t\t<svg aria-hidden=\"true\" viewBox=\"0 0 448 512\" xmlns=\"http:\/\/www.w3.org\/2000\/svg\"><path d=\"M416 208H32c-17.67 0-32 14.33-32 32v32c0 17.67 14.33 32 32 32h384c17.67 0 32-14.33 32-32v-32c0-17.67-14.33-32-32-32z\"><\/path><\/svg><br \/>\n\t\t\t<svg aria-hidden=\"true\" viewBox=\"0 0 448 512\" xmlns=\"http:\/\/www.w3.org\/2000\/svg\"><path d=\"M416 208H272V64c0-17.67-14.33-32-32-32h-32c-17.67 0-32 14.33-32 32v144H32c-17.67 0-32 14.33-32 32v32c0 17.67 14.33 32 32 32h144v144c0 17.67 14.33 32 32 32h32c17.67 0 32-14.33 32-32V304h144c17.67 0 32-14.33 32-32v-32c0-17.67-14.33-32-32-32z\"><\/path><\/svg><br \/>\n\t\t\t\t\t\t<\/summary>\n<p>S\u00ed, muchos pacientes deciden combinar su trasplante capilar con unas vacaciones, disfrutando de la belleza y la cultura de Turqu\u00eda mientras se someten al tratamiento.<\/p>\n<\/details>\n<details id=\"e-n-accordion-item-2343\" >\n<summary data-accordion-index=\"4\" tabindex=\"-1\" aria-expanded=\"false\" aria-controls=\"e-n-accordion-item-2343\" >\n\t\t\t\t\t \u00bfEn qu\u00e9 debo fijarme a la hora de elegir una cl\u00ednica para un trasplante capilar?<br \/>\n\t\t\t<svg aria-hidden=\"true\" viewBox=\"0 0 448 512\" xmlns=\"http:\/\/www.w3.org\/2000\/svg\"><path d=\"M416 208H32c-17.67 0-32 14.33-32 32v32c0 17.67 14.33 32 32 32h384c17.67 0 32-14.33 32-32v-32c0-17.67-14.33-32-32-32z\"><\/path><\/svg><br \/>\n\t\t\t<svg aria-hidden=\"true\" viewBox=\"0 0 448 512\" xmlns=\"http:\/\/www.w3.org\/2000\/svg\"><path d=\"M416 208H272V64c0-17.67-14.33-32-32-32h-32c-17.67 0-32 14.33-32 32v144H32c-17.67 0-32 14.33-32 32v32c0 17.67 14.33 32 32 32h144v144c0 17.67 14.33 32 32 32h32c17.67 0 32-14.33 32-32V304h144c17.67 0 32-14.33 32-32v-32c0-17.67-14.33-32-32-32z\"><\/path><\/svg><br \/>\n\t\t\t\t\t\t<\/summary>\n<p>Busque la reputaci\u00f3n de la cl\u00ednica, las cualificaciones del cirujano, la tecnolog\u00eda utilizada, las opiniones de los pacientes y los servicios incluidos en el paquete.<\/p>\n<\/details>\n<details id=\"e-n-accordion-item-2344\" >\n<summary data-accordion-index=\"5\" tabindex=\"-1\" aria-expanded=\"false\" aria-controls=\"e-n-accordion-item-2344\" >\n\t\t\t\t\t \u00bfQu\u00e9 tipo de cuidados posteriores debo esperar tras un trasplante capilar?<br \/>\n\t\t\t<svg aria-hidden=\"true\" viewBox=\"0 0 448 512\" xmlns=\"http:\/\/www.w3.org\/2000\/svg\"><path d=\"M416 208H32c-17.67 0-32 14.33-32 32v32c0 17.67 14.33 32 32 32h384c17.67 0 32-14.33 32-32v-32c0-17.67-14.33-32-32-32z\"><\/path><\/svg><br \/>\n\t\t\t<svg aria-hidden=\"true\" viewBox=\"0 0 448 512\" xmlns=\"http:\/\/www.w3.org\/2000\/svg\"><path d=\"M416 208H272V64c0-17.67-14.33-32-32-32h-32c-17.67 0-32 14.33-32 32v144H32c-17.67 0-32 14.33-32 32v32c0 17.67 14.33 32 32 32h144v144c0 17.67 14.33 32 32 32h32c17.67 0 32-14.33 32-32V304h144c17.67 0 32-14.33 32-32v-32c0-17.67-14.33-32-32-32z\"><\/path><\/svg><br \/>\n\t\t\t\t\t\t<\/summary>\n<p>Los cuidados posteriores suelen incluir instrucciones detalladas para el lavado, medicaci\u00f3n para favorecer la cicatrizaci\u00f3n y consultas de seguimiento para controlar los progresos.<\/p>\n<\/details>\n<details id=\"e-n-accordion-item-2345\" >\n<summary data-accordion-index=\"6\" tabindex=\"-1\" aria-expanded=\"false\" aria-controls=\"e-n-accordion-item-2345\" >\n\t\t\t\t\t \u00bfEs seguro viajar a Turqu\u00eda para someterse a un trasplante capilar?<br \/>\n\t\t\t<svg aria-hidden=\"true\" viewBox=\"0 0 448 512\" xmlns=\"http:\/\/www.w3.org\/2000\/svg\"><path d=\"M416 208H32c-17.67 0-32 14.33-32 32v32c0 17.67 14.33 32 32 32h384c17.67 0 32-14.33 32-32v-32c0-17.67-14.33-32-32-32z\"><\/path><\/svg><br \/>\n\t\t\t<svg aria-hidden=\"true\" viewBox=\"0 0 448 512\" xmlns=\"http:\/\/www.w3.org\/2000\/svg\"><path d=\"M416 208H272V64c0-17.67-14.33-32-32-32h-32c-17.67 0-32 14.33-32 32v144H32c-17.67 0-32 14.33-32 32v32c0 17.67 14.33 32 32 32h144v144c0 17.67 14.33 32 32 32h32c17.67 0 32-14.33 32-32V304h144c17.67 0 32-14.33 32-32v-32c0-17.67-14.33-32-32-32z\"><\/path><\/svg><br \/>\n\t\t\t\t\t\t<\/summary>\n<p>S\u00ed, Turqu\u00eda es un destino muy conocido para el turismo m\u00e9dico, y muchas cl\u00ednicas dan prioridad a la seguridad y la atenci\u00f3n al paciente para garantizar una experiencia positiva a los visitantes.<\/p>\n<\/details>\n<p>S\u00ed, muchos cirujanos de Turqu\u00eda est\u00e1n altamente cualificados y tienen mucha experiencia, ya que han realizado miles de intervenciones de trasplante capilar y han recibido formaci\u00f3n en instituciones de prestigio.<\/p>\n<p>S\u00ed, muchas cl\u00ednicas de Turqu\u00eda ofrecen paquetes con todo incluido que cubren la intervenci\u00f3n, el alojamiento, el transporte y los cuidados postoperatorios, lo que hace que el proceso resulte c\u00f3modo para los pacientes internacionales.<\/p>\n<p>S\u00ed, muchos pacientes deciden combinar su trasplante capilar con unas vacaciones, disfrutando de la belleza y la cultura de Turqu\u00eda mientras se someten al tratamiento.<\/p>\n<p>Busque la reputaci\u00f3n de la cl\u00ednica, las cualificaciones del cirujano, la tecnolog\u00eda utilizada, las opiniones de los pacientes y los servicios incluidos en el paquete.<\/p>\n<p>Los cuidados posteriores suelen incluir instrucciones detalladas para el lavado, medicaci\u00f3n para favorecer la cicatrizaci\u00f3n y consultas de seguimiento para controlar los progresos.<\/p>\n<p>S\u00ed, Turqu\u00eda es un destino muy conocido para el turismo m\u00e9dico, y muchas cl\u00ednicas dan prioridad a la seguridad y la atenci\u00f3n al paciente para garantizar una experiencia positiva a los visitantes.<\/p>\n","protected":false},"excerpt":{"rendered":"<p>Trasplante capilar en Turqu\u00eda frente a EE.UU. \u00cdndice Al considerar las opciones de trasplante capilar, muchas personas sopesan las ventajas de viajar al extranjero, en particular a Turqu\u00eda, frente a recibir tratamiento en Estados Unidos. Turqu\u00eda se ha convertido en un destino destacado para la restauraci\u00f3n capilar debido a su asequibilidad, calidad de la atenci\u00f3n [&hellip;]<\/p>\n","protected":false},"author":6,"featured_media":0,"parent":0,"menu_order":0,"comment_status":"closed","ping_status":"closed","template":"","meta":{"footnotes":""},"class_list":["post-29873","page","type-page","status-publish","hentry"],"_links":{"self":[{"href":"https:\/\/drterziler.com\/es\/wp-json\/wp\/v2\/pages\/29873","targetHints":{"allow":["GET"]}}],"collection":[{"href":"https:\/\/drterziler.com\/es\/wp-json\/wp\/v2\/pages"}],"about":[{"href":"https:\/\/drterziler.com\/es\/wp-json\/wp\/v2\/types\/page"}],"author":[{"embeddable":true,"href":"https:\/\/drterziler.com\/es\/wp-json\/wp\/v2\/users\/6"}],"replies":[{"embeddable":true,"href":"https:\/\/drterziler.com\/es\/wp-json\/wp\/v2\/comments?post=29873"}],"version-history":[{"count":8,"href":"https:\/\/drterziler.com\/es\/wp-json\/wp\/v2\/pages\/29873\/revisions"}],"predecessor-version":[{"id":56442,"href":"https:\/\/drterziler.com\/es\/wp-json\/wp\/v2\/pages\/29873\/revisions\/56442"}],"wp:attachment":[{"href":"https:\/\/drterziler.com\/es\/wp-json\/wp\/v2\/media?parent=29873"}],"curies":[{"name":"wp","href":"https:\/\/api.w.org\/{rel}","templated":true}]}}