{"id":29893,"date":"2024-10-28T18:15:28","date_gmt":"2024-10-28T18:15:28","guid":{"rendered":"https:\/\/drterziler.com\/?page_id=29893"},"modified":"2025-06-16T03:16:28","modified_gmt":"2025-06-16T03:16:28","slug":"afecta-el-trasplante-capilar-a-la-fertilidad-masculina","status":"publish","type":"page","link":"https:\/\/drterziler.com\/es\/trasplante-de-cabello\/faq\/preguntas-mas-frecuentes\/afecta-el-trasplante-capilar-a-la-fertilidad-masculina\/","title":{"rendered":"\u00bfAfecta el trasplante capilar a la fertilidad masculina?"},"content":{"rendered":"<nav aria-label=\"breadcrumbs\" class=\"rank-math-breadcrumb\"><p><span class=\"last\">Dr. Terziler<\/span><\/p><\/nav>\n<h4>\n\t\t\t\t\u00cdndice\t\t\t<\/h4>\n<p>\t\t\t\t\t\t\t<svg aria-hidden=\"true\" viewBox=\"0 0 448 512\" xmlns=\"http:\/\/www.w3.org\/2000\/svg\"><path d=\"M207.029 381.476L12.686 187.132c-9.373-9.373-9.373-24.569 0-33.941l22.667-22.667c9.357-9.357 24.522-9.375 33.901-.04L224 284.505l154.745-154.021c9.379-9.335 24.544-9.317 33.901.04l22.667 22.667c9.373 9.373 9.373 24.569 0 33.941L240.971 381.476c-9.373 9.372-24.569 9.372-33.942 0z\"><\/path><\/svg><br \/>\n\t\t\t\t<svg aria-hidden=\"true\" viewBox=\"0 0 448 512\" xmlns=\"http:\/\/www.w3.org\/2000\/svg\"><path d=\"M240.971 130.524l194.343 194.343c9.373 9.373 9.373 24.569 0 33.941l-22.667 22.667c-9.357 9.357-24.522 9.375-33.901.04L224 227.495 69.255 381.516c-9.379 9.335-24.544 9.317-33.901-.04l-22.667-22.667c-9.373-9.373-9.373-24.569 0-33.941L207.03 130.525c9.372-9.373 24.568-9.373 33.941-.001z\"><\/path><\/svg><br \/>\n\t\t\t\t<svg aria-hidden=\"true\" viewBox=\"0 0 1000 1000\" xmlns=\"http:\/\/www.w3.org\/2000\/svg\"><path d=\"M500 975V858C696 858 858 696 858 500S696 142 500 142 142 304 142 500H25C25 237 238 25 500 25S975 237 975 500 763 975 500 975Z\"><\/path><\/svg><br \/>\n\t\t\t\t\t\t\t\t\t\t\t\t\t\t\t\t\t\t\t\t\t\t<img loading=\"lazy\" decoding=\"async\" width=\"883\" height=\"547\" src=\"https:\/\/drterziler.com\/wp-content\/uploads\/2024\/10\/does-hair-transplant-affect-male-fertility.png\" alt=\"\" srcset=\"https:\/\/drterziler.com\/wp-content\/uploads\/2024\/10\/does-hair-transplant-affect-male-fertility.png 883w, https:\/\/drterziler.com\/wp-content\/uploads\/2024\/10\/does-hair-transplant-affect-male-fertility-300x186.png 300w, https:\/\/drterziler.com\/wp-content\/uploads\/2024\/10\/does-hair-transplant-affect-male-fertility-768x476.png 768w\" sizes=\"auto, (max-width: 883px) 100vw, 883px\">\t\t\t\t\t\t\t\t\t\t\t\t\t<\/p>\n<p>Muchos hombres que se plantean un trasplante capilar suelen tener dudas sobre las posibles repercusiones en su salud en general, incluida la fertilidad. Un trasplante capilar es un procedimiento quir\u00fargico que consiste en reubicar los fol\u00edculos pilosos de una zona donante a las zonas del cuero cabelludo que se est\u00e1n quedando calvas o con menos pelo. Comprender si este procedimiento tiene alg\u00fan efecto sobre la fertilidad masculina es crucial para quienes se plantean este tipo de restauraci\u00f3n capilar.<\/p>\n<h2>El procedimiento de trasplante capilar<\/h2>\n<p>Un trasplante capilar suele implicar dos t\u00e9cnicas principales: la extracci\u00f3n de unidades foliculares (FUE) y el trasplante de unidades foliculares (FUT). Ambos m\u00e9todos se centran en transferir fol\u00edculos pilosos sanos a las zonas que sufren p\u00e9rdida de cabello. El procedimiento es localizado, lo que significa que se dirige \u00fanicamente al cuero cabelludo y no implica cambios sist\u00e9micos que puedan afectar a otras funciones corporales, incluida la salud reproductiva.<\/p>\n<h2>Fertilidad y trasplantes capilares<\/h2>\n<ol>\n<li>\n<p><strong>Sin impacto directo en la fertilidad:<\/strong><br \/>Las investigaciones actuales y las pruebas cl\u00ednicas sugieren que los trasplantes de cabello no tienen ning\u00fan impacto directo en la fertilidad masculina. El procedimiento no interfiere con la producci\u00f3n de esperma ni con los niveles de testosterona. Dado que los trasplantes de cabello se centran espec\u00edficamente en el cuero cabelludo, no afectan a ning\u00fan \u00f3rgano reproductor ni a las v\u00edas hormonales relacionadas con la fertilidad.<\/p>\n<\/li>\n<li>\n<p><strong>Anestesia y medicamentos:<\/strong><br \/>algunos pacientes expresan su preocupaci\u00f3n por los medicamentos utilizados durante el procedimiento de trasplante capilar, incluidos los medicamentos para la anestesia y el control del dolor. Aunque estos medicamentos son esenciales para la comodidad del paciente durante el procedimiento, normalmente se administran en dosis seguras y es poco probable que tengan efectos duraderos sobre la fertilidad. Es aconsejable que los pacientes comenten cualquier preocupaci\u00f3n sobre los medicamentos con su proveedor de atenci\u00f3n m\u00e9dica antes del procedimiento.<\/p>\n<\/li>\n<li>\n<p><strong>Estr\u00e9s y recuperaci\u00f3n:<\/strong><br \/>aunque el trasplante de cabello en s\u00ed no afecta a la fertilidad, el estr\u00e9s asociado al procedimiento o a la recuperaci\u00f3n puede afectar temporalmente al equilibrio hormonal y a la salud reproductiva. Los niveles elevados de estr\u00e9s pueden afectar a la libido y pueden influir en la producci\u00f3n de esperma. Sin embargo, este es generalmente un efecto a corto plazo y se resuelve a medida que el individuo se recupera de la cirug\u00eda y los niveles de estr\u00e9s se normalizan.<\/p>\n<\/li>\n<\/ol>\n<p>Para los hombres que se plantean un trasplante de cabello, es tranquilizador saber que el procedimiento no afecta a la fertilidad. Los trasplantes de cabello son opciones quir\u00fargicas seguras para restaurar el cabello sin comprometer la salud reproductiva. Como con cualquier procedimiento m\u00e9dico, es importante discutir cualquier inquietud con un proveedor de atenci\u00f3n m\u00e9dica calificado para garantizar una toma de decisiones informada y una recuperaci\u00f3n sin complicaciones.<\/p>\n<p>\t\t\t\t\t\t\t<a href=\"https:\/\/drterziler.com\/wp-content\/uploads\/2024\/09\/2500-graft-hair-transplant-before-after.jpg\" data-elementor-open-lightbox=\"yes\" data-elementor-lightbox-slideshow=\"5fcda46\" data-elementor-lightbox-title=\"2500-graft-hair-transplant-before-after\" data-e-action-hash=\"#elementor-action%3Aaction%3Dlightbox%26settings%3DeyJpZCI6NzUzMSwidXJsIjoiaHR0cHM6XC9cL2RydGVyemlsZXIuY29tXC93cC1jb250ZW50XC91cGxvYWRzXC8yMDI0XC8wOVwvMjUwMC1ncmFmdC1oYWlyLXRyYW5zcGxhbnQtYmVmb3JlLWFmdGVyLmpwZyIsInNsaWRlc2hvdyI6IjVmY2RhNDYifQ%3D%3D\"><br \/>\n\t\t<\/a><br \/>\n\t\t\t\t\t\t\t<a href=\"https:\/\/drterziler.com\/wp-content\/uploads\/2024\/09\/3000-graft-hair-transplant-before-after.jpg\" data-elementor-open-lightbox=\"yes\" data-elementor-lightbox-slideshow=\"5fcda46\" data-elementor-lightbox-title=\"3000-graft-hair-transplant-before-after\" data-e-action-hash=\"#elementor-action%3Aaction%3Dlightbox%26settings%3DeyJpZCI6NzUzNywidXJsIjoiaHR0cHM6XC9cL2RydGVyemlsZXIuY29tXC93cC1jb250ZW50XC91cGxvYWRzXC8yMDI0XC8wOVwvMzAwMC1ncmFmdC1oYWlyLXRyYW5zcGxhbnQtYmVmb3JlLWFmdGVyLmpwZyIsInNsaWRlc2hvdyI6IjVmY2RhNDYifQ%3D%3D\"><br \/>\n\t\t<\/a><br \/>\n\t\t\t\t\t\t\t<a href=\"https:\/\/drterziler.com\/wp-content\/uploads\/2024\/09\/3500-graft-hair-transplant-before-after.jpg\" data-elementor-open-lightbox=\"yes\" data-elementor-lightbox-slideshow=\"5fcda46\" data-elementor-lightbox-title=\"3500-graft-hair-transplant-before-after\" data-e-action-hash=\"#elementor-action%3Aaction%3Dlightbox%26settings%3DeyJpZCI6NzU0MywidXJsIjoiaHR0cHM6XC9cL2RydGVyemlsZXIuY29tXC93cC1jb250ZW50XC91cGxvYWRzXC8yMDI0XC8wOVwvMzUwMC1ncmFmdC1oYWlyLXRyYW5zcGxhbnQtYmVmb3JlLWFmdGVyLmpwZyIsInNsaWRlc2hvdyI6IjVmY2RhNDYifQ%3D%3D\"><br \/>\n\t\t<\/a><br \/>\n\t\t\t\t\t\t\t<a href=\"https:\/\/drterziler.com\/wp-content\/uploads\/2024\/09\/4000-graft-hair-transplant-before-after.jpg\" data-elementor-open-lightbox=\"yes\" data-elementor-lightbox-slideshow=\"5fcda46\" data-elementor-lightbox-title=\"4000-graft-hair-transplant-before-after\" data-e-action-hash=\"#elementor-action%3Aaction%3Dlightbox%26settings%3DeyJpZCI6NzU0OSwidXJsIjoiaHR0cHM6XC9cL2RydGVyemlsZXIuY29tXC93cC1jb250ZW50XC91cGxvYWRzXC8yMDI0XC8wOVwvNDAwMC1ncmFmdC1oYWlyLXRyYW5zcGxhbnQtYmVmb3JlLWFmdGVyLmpwZyIsInNsaWRlc2hvdyI6IjVmY2RhNDYifQ%3D%3D\"><br \/>\n\t\t<\/a><br \/>\n\t\t\t\t\t\t\t<a href=\"https:\/\/drterziler.com\/wp-content\/uploads\/2024\/09\/4500-graft-hair-transplant-before-after.jpg\" data-elementor-open-lightbox=\"yes\" data-elementor-lightbox-slideshow=\"5fcda46\" data-elementor-lightbox-title=\"4500-graft-hair-transplant-before-after\" data-e-action-hash=\"#elementor-action%3Aaction%3Dlightbox%26settings%3DeyJpZCI6NzU1NSwidXJsIjoiaHR0cHM6XC9cL2RydGVyemlsZXIuY29tXC93cC1jb250ZW50XC91cGxvYWRzXC8yMDI0XC8wOVwvNDUwMC1ncmFmdC1oYWlyLXRyYW5zcGxhbnQtYmVmb3JlLWFmdGVyLmpwZyIsInNsaWRlc2hvdyI6IjVmY2RhNDYifQ%3D%3D\"><br \/>\n\t\t<\/a><br \/>\n\t\t\t\t\t\t\t<a href=\"https:\/\/drterziler.com\/wp-content\/uploads\/2024\/09\/5200-graft-hair-transplant-before-after.jpg\" data-elementor-open-lightbox=\"yes\" data-elementor-lightbox-slideshow=\"5fcda46\" data-elementor-lightbox-title=\"5200-graft-hair-transplant-before-after\" data-e-action-hash=\"#elementor-action%3Aaction%3Dlightbox%26settings%3DeyJpZCI6NzU2MSwidXJsIjoiaHR0cHM6XC9cL2RydGVyemlsZXIuY29tXC93cC1jb250ZW50XC91cGxvYWRzXC8yMDI0XC8wOVwvNTIwMC1ncmFmdC1oYWlyLXRyYW5zcGxhbnQtYmVmb3JlLWFmdGVyLmpwZyIsInNsaWRlc2hvdyI6IjVmY2RhNDYifQ%3D%3D\"><br \/>\n\t\t<\/a><br \/>\n\t\t\t\t\t\t\t<a href=\"https:\/\/drterziler.com\/wp-content\/uploads\/2024\/09\/5300-graft-hair-transplant-before-after.jpg\" data-elementor-open-lightbox=\"yes\" data-elementor-lightbox-slideshow=\"5fcda46\" data-elementor-lightbox-title=\"5300-graft-hair-transplant-before-after\" data-e-action-hash=\"#elementor-action%3Aaction%3Dlightbox%26settings%3DeyJpZCI6NzU2NywidXJsIjoiaHR0cHM6XC9cL2RydGVyemlsZXIuY29tXC93cC1jb250ZW50XC91cGxvYWRzXC8yMDI0XC8wOVwvNTMwMC1ncmFmdC1oYWlyLXRyYW5zcGxhbnQtYmVmb3JlLWFmdGVyLmpwZyIsInNsaWRlc2hvdyI6IjVmY2RhNDYifQ%3D%3D\"><br \/>\n\t\t<\/a><br \/>\n\t\t\t\t\t\t\t<svg aria-hidden=\"true\" viewBox=\"0 0 1000 1000\" xmlns=\"http:\/\/www.w3.org\/2000\/svg\"><path d=\"M646 125C629 125 613 133 604 142L308 442C296 454 292 471 292 487 292 504 296 521 308 533L604 854C617 867 629 875 646 875 663 875 679 871 692 858 704 846 713 829 713 812 713 796 708 779 692 767L438 487 692 225C700 217 708 204 708 187 708 171 704 154 692 142 675 129 663 125 646 125Z\"><\/path><\/svg><br \/>\n\t\t\t\t\t\t\t<svg aria-hidden=\"true\" viewBox=\"0 0 1000 1000\" xmlns=\"http:\/\/www.w3.org\/2000\/svg\"><path d=\"M696 533C708 521 713 504 713 487 713 471 708 454 696 446L400 146C388 133 375 125 354 125 338 125 325 129 313 142 300 154 292 171 292 187 292 204 296 221 308 233L563 492 304 771C292 783 288 800 288 817 288 833 296 850 308 863 321 871 338 875 354 875 371 875 388 867 400 854L696 533Z\"><\/path><\/svg>\t\t\t\t\t\t<\/p>\n<details id=\"e-n-accordion-item-2340\" open>\n<summary data-accordion-index=\"1\" tabindex=\"0\" aria-expanded=\"true\" aria-controls=\"e-n-accordion-item-2340\" >\n\t\t\t\t\t \u00bfAfecta el trasplante capilar a la fertilidad masculina?<br \/>\n\t\t\t<svg aria-hidden=\"true\" viewBox=\"0 0 448 512\" xmlns=\"http:\/\/www.w3.org\/2000\/svg\"><path d=\"M416 208H32c-17.67 0-32 14.33-32 32v32c0 17.67 14.33 32 32 32h384c17.67 0 32-14.33 32-32v-32c0-17.67-14.33-32-32-32z\"><\/path><\/svg><br \/>\n\t\t\t<svg aria-hidden=\"true\" viewBox=\"0 0 448 512\" xmlns=\"http:\/\/www.w3.org\/2000\/svg\"><path d=\"M416 208H272V64c0-17.67-14.33-32-32-32h-32c-17.67 0-32 14.33-32 32v144H32c-17.67 0-32 14.33-32 32v32c0 17.67 14.33 32 32 32h144v144c0 17.67 14.33 32 32 32h32c17.67 0 32-14.33 32-32V304h144c17.67 0 32-14.33 32-32v-32c0-17.67-14.33-32-32-32z\"><\/path><\/svg><br \/>\n\t\t\t\t\t\t<\/summary>\n<p>No, los trasplantes capilares no tienen un impacto directo en la fertilidad masculina. El procedimiento se centra en el cuero cabelludo y no interfiere en la salud reproductiva.<\/p>\n<\/details>\n<details id=\"e-n-accordion-item-2341\" >\n<summary data-accordion-index=\"2\" tabindex=\"-1\" aria-expanded=\"false\" aria-controls=\"e-n-accordion-item-2341\" >\n\t\t\t\t\t \u00bfPuede afectar a la fertilidad la anestesia utilizada durante la intervenci\u00f3n?<br \/>\n\t\t\t<svg aria-hidden=\"true\" viewBox=\"0 0 448 512\" xmlns=\"http:\/\/www.w3.org\/2000\/svg\"><path d=\"M416 208H32c-17.67 0-32 14.33-32 32v32c0 17.67 14.33 32 32 32h384c17.67 0 32-14.33 32-32v-32c0-17.67-14.33-32-32-32z\"><\/path><\/svg><br \/>\n\t\t\t<svg aria-hidden=\"true\" viewBox=\"0 0 448 512\" xmlns=\"http:\/\/www.w3.org\/2000\/svg\"><path d=\"M416 208H272V64c0-17.67-14.33-32-32-32h-32c-17.67 0-32 14.33-32 32v144H32c-17.67 0-32 14.33-32 32v32c0 17.67 14.33 32 32 32h144v144c0 17.67 14.33 32 32 32h32c17.67 0 32-14.33 32-32V304h144c17.67 0 32-14.33 32-32v-32c0-17.67-14.33-32-32-32z\"><\/path><\/svg><br \/>\n\t\t\t\t\t\t<\/summary>\n<p>Por lo general, la anestesia y los medicamentos utilizados durante un trasplante capilar se administran en dosis seguras y es poco probable que tengan efectos duraderos sobre la fertilidad.<\/p>\n<\/details>\n<details id=\"e-n-accordion-item-2342\" >\n<summary data-accordion-index=\"3\" tabindex=\"-1\" aria-expanded=\"false\" aria-controls=\"e-n-accordion-item-2342\" >\n\t\t\t\t\t \u00bfC\u00f3mo afecta a la fertilidad el estr\u00e9s relacionado con el procedimiento?<br \/>\n\t\t\t<svg aria-hidden=\"true\" viewBox=\"0 0 448 512\" xmlns=\"http:\/\/www.w3.org\/2000\/svg\"><path d=\"M416 208H32c-17.67 0-32 14.33-32 32v32c0 17.67 14.33 32 32 32h384c17.67 0 32-14.33 32-32v-32c0-17.67-14.33-32-32-32z\"><\/path><\/svg><br \/>\n\t\t\t<svg aria-hidden=\"true\" viewBox=\"0 0 448 512\" xmlns=\"http:\/\/www.w3.org\/2000\/svg\"><path d=\"M416 208H272V64c0-17.67-14.33-32-32-32h-32c-17.67 0-32 14.33-32 32v144H32c-17.67 0-32 14.33-32 32v32c0 17.67 14.33 32 32 32h144v144c0 17.67 14.33 32 32 32h32c17.67 0 32-14.33 32-32V304h144c17.67 0 32-14.33 32-32v-32c0-17.67-14.33-32-32-32z\"><\/path><\/svg><br \/>\n\t\t\t\t\t\t<\/summary>\n<p>Aunque el estr\u00e9s puede afectar temporalmente al equilibrio hormonal y a la salud reproductiva, suele ser un efecto a corto plazo que se resuelve tras la recuperaci\u00f3n.<\/p>\n<\/details>\n<details id=\"e-n-accordion-item-2343\" >\n<summary data-accordion-index=\"4\" tabindex=\"-1\" aria-expanded=\"false\" aria-controls=\"e-n-accordion-item-2343\" >\n\t\t\t\t\t \u00bfExisten efectos a largo plazo de los medicamentos para el trasplante capilar sobre la fertilidad?<br \/>\n\t\t\t<svg aria-hidden=\"true\" viewBox=\"0 0 448 512\" xmlns=\"http:\/\/www.w3.org\/2000\/svg\"><path d=\"M416 208H32c-17.67 0-32 14.33-32 32v32c0 17.67 14.33 32 32 32h384c17.67 0 32-14.33 32-32v-32c0-17.67-14.33-32-32-32z\"><\/path><\/svg><br \/>\n\t\t\t<svg aria-hidden=\"true\" viewBox=\"0 0 448 512\" xmlns=\"http:\/\/www.w3.org\/2000\/svg\"><path d=\"M416 208H272V64c0-17.67-14.33-32-32-32h-32c-17.67 0-32 14.33-32 32v144H32c-17.67 0-32 14.33-32 32v32c0 17.67 14.33 32 32 32h144v144c0 17.67 14.33 32 32 32h32c17.67 0 32-14.33 32-32V304h144c17.67 0 32-14.33 32-32v-32c0-17.67-14.33-32-32-32z\"><\/path><\/svg><br \/>\n\t\t\t\t\t\t<\/summary>\n<p>No se conocen efectos a largo plazo sobre la fertilidad de los medicamentos utilizados durante los trasplantes capilares. Los pacientes deben consultar sus dudas con el m\u00e9dico.<\/p>\n<\/details>\n<details id=\"e-n-accordion-item-2344\" >\n<summary data-accordion-index=\"5\" tabindex=\"-1\" aria-expanded=\"false\" aria-controls=\"e-n-accordion-item-2344\" >\n\t\t\t\t\t \u00bfEs seguro hacerse un trasplante capilar si se tiene intenci\u00f3n de tener hijos?<br \/>\n\t\t\t<svg aria-hidden=\"true\" viewBox=\"0 0 448 512\" xmlns=\"http:\/\/www.w3.org\/2000\/svg\"><path d=\"M416 208H32c-17.67 0-32 14.33-32 32v32c0 17.67 14.33 32 32 32h384c17.67 0 32-14.33 32-32v-32c0-17.67-14.33-32-32-32z\"><\/path><\/svg><br \/>\n\t\t\t<svg aria-hidden=\"true\" viewBox=\"0 0 448 512\" xmlns=\"http:\/\/www.w3.org\/2000\/svg\"><path d=\"M416 208H272V64c0-17.67-14.33-32-32-32h-32c-17.67 0-32 14.33-32 32v144H32c-17.67 0-32 14.33-32 32v32c0 17.67 14.33 32 32 32h144v144c0 17.67 14.33 32 32 32h32c17.67 0 32-14.33 32-32V304h144c17.67 0 32-14.33 32-32v-32c0-17.67-14.33-32-32-32z\"><\/path><\/svg><br \/>\n\t\t\t\t\t\t<\/summary>\n<p>S\u00ed, es seguro someterse a un trasplante capilar si est\u00e1 planeando tener hijos, ya que el procedimiento no afecta a la fertilidad.<\/p>\n<\/details>\n<details id=\"e-n-accordion-item-2345\" >\n<summary data-accordion-index=\"6\" tabindex=\"-1\" aria-expanded=\"false\" aria-controls=\"e-n-accordion-item-2345\" >\n\t\t\t\t\t \u00bfPuedo hablar de mis problemas de fertilidad con mi cirujano?<br \/>\n\t\t\t<svg aria-hidden=\"true\" viewBox=\"0 0 448 512\" xmlns=\"http:\/\/www.w3.org\/2000\/svg\"><path d=\"M416 208H32c-17.67 0-32 14.33-32 32v32c0 17.67 14.33 32 32 32h384c17.67 0 32-14.33 32-32v-32c0-17.67-14.33-32-32-32z\"><\/path><\/svg><br \/>\n\t\t\t<svg aria-hidden=\"true\" viewBox=\"0 0 448 512\" xmlns=\"http:\/\/www.w3.org\/2000\/svg\"><path d=\"M416 208H272V64c0-17.67-14.33-32-32-32h-32c-17.67 0-32 14.33-32 32v144H32c-17.67 0-32 14.33-32 32v32c0 17.67 14.33 32 32 32h144v144c0 17.67 14.33 32 32 32h32c17.67 0 32-14.33 32-32V304h144c17.67 0 32-14.33 32-32v-32c0-17.67-14.33-32-32-32z\"><\/path><\/svg><br \/>\n\t\t\t\t\t\t<\/summary>\n<p>Por supuesto, le recomendamos que comente sus dudas con el cirujano para asegurarse de que est\u00e1 bien informado y se siente c\u00f3modo con la intervenci\u00f3n.<\/p>\n<\/details>\n<p>No, los trasplantes capilares no tienen un impacto directo en la fertilidad masculina. El procedimiento se centra en el cuero cabelludo y no interfiere en la salud reproductiva.<\/p>\n<p>Por lo general, la anestesia y los medicamentos utilizados durante un trasplante capilar se administran en dosis seguras y es poco probable que tengan efectos duraderos sobre la fertilidad.<\/p>\n<p>Aunque el estr\u00e9s puede afectar temporalmente al equilibrio hormonal y a la salud reproductiva, suele ser un efecto a corto plazo que se resuelve tras la recuperaci\u00f3n.<\/p>\n<p>No se conocen efectos a largo plazo sobre la fertilidad de los medicamentos utilizados durante los trasplantes capilares. Los pacientes deben consultar sus dudas con el m\u00e9dico.<\/p>\n<p>S\u00ed, es seguro someterse a un trasplante capilar si est\u00e1 planeando tener hijos, ya que el procedimiento no afecta a la fertilidad.<\/p>\n<p>Por supuesto, le recomendamos que comente sus dudas con el cirujano para asegurarse de que est\u00e1 bien informado y se siente c\u00f3modo con la intervenci\u00f3n.<\/p>\n","protected":false},"excerpt":{"rendered":"<p>\u00cdndice Muchos hombres que se plantean un trasplante capilar suelen tener dudas sobre las posibles repercusiones en su salud en general, incluida la fertilidad. Un trasplante capilar es un procedimiento quir\u00fargico que consiste en reubicar los fol\u00edculos pilosos de una zona donante a las zonas del cuero cabelludo que se est\u00e1n quedando calvas o con [&hellip;]<\/p>\n","protected":false},"author":6,"featured_media":0,"parent":7849,"menu_order":0,"comment_status":"closed","ping_status":"closed","template":"","meta":{"footnotes":""},"class_list":["post-29893","page","type-page","status-publish","hentry"],"_links":{"self":[{"href":"https:\/\/drterziler.com\/es\/wp-json\/wp\/v2\/pages\/29893","targetHints":{"allow":["GET"]}}],"collection":[{"href":"https:\/\/drterziler.com\/es\/wp-json\/wp\/v2\/pages"}],"about":[{"href":"https:\/\/drterziler.com\/es\/wp-json\/wp\/v2\/types\/page"}],"author":[{"embeddable":true,"href":"https:\/\/drterziler.com\/es\/wp-json\/wp\/v2\/users\/6"}],"replies":[{"embeddable":true,"href":"https:\/\/drterziler.com\/es\/wp-json\/wp\/v2\/comments?post=29893"}],"version-history":[{"count":4,"href":"https:\/\/drterziler.com\/es\/wp-json\/wp\/v2\/pages\/29893\/revisions"}],"predecessor-version":[{"id":43715,"href":"https:\/\/drterziler.com\/es\/wp-json\/wp\/v2\/pages\/29893\/revisions\/43715"}],"up":[{"embeddable":true,"href":"https:\/\/drterziler.com\/es\/wp-json\/wp\/v2\/pages\/7849"}],"wp:attachment":[{"href":"https:\/\/drterziler.com\/es\/wp-json\/wp\/v2\/media?parent=29893"}],"curies":[{"name":"wp","href":"https:\/\/api.w.org\/{rel}","templated":true}]}}