{"id":29901,"date":"2024-09-03T10:00:51","date_gmt":"2024-09-03T10:00:51","guid":{"rendered":"https:\/\/drterziler.com\/?page_id=29901"},"modified":"2025-06-11T11:43:24","modified_gmt":"2025-06-11T11:43:24","slug":"cuantos-injertos-de-trasplante-capilar-necesito","status":"publish","type":"page","link":"https:\/\/drterziler.com\/es\/cuantos-injertos-de-trasplante-capilar-necesito\/","title":{"rendered":"\u00bfCu\u00e1ntos injertos de trasplante capilar necesito?"},"content":{"rendered":"<nav aria-label=\"breadcrumbs\" class=\"rank-math-breadcrumb\"><p><span class=\"last\">Dr. Terziler<\/span><\/p><\/nav>\n<h4>\n\t\t\t\t\u00cdndice\t\t\t<\/h4>\n<p>\t\t\t\t\t\t\t<svg aria-hidden=\"true\" viewBox=\"0 0 448 512\" xmlns=\"http:\/\/www.w3.org\/2000\/svg\"><path d=\"M207.029 381.476L12.686 187.132c-9.373-9.373-9.373-24.569 0-33.941l22.667-22.667c9.357-9.357 24.522-9.375 33.901-.04L224 284.505l154.745-154.021c9.379-9.335 24.544-9.317 33.901.04l22.667 22.667c9.373 9.373 9.373 24.569 0 33.941L240.971 381.476c-9.373 9.372-24.569 9.372-33.942 0z\"><\/path><\/svg><br \/>\n\t\t\t\t<svg aria-hidden=\"true\" viewBox=\"0 0 448 512\" xmlns=\"http:\/\/www.w3.org\/2000\/svg\"><path d=\"M240.971 130.524l194.343 194.343c9.373 9.373 9.373 24.569 0 33.941l-22.667 22.667c-9.357 9.357-24.522 9.375-33.901.04L224 227.495 69.255 381.516c-9.379 9.335-24.544 9.317-33.901-.04l-22.667-22.667c-9.373-9.373-9.373-24.569 0-33.941L207.03 130.525c9.372-9.373 24.568-9.373 33.941-.001z\"><\/path><\/svg><br \/>\n\t\t\t\t<svg aria-hidden=\"true\" viewBox=\"0 0 1000 1000\" xmlns=\"http:\/\/www.w3.org\/2000\/svg\"><path d=\"M500 975V858C696 858 858 696 858 500S696 142 500 142 142 304 142 500H25C25 237 238 25 500 25S975 237 975 500 763 975 500 975Z\"><\/path><\/svg><br \/>\n\t\t\t\t\t\t\t\t\t\t\t\t\t\t\t\t\t\t\t\t\t\t<img loading=\"lazy\" decoding=\"async\" width=\"1700\" height=\"1080\" src=\"https:\/\/drterziler.com\/wp-content\/uploads\/2024\/08\/6.webp\" alt=\"\" srcset=\"https:\/\/drterziler.com\/wp-content\/uploads\/2024\/08\/6.webp 1700w, https:\/\/drterziler.com\/wp-content\/uploads\/2024\/08\/6-300x191.webp 300w, https:\/\/drterziler.com\/wp-content\/uploads\/2024\/08\/6-1024x651.webp 1024w, https:\/\/drterziler.com\/wp-content\/uploads\/2024\/08\/6-768x488.webp 768w, https:\/\/drterziler.com\/wp-content\/uploads\/2024\/08\/6-1536x976.webp 1536w\" sizes=\"auto, (max-width: 1700px) 100vw, 1700px\">\t\t\t\t\t\t\t\t\t\t\t\t\t<\/p>\n<h1>\u00bfCu\u00e1ntos injertos de trasplante capilar necesito?<\/h1>\n<h2>Entender los injertos de trasplante capilar<\/h2>\n<p>Antes de sumergirnos en el n\u00famero de injertos que puede necesitar, es esencial entender qu\u00e9 es un injerto capilar. Un injerto capilar es un peque\u00f1o trozo de tejido del cuero cabelludo que contiene de uno a cuatro fol\u00edculos pilosos. Estos injertos se extraen de la zona donante (normalmente la parte posterior de la cabeza) y se trasplantan a las zonas que sufren p\u00e9rdida de cabello.<\/p>\n<h2>Factores que afectan al n\u00famero de injertos necesarios<\/h2>\n<p>El Dr. Terziler, un reconocido experto en trasplante capilar, hace hincapi\u00e9 en que el n\u00famero de injertos necesarios var\u00eda de una persona a otra. Varios factores influyen en este n\u00famero:<\/p>\n<ul>\n<li>\n<p>Grado de p\u00e9rdida de cabello<\/p>\n<\/li>\n<li>\n<p>Densidad deseada<\/p>\n<\/li>\n<li>\n<p>Calidad y disponibilidad del cabello donante<\/p>\n<\/li>\n<li>\n<p>Tama\u00f1o de la zona receptora<\/p>\n<\/li>\n<li>\n<p>Caracter\u00edsticas individuales del cabello<\/p>\n<\/li>\n<\/ul>\n<h2>Estimaci\u00f3n de los requisitos de injertos<\/h2>\n<p>Aunque el n\u00famero exacto solo puede determinarse durante una consulta personal, aqu\u00ed tiene una gu\u00eda general:<\/p>\n<h3>Escala de Norwood y estimaciones de injertos<\/h3>\n<ul>\n<li>\n<p>Norwood 2-3: 500-1500 injertos<\/p>\n<\/li>\n<li>\n<p>Norwood 3V-4: 1500-3000 injertos<\/p>\n<\/li>\n<li>\n<p>Norwood 4A-5: 3000-4000 injertos<\/p>\n<\/li>\n<li>\n<p>Norwood 5A-6: 4000-6000 injertos<\/p>\n<\/li>\n<\/ul>\n<p>El Dr. Terziler se\u00f1ala que estas son estimaciones aproximadas y pueden variar significativamente en funci\u00f3n de cada caso.<\/p>\n<h2>La importancia de una evaluaci\u00f3n profesional<\/h2>\n<p>El Dr. Terziler destaca la importancia de una evaluaci\u00f3n profesional para determinar el n\u00famero exacto de injertos necesarios. Durante una consulta en la Cl\u00ednica Exclusiva del Dr. Terziler, se utilizan t\u00e9cnicas avanzadas para analizar:<\/p>\n<ul>\n<li>\n<p>Patr\u00f3n de p\u00e9rdida de cabello<\/p>\n<\/li>\n<li>\n<p>Condici\u00f3n del cuero cabelludo<\/p>\n<\/li>\n<li>\n<p>Capacidad del \u00e1rea donante<\/p>\n<\/li>\n<li>\n<p>Calidad y grosor del cabello<\/p>\n<\/li>\n<\/ul>\n<p>Esta evaluaci\u00f3n integral garantiza un plan de tratamiento personalizado y adaptado a las necesidades espec\u00edficas de cada paciente.<\/p>\n<h2>Maximizar la supervivencia de los injertos<\/h2>\n<p>El Dr. Terziler hace hincapi\u00e9 en que el \u00e9xito de un trasplante capilar no solo depende del n\u00famero de injertos, sino tambi\u00e9n de su tasa de supervivencia. En su cl\u00ednica, se utilizan t\u00e9cnicas de vanguardia como la implantaci\u00f3n capilar directa (DHI) rob\u00f3tica para garantizar la m\u00e1xima supervivencia de los injertos y resultados de aspecto natural.<\/p>\n<h2>Planificar el futuro<\/h2>\n<p>Al determinar el n\u00famero de injertos, el Dr. Terziler tambi\u00e9n tiene en cuenta los patrones futuros de p\u00e9rdida de cabello. Este enfoque con visi\u00f3n de futuro garantiza que el cabello trasplantado siga teniendo un aspecto natural a medida que envejece.<\/p>\n<h2>Conclusi\u00f3n<\/h2>\n<p>Determinar el n\u00famero de injertos de trasplante capilar que necesita es un proceso complejo que requiere experiencia profesional. El Dr. Terziler y su equipo de la Cl\u00ednica Exclusiva del Dr. Terziler ofrecen evaluaciones personalizadas para garantizar que reciba el n\u00famero \u00f3ptimo de injertos para su situaci\u00f3n particular. Recuerde que un trasplante de cabello exitoso no se trata solo de la cantidad, sino tambi\u00e9n de la colocaci\u00f3n estrat\u00e9gica y la planificaci\u00f3n a largo plazo para obtener resultados de aspecto natural.<\/p>\n<p>Para obtener una evaluaci\u00f3n precisa de cu\u00e1ntos injertos necesita, programe una consulta con el Dr. Terziler. Con su experiencia y t\u00e9cnicas avanzadas, estar\u00e1 en camino de recuperar su cabello y su confianza.<\/p>\n","protected":false},"excerpt":{"rendered":"<p>\u00cdndice \u00bfCu\u00e1ntos injertos de trasplante capilar necesito? Entender los injertos de trasplante capilar Antes de sumergirnos en el n\u00famero de injertos que puede necesitar, es esencial entender qu\u00e9 es un injerto capilar. Un injerto capilar es un peque\u00f1o trozo de tejido del cuero cabelludo que contiene de uno a cuatro fol\u00edculos pilosos. Estos injertos se [&hellip;]<\/p>\n","protected":false},"author":6,"featured_media":0,"parent":0,"menu_order":0,"comment_status":"closed","ping_status":"closed","template":"","meta":{"footnotes":""},"class_list":["post-29901","page","type-page","status-publish","hentry"],"_links":{"self":[{"href":"https:\/\/drterziler.com\/es\/wp-json\/wp\/v2\/pages\/29901","targetHints":{"allow":["GET"]}}],"collection":[{"href":"https:\/\/drterziler.com\/es\/wp-json\/wp\/v2\/pages"}],"about":[{"href":"https:\/\/drterziler.com\/es\/wp-json\/wp\/v2\/types\/page"}],"author":[{"embeddable":true,"href":"https:\/\/drterziler.com\/es\/wp-json\/wp\/v2\/users\/6"}],"replies":[{"embeddable":true,"href":"https:\/\/drterziler.com\/es\/wp-json\/wp\/v2\/comments?post=29901"}],"version-history":[{"count":4,"href":"https:\/\/drterziler.com\/es\/wp-json\/wp\/v2\/pages\/29901\/revisions"}],"predecessor-version":[{"id":43115,"href":"https:\/\/drterziler.com\/es\/wp-json\/wp\/v2\/pages\/29901\/revisions\/43115"}],"wp:attachment":[{"href":"https:\/\/drterziler.com\/es\/wp-json\/wp\/v2\/media?parent=29901"}],"curies":[{"name":"wp","href":"https:\/\/api.w.org\/{rel}","templated":true}]}}