{"id":29911,"date":"2024-09-25T07:20:35","date_gmt":"2024-09-25T07:20:35","guid":{"rendered":"https:\/\/drterziler.com\/?page_id=29911"},"modified":"2025-06-12T06:44:02","modified_gmt":"2025-06-12T06:44:02","slug":"trasplantes-capilares-manuales-frente-a-roboticos","status":"publish","type":"page","link":"https:\/\/drterziler.com\/es\/trasplantes-capilares-manuales-frente-a-roboticos\/","title":{"rendered":"Trasplantes capilares manuales frente a rob\u00f3ticos"},"content":{"rendered":"<h1 class=\"content-title h1-header\">Trasplantes capilares manuales frente a rob\u00f3ticos<\/h1>\n<nav aria-label=\"breadcrumbs\" class=\"rank-math-breadcrumb\"><p><span class=\"last\">Dr. Terziler<\/span><\/p><\/nav>\n<h4>\n\t\t\t\t\u00cdndice\t\t\t<\/h4>\n<p>\t\t\t\t\t\t\t<svg aria-hidden=\"true\" viewBox=\"0 0 448 512\" xmlns=\"http:\/\/www.w3.org\/2000\/svg\"><path d=\"M207.029 381.476L12.686 187.132c-9.373-9.373-9.373-24.569 0-33.941l22.667-22.667c9.357-9.357 24.522-9.375 33.901-.04L224 284.505l154.745-154.021c9.379-9.335 24.544-9.317 33.901.04l22.667 22.667c9.373 9.373 9.373 24.569 0 33.941L240.971 381.476c-9.373 9.372-24.569 9.372-33.942 0z\"><\/path><\/svg><br \/>\n\t\t\t\t<svg aria-hidden=\"true\" viewBox=\"0 0 448 512\" xmlns=\"http:\/\/www.w3.org\/2000\/svg\"><path d=\"M240.971 130.524l194.343 194.343c9.373 9.373 9.373 24.569 0 33.941l-22.667 22.667c-9.357 9.357-24.522 9.375-33.901.04L224 227.495 69.255 381.516c-9.379 9.335-24.544 9.317-33.901-.04l-22.667-22.667c-9.373-9.373-9.373-24.569 0-33.941L207.03 130.525c9.372-9.373 24.568-9.373 33.941-.001z\"><\/path><\/svg><br \/>\n\t\t\t\t<svg aria-hidden=\"true\" viewBox=\"0 0 1000 1000\" xmlns=\"http:\/\/www.w3.org\/2000\/svg\"><path d=\"M500 975V858C696 858 858 696 858 500S696 142 500 142 142 304 142 500H25C25 237 238 25 500 25S975 237 975 500 763 975 500 975Z\"><\/path><\/svg><br \/>\n\t\t\t\t\t\t\t\t\t\t\t\t\t\t\t\t\t\t\t\t\t\t<img loading=\"lazy\" decoding=\"async\" width=\"1920\" height=\"1080\" src=\"https:\/\/drterziler.com\/wp-content\/uploads\/2024\/09\/PICASSO-3.webp\" alt=\"\" srcset=\"https:\/\/drterziler.com\/wp-content\/uploads\/2024\/09\/PICASSO-3.webp 1920w, https:\/\/drterziler.com\/wp-content\/uploads\/2024\/09\/PICASSO-3-300x169.webp 300w, https:\/\/drterziler.com\/wp-content\/uploads\/2024\/09\/PICASSO-3-1024x576.webp 1024w, https:\/\/drterziler.com\/wp-content\/uploads\/2024\/09\/PICASSO-3-768x432.webp 768w, https:\/\/drterziler.com\/wp-content\/uploads\/2024\/09\/PICASSO-3-1536x864.webp 1536w\" sizes=\"auto, (max-width: 1920px) 100vw, 1920px\">\t\t\t\t\t\t\t\t\t\t\t\t\t<\/p>\n<h3>\u00bfCu\u00e1l es la diferencia entre los m\u00e9todos de trasplante capilar manual y rob\u00f3tico?<\/h3>\n<p>Las t\u00e9cnicas de trasplante capilar han evolucionado significativamente a lo largo de los a\u00f1os, ofreciendo a los pacientes dos m\u00e9todos principales: trasplantes capilares manuales y rob\u00f3ticos. Ambos m\u00e9todos tienen como objetivo restaurar el cabello en las zonas afectadas por el adelgazamiento o la calvicie, pero difieren en la forma en que se extraen e implantan los fol\u00edculos pilosos. Los trasplantes capilares manuales dependen de la habilidad de un cirujano que extrae e implanta los injertos a mano, mientras que los trasplantes capilares rob\u00f3ticos utilizan tecnolog\u00eda avanzada para ayudar en el proceso de extracci\u00f3n. Comprender las diferencias entre estos dos m\u00e9todos es esencial para elegir la mejor opci\u00f3n para sus necesidades individuales.<\/p>\n<h3>Trasplante capilar manual: precisi\u00f3n y personalizaci\u00f3n<\/h3>\n<p>En los trasplantes capilares manuales, el cirujano utiliza herramientas manuales para extraer fol\u00edculos pilosos de la zona donante e implantarlos en la zona receptora. La t\u00e9cnica manual m\u00e1s com\u00fan es la extracci\u00f3n de unidades foliculares (FUE), en la que se extraen injertos individuales con una herramienta de micropunci\u00f3n. Este m\u00e9todo permite una alta precisi\u00f3n y personalizaci\u00f3n, ya que el cirujano puede seleccionar manualmente los mejores fol\u00edculos para el trasplante bas\u00e1ndose en su experiencia y conocimientos. Sin embargo, los trasplantes de cabello manuales pueden llevar mucho tiempo y los resultados dependen en gran medida del nivel de habilidad del cirujano.<\/p>\n<h3>Trasplante de cabello rob\u00f3tico: velocidad y consistencia<\/h3>\n<p>Los m\u00e9todos rob\u00f3ticos de trasplante capilar, como ARTAS, utilizan inteligencia artificial y precisi\u00f3n rob\u00f3tica para ayudar en la extracci\u00f3n de fol\u00edculos pilosos. El sistema rob\u00f3tico escanea el cuero cabelludo para identificar los mejores fol\u00edculos para la extracci\u00f3n y los elimina con una precisi\u00f3n incre\u00edble. Aunque el cirujano sigue supervisando el proceso, el sistema rob\u00f3tico ayuda a garantizar la coherencia y reduce las posibilidades de error humano. Una de las principales ventajas de los trasplantes capilares rob\u00f3ticos es la rapidez con la que se puede completar el procedimiento, lo que lo hace ideal para los pacientes que buscan un tiempo de recuperaci\u00f3n m\u00e1s r\u00e1pido.<\/p>\n<h3>Ventajas y desventajas de los trasplantes capilares manuales frente a los rob\u00f3ticos<\/h3>\n<ul>\n<li><strong>Los trasplantes capilares manuales<\/strong> ofrecen m\u00e1s control y precisi\u00f3n, lo que permite al cirujano realizar ajustes durante todo el procedimiento. Sin embargo, requieren m\u00e1s tiempo y pueden ser f\u00edsicamente exigentes para el cirujano.<\/li>\n<li><strong>Los trasplantes capilares rob\u00f3ticos<\/strong> son m\u00e1s r\u00e1pidos y consistentes, pero pueden carecer del ajuste fino que puede proporcionar la mano de un cirujano. Adem\u00e1s, los sistemas rob\u00f3ticos pueden ser m\u00e1s caros, lo que puede afectar a la elecci\u00f3n del paciente.<\/li>\n<\/ul>\n<h3>\u00bfQu\u00e9 m\u00e9todo es mejor para usted?<\/h3>\n<p>La elecci\u00f3n entre trasplantes capilares manuales y rob\u00f3ticos depende de varios factores, como el tipo de cabello del paciente, el tama\u00f1o de la zona del trasplante y el presupuesto. Los pacientes con casos m\u00e1s complejos pueden beneficiarse de la precisi\u00f3n y flexibilidad de un trasplante manual, mientras que aquellos que buscan una recuperaci\u00f3n m\u00e1s r\u00e1pida pueden preferir la opci\u00f3n rob\u00f3tica. Es esencial consultar con un especialista en trasplantes capilares para determinar qu\u00e9 m\u00e9todo es el m\u00e1s adecuado para lograr los resultados deseados.<\/p>\n<h2>Preguntas frecuentes sobre el trasplante capilar manual frente al rob\u00f3tico<\/h2>\n<details id=\"e-n-accordion-item-9030\" open>\n<summary data-accordion-index=\"1\" tabindex=\"0\" aria-expanded=\"true\" aria-controls=\"e-n-accordion-item-9030\" >\n\t\t\t\t\t \u00bfEs diferente el tiempo de recuperaci\u00f3n entre los trasplantes capilares manuales y los rob\u00f3ticos?<br \/>\n\t\t\t<svg aria-hidden=\"true\" viewBox=\"0 0 448 512\" xmlns=\"http:\/\/www.w3.org\/2000\/svg\"><path d=\"M416 208H32c-17.67 0-32 14.33-32 32v32c0 17.67 14.33 32 32 32h384c17.67 0 32-14.33 32-32v-32c0-17.67-14.33-32-32-32z\"><\/path><\/svg><br \/>\n\t\t\t<svg aria-hidden=\"true\" viewBox=\"0 0 448 512\" xmlns=\"http:\/\/www.w3.org\/2000\/svg\"><path d=\"M416 208H272V64c0-17.67-14.33-32-32-32h-32c-17.67 0-32 14.33-32 32v144H32c-17.67 0-32 14.33-32 32v32c0 17.67 14.33 32 32 32h144v144c0 17.67 14.33 32 32 32h32c17.67 0 32-14.33 32-32V304h144c17.67 0 32-14.33 32-32v-32c0-17.67-14.33-32-32-32z\"><\/path><\/svg><br \/>\n\t\t\t\t\t\t<\/summary>\n<p>El tiempo de recuperaci\u00f3n suele ser similar para ambos m\u00e9todos, pero los procedimientos rob\u00f3ticos pueden ofrecer una recuperaci\u00f3n ligeramente m\u00e1s r\u00e1pida debido a la precisi\u00f3n y la naturaleza menos invasiva de la extracci\u00f3n de fol\u00edculos.<\/p>\n<\/details>\n<details id=\"e-n-accordion-item-9031\" >\n<summary data-accordion-index=\"2\" tabindex=\"-1\" aria-expanded=\"false\" aria-controls=\"e-n-accordion-item-9031\" >\n\t\t\t\t\t \u00bfPueden combinarse los trasplantes capilares robotizados con las t\u00e9cnicas manuales?<br \/>\n\t\t\t<svg aria-hidden=\"true\" viewBox=\"0 0 448 512\" xmlns=\"http:\/\/www.w3.org\/2000\/svg\"><path d=\"M416 208H32c-17.67 0-32 14.33-32 32v32c0 17.67 14.33 32 32 32h384c17.67 0 32-14.33 32-32v-32c0-17.67-14.33-32-32-32z\"><\/path><\/svg><br \/>\n\t\t\t<svg aria-hidden=\"true\" viewBox=\"0 0 448 512\" xmlns=\"http:\/\/www.w3.org\/2000\/svg\"><path d=\"M416 208H272V64c0-17.67-14.33-32-32-32h-32c-17.67 0-32 14.33-32 32v144H32c-17.67 0-32 14.33-32 32v32c0 17.67 14.33 32 32 32h144v144c0 17.67 14.33 32 32 32h32c17.67 0 32-14.33 32-32V304h144c17.67 0 32-14.33 32-32v-32c0-17.67-14.33-32-32-32z\"><\/path><\/svg><br \/>\n\t\t\t\t\t\t<\/summary>\n<p>S\u00ed, algunos cirujanos combinan la extracci\u00f3n rob\u00f3tica con la implantaci\u00f3n manual para ofrecer lo mejor de ambos m\u00e9todos, garantizando la precisi\u00f3n durante la extracci\u00f3n de los fol\u00edculos y la personalizaci\u00f3n durante la implantaci\u00f3n.<\/p>\n<\/details>\n<details id=\"e-n-accordion-item-9032\" >\n<summary data-accordion-index=\"3\" tabindex=\"-1\" aria-expanded=\"false\" aria-controls=\"e-n-accordion-item-9032\" >\n\t\t\t\t\t \u00bfSon los trasplantes capilares robotizados menos dolorosos que los manuales?<br \/>\n\t\t\t<svg aria-hidden=\"true\" viewBox=\"0 0 448 512\" xmlns=\"http:\/\/www.w3.org\/2000\/svg\"><path d=\"M416 208H32c-17.67 0-32 14.33-32 32v32c0 17.67 14.33 32 32 32h384c17.67 0 32-14.33 32-32v-32c0-17.67-14.33-32-32-32z\"><\/path><\/svg><br \/>\n\t\t\t<svg aria-hidden=\"true\" viewBox=\"0 0 448 512\" xmlns=\"http:\/\/www.w3.org\/2000\/svg\"><path d=\"M416 208H272V64c0-17.67-14.33-32-32-32h-32c-17.67 0-32 14.33-32 32v144H32c-17.67 0-32 14.33-32 32v32c0 17.67 14.33 32 32 32h144v144c0 17.67 14.33 32 32 32h32c17.67 0 32-14.33 32-32V304h144c17.67 0 32-14.33 32-32v-32c0-17.67-14.33-32-32-32z\"><\/path><\/svg><br \/>\n\t\t\t\t\t\t<\/summary>\n<p>Ambos procedimientos suelen realizarse con anestesia local, por lo que son relativamente indoloros. Sin embargo, el m\u00e9todo rob\u00f3tico puede provocar menos molestias postoperatorias debido a la m\u00ednima invasividad del proceso de extracci\u00f3n.<\/p>\n<\/details>\n<details id=\"e-n-accordion-item-9033\" >\n<summary data-accordion-index=\"4\" tabindex=\"-1\" aria-expanded=\"false\" aria-controls=\"e-n-accordion-item-9033\" >\n\t\t\t\t\t \u00bfQu\u00e9 m\u00e9todo es mejor para la restauraci\u00f3n capilar a gran escala?<br \/>\n\t\t\t<svg aria-hidden=\"true\" viewBox=\"0 0 448 512\" xmlns=\"http:\/\/www.w3.org\/2000\/svg\"><path d=\"M416 208H32c-17.67 0-32 14.33-32 32v32c0 17.67 14.33 32 32 32h384c17.67 0 32-14.33 32-32v-32c0-17.67-14.33-32-32-32z\"><\/path><\/svg><br \/>\n\t\t\t<svg aria-hidden=\"true\" viewBox=\"0 0 448 512\" xmlns=\"http:\/\/www.w3.org\/2000\/svg\"><path d=\"M416 208H272V64c0-17.67-14.33-32-32-32h-32c-17.67 0-32 14.33-32 32v144H32c-17.67 0-32 14.33-32 32v32c0 17.67 14.33 32 32 32h144v144c0 17.67 14.33 32 32 32h32c17.67 0 32-14.33 32-32V304h144c17.67 0 32-14.33 32-32v-32c0-17.67-14.33-32-32-32z\"><\/path><\/svg><br \/>\n\t\t\t\t\t\t<\/summary>\n<p>Los trasplantes rob\u00f3ticos pueden ser m\u00e1s adecuados para la restauraci\u00f3n capilar a gran escala debido a la rapidez y eficacia del proceso de extracci\u00f3n de fol\u00edculos.<\/p>\n<\/details>\n<details id=\"e-n-accordion-item-9034\" >\n<summary data-accordion-index=\"5\" tabindex=\"-1\" aria-expanded=\"false\" aria-controls=\"e-n-accordion-item-9034\" >\n\t\t\t\t\t \u00bfSon m\u00e1s caros los trasplantes capilares robotizados?<br \/>\n\t\t\t<svg aria-hidden=\"true\" viewBox=\"0 0 448 512\" xmlns=\"http:\/\/www.w3.org\/2000\/svg\"><path d=\"M416 208H32c-17.67 0-32 14.33-32 32v32c0 17.67 14.33 32 32 32h384c17.67 0 32-14.33 32-32v-32c0-17.67-14.33-32-32-32z\"><\/path><\/svg><br \/>\n\t\t\t<svg aria-hidden=\"true\" viewBox=\"0 0 448 512\" xmlns=\"http:\/\/www.w3.org\/2000\/svg\"><path d=\"M416 208H272V64c0-17.67-14.33-32-32-32h-32c-17.67 0-32 14.33-32 32v144H32c-17.67 0-32 14.33-32 32v32c0 17.67 14.33 32 32 32h144v144c0 17.67 14.33 32 32 32h32c17.67 0 32-14.33 32-32V304h144c17.67 0 32-14.33 32-32v-32c0-17.67-14.33-32-32-32z\"><\/path><\/svg><br \/>\n\t\t\t\t\t\t<\/summary>\n<p>S\u00ed, los trasplantes capilares robotizados suelen ser m\u00e1s caros debido a su avanzada tecnolog\u00eda. Sin embargo, la diferencia de coste puede justificarse por la rapidez y precisi\u00f3n del procedimiento.<\/p>\n<\/details>\n<p>El tiempo de recuperaci\u00f3n suele ser similar para ambos m\u00e9todos, pero los procedimientos rob\u00f3ticos pueden ofrecer una recuperaci\u00f3n ligeramente m\u00e1s r\u00e1pida debido a la precisi\u00f3n y la naturaleza menos invasiva de la extracci\u00f3n de fol\u00edculos.<\/p>\n<p>S\u00ed, algunos cirujanos combinan la extracci\u00f3n rob\u00f3tica con la implantaci\u00f3n manual para ofrecer lo mejor de ambos m\u00e9todos, garantizando la precisi\u00f3n durante la extracci\u00f3n de los fol\u00edculos y la personalizaci\u00f3n durante la implantaci\u00f3n.<\/p>\n<p>Ambos procedimientos suelen realizarse con anestesia local, por lo que son relativamente indoloros. Sin embargo, el m\u00e9todo rob\u00f3tico puede provocar menos molestias postoperatorias debido a la m\u00ednima invasividad del proceso de extracci\u00f3n.<\/p>\n<p>Los trasplantes rob\u00f3ticos pueden ser m\u00e1s adecuados para la restauraci\u00f3n capilar a gran escala debido a la rapidez y eficacia del proceso de extracci\u00f3n de fol\u00edculos.<\/p>\n<p>S\u00ed, los trasplantes capilares robotizados suelen ser m\u00e1s caros debido a su avanzada tecnolog\u00eda. Sin embargo, la diferencia de coste puede justificarse por la rapidez y precisi\u00f3n del procedimiento.<\/p>\n","protected":false},"excerpt":{"rendered":"<p>Trasplantes capilares manuales frente a rob\u00f3ticos \u00cdndice \u00bfCu\u00e1l es la diferencia entre los m\u00e9todos de trasplante capilar manual y rob\u00f3tico? Las t\u00e9cnicas de trasplante capilar han evolucionado significativamente a lo largo de los a\u00f1os, ofreciendo a los pacientes dos m\u00e9todos principales: trasplantes capilares manuales y rob\u00f3ticos. Ambos m\u00e9todos tienen como objetivo restaurar el cabello en [&hellip;]<\/p>\n","protected":false},"author":6,"featured_media":0,"parent":0,"menu_order":0,"comment_status":"closed","ping_status":"closed","template":"","meta":{"footnotes":""},"class_list":["post-29911","page","type-page","status-publish","hentry"],"_links":{"self":[{"href":"https:\/\/drterziler.com\/es\/wp-json\/wp\/v2\/pages\/29911","targetHints":{"allow":["GET"]}}],"collection":[{"href":"https:\/\/drterziler.com\/es\/wp-json\/wp\/v2\/pages"}],"about":[{"href":"https:\/\/drterziler.com\/es\/wp-json\/wp\/v2\/types\/page"}],"author":[{"embeddable":true,"href":"https:\/\/drterziler.com\/es\/wp-json\/wp\/v2\/users\/6"}],"replies":[{"embeddable":true,"href":"https:\/\/drterziler.com\/es\/wp-json\/wp\/v2\/comments?post=29911"}],"version-history":[{"count":4,"href":"https:\/\/drterziler.com\/es\/wp-json\/wp\/v2\/pages\/29911\/revisions"}],"predecessor-version":[{"id":43188,"href":"https:\/\/drterziler.com\/es\/wp-json\/wp\/v2\/pages\/29911\/revisions\/43188"}],"wp:attachment":[{"href":"https:\/\/drterziler.com\/es\/wp-json\/wp\/v2\/media?parent=29911"}],"curies":[{"name":"wp","href":"https:\/\/api.w.org\/{rel}","templated":true}]}}