{"id":29913,"date":"2024-09-03T09:12:45","date_gmt":"2024-09-03T09:12:45","guid":{"rendered":"https:\/\/drterziler.com\/?page_id=29913"},"modified":"2025-06-11T10:16:13","modified_gmt":"2025-06-11T10:16:13","slug":"trasplante-capilar-en-verano","status":"publish","type":"page","link":"https:\/\/drterziler.com\/es\/trasplante-capilar-en-verano\/","title":{"rendered":"Trasplante capilar en verano"},"content":{"rendered":"<nav aria-label=\"breadcrumbs\" class=\"rank-math-breadcrumb\"><p><span class=\"last\">Dr. Terziler<\/span><\/p><\/nav>\n<h4>\n\t\t\t\t\u00cdndice\t\t\t<\/h4>\n<p>\t\t\t\t\t\t\t<svg aria-hidden=\"true\" viewBox=\"0 0 448 512\" xmlns=\"http:\/\/www.w3.org\/2000\/svg\"><path d=\"M207.029 381.476L12.686 187.132c-9.373-9.373-9.373-24.569 0-33.941l22.667-22.667c9.357-9.357 24.522-9.375 33.901-.04L224 284.505l154.745-154.021c9.379-9.335 24.544-9.317 33.901.04l22.667 22.667c9.373 9.373 9.373 24.569 0 33.941L240.971 381.476c-9.373 9.372-24.569 9.372-33.942 0z\"><\/path><\/svg><br \/>\n\t\t\t\t<svg aria-hidden=\"true\" viewBox=\"0 0 448 512\" xmlns=\"http:\/\/www.w3.org\/2000\/svg\"><path d=\"M240.971 130.524l194.343 194.343c9.373 9.373 9.373 24.569 0 33.941l-22.667 22.667c-9.357 9.357-24.522 9.375-33.901.04L224 227.495 69.255 381.516c-9.379 9.335-24.544 9.317-33.901-.04l-22.667-22.667c-9.373-9.373-9.373-24.569 0-33.941L207.03 130.525c9.372-9.373 24.568-9.373 33.941-.001z\"><\/path><\/svg><br \/>\n\t\t\t\t<svg aria-hidden=\"true\" viewBox=\"0 0 1000 1000\" xmlns=\"http:\/\/www.w3.org\/2000\/svg\"><path d=\"M500 975V858C696 858 858 696 858 500S696 142 500 142 142 304 142 500H25C25 237 238 25 500 25S975 237 975 500 763 975 500 975Z\"><\/path><\/svg><br \/>\n\t\t\t\t\t\t\t\t\t\t\t\t\t\t\t\t\t\t\t\t\t\t<img loading=\"lazy\" decoding=\"async\" width=\"1700\" height=\"1080\" src=\"https:\/\/drterziler.com\/wp-content\/uploads\/2024\/08\/6.webp\" alt=\"\" srcset=\"https:\/\/drterziler.com\/wp-content\/uploads\/2024\/08\/6.webp 1700w, https:\/\/drterziler.com\/wp-content\/uploads\/2024\/08\/6-300x191.webp 300w, https:\/\/drterziler.com\/wp-content\/uploads\/2024\/08\/6-1024x651.webp 1024w, https:\/\/drterziler.com\/wp-content\/uploads\/2024\/08\/6-768x488.webp 768w, https:\/\/drterziler.com\/wp-content\/uploads\/2024\/08\/6-1536x976.webp 1536w\" sizes=\"auto, (max-width: 1700px) 100vw, 1700px\">\t\t\t\t\t\t\t\t\t\t\t\t\t<\/p>\n<h1>Trasplante capilar en verano: lo que necesita saber<\/h1>\n<h2>\u00bfEs el verano un buen momento para un trasplante capilar?<\/h2>\n<p>Mucha gente se pregunta si el verano es un momento adecuado para un trasplante capilar. La verdad es que los trasplantes capilares pueden realizarse con \u00e9xito en cualquier estaci\u00f3n, incluido el verano. Sin embargo, hay algunas consideraciones y precauciones \u00fanicas que hay que tener en cuenta al realizarse un trasplante capilar durante los meses m\u00e1s c\u00e1lidos.<\/p>\n<h2>Ventajas de los trasplantes capilares en verano<\/h2>\n<ul>\n<li>Curaci\u00f3n m\u00e1s r\u00e1pida: Las temperaturas m\u00e1s c\u00e1lidas pueden favorecer una mejor circulaci\u00f3n sangu\u00ednea, lo que puede conducir a una curaci\u00f3n m\u00e1s r\u00e1pida.<\/li>\n<li>Es m\u00e1s f\u00e1cil tomarse tiempo libre: A muchas personas les resulta m\u00e1s f\u00e1cil programar tiempo libre en el trabajo durante los meses de verano para recuperarse.<\/li>\n<li>Momento de crecimiento del cabello: Hacerse un trasplante en verano significa que su nuevo cabello puede empezar a notarse en invierno, cuando es posible que prefiera tener m\u00e1s cobertura capilar.<\/li>\n<\/ul>\n<h2>Precauciones y consejos de cuidado para los trasplantes de cabello en verano<\/h2>\n<h3>1. Protecci\u00f3n solar<\/h3>\n<p>El aspecto m\u00e1s importante del cuidado postrasplante en verano es proteger el cuero cabelludo del sol. Los rayos UV pueden da\u00f1ar los injertos reci\u00e9n trasplantados y causar irritaci\u00f3n.<\/p>\n<p>Consejos:<\/p>\n<ul>\n<li>Lleve un sombrero holgado cuando est\u00e9 al aire libre.<\/li>\n<li>Use un protector solar con un FPS alto en el cuero cabelludo (despu\u00e9s del per\u00edodo inicial de cicatrizaci\u00f3n).<\/li>\n<li>Evite la luz solar directa en el cuero cabelludo durante al menos dos semanas despu\u00e9s de la cirug\u00eda.<\/li>\n<\/ul>\n<h3>2. Control del sudor<\/h3>\n<p>El aumento de la sudoraci\u00f3n en verano puede afectar al proceso de cicatrizaci\u00f3n y provocar infecciones.<\/p>\n<p>Consejos:<\/p>\n<ul>\n<li>Permanezca en ambientes con aire acondicionado siempre que sea posible.<\/li>\n<li>S\u00e9quese el cuero cabelludo con suaves palmaditas si suda.<\/li>\n<li>Evite las actividades extenuantes que causan sudoraci\u00f3n excesiva durante al menos dos semanas.<\/li>\n<\/ul>\n<h3>3. Hidrataci\u00f3n<\/h3>\n<p>Mantenerse hidratado es crucial para la cicatrizaci\u00f3n y la salud en general, especialmente en verano.<\/p>\n<p>Consejos:<\/p>\n<ul>\n<li>Beba mucha agua a lo largo del d\u00eda.<\/li>\n<li>Evite el consumo excesivo de alcohol, que puede deshidratarle.<\/li>\n<\/ul>\n<h3>4. Precauciones para nadar<\/h3>\n<p>Las piscinas y las playas son tentadoras en verano, pero tendr\u00e1 que evitarlas al principio.<\/p>\n<p>Consejos:<\/p>\n<ul>\n<li>Evite nadar durante al menos dos semanas despu\u00e9s del trasplante.<\/li>\n<li>Cuando vuelva a nadar, use un gorro de ba\u00f1o para proteger su cuero cabelludo.<\/li>\n<\/ul>\n<h2>Cuidado posterior al trasplante en verano<\/h2>\n<ul>\n<li>Siga cuidadosamente las instrucciones de su cirujano.<\/li>\n<li>Use los champ\u00fas y medicamentos recetados seg\u00fan las indicaciones.<\/li>\n<li>Evite rascarse o tocar la zona trasplantada.<\/li>\n<li>Asista a las citas de seguimiento para controlar el progreso de la cicatrizaci\u00f3n.<\/li>\n<\/ul>\n<h2>Cu\u00e1ndo considerar posponer la operaci\u00f3n<\/h2>\n<p>Aunque los trasplantes de cabello en verano suelen ser adecuados, puede haber casos en los que sea mejor posponerlos:<\/p>\n<ul>\n<li>Si tiene previsto realizar muchas actividades o trabajos al aire libre.<\/li>\n<li>Si planea unas vacaciones en la playa poco despu\u00e9s de la operaci\u00f3n.<\/li>\n<li>Si vive en un clima extremadamente c\u00e1lido sin f\u00e1cil acceso al aire acondicionado.<\/li>\n<\/ul>\n<h2>Conclusi\u00f3n<\/h2>\n<p>Realizarse un trasplante de cabello en verano es totalmente factible con los cuidados y precauciones adecuados. La clave es proteger el cuero cabelludo del sol y el calor, controlar el sudor y seguir cuidadosamente las instrucciones postoperatorias del cirujano. Si est\u00e1 considerando un trasplante de cabello en verano, consulte con el Dr. Terziler para hablar de su situaci\u00f3n espec\u00edfica y desarrollar un plan de cuidados personalizado para obtener resultados \u00f3ptimos.<\/p>\n<p>Recuerde que, independientemente de la estaci\u00f3n, los factores m\u00e1s importantes para un trasplante de cabello exitoso son la habilidad de su cirujano, la calidad de la cl\u00ednica y su compromiso de seguir las instrucciones de cuidado postoperatorio. Con el enfoque correcto, puede disfrutar de los beneficios de su trasplante de cabello durante todo el a\u00f1o.<\/p>\n","protected":false},"excerpt":{"rendered":"<p>\u00cdndice Trasplante capilar en verano: lo que necesita saber \u00bfEs el verano un buen momento para un trasplante capilar? Mucha gente se pregunta si el verano es un momento adecuado para un trasplante capilar. La verdad es que los trasplantes capilares pueden realizarse con \u00e9xito en cualquier estaci\u00f3n, incluido el verano. Sin embargo, hay algunas [&hellip;]<\/p>\n","protected":false},"author":6,"featured_media":0,"parent":0,"menu_order":0,"comment_status":"closed","ping_status":"closed","template":"","meta":{"footnotes":""},"class_list":["post-29913","page","type-page","status-publish","hentry"],"_links":{"self":[{"href":"https:\/\/drterziler.com\/es\/wp-json\/wp\/v2\/pages\/29913","targetHints":{"allow":["GET"]}}],"collection":[{"href":"https:\/\/drterziler.com\/es\/wp-json\/wp\/v2\/pages"}],"about":[{"href":"https:\/\/drterziler.com\/es\/wp-json\/wp\/v2\/types\/page"}],"author":[{"embeddable":true,"href":"https:\/\/drterziler.com\/es\/wp-json\/wp\/v2\/users\/6"}],"replies":[{"embeddable":true,"href":"https:\/\/drterziler.com\/es\/wp-json\/wp\/v2\/comments?post=29913"}],"version-history":[{"count":4,"href":"https:\/\/drterziler.com\/es\/wp-json\/wp\/v2\/pages\/29913\/revisions"}],"predecessor-version":[{"id":43081,"href":"https:\/\/drterziler.com\/es\/wp-json\/wp\/v2\/pages\/29913\/revisions\/43081"}],"wp:attachment":[{"href":"https:\/\/drterziler.com\/es\/wp-json\/wp\/v2\/media?parent=29913"}],"curies":[{"name":"wp","href":"https:\/\/api.w.org\/{rel}","templated":true}]}}