{"id":3190,"date":"2024-08-26T09:38:52","date_gmt":"2024-08-26T09:38:52","guid":{"rendered":"https:\/\/drterziler.com\/tratamientos-capilares\/elixir-capilar\/"},"modified":"2026-04-06T11:50:08","modified_gmt":"2026-04-06T11:50:08","slug":"elixir-capilar","status":"publish","type":"page","link":"https:\/\/drterziler.com\/es\/tratamientos-capilares\/elixir-capilar\/","title":{"rendered":"Elixir Capilar"},"content":{"rendered":"<div class=\"page-content\">\n<div id=\"header-area\">\n<div class=\"container\" id=\"firstContent\">\n<div class=\"header-content d-flex flex-column\">\n<h1 class=\"content-title h1-header\">Elixir Capilar<\/h1>\n<div class=\"content-paragraph\">\n<p class=\"p-text\">Aunque la ca\u00edda del cabello es un problema com\u00fan al que se enfrentan muchas personas, ya no tiene soluci\u00f3n gracias a las innovadoras soluciones que ofrece la medicina moderna. El elixir capilar es un m\u00e9todo revolucionario basado en fundamentos cient\u00edficos cuyo objetivo es restablecer la salud del cabello. Este m\u00e9todo favorece el crecimiento natural del cabello revitalizando los fol\u00edculos pilosos y ofrece soluciones permanentes.<\/p>\n<\/p><\/div>\n<nav aria-label=\"breadcrumb\" class=\"breadcrumbs\">\n<ul class=\"d-flex align-items-center mb-0\">\n<li><a class=\"link\" href=\"https:\/\/drterziler.com\/es\/\"><span>Dr. Terziler Exclusive Clinic<\/span><\/a><\/li>\n<li class=\"separator\">\u00bb<\/li>\n<li><a class=\"link\" href=\"https:\/\/drterziler.com\/es\/tratamientos-capilares\/\"><span>Tratamientos capilares<\/span><\/a><\/li>\n<li class=\"separator\">\u00bb<\/li>\n<li class=\"current-page\"><span>Elixir Capilar<\/span><\/li>\n<\/ul>\n<\/nav><\/div>\n<\/p><\/div>\n<\/p><\/div>\n<\/div>\n<section id=\"content-area\">\n<div class=\"container my-5\">\n<div class=\"row align-items-start\">\n<div class=\"col-md-6 order-2 order-md-1\">\n<div class=\"custom-toc-box\">\n<div id=\"toc-header\">\n<h4>\u00cdndice<\/h4>\n<div class=\"toc-toggle-icon\"><\/div>\n<\/p><\/div>\n<div class=\"toc-full-divider\"><\/div>\n<div id=\"toc-body\">\n<div id=\"toc-container\"><\/div>\n<\/p><\/div>\n<\/p><\/div>\n<\/p><\/div>\n<div class=\"col-md-6 order-1 order-md-2\" id=\"jForm\">\n                <script type=\"text\/javascript\" src=\"https:\/\/form.jotform.com\/jsform\/242881767918979\"><\/script>\n            <\/div>\n<\/p><\/div>\n<\/p><\/div>\n<div class=\"container\">\n<div class=\"img-thumb\">\n            <img loading=\"lazy\" decoding=\"async\" width=\"1140\" height=\"641\" src=\"https:\/\/drterziler.com\/wp-content\/uploads\/2025\/04\/HAIR-ELIXIR.webp\" alt=\"\" srcset=\"https:\/\/drterziler.com\/wp-content\/uploads\/2025\/04\/HAIR-ELIXIR.webp 1140w, https:\/\/drterziler.com\/wp-content\/uploads\/2025\/04\/HAIR-ELIXIR-300x169.webp 300w, https:\/\/drterziler.com\/wp-content\/uploads\/2025\/04\/HAIR-ELIXIR-1024x576.webp 1024w, https:\/\/drterziler.com\/wp-content\/uploads\/2025\/04\/HAIR-ELIXIR-768x432.webp 768w\" sizes=\"auto, (max-width: 1140px) 100vw, 1140px\">\n        <\/div>\n<div>\n<div>\n<h2 class=\"h2-header\">\u00bfQui\u00e9n puede beneficiarse de Hair Elixir?<\/h2>\n<\/p><\/div>\n<div>\n<p class=\"p-text\">Personas con p\u00e9rdida gen\u00e9tica del cabello Cabello fino Aquellos que experimentan adelgazamiento y escasez del cabello Quienes desean un crecimiento r\u00e1pido y grueso del cabello tras el trasplante capilar Los que no tienen suficientes injertos para el trasplante capilar Mujeres que sufren ca\u00edda del cabello tras el parto Los que sufren un aumento de la ca\u00edda del cabello despu\u00e9s de la menopausia<\/p>\n<\/p><\/div>\n<\/p><\/div>\n<div>\n<div>\n<h2 class=\"h2-header\">Tratamiento con C\u00e9lulas Madre Capilares: Enfoque cient\u00edfico para la renovaci\u00f3n capilar<\/h2>\n<\/p><\/div>\n<div>\n<p class=\"p-text\">El tratamiento con c\u00e9lulas madre capilares es una innovaci\u00f3n biotecnol\u00f3gica revolucionaria en materia de ca\u00edda y renovaci\u00f3n del cabello. Este tratamiento se realiza utilizando c\u00e9lulas madre obtenidas del propio cuerpo del paciente. Las c\u00e9lulas madre son c\u00e9lulas especiales capaces de reparar y renovar los tejidos da\u00f1ados del organismo. En las personas que sufren ca\u00edda del cabello, la inyecci\u00f3n de estas c\u00e9lulas en los fol\u00edculos pilosos revitaliza las ra\u00edces del pelo y favorece el ciclo natural de crecimiento del cabello. Funci\u00f3n biol\u00f3gica de las c\u00e9lulas madre Las c\u00e9lulas madre son conocidas por su capacidad de transformarse en distintos tipos de c\u00e9lulas y reparar tejidos da\u00f1ados. En el tratamiento con c\u00e9lulas madre capilares, estas c\u00e9lulas se inyectan en el cuero cabelludo. Tras la inyecci\u00f3n, las c\u00e9lulas madre se asientan en los fol\u00edculos pilosos e inician la reparaci\u00f3n celular, promoviendo el crecimiento de nuevo cabello. Este proceso acelera la transici\u00f3n de las ra\u00edces del cabello a la fase an\u00e1gena (de crecimiento) y garantiza que el pelo crezca m\u00e1s grueso, fuerte y sano. Proceso de tratamiento y aplicaci\u00f3n El tratamiento con c\u00e9lulas madre capilares comienza con la obtenci\u00f3n de c\u00e9lulas madre del propio cuerpo del paciente. Estas c\u00e9lulas suelen obtenerse del tejido adiposo o de la m\u00e9dula \u00f3sea. Las c\u00e9lulas recogidas se procesan de forma especial, se enriquecen y se activan. A continuaci\u00f3n, estas c\u00e9lulas se aplican en zonas espec\u00edficas del cuero cabelludo mediante el m\u00e9todo de microinyecci\u00f3n. Durante la aplicaci\u00f3n se utilizan t\u00e9cnicas m\u00ednimamente invasivas, y el procedimiento suele ser indoloro. Pruebas cient\u00edficas y \u00e9xito del tratamiento Las investigaciones cient\u00edficas sobre el tratamiento con c\u00e9lulas madre capilares demuestran que este m\u00e9todo es muy eficaz para frenar la ca\u00edda del cabello y favorecer la formaci\u00f3n de cabello nuevo. Los estudios cl\u00ednicos han demostrado que las c\u00e9lulas madre inician la reparaci\u00f3n a nivel celular de los fol\u00edculos pilosos, aumentando la calidad y densidad del cabello. Este tratamiento ofrece resultados satisfactorios especialmente en casos de ca\u00edda gen\u00e9tica del cabello y alopecia. Tratamiento del futuro: Soluciones personalizadas y permanentes El tratamiento con c\u00e9lulas madre capilares es un m\u00e9todo que puede personalizarse en funci\u00f3n de la estructura capilar de cada individuo y de su grado de ca\u00edda. Este enfoque individual aumenta la eficacia del tratamiento y permite obtener resultados m\u00e1s permanentes. El tratamiento con c\u00e9lulas madre capilares se perfila como la soluci\u00f3n m\u00e1s prometedora y permanente del futuro para quienes deseen optimizar la salud del cabello y frenar su ca\u00edda.<\/p>\n<\/p><\/div>\n<\/p><\/div>\n<\/p><\/div>\n<\/section>\n","protected":false},"excerpt":{"rendered":"<p>Elixir Capilar Aunque la ca\u00edda del cabello es un problema com\u00fan al que se enfrentan muchas personas, ya no tiene soluci\u00f3n gracias a las innovadoras soluciones que ofrece la medicina moderna. El elixir capilar es un m\u00e9todo revolucionario basado en fundamentos cient\u00edficos cuyo objetivo es restablecer la salud del cabello. Este m\u00e9todo favorece el crecimiento [&hellip;]<\/p>\n","protected":false},"author":6,"featured_media":0,"parent":2447,"menu_order":0,"comment_status":"closed","ping_status":"closed","template":"","meta":{"footnotes":""},"class_list":["post-3190","page","type-page","status-publish","hentry"],"_links":{"self":[{"href":"https:\/\/drterziler.com\/es\/wp-json\/wp\/v2\/pages\/3190","targetHints":{"allow":["GET"]}}],"collection":[{"href":"https:\/\/drterziler.com\/es\/wp-json\/wp\/v2\/pages"}],"about":[{"href":"https:\/\/drterziler.com\/es\/wp-json\/wp\/v2\/types\/page"}],"author":[{"embeddable":true,"href":"https:\/\/drterziler.com\/es\/wp-json\/wp\/v2\/users\/6"}],"replies":[{"embeddable":true,"href":"https:\/\/drterziler.com\/es\/wp-json\/wp\/v2\/comments?post=3190"}],"version-history":[{"count":14,"href":"https:\/\/drterziler.com\/es\/wp-json\/wp\/v2\/pages\/3190\/revisions"}],"predecessor-version":[{"id":61370,"href":"https:\/\/drterziler.com\/es\/wp-json\/wp\/v2\/pages\/3190\/revisions\/61370"}],"up":[{"embeddable":true,"href":"https:\/\/drterziler.com\/es\/wp-json\/wp\/v2\/pages\/2447"}],"wp:attachment":[{"href":"https:\/\/drterziler.com\/es\/wp-json\/wp\/v2\/media?parent=3190"}],"curies":[{"name":"wp","href":"https:\/\/api.w.org\/{rel}","templated":true}]}}