{"id":32206,"date":"2024-10-22T09:44:06","date_gmt":"2024-10-22T09:44:06","guid":{"rendered":"https:\/\/drterziler.com\/?page_id=32206"},"modified":"2025-06-12T11:48:07","modified_gmt":"2025-06-12T11:48:07","slug":"efluvio-telogeno","status":"publish","type":"page","link":"https:\/\/drterziler.com\/es\/efluvio-telogeno\/","title":{"rendered":"Efluvio tel\u00f3geno"},"content":{"rendered":"<nav aria-label=\"breadcrumbs\" class=\"rank-math-breadcrumb\"><p><span class=\"last\">Dr. Terziler<\/span><\/p><\/nav>\n<h4>\n\t\t\t\t\u00cdndice\t\t\t<\/h4>\n<p>\t\t\t\t\t\t\t<svg aria-hidden=\"true\" viewBox=\"0 0 448 512\" xmlns=\"http:\/\/www.w3.org\/2000\/svg\"><path d=\"M207.029 381.476L12.686 187.132c-9.373-9.373-9.373-24.569 0-33.941l22.667-22.667c9.357-9.357 24.522-9.375 33.901-.04L224 284.505l154.745-154.021c9.379-9.335 24.544-9.317 33.901.04l22.667 22.667c9.373 9.373 9.373 24.569 0 33.941L240.971 381.476c-9.373 9.372-24.569 9.372-33.942 0z\"><\/path><\/svg><br \/>\n\t\t\t\t<svg aria-hidden=\"true\" viewBox=\"0 0 448 512\" xmlns=\"http:\/\/www.w3.org\/2000\/svg\"><path d=\"M240.971 130.524l194.343 194.343c9.373 9.373 9.373 24.569 0 33.941l-22.667 22.667c-9.357 9.357-24.522 9.375-33.901.04L224 227.495 69.255 381.516c-9.379 9.335-24.544 9.317-33.901-.04l-22.667-22.667c-9.373-9.373-9.373-24.569 0-33.941L207.03 130.525c9.372-9.373 24.568-9.373 33.941-.001z\"><\/path><\/svg><br \/>\n\t\t\t\t<svg aria-hidden=\"true\" viewBox=\"0 0 1000 1000\" xmlns=\"http:\/\/www.w3.org\/2000\/svg\"><path d=\"M500 975V858C696 858 858 696 858 500S696 142 500 142 142 304 142 500H25C25 237 238 25 500 25S975 237 975 500 763 975 500 975Z\"><\/path><\/svg><br \/>\n\t\t\t\t\t\t\t\t\t\t\t\t\t\t\t\t\t\t\t\t\t\t<img loading=\"lazy\" decoding=\"async\" width=\"882\" height=\"528\" src=\"https:\/\/drterziler.com\/wp-content\/uploads\/2024\/10\/telogen-effluvium.png\" alt=\"\" srcset=\"https:\/\/drterziler.com\/wp-content\/uploads\/2024\/10\/telogen-effluvium.png 882w, https:\/\/drterziler.com\/wp-content\/uploads\/2024\/10\/telogen-effluvium-300x180.png 300w, https:\/\/drterziler.com\/wp-content\/uploads\/2024\/10\/telogen-effluvium-768x460.png 768w\" sizes=\"auto, (max-width: 882px) 100vw, 882px\">\t\t\t\t\t\t\t\t\t\t\t\t\t<\/p>\n<h2>Telogen effluvium: cause e trattamenti<\/h2>\n<p>Il telogen effluvium \u00e8 una forma comune di perdita di capelli caratterizzata dalla caduta dei capelli in risposta a vari fattori di stress. A differenza di altri tipi di perdita di capelli, il telogen effluvium \u00e8 tipicamente temporaneo e pu\u00f2 essere innescato da una variet\u00e0 di fattori, tra cui stress fisico o emotivo, cambiamenti ormonali e carenze nutrizionali. Comprendere le cause dell&#8217;effluvio telogeno e le opzioni di trattamento disponibili \u00e8 fondamentale per chi soffre di questa condizione, poich\u00e9 un intervento tempestivo pu\u00f2 aiutare a ripristinare la crescita dei capelli e a migliorare la salute generale dei capelli.<\/p>\n<h2>Cause dell&#8217;effluvio telogeno<\/h2>\n<p>L&#8217;effluvio telogeno si verifica quando un numero significativo di follicoli piliferi entra prematuramente nella fase telogen del ciclo di crescita dei capelli. Ci\u00f2 pu\u00f2 accadere a causa di diversi fattori scatenanti, quali:<\/p>\n<ul>\n<li><strong>Stress fisico:<\/strong> eventi come interventi chirurgici, malattie gravi o perdita di peso significativa possono sconvolgere il corpo e interrompere il ciclo di crescita dei capelli, portando a una maggiore caduta.<\/li>\n<li><strong>Stress emotivo:<\/strong> alti livelli di stress, ansia o traumi possono anche contribuire all&#8217;effluvio telogen, poich\u00e9 la risposta del corpo allo stress pu\u00f2 avere un impatto sui follicoli piliferi.<\/li>\n<li><strong>Cambiamenti ormonali:<\/strong> le fluttuazioni ormonali, come quelle che si verificano durante la gravidanza, il parto, la menopausa o gli squilibri della tiroide, possono innescare la caduta dei capelli e interrompere il ciclo di crescita.<\/li>\n<li><strong>Carenze nutrizionali:<\/strong> un&#8217;assunzione inadeguata di nutrienti essenziali, in particolare ferro, zinco e biotina, pu\u00f2 indebolire i follicoli piliferi e portare a una maggiore perdita di capelli.<\/li>\n<li><strong>Farmaci:<\/strong> alcuni farmaci, tra cui quelli per la pressione sanguigna, la depressione e la chemioterapia, possono avere effetti collaterali che includono la caduta dei capelli.<\/li>\n<\/ul>\n<h2>Sintomi dell&#8217;effluvio telogenico<\/h2>\n<p>Il sintomo principale dell&#8217;effluvio telogenico \u00e8 la perdita di capelli, che spesso avviene in ciocche durante il lavaggio, la spazzolatura o la messa in piega. Le persone possono notare che i loro capelli appaiono pi\u00f9 sottili, in particolare sulla corona o su tutto il cuoio capelluto. A differenza di altri tipi di perdita di capelli, l&#8217;effluvio telogenico di solito non porta a chiazze calve o alla calvizie completa. Si presenta invece come un diradamento diffuso su un&#8217;area pi\u00f9 ampia del cuoio capelluto.<\/p>\n<h2>Diagnosi dell&#8217;effluvio telogenico<\/h2>\n<p>La diagnosi di telogen effluvium richiede in genere una valutazione approfondita da parte di un professionista sanitario o di un dermatologo. La valutazione pu\u00f2 includere un&#8217;anamnesi dettagliata per identificare potenziali fattori scatenanti, un esame fisico del cuoio capelluto e talvolta un test di trazione dei capelli per valutare il numero di capelli nella fase telogen. In alcuni casi pu\u00f2 essere eseguita una biopsia del cuoio capelluto per escludere altre forme di perdita di capelli e confermare la diagnosi.<\/p>\n<h2>Opzioni di trattamento per il telogen effluvium<\/h2>\n<p>Il trattamento per l&#8217;effluvio telogenico si concentra sulle cause alla base della caduta dei capelli. In molti casi, la ricrescita dei capelli avviene naturalmente una volta risolto il fattore scatenante. Alcune potenziali opzioni di trattamento includono:<\/p>\n<ul>\n<li><strong>Gestione dello stress:<\/strong> tecniche come la consapevolezza, la meditazione e lo yoga possono aiutare a ridurre i livelli di stress e promuovere il benessere generale, favorendo potenzialmente la ricrescita dei capelli.<\/li>\n<li><strong>Supporto nutrizionale:<\/strong> garantire un apporto adeguato di nutrienti essenziali attraverso una dieta equilibrata o integratori pu\u00f2 aiutare a rafforzare i follicoli piliferi e favorire la crescita.<\/li>\n<li><strong>Trattamenti topici:<\/strong> possono essere consigliati prodotti contenenti minoxidil per stimolare la crescita dei capelli e migliorare la salute generale del cuoio capelluto.<\/li>\n<li><strong>Intervento medico:<\/strong> nei casi in cui viene identificata una condizione medica sottostante, il trattamento di tale condizione pu\u00f2 aiutare a ripristinare la normale crescita dei capelli.<\/li>\n<\/ul>\n<h2>Cura e gestione post-trattamento<\/h2>\n<p>La cura post-trattamento per l&#8217;effluvio telogenico prevede il monitoraggio della crescita dei capelli e il mantenimento di uno stile di vita sano per prevenire futuri episodi di caduta dei capelli. I pazienti devono continuare a seguire una dieta equilibrata ricca di vitamine e minerali, gestire lo stress in modo efficace e aderire a qualsiasi trattamento prescritto. \u00c8 importante ricordare che la ricrescita dei capelli pu\u00f2 richiedere tempo e la pazienza \u00e8 essenziale durante il processo di recupero.<\/p>\n<p>\t\t\t\t\t\t\t<a href=\"https:\/\/drterziler.com\/wp-content\/uploads\/2024\/09\/2500-graft-hair-transplant-before-after.jpg\" data-elementor-open-lightbox=\"yes\" data-elementor-lightbox-slideshow=\"5fcda46\" data-elementor-lightbox-title=\"2500-graft-hair-transplant-before-after\" data-e-action-hash=\"#elementor-action%3Aaction%3Dlightbox%26settings%3DeyJpZCI6NzUzMSwidXJsIjoiaHR0cHM6XC9cL2RydGVyemlsZXIuY29tXC93cC1jb250ZW50XC91cGxvYWRzXC8yMDI0XC8wOVwvMjUwMC1ncmFmdC1oYWlyLXRyYW5zcGxhbnQtYmVmb3JlLWFmdGVyLmpwZyIsInNsaWRlc2hvdyI6IjVmY2RhNDYifQ%3D%3D\"><br \/>\n\t\t<\/a><br \/>\n\t\t\t\t\t\t\t<a href=\"https:\/\/drterziler.com\/wp-content\/uploads\/2024\/09\/3000-graft-hair-transplant-before-after.jpg\" data-elementor-open-lightbox=\"yes\" data-elementor-lightbox-slideshow=\"5fcda46\" data-elementor-lightbox-title=\"3000-graft-hair-transplant-before-after\" data-e-action-hash=\"#elementor-action%3Aaction%3Dlightbox%26settings%3DeyJpZCI6NzUzNywidXJsIjoiaHR0cHM6XC9cL2RydGVyemlsZXIuY29tXC93cC1jb250ZW50XC91cGxvYWRzXC8yMDI0XC8wOVwvMzAwMC1ncmFmdC1oYWlyLXRyYW5zcGxhbnQtYmVmb3JlLWFmdGVyLmpwZyIsInNsaWRlc2hvdyI6IjVmY2RhNDYifQ%3D%3D\"><br \/>\n\t\t<\/a><br \/>\n\t\t\t\t\t\t\t<a href=\"https:\/\/drterziler.com\/wp-content\/uploads\/2024\/09\/3500-graft-hair-transplant-before-after.jpg\" data-elementor-open-lightbox=\"yes\" data-elementor-lightbox-slideshow=\"5fcda46\" data-elementor-lightbox-title=\"3500-graft-hair-transplant-before-after\" data-e-action-hash=\"#elementor-action%3Aaction%3Dlightbox%26settings%3DeyJpZCI6NzU0MywidXJsIjoiaHR0cHM6XC9cL2RydGVyemlsZXIuY29tXC93cC1jb250ZW50XC91cGxvYWRzXC8yMDI0XC8wOVwvMzUwMC1ncmFmdC1oYWlyLXRyYW5zcGxhbnQtYmVmb3JlLWFmdGVyLmpwZyIsInNsaWRlc2hvdyI6IjVmY2RhNDYifQ%3D%3D\"><br \/>\n\t\t<\/a><br \/>\n\t\t\t\t\t\t\t<a href=\"https:\/\/drterziler.com\/wp-content\/uploads\/2024\/09\/4000-graft-hair-transplant-before-after.jpg\" data-elementor-open-lightbox=\"yes\" data-elementor-lightbox-slideshow=\"5fcda46\" data-elementor-lightbox-title=\"4000-graft-hair-transplant-before-after\" data-e-action-hash=\"#elementor-action%3Aaction%3Dlightbox%26settings%3DeyJpZCI6NzU0OSwidXJsIjoiaHR0cHM6XC9cL2RydGVyemlsZXIuY29tXC93cC1jb250ZW50XC91cGxvYWRzXC8yMDI0XC8wOVwvNDAwMC1ncmFmdC1oYWlyLXRyYW5zcGxhbnQtYmVmb3JlLWFmdGVyLmpwZyIsInNsaWRlc2hvdyI6IjVmY2RhNDYifQ%3D%3D\"><br \/>\n\t\t<\/a><br \/>\n\t\t\t\t\t\t\t<a href=\"https:\/\/drterziler.com\/wp-content\/uploads\/2024\/09\/4500-graft-hair-transplant-before-after.jpg\" data-elementor-open-lightbox=\"yes\" data-elementor-lightbox-slideshow=\"5fcda46\" data-elementor-lightbox-title=\"4500-graft-hair-transplant-before-after\" data-e-action-hash=\"#elementor-action%3Aaction%3Dlightbox%26settings%3DeyJpZCI6NzU1NSwidXJsIjoiaHR0cHM6XC9cL2RydGVyemlsZXIuY29tXC93cC1jb250ZW50XC91cGxvYWRzXC8yMDI0XC8wOVwvNDUwMC1ncmFmdC1oYWlyLXRyYW5zcGxhbnQtYmVmb3JlLWFmdGVyLmpwZyIsInNsaWRlc2hvdyI6IjVmY2RhNDYifQ%3D%3D\"><br \/>\n\t\t<\/a><br \/>\n\t\t\t\t\t\t\t<a href=\"https:\/\/drterziler.com\/wp-content\/uploads\/2024\/09\/5200-graft-hair-transplant-before-after.jpg\" data-elementor-open-lightbox=\"yes\" data-elementor-lightbox-slideshow=\"5fcda46\" data-elementor-lightbox-title=\"5200-graft-hair-transplant-before-after\" data-e-action-hash=\"#elementor-action%3Aaction%3Dlightbox%26settings%3DeyJpZCI6NzU2MSwidXJsIjoiaHR0cHM6XC9cL2RydGVyemlsZXIuY29tXC93cC1jb250ZW50XC91cGxvYWRzXC8yMDI0XC8wOVwvNTIwMC1ncmFmdC1oYWlyLXRyYW5zcGxhbnQtYmVmb3JlLWFmdGVyLmpwZyIsInNsaWRlc2hvdyI6IjVmY2RhNDYifQ%3D%3D\"><br \/>\n\t\t<\/a><br \/>\n\t\t\t\t\t\t\t<a href=\"https:\/\/drterziler.com\/wp-content\/uploads\/2024\/09\/5300-graft-hair-transplant-before-after.jpg\" data-elementor-open-lightbox=\"yes\" data-elementor-lightbox-slideshow=\"5fcda46\" data-elementor-lightbox-title=\"5300-graft-hair-transplant-before-after\" data-e-action-hash=\"#elementor-action%3Aaction%3Dlightbox%26settings%3DeyJpZCI6NzU2NywidXJsIjoiaHR0cHM6XC9cL2RydGVyemlsZXIuY29tXC93cC1jb250ZW50XC91cGxvYWRzXC8yMDI0XC8wOVwvNTMwMC1ncmFmdC1oYWlyLXRyYW5zcGxhbnQtYmVmb3JlLWFmdGVyLmpwZyIsInNsaWRlc2hvdyI6IjVmY2RhNDYifQ%3D%3D\"><br \/>\n\t\t<\/a><br \/>\n\t\t\t\t\t\t\t<svg aria-hidden=\"true\" viewBox=\"0 0 1000 1000\" xmlns=\"http:\/\/www.w3.org\/2000\/svg\"><path d=\"M646 125C629 125 613 133 604 142L308 442C296 454 292 471 292 487 292 504 296 521 308 533L604 854C617 867 629 875 646 875 663 875 679 871 692 858 704 846 713 829 713 812 713 796 708 779 692 767L438 487 692 225C700 217 708 204 708 187 708 171 704 154 692 142 675 129 663 125 646 125Z\"><\/path><\/svg><br \/>\n\t\t\t\t\t\t\t<svg aria-hidden=\"true\" viewBox=\"0 0 1000 1000\" xmlns=\"http:\/\/www.w3.org\/2000\/svg\"><path d=\"M696 533C708 521 713 504 713 487 713 471 708 454 696 446L400 146C388 133 375 125 354 125 338 125 325 129 313 142 300 154 292 171 292 187 292 204 296 221 308 233L563 492 304 771C292 783 288 800 288 817 288 833 296 850 308 863 321 871 338 875 354 875 371 875 388 867 400 854L696 533Z\"><\/path><\/svg>\t\t\t\t\t\t<\/p>\n<details id=\"e-n-accordion-item-2340\" open>\n<summary data-accordion-index=\"1\" tabindex=\"0\" aria-expanded=\"true\" aria-controls=\"e-n-accordion-item-2340\" >\n\t\t\t\t\t \u00bfQu\u00e9 es el efluvio tel\u00f3geno?<br \/>\n\t\t\t<svg aria-hidden=\"true\" viewBox=\"0 0 448 512\" xmlns=\"http:\/\/www.w3.org\/2000\/svg\"><path d=\"M416 208H32c-17.67 0-32 14.33-32 32v32c0 17.67 14.33 32 32 32h384c17.67 0 32-14.33 32-32v-32c0-17.67-14.33-32-32-32z\"><\/path><\/svg><br \/>\n\t\t\t<svg aria-hidden=\"true\" viewBox=\"0 0 448 512\" xmlns=\"http:\/\/www.w3.org\/2000\/svg\"><path d=\"M416 208H272V64c0-17.67-14.33-32-32-32h-32c-17.67 0-32 14.33-32 32v144H32c-17.67 0-32 14.33-32 32v32c0 17.67 14.33 32 32 32h144v144c0 17.67 14.33 32 32 32h32c17.67 0 32-14.33 32-32V304h144c17.67 0 32-14.33 32-32v-32c0-17.67-14.33-32-32-32z\"><\/path><\/svg><br \/>\n\t\t\t\t\t\t<\/summary>\n<p>El efluvio tel\u00f3geno es una forma com\u00fan de ca\u00edda del cabello que se caracteriza por una mayor ca\u00edda del cabello, normalmente provocada por estr\u00e9s f\u00edsico o emocional, cambios hormonales o deficiencias nutricionales.<\/p>\n<\/details>\n<details id=\"e-n-accordion-item-2341\" >\n<summary data-accordion-index=\"2\" tabindex=\"-1\" aria-expanded=\"false\" aria-controls=\"e-n-accordion-item-2341\" >\n\t\t\t\t\t \u00bfCu\u00e1les son las causas del efluvio tel\u00f3geno?<br \/>\n\t\t\t<svg aria-hidden=\"true\" viewBox=\"0 0 448 512\" xmlns=\"http:\/\/www.w3.org\/2000\/svg\"><path d=\"M416 208H32c-17.67 0-32 14.33-32 32v32c0 17.67 14.33 32 32 32h384c17.67 0 32-14.33 32-32v-32c0-17.67-14.33-32-32-32z\"><\/path><\/svg><br \/>\n\t\t\t<svg aria-hidden=\"true\" viewBox=\"0 0 448 512\" xmlns=\"http:\/\/www.w3.org\/2000\/svg\"><path d=\"M416 208H272V64c0-17.67-14.33-32-32-32h-32c-17.67 0-32 14.33-32 32v144H32c-17.67 0-32 14.33-32 32v32c0 17.67 14.33 32 32 32h144v144c0 17.67 14.33 32 32 32h32c17.67 0 32-14.33 32-32V304h144c17.67 0 32-14.33 32-32v-32c0-17.67-14.33-32-32-32z\"><\/path><\/svg><br \/>\n\t\t\t\t\t\t<\/summary>\n<p>Entre las causas se incluyen el estr\u00e9s f\u00edsico (como cirug\u00eda o enfermedad), el estr\u00e9s emocional, los cambios hormonales (como el embarazo o la menopausia), las deficiencias nutricionales y ciertos medicamentos.<\/p>\n<\/details>\n<details id=\"e-n-accordion-item-2342\" >\n<summary data-accordion-index=\"3\" tabindex=\"-1\" aria-expanded=\"false\" aria-controls=\"e-n-accordion-item-2342\" >\n\t\t\t\t\t \u00bfC\u00f3mo puedo saber si tengo efluvio tel\u00f3geno?<br \/>\n\t\t\t<svg aria-hidden=\"true\" viewBox=\"0 0 448 512\" xmlns=\"http:\/\/www.w3.org\/2000\/svg\"><path d=\"M416 208H32c-17.67 0-32 14.33-32 32v32c0 17.67 14.33 32 32 32h384c17.67 0 32-14.33 32-32v-32c0-17.67-14.33-32-32-32z\"><\/path><\/svg><br \/>\n\t\t\t<svg aria-hidden=\"true\" viewBox=\"0 0 448 512\" xmlns=\"http:\/\/www.w3.org\/2000\/svg\"><path d=\"M416 208H272V64c0-17.67-14.33-32-32-32h-32c-17.67 0-32 14.33-32 32v144H32c-17.67 0-32 14.33-32 32v32c0 17.67 14.33 32 32 32h144v144c0 17.67 14.33 32 32 32h32c17.67 0 32-14.33 32-32V304h144c17.67 0 32-14.33 32-32v-32c0-17.67-14.33-32-32-32z\"><\/path><\/svg><br \/>\n\t\t\t\t\t\t<\/summary>\n<p>Los s\u00edntomas incluyen una notable ca\u00edda del cabello, sobre todo al lavarlo o cepillarlo, junto con un debilitamiento difuso del cabello en todo el cuero cabelludo sin formaci\u00f3n de calvas.<\/p>\n<\/details>\n<details id=\"e-n-accordion-item-2343\" >\n<summary data-accordion-index=\"4\" tabindex=\"-1\" aria-expanded=\"false\" aria-controls=\"e-n-accordion-item-2343\" >\n\t\t\t\t\t \u00bfC\u00f3mo se diagnostica el efluvio tel\u00f3geno?<br \/>\n\t\t\t<svg aria-hidden=\"true\" viewBox=\"0 0 448 512\" xmlns=\"http:\/\/www.w3.org\/2000\/svg\"><path d=\"M416 208H32c-17.67 0-32 14.33-32 32v32c0 17.67 14.33 32 32 32h384c17.67 0 32-14.33 32-32v-32c0-17.67-14.33-32-32-32z\"><\/path><\/svg><br \/>\n\t\t\t<svg aria-hidden=\"true\" viewBox=\"0 0 448 512\" xmlns=\"http:\/\/www.w3.org\/2000\/svg\"><path d=\"M416 208H272V64c0-17.67-14.33-32-32-32h-32c-17.67 0-32 14.33-32 32v144H32c-17.67 0-32 14.33-32 32v32c0 17.67 14.33 32 32 32h144v144c0 17.67 14.33 32 32 32h32c17.67 0 32-14.33 32-32V304h144c17.67 0 32-14.33 32-32v-32c0-17.67-14.33-32-32-32z\"><\/path><\/svg><br \/>\n\t\t\t\t\t\t<\/summary>\n<p>El diagn\u00f3stico suele incluir una revisi\u00f3n de la historia cl\u00ednica, una exploraci\u00f3n f\u00edsica del cuero cabelludo y, posiblemente, una prueba de arrancamiento del cabello o una biopsia del cuero cabelludo para descartar otras causas de la ca\u00edda del cabello.<\/p>\n<\/details>\n<details id=\"e-n-accordion-item-2344\" >\n<summary data-accordion-index=\"5\" tabindex=\"-1\" aria-expanded=\"false\" aria-controls=\"e-n-accordion-item-2344\" >\n\t\t\t\t\t \u00bfEl efluvio tel\u00f3geno es permanente?<br \/>\n\t\t\t<svg aria-hidden=\"true\" viewBox=\"0 0 448 512\" xmlns=\"http:\/\/www.w3.org\/2000\/svg\"><path d=\"M416 208H32c-17.67 0-32 14.33-32 32v32c0 17.67 14.33 32 32 32h384c17.67 0 32-14.33 32-32v-32c0-17.67-14.33-32-32-32z\"><\/path><\/svg><br \/>\n\t\t\t<svg aria-hidden=\"true\" viewBox=\"0 0 448 512\" xmlns=\"http:\/\/www.w3.org\/2000\/svg\"><path d=\"M416 208H272V64c0-17.67-14.33-32-32-32h-32c-17.67 0-32 14.33-32 32v144H32c-17.67 0-32 14.33-32 32v32c0 17.67 14.33 32 32 32h144v144c0 17.67 14.33 32 32 32h32c17.67 0 32-14.33 32-32V304h144c17.67 0 32-14.33 32-32v-32c0-17.67-14.33-32-32-32z\"><\/path><\/svg><br \/>\n\t\t\t\t\t\t<\/summary>\n<p>No, el efluvio tel\u00f3geno suele ser temporal. El pelo suele volver a crecer cuando se resuelve la causa subyacente.<\/p>\n<\/details>\n<details id=\"e-n-accordion-item-2345\" >\n<summary data-accordion-index=\"6\" tabindex=\"-1\" aria-expanded=\"false\" aria-controls=\"e-n-accordion-item-2345\" >\n\t\t\t\t\t \u00bfCu\u00e1nto tiempo se tarda en ver los resultados despu\u00e9s del tratamiento?<br \/>\n\t\t\t<svg aria-hidden=\"true\" viewBox=\"0 0 448 512\" xmlns=\"http:\/\/www.w3.org\/2000\/svg\"><path d=\"M416 208H32c-17.67 0-32 14.33-32 32v32c0 17.67 14.33 32 32 32h384c17.67 0 32-14.33 32-32v-32c0-17.67-14.33-32-32-32z\"><\/path><\/svg><br \/>\n\t\t\t<svg aria-hidden=\"true\" viewBox=\"0 0 448 512\" xmlns=\"http:\/\/www.w3.org\/2000\/svg\"><path d=\"M416 208H272V64c0-17.67-14.33-32-32-32h-32c-17.67 0-32 14.33-32 32v144H32c-17.67 0-32 14.33-32 32v32c0 17.67 14.33 32 32 32h144v144c0 17.67 14.33 32 32 32h32c17.67 0 32-14.33 32-32V304h144c17.67 0 32-14.33 32-32v-32c0-17.67-14.33-32-32-32z\"><\/path><\/svg><br \/>\n\t\t\t\t\t\t<\/summary>\n<p>Los resultados pueden variar, pero muchas personas pueden empezar a ver signos de crecimiento en pocos meses tras abordar la causa subyacente de la ca\u00edda del cabello.<\/p>\n<\/details>\n<p>El efluvio tel\u00f3geno es una forma com\u00fan de ca\u00edda del cabello que se caracteriza por una mayor ca\u00edda del cabello, normalmente provocada por estr\u00e9s f\u00edsico o emocional, cambios hormonales o deficiencias nutricionales.<\/p>\n<p>Entre las causas se incluyen el estr\u00e9s f\u00edsico (como cirug\u00eda o enfermedad), el estr\u00e9s emocional, los cambios hormonales (como el embarazo o la menopausia), las deficiencias nutricionales y ciertos medicamentos.<\/p>\n<p>Los s\u00edntomas incluyen una notable ca\u00edda del cabello, sobre todo al lavarlo o cepillarlo, junto con un debilitamiento difuso del cabello en todo el cuero cabelludo sin formaci\u00f3n de calvas.<\/p>\n<p>El diagn\u00f3stico suele incluir una revisi\u00f3n de la historia cl\u00ednica, una exploraci\u00f3n f\u00edsica del cuero cabelludo y, posiblemente, una prueba de arrancamiento del cabello o una biopsia del cuero cabelludo para descartar otras causas de la ca\u00edda del cabello.<\/p>\n<p>No, el efluvio tel\u00f3geno suele ser temporal. El pelo suele volver a crecer cuando se resuelve la causa subyacente.<\/p>\n<p>Los resultados pueden variar, pero muchas personas pueden empezar a ver signos de crecimiento en pocos meses tras abordar la causa subyacente de la ca\u00edda del cabello.<\/p>\n","protected":false},"excerpt":{"rendered":"<p>\u00cdndice Telogen effluvium: cause e trattamenti Il telogen effluvium \u00e8 una forma comune di perdita di capelli caratterizzata dalla caduta dei capelli in risposta a vari fattori di stress. A differenza di altri tipi di perdita di capelli, il telogen effluvium \u00e8 tipicamente temporaneo e pu\u00f2 essere innescato da una variet\u00e0 di fattori, tra cui [&hellip;]<\/p>\n","protected":false},"author":6,"featured_media":0,"parent":0,"menu_order":0,"comment_status":"closed","ping_status":"closed","template":"","meta":{"footnotes":""},"class_list":["post-32206","page","type-page","status-publish","hentry"],"_links":{"self":[{"href":"https:\/\/drterziler.com\/es\/wp-json\/wp\/v2\/pages\/32206","targetHints":{"allow":["GET"]}}],"collection":[{"href":"https:\/\/drterziler.com\/es\/wp-json\/wp\/v2\/pages"}],"about":[{"href":"https:\/\/drterziler.com\/es\/wp-json\/wp\/v2\/types\/page"}],"author":[{"embeddable":true,"href":"https:\/\/drterziler.com\/es\/wp-json\/wp\/v2\/users\/6"}],"replies":[{"embeddable":true,"href":"https:\/\/drterziler.com\/es\/wp-json\/wp\/v2\/comments?post=32206"}],"version-history":[{"count":4,"href":"https:\/\/drterziler.com\/es\/wp-json\/wp\/v2\/pages\/32206\/revisions"}],"predecessor-version":[{"id":43399,"href":"https:\/\/drterziler.com\/es\/wp-json\/wp\/v2\/pages\/32206\/revisions\/43399"}],"wp:attachment":[{"href":"https:\/\/drterziler.com\/es\/wp-json\/wp\/v2\/media?parent=32206"}],"curies":[{"name":"wp","href":"https:\/\/api.w.org\/{rel}","templated":true}]}}