{"id":32212,"date":"2024-10-09T10:27:41","date_gmt":"2024-10-09T10:27:41","guid":{"rendered":"https:\/\/drterziler.com\/?page_id=32212"},"modified":"2025-06-12T11:25:32","modified_gmt":"2025-06-12T11:25:32","slug":"que-es-la-alopecia-androgenetica","status":"publish","type":"page","link":"https:\/\/drterziler.com\/es\/que-es-la-alopecia-androgenetica\/","title":{"rendered":"\u00bfQu\u00e9 es la alopecia androgen\u00e9tica?"},"content":{"rendered":"<nav aria-label=\"breadcrumbs\" class=\"rank-math-breadcrumb\"><p><span class=\"last\">Dr. Terziler<\/span><\/p><\/nav>\n<h4>\n\t\t\t\t\u00cdndice\t\t\t<\/h4>\n<p>\t\t\t\t\t\t\t<svg aria-hidden=\"true\" viewBox=\"0 0 448 512\" xmlns=\"http:\/\/www.w3.org\/2000\/svg\"><path d=\"M207.029 381.476L12.686 187.132c-9.373-9.373-9.373-24.569 0-33.941l22.667-22.667c9.357-9.357 24.522-9.375 33.901-.04L224 284.505l154.745-154.021c9.379-9.335 24.544-9.317 33.901.04l22.667 22.667c9.373 9.373 9.373 24.569 0 33.941L240.971 381.476c-9.373 9.372-24.569 9.372-33.942 0z\"><\/path><\/svg><br \/>\n\t\t\t\t<svg aria-hidden=\"true\" viewBox=\"0 0 448 512\" xmlns=\"http:\/\/www.w3.org\/2000\/svg\"><path d=\"M240.971 130.524l194.343 194.343c9.373 9.373 9.373 24.569 0 33.941l-22.667 22.667c-9.357 9.357-24.522 9.375-33.901.04L224 227.495 69.255 381.516c-9.379 9.335-24.544 9.317-33.901-.04l-22.667-22.667c-9.373-9.373-9.373-24.569 0-33.941L207.03 130.525c9.372-9.373 24.568-9.373 33.941-.001z\"><\/path><\/svg><br \/>\n\t\t\t\t<svg aria-hidden=\"true\" viewBox=\"0 0 1000 1000\" xmlns=\"http:\/\/www.w3.org\/2000\/svg\"><path d=\"M500 975V858C696 858 858 696 858 500S696 142 500 142 142 304 142 500H25C25 237 238 25 500 25S975 237 975 500 763 975 500 975Z\"><\/path><\/svg><br \/>\n\t\t\t\t\t\t\t\t\t\t\t\t\t\t\t\t\t\t\t\t\t\t<img loading=\"lazy\" decoding=\"async\" width=\"879\" height=\"572\" src=\"https:\/\/drterziler.com\/wp-content\/uploads\/2024\/10\/androgenetic-alopecia.png\" alt=\"\" srcset=\"https:\/\/drterziler.com\/wp-content\/uploads\/2024\/10\/androgenetic-alopecia.png 879w, https:\/\/drterziler.com\/wp-content\/uploads\/2024\/10\/androgenetic-alopecia-300x195.png 300w, https:\/\/drterziler.com\/wp-content\/uploads\/2024\/10\/androgenetic-alopecia-768x500.png 768w\" sizes=\"auto, (max-width: 879px) 100vw, 879px\">\t\t\t\t\t\t\t\t\t\t\t\t\t<\/p>\n<h2>Che cos&#8217;\u00e8 l&#8217;alopecia androgenetica?<\/h2>\n<p>L&#8217;alopecia androgenetica, comunemente nota come calvizie maschile o femminile, \u00e8 la forma pi\u00f9 diffusa di perdita di capelli sia negli uomini che nelle donne. Questa condizione ereditaria \u00e8 caratterizzata da un progressivo diradamento dei capelli, che spesso porta a chiazze di calvizie evidenti o all&#8217;arretramento dell&#8217;attaccatura dei capelli. La condizione \u00e8 guidata da fattori genetici e dall&#8217;influenza degli ormoni, in particolare degli androgeni, che svolgono un ruolo chiave nella regolazione dei cicli di crescita dei capelli. Comprendere l&#8217;alopecia androgenetica \u00e8 essenziale per chi cerca trattamenti efficaci e strategie di gestione della perdita dei capelli.<\/p>\n<h2>Cause dell&#8217;alopecia androgenetica<\/h2>\n<p>La causa principale dell&#8217;alopecia androgenetica \u00e8 una combinazione di predisposizione genetica e influenze ormonali. Gli individui con una storia familiare di perdita di capelli sono pi\u00f9 inclini a sviluppare la condizione, indicando una componente ereditaria. Il ruolo degli androgeni, in particolare il diidrotestosterone (DHT), \u00e8 cruciale in questo processo. Il DHT deriva dal testosterone e pu\u00f2 legarsi ai recettori degli androgeni nei follicoli piliferi, causandone il restringimento e la produzione di capelli pi\u00f9 sottili nel tempo. Questo processo accorcia il ciclo di crescita dei capelli, portando a una maggiore perdita di capelli e a una ridotta densit\u00e0 dei capelli.<\/p>\n<h2>Sintomi e progressione<\/h2>\n<p>L&#8217;alopecia androgenetica si presenta in modo diverso negli uomini e nelle donne. Negli uomini, la condizione spesso inizia con un&#8217;attaccatura dei capelli sfuggente e diradamento sulla corona, che alla fine porta alla calvizie. Nelle donne, la perdita di capelli di solito si manifesta come diradamento diffuso su tutto il cuoio capelluto, con una parte che si allarga, ma raramente progredisce fino alla completa calvizie. Il tasso di progressione varia da individuo a individuo, ma il modello di perdita di capelli \u00e8 generalmente coerente all&#8217;interno delle famiglie.<\/p>\n<h2>Diagnosi e valutazione<\/h2>\n<p>La diagnosi di alopecia androgenetica di solito comporta una valutazione approfondita da parte di un professionista sanitario o di un dermatologo. La valutazione pu\u00f2 includere un esame fisico del cuoio capelluto, un&#8217;analisi della storia familiare e possibilmente una biopsia del cuoio capelluto per escludere altre cause di perdita di capelli. Varie scale, come la scala di Norwood-Hamilton per gli uomini e la scala di Ludwig per le donne, possono essere utilizzate per classificare la gravit\u00e0 della perdita di capelli e guidare le opzioni di trattamento.<\/p>\n<h2>Opzioni di trattamento per l&#8217;alopecia androgenetica<\/h2>\n<p>Sono disponibili diverse opzioni di trattamento per gestire l&#8217;alopecia androgenetica, ciascuna adattata alle esigenze individuali e alla gravit\u00e0 della perdita di capelli. I trattamenti pi\u00f9 comuni includono:<\/p>\n<ul>\n<li><strong>Minoxidil:<\/strong> una soluzione topica da banco che favorisce la crescita dei capelli e aiuta a prevenirne l&#8217;ulteriore perdita. \u00c8 disponibile sia per uomini che per donne.<\/li>\n<li><strong>Finasteride:<\/strong> un farmaco su prescrizione che inibisce la conversione del testosterone in DHT, riducendo la caduta dei capelli e favorendone la ricrescita negli uomini.<\/li>\n<li><strong>Trapianto di capelli:<\/strong> un&#8217;opzione chirurgica che prevede il trapianto di follicoli piliferi da una zona donatrice a zone calve, con risultati permanenti.<\/li>\n<li><strong>Laserterapia a bassa intensit\u00e0 (LLLT):<\/strong> un trattamento non invasivo che utilizza la luce laser per stimolare i follicoli piliferi e favorirne la crescita.<\/li>\n<\/ul>\n<p>\t\t\t\t\t\t\t<a href=\"https:\/\/drterziler.com\/wp-content\/uploads\/2024\/09\/2500-graft-hair-transplant-before-after.jpg\" data-elementor-open-lightbox=\"yes\" data-elementor-lightbox-slideshow=\"5fcda46\" data-elementor-lightbox-title=\"2500-graft-hair-transplant-before-after\" data-e-action-hash=\"#elementor-action%3Aaction%3Dlightbox%26settings%3DeyJpZCI6NzUzMSwidXJsIjoiaHR0cHM6XC9cL2RydGVyemlsZXIuY29tXC93cC1jb250ZW50XC91cGxvYWRzXC8yMDI0XC8wOVwvMjUwMC1ncmFmdC1oYWlyLXRyYW5zcGxhbnQtYmVmb3JlLWFmdGVyLmpwZyIsInNsaWRlc2hvdyI6IjVmY2RhNDYifQ%3D%3D\"><br \/>\n\t\t<\/a><br \/>\n\t\t\t\t\t\t\t<a href=\"https:\/\/drterziler.com\/wp-content\/uploads\/2024\/09\/3000-graft-hair-transplant-before-after.jpg\" data-elementor-open-lightbox=\"yes\" data-elementor-lightbox-slideshow=\"5fcda46\" data-elementor-lightbox-title=\"3000-graft-hair-transplant-before-after\" data-e-action-hash=\"#elementor-action%3Aaction%3Dlightbox%26settings%3DeyJpZCI6NzUzNywidXJsIjoiaHR0cHM6XC9cL2RydGVyemlsZXIuY29tXC93cC1jb250ZW50XC91cGxvYWRzXC8yMDI0XC8wOVwvMzAwMC1ncmFmdC1oYWlyLXRyYW5zcGxhbnQtYmVmb3JlLWFmdGVyLmpwZyIsInNsaWRlc2hvdyI6IjVmY2RhNDYifQ%3D%3D\"><br \/>\n\t\t<\/a><br \/>\n\t\t\t\t\t\t\t<a href=\"https:\/\/drterziler.com\/wp-content\/uploads\/2024\/09\/3500-graft-hair-transplant-before-after.jpg\" data-elementor-open-lightbox=\"yes\" data-elementor-lightbox-slideshow=\"5fcda46\" data-elementor-lightbox-title=\"3500-graft-hair-transplant-before-after\" data-e-action-hash=\"#elementor-action%3Aaction%3Dlightbox%26settings%3DeyJpZCI6NzU0MywidXJsIjoiaHR0cHM6XC9cL2RydGVyemlsZXIuY29tXC93cC1jb250ZW50XC91cGxvYWRzXC8yMDI0XC8wOVwvMzUwMC1ncmFmdC1oYWlyLXRyYW5zcGxhbnQtYmVmb3JlLWFmdGVyLmpwZyIsInNsaWRlc2hvdyI6IjVmY2RhNDYifQ%3D%3D\"><br \/>\n\t\t<\/a><br \/>\n\t\t\t\t\t\t\t<a href=\"https:\/\/drterziler.com\/wp-content\/uploads\/2024\/09\/4000-graft-hair-transplant-before-after.jpg\" data-elementor-open-lightbox=\"yes\" data-elementor-lightbox-slideshow=\"5fcda46\" data-elementor-lightbox-title=\"4000-graft-hair-transplant-before-after\" data-e-action-hash=\"#elementor-action%3Aaction%3Dlightbox%26settings%3DeyJpZCI6NzU0OSwidXJsIjoiaHR0cHM6XC9cL2RydGVyemlsZXIuY29tXC93cC1jb250ZW50XC91cGxvYWRzXC8yMDI0XC8wOVwvNDAwMC1ncmFmdC1oYWlyLXRyYW5zcGxhbnQtYmVmb3JlLWFmdGVyLmpwZyIsInNsaWRlc2hvdyI6IjVmY2RhNDYifQ%3D%3D\"><br \/>\n\t\t<\/a><br \/>\n\t\t\t\t\t\t\t<a href=\"https:\/\/drterziler.com\/wp-content\/uploads\/2024\/09\/4500-graft-hair-transplant-before-after.jpg\" data-elementor-open-lightbox=\"yes\" data-elementor-lightbox-slideshow=\"5fcda46\" data-elementor-lightbox-title=\"4500-graft-hair-transplant-before-after\" data-e-action-hash=\"#elementor-action%3Aaction%3Dlightbox%26settings%3DeyJpZCI6NzU1NSwidXJsIjoiaHR0cHM6XC9cL2RydGVyemlsZXIuY29tXC93cC1jb250ZW50XC91cGxvYWRzXC8yMDI0XC8wOVwvNDUwMC1ncmFmdC1oYWlyLXRyYW5zcGxhbnQtYmVmb3JlLWFmdGVyLmpwZyIsInNsaWRlc2hvdyI6IjVmY2RhNDYifQ%3D%3D\"><br \/>\n\t\t<\/a><br \/>\n\t\t\t\t\t\t\t<a href=\"https:\/\/drterziler.com\/wp-content\/uploads\/2024\/09\/5200-graft-hair-transplant-before-after.jpg\" data-elementor-open-lightbox=\"yes\" data-elementor-lightbox-slideshow=\"5fcda46\" data-elementor-lightbox-title=\"5200-graft-hair-transplant-before-after\" data-e-action-hash=\"#elementor-action%3Aaction%3Dlightbox%26settings%3DeyJpZCI6NzU2MSwidXJsIjoiaHR0cHM6XC9cL2RydGVyemlsZXIuY29tXC93cC1jb250ZW50XC91cGxvYWRzXC8yMDI0XC8wOVwvNTIwMC1ncmFmdC1oYWlyLXRyYW5zcGxhbnQtYmVmb3JlLWFmdGVyLmpwZyIsInNsaWRlc2hvdyI6IjVmY2RhNDYifQ%3D%3D\"><br \/>\n\t\t<\/a><br \/>\n\t\t\t\t\t\t\t<a href=\"https:\/\/drterziler.com\/wp-content\/uploads\/2024\/09\/5300-graft-hair-transplant-before-after.jpg\" data-elementor-open-lightbox=\"yes\" data-elementor-lightbox-slideshow=\"5fcda46\" data-elementor-lightbox-title=\"5300-graft-hair-transplant-before-after\" data-e-action-hash=\"#elementor-action%3Aaction%3Dlightbox%26settings%3DeyJpZCI6NzU2NywidXJsIjoiaHR0cHM6XC9cL2RydGVyemlsZXIuY29tXC93cC1jb250ZW50XC91cGxvYWRzXC8yMDI0XC8wOVwvNTMwMC1ncmFmdC1oYWlyLXRyYW5zcGxhbnQtYmVmb3JlLWFmdGVyLmpwZyIsInNsaWRlc2hvdyI6IjVmY2RhNDYifQ%3D%3D\"><br \/>\n\t\t<\/a><br \/>\n\t\t\t\t\t\t\t<svg aria-hidden=\"true\" viewBox=\"0 0 1000 1000\" xmlns=\"http:\/\/www.w3.org\/2000\/svg\"><path d=\"M646 125C629 125 613 133 604 142L308 442C296 454 292 471 292 487 292 504 296 521 308 533L604 854C617 867 629 875 646 875 663 875 679 871 692 858 704 846 713 829 713 812 713 796 708 779 692 767L438 487 692 225C700 217 708 204 708 187 708 171 704 154 692 142 675 129 663 125 646 125Z\"><\/path><\/svg><br \/>\n\t\t\t\t\t\t\t<svg aria-hidden=\"true\" viewBox=\"0 0 1000 1000\" xmlns=\"http:\/\/www.w3.org\/2000\/svg\"><path d=\"M696 533C708 521 713 504 713 487 713 471 708 454 696 446L400 146C388 133 375 125 354 125 338 125 325 129 313 142 300 154 292 171 292 187 292 204 296 221 308 233L563 492 304 771C292 783 288 800 288 817 288 833 296 850 308 863 321 871 338 875 354 875 371 875 388 867 400 854L696 533Z\"><\/path><\/svg>\t\t\t\t\t\t<\/p>\n<details id=\"e-n-accordion-item-2340\" open>\n<summary data-accordion-index=\"1\" tabindex=\"0\" aria-expanded=\"true\" aria-controls=\"e-n-accordion-item-2340\" >\n\t\t\t\t\t \u00bfQu\u00e9 es la alopecia androgen\u00e9tica?<br \/>\n\t\t\t<svg aria-hidden=\"true\" viewBox=\"0 0 448 512\" xmlns=\"http:\/\/www.w3.org\/2000\/svg\"><path d=\"M416 208H32c-17.67 0-32 14.33-32 32v32c0 17.67 14.33 32 32 32h384c17.67 0 32-14.33 32-32v-32c0-17.67-14.33-32-32-32z\"><\/path><\/svg><br \/>\n\t\t\t<svg aria-hidden=\"true\" viewBox=\"0 0 448 512\" xmlns=\"http:\/\/www.w3.org\/2000\/svg\"><path d=\"M416 208H272V64c0-17.67-14.33-32-32-32h-32c-17.67 0-32 14.33-32 32v144H32c-17.67 0-32 14.33-32 32v32c0 17.67 14.33 32 32 32h144v144c0 17.67 14.33 32 32 32h32c17.67 0 32-14.33 32-32V304h144c17.67 0 32-14.33 32-32v-32c0-17.67-14.33-32-32-32z\"><\/path><\/svg><br \/>\n\t\t\t\t\t\t<\/summary>\n<p>La alopecia androgen\u00e9tica es una enfermedad hereditaria caracterizada por el debilitamiento y la p\u00e9rdida progresiva del cabello, conocida com\u00fanmente como calvicie de patr\u00f3n masculino o femenino.<\/p>\n<\/details>\n<details id=\"e-n-accordion-item-2341\" >\n<summary data-accordion-index=\"2\" tabindex=\"-1\" aria-expanded=\"false\" aria-controls=\"e-n-accordion-item-2341\" >\n\t\t\t\t\t \u00bfCu\u00e1les son las causas de la alopecia androgen\u00e9tica?<br \/>\n\t\t\t<svg aria-hidden=\"true\" viewBox=\"0 0 448 512\" xmlns=\"http:\/\/www.w3.org\/2000\/svg\"><path d=\"M416 208H32c-17.67 0-32 14.33-32 32v32c0 17.67 14.33 32 32 32h384c17.67 0 32-14.33 32-32v-32c0-17.67-14.33-32-32-32z\"><\/path><\/svg><br \/>\n\t\t\t<svg aria-hidden=\"true\" viewBox=\"0 0 448 512\" xmlns=\"http:\/\/www.w3.org\/2000\/svg\"><path d=\"M416 208H272V64c0-17.67-14.33-32-32-32h-32c-17.67 0-32 14.33-32 32v144H32c-17.67 0-32 14.33-32 32v32c0 17.67 14.33 32 32 32h144v144c0 17.67 14.33 32 32 32h32c17.67 0 32-14.33 32-32V304h144c17.67 0 32-14.33 32-32v-32c0-17.67-14.33-32-32-32z\"><\/path><\/svg><br \/>\n\t\t\t\t\t\t<\/summary>\n<p>La enfermedad est\u00e1 causada por una combinaci\u00f3n de factores gen\u00e9ticos e influencias hormonales, en particular los efectos de andr\u00f3genos como la dihidrotestosterona (DHT) en los fol\u00edculos pilosos.<\/p>\n<\/details>\n<details id=\"e-n-accordion-item-2342\" >\n<summary data-accordion-index=\"3\" tabindex=\"-1\" aria-expanded=\"false\" aria-controls=\"e-n-accordion-item-2342\" >\n\t\t\t\t\t \u00bfEn qu\u00e9 se diferencia la alopecia androgen\u00e9tica entre hombres y mujeres?<br \/>\n\t\t\t<svg aria-hidden=\"true\" viewBox=\"0 0 448 512\" xmlns=\"http:\/\/www.w3.org\/2000\/svg\"><path d=\"M416 208H32c-17.67 0-32 14.33-32 32v32c0 17.67 14.33 32 32 32h384c17.67 0 32-14.33 32-32v-32c0-17.67-14.33-32-32-32z\"><\/path><\/svg><br \/>\n\t\t\t<svg aria-hidden=\"true\" viewBox=\"0 0 448 512\" xmlns=\"http:\/\/www.w3.org\/2000\/svg\"><path d=\"M416 208H272V64c0-17.67-14.33-32-32-32h-32c-17.67 0-32 14.33-32 32v144H32c-17.67 0-32 14.33-32 32v32c0 17.67 14.33 32 32 32h144v144c0 17.67 14.33 32 32 32h32c17.67 0 32-14.33 32-32V304h144c17.67 0 32-14.33 32-32v-32c0-17.67-14.33-32-32-32z\"><\/path><\/svg><br \/>\n\t\t\t\t\t\t<\/summary>\n<p>En los hombres, suele comenzar con un retroceso de cabello y adelgazamiento en la coronilla, mientras que las mujeres experimentan un adelgazamiento difuso en todo el cuero cabelludo sin calvicie completa.<\/p>\n<\/details>\n<details id=\"e-n-accordion-item-2343\" >\n<summary data-accordion-index=\"4\" tabindex=\"-1\" aria-expanded=\"false\" aria-controls=\"e-n-accordion-item-2343\" >\n\t\t\t\t\t \u00bfCu\u00e1les son las opciones de tratamiento habituales para la alopecia androgen\u00e9tica?<br \/>\n\t\t\t<svg aria-hidden=\"true\" viewBox=\"0 0 448 512\" xmlns=\"http:\/\/www.w3.org\/2000\/svg\"><path d=\"M416 208H32c-17.67 0-32 14.33-32 32v32c0 17.67 14.33 32 32 32h384c17.67 0 32-14.33 32-32v-32c0-17.67-14.33-32-32-32z\"><\/path><\/svg><br \/>\n\t\t\t<svg aria-hidden=\"true\" viewBox=\"0 0 448 512\" xmlns=\"http:\/\/www.w3.org\/2000\/svg\"><path d=\"M416 208H272V64c0-17.67-14.33-32-32-32h-32c-17.67 0-32 14.33-32 32v144H32c-17.67 0-32 14.33-32 32v32c0 17.67 14.33 32 32 32h144v144c0 17.67 14.33 32 32 32h32c17.67 0 32-14.33 32-32V304h144c17.67 0 32-14.33 32-32v-32c0-17.67-14.33-32-32-32z\"><\/path><\/svg><br \/>\n\t\t\t\t\t\t<\/summary>\n<p>Entre los tratamientos habituales se encuentran el minoxidil, la finasterida, la cirug\u00eda de trasplante capilar y la terapia con l\u00e1ser de baja intensidad (TLBI).<\/p>\n<\/details>\n<details id=\"e-n-accordion-item-2344\" >\n<summary data-accordion-index=\"5\" tabindex=\"-1\" aria-expanded=\"false\" aria-controls=\"e-n-accordion-item-2344\" >\n\t\t\t\t\t \u00bfEs reversible la alopecia androgen\u00e9tica?<br \/>\n\t\t\t<svg aria-hidden=\"true\" viewBox=\"0 0 448 512\" xmlns=\"http:\/\/www.w3.org\/2000\/svg\"><path d=\"M416 208H32c-17.67 0-32 14.33-32 32v32c0 17.67 14.33 32 32 32h384c17.67 0 32-14.33 32-32v-32c0-17.67-14.33-32-32-32z\"><\/path><\/svg><br \/>\n\t\t\t<svg aria-hidden=\"true\" viewBox=\"0 0 448 512\" xmlns=\"http:\/\/www.w3.org\/2000\/svg\"><path d=\"M416 208H272V64c0-17.67-14.33-32-32-32h-32c-17.67 0-32 14.33-32 32v144H32c-17.67 0-32 14.33-32 32v32c0 17.67 14.33 32 32 32h144v144c0 17.67 14.33 32 32 32h32c17.67 0 32-14.33 32-32V304h144c17.67 0 32-14.33 32-32v-32c0-17.67-14.33-32-32-32z\"><\/path><\/svg><br \/>\n\t\t\t\t\t\t<\/summary>\n<p>Aunque los tratamientos pueden ayudar a controlar la ca\u00edda del cabello y favorecer su crecimiento, la alopecia androgen\u00e9tica suele ser una afecci\u00f3n progresiva que puede no ser completamente reversible.<\/p>\n<\/details>\n<details id=\"e-n-accordion-item-2345\" >\n<summary data-accordion-index=\"6\" tabindex=\"-1\" aria-expanded=\"false\" aria-controls=\"e-n-accordion-item-2345\" >\n\t\t\t\t\t \u00bfLa alopecia androgen\u00e9tica puede afectar a cualquier persona?<br \/>\n\t\t\t<svg aria-hidden=\"true\" viewBox=\"0 0 448 512\" xmlns=\"http:\/\/www.w3.org\/2000\/svg\"><path d=\"M416 208H32c-17.67 0-32 14.33-32 32v32c0 17.67 14.33 32 32 32h384c17.67 0 32-14.33 32-32v-32c0-17.67-14.33-32-32-32z\"><\/path><\/svg><br \/>\n\t\t\t<svg aria-hidden=\"true\" viewBox=\"0 0 448 512\" xmlns=\"http:\/\/www.w3.org\/2000\/svg\"><path d=\"M416 208H272V64c0-17.67-14.33-32-32-32h-32c-17.67 0-32 14.33-32 32v144H32c-17.67 0-32 14.33-32 32v32c0 17.67 14.33 32 32 32h144v144c0 17.67 14.33 32 32 32h32c17.67 0 32-14.33 32-32V304h144c17.67 0 32-14.33 32-32v-32c0-17.67-14.33-32-32-32z\"><\/path><\/svg><br \/>\n\t\t\t\t\t\t<\/summary>\n<p>La alopecia androgen\u00e9tica puede afectar tanto a hombres como a mujeres, aunque los patrones de ca\u00edda del cabello difieren seg\u00fan el sexo. Es uno de los tipos de ca\u00edda del cabello m\u00e1s comunes en todo el mundo.<\/p>\n<\/details>\n<p>La alopecia androgen\u00e9tica es una enfermedad hereditaria caracterizada por el debilitamiento y la p\u00e9rdida progresiva del cabello, conocida com\u00fanmente como calvicie de patr\u00f3n masculino o femenino.<\/p>\n<p>La enfermedad est\u00e1 causada por una combinaci\u00f3n de factores gen\u00e9ticos e influencias hormonales, en particular los efectos de andr\u00f3genos como la dihidrotestosterona (DHT) en los fol\u00edculos pilosos.<\/p>\n<p>En los hombres, suele comenzar con un retroceso de cabello y adelgazamiento en la coronilla, mientras que las mujeres experimentan un adelgazamiento difuso en todo el cuero cabelludo sin calvicie completa.<\/p>\n<p>Entre los tratamientos habituales se encuentran el minoxidil, la finasterida, la cirug\u00eda de trasplante capilar y la terapia con l\u00e1ser de baja intensidad (TLBI).<\/p>\n<p>Aunque los tratamientos pueden ayudar a controlar la ca\u00edda del cabello y favorecer su crecimiento, la alopecia androgen\u00e9tica suele ser una afecci\u00f3n progresiva que puede no ser completamente reversible.<\/p>\n<p>La alopecia androgen\u00e9tica puede afectar tanto a hombres como a mujeres, aunque los patrones de ca\u00edda del cabello difieren seg\u00fan el sexo. Es uno de los tipos de ca\u00edda del cabello m\u00e1s comunes en todo el mundo.<\/p>\n","protected":false},"excerpt":{"rendered":"<p>\u00cdndice Che cos&#8217;\u00e8 l&#8217;alopecia androgenetica? L&#8217;alopecia androgenetica, comunemente nota come calvizie maschile o femminile, \u00e8 la forma pi\u00f9 diffusa di perdita di capelli sia negli uomini che nelle donne. Questa condizione ereditaria \u00e8 caratterizzata da un progressivo diradamento dei capelli, che spesso porta a chiazze di calvizie evidenti o all&#8217;arretramento dell&#8217;attaccatura dei capelli. La condizione [&hellip;]<\/p>\n","protected":false},"author":6,"featured_media":0,"parent":0,"menu_order":0,"comment_status":"closed","ping_status":"closed","template":"","meta":{"footnotes":""},"class_list":["post-32212","page","type-page","status-publish","hentry"],"_links":{"self":[{"href":"https:\/\/drterziler.com\/es\/wp-json\/wp\/v2\/pages\/32212","targetHints":{"allow":["GET"]}}],"collection":[{"href":"https:\/\/drterziler.com\/es\/wp-json\/wp\/v2\/pages"}],"about":[{"href":"https:\/\/drterziler.com\/es\/wp-json\/wp\/v2\/types\/page"}],"author":[{"embeddable":true,"href":"https:\/\/drterziler.com\/es\/wp-json\/wp\/v2\/users\/6"}],"replies":[{"embeddable":true,"href":"https:\/\/drterziler.com\/es\/wp-json\/wp\/v2\/comments?post=32212"}],"version-history":[{"count":4,"href":"https:\/\/drterziler.com\/es\/wp-json\/wp\/v2\/pages\/32212\/revisions"}],"predecessor-version":[{"id":43366,"href":"https:\/\/drterziler.com\/es\/wp-json\/wp\/v2\/pages\/32212\/revisions\/43366"}],"wp:attachment":[{"href":"https:\/\/drterziler.com\/es\/wp-json\/wp\/v2\/media?parent=32212"}],"curies":[{"name":"wp","href":"https:\/\/api.w.org\/{rel}","templated":true}]}}