{"id":32216,"date":"2024-09-25T07:57:34","date_gmt":"2024-09-25T07:57:34","guid":{"rendered":"https:\/\/drterziler.com\/?page_id=32216"},"modified":"2025-06-12T09:06:03","modified_gmt":"2025-06-12T09:06:03","slug":"reduccion-de-la-linea-capilar-femenina-para-un-aspecto-natural","status":"publish","type":"page","link":"https:\/\/drterziler.com\/es\/reduccion-de-la-linea-capilar-femenina-para-un-aspecto-natural\/","title":{"rendered":"Reducci\u00f3n de la l\u00ednea capilar femenina para un aspecto natural"},"content":{"rendered":"<nav aria-label=\"breadcrumbs\" class=\"rank-math-breadcrumb\"><p><span class=\"last\">Dr. Terziler<\/span><\/p><\/nav>\n<h4>\n\t\t\t\t\u00cdndice\t\t\t<\/h4>\n<p>\t\t\t\t\t\t\t<svg aria-hidden=\"true\" viewBox=\"0 0 448 512\" xmlns=\"http:\/\/www.w3.org\/2000\/svg\"><path d=\"M207.029 381.476L12.686 187.132c-9.373-9.373-9.373-24.569 0-33.941l22.667-22.667c9.357-9.357 24.522-9.375 33.901-.04L224 284.505l154.745-154.021c9.379-9.335 24.544-9.317 33.901.04l22.667 22.667c9.373 9.373 9.373 24.569 0 33.941L240.971 381.476c-9.373 9.372-24.569 9.372-33.942 0z\"><\/path><\/svg><br \/>\n\t\t\t\t<svg aria-hidden=\"true\" viewBox=\"0 0 448 512\" xmlns=\"http:\/\/www.w3.org\/2000\/svg\"><path d=\"M240.971 130.524l194.343 194.343c9.373 9.373 9.373 24.569 0 33.941l-22.667 22.667c-9.357 9.357-24.522 9.375-33.901.04L224 227.495 69.255 381.516c-9.379 9.335-24.544 9.317-33.901-.04l-22.667-22.667c-9.373-9.373-9.373-24.569 0-33.941L207.03 130.525c9.372-9.373 24.568-9.373 33.941-.001z\"><\/path><\/svg><br \/>\n\t\t\t\t<svg aria-hidden=\"true\" viewBox=\"0 0 1000 1000\" xmlns=\"http:\/\/www.w3.org\/2000\/svg\"><path d=\"M500 975V858C696 858 858 696 858 500S696 142 500 142 142 304 142 500H25C25 237 238 25 500 25S975 237 975 500 763 975 500 975Z\"><\/path><\/svg><br \/>\n\t\t\t\t\t\t\t\t\t\t\t\t\t\t\t\t\t\t\t\t\t\t<img loading=\"lazy\" decoding=\"async\" width=\"885\" height=\"498\" src=\"https:\/\/drterziler.com\/wp-content\/uploads\/2024\/09\/women-hairline-lowering.png\" alt=\"\" srcset=\"https:\/\/drterziler.com\/wp-content\/uploads\/2024\/09\/women-hairline-lowering.png 885w, https:\/\/drterziler.com\/wp-content\/uploads\/2024\/09\/women-hairline-lowering-300x169.png 300w, https:\/\/drterziler.com\/wp-content\/uploads\/2024\/09\/women-hairline-lowering-768x432.png 768w\" sizes=\"auto, (max-width: 885px) 100vw, 885px\">\t\t\t\t\t\t\t\t\t\t\t\t\t<\/p>\n<h3>Capire l&#8217;abbassamento dell&#8217;attaccatura dei capelli nelle donne per un aspetto naturale<\/h3>\n<p>L&#8217;abbassamento dell&#8217;attaccatura dei capelli nelle donne \u00e8 una procedura cosmetica progettata per regolare la posizione dell&#8217;attaccatura dei capelli per ottenere un aspetto pi\u00f9 equilibrato e naturale. Questa procedura pu\u00f2 essere utile per le donne che hanno l&#8217;attaccatura dei capelli alta o che stanno perdendo capelli e questo influisce sull&#8217;equilibrio estetico del loro viso. L&#8217;abbassamento dell&#8217;attaccatura dei capelli pu\u00f2 creare un aspetto pi\u00f9 giovanile riposizionando l&#8217;attaccatura pi\u00f9 vicino alla fronte. Comprendere le ragioni per sottoporsi a questa procedura, le tecniche coinvolte e le cure post-operatorie necessarie \u00e8 essenziale per coloro che prendono in considerazione questa opzione.<\/p>\n<h3>Ragioni per l&#8217;abbassamento dell&#8217;attaccatura dei capelli<\/h3>\n<p>Molte donne cercano di abbassare l&#8217;attaccatura dei capelli per risolvere problemi legati a un&#8217;attaccatura troppo alta, che pu\u00f2 far sembrare la fronte pi\u00f9 grande e disturbare l&#8217;armonia del viso. Questa procedura \u00e8 spesso scelta da coloro che si sentono a disagio per la loro attaccatura dei capelli o che desiderano ritrovare un aspetto pi\u00f9 naturale e giovanile. Inoltre, le donne che soffrono di perdita o diradamento dei capelli nella zona frontale possono optare per l&#8217;abbassamento dell&#8217;attaccatura dei capelli come un modo per migliorare il loro aspetto generale e aumentare la fiducia in se stesse.<\/p>\n<h3>Tecniche utilizzate per abbassare l&#8217;attaccatura dei capelli<\/h3>\n<p>Le procedure di abbassamento dell&#8217;attaccatura dei capelli prevedono varie tecniche chirurgiche, ognuna mirata a ottenere un risultato dall&#8217;aspetto naturale. Il metodo pi\u00f9 comune \u00e8 l&#8217;avanzamento dell&#8217;attaccatura dei capelli attraverso un approccio chirurgico, in cui l&#8217;attaccatura viene abbassata rimuovendo la pelle in eccesso dalla fronte. Un&#8217;altra tecnica prevede una combinazione di innesto di capelli e avanzamento dell&#8217;attaccatura per migliorare la densit\u00e0 e l&#8217;aspetto dell&#8217;attaccatura. La scelta della tecnica dipende da fattori individuali, tra cui la densit\u00e0 dei capelli del paziente, l&#8217;elasticit\u00e0 del cuoio capelluto e il risultato desiderato.<\/p>\n<h3>Cura post-operatoria e risultati<\/h3>\n<p>Una corretta assistenza post-operatoria \u00e8 fondamentale per ottenere risultati ottimali dopo una procedura di abbassamento dell&#8217;attaccatura dei capelli. Si consiglia ai pazienti di seguire istruzioni specifiche per garantire una corretta guarigione e ridurre al minimo il rischio di complicanze. Ci\u00f2 include mantenere pulita l&#8217;area chirurgica, evitare attivit\u00e0 faticose e utilizzare i farmaci prescritti. I risultati dell&#8217;abbassamento dell&#8217;attaccatura dei capelli diventano pi\u00f9 evidenti man mano che il gonfiore si attenua e il processo di guarigione procede. La maggior parte dei pazienti sperimenta un&#8217;attaccatura dei capelli dall&#8217;aspetto naturale che completa i tratti del viso e migliora l&#8217;aspetto generale.<\/p>\n<h2>Preguntas frecuentes sobre el descenso del cabello<\/h2>\n<details id=\"e-n-accordion-item-9030\" open>\n<summary data-accordion-index=\"1\" tabindex=\"0\" aria-expanded=\"true\" aria-controls=\"e-n-accordion-item-9030\" >\n\t\t\t\t\t \u00bfPara qu\u00e9 sirve el descenso del cabello en las mujeres?<br \/>\n\t\t\t<svg aria-hidden=\"true\" viewBox=\"0 0 448 512\" xmlns=\"http:\/\/www.w3.org\/2000\/svg\"><path d=\"M416 208H32c-17.67 0-32 14.33-32 32v32c0 17.67 14.33 32 32 32h384c17.67 0 32-14.33 32-32v-32c0-17.67-14.33-32-32-32z\"><\/path><\/svg><br \/>\n\t\t\t<svg aria-hidden=\"true\" viewBox=\"0 0 448 512\" xmlns=\"http:\/\/www.w3.org\/2000\/svg\"><path d=\"M416 208H272V64c0-17.67-14.33-32-32-32h-32c-17.67 0-32 14.33-32 32v144H32c-17.67 0-32 14.33-32 32v32c0 17.67 14.33 32 32 32h144v144c0 17.67 14.33 32 32 32h32c17.67 0 32-14.33 32-32V304h144c17.67 0 32-14.33 32-32v-32c0-17.67-14.33-32-32-32z\"><\/path><\/svg><br \/>\n\t\t\t\t\t\t<\/summary>\n<p>El descenso de la l\u00ednea del cabello se realiza para ajustar la posici\u00f3n de la l\u00ednea del cabello y crear un aspecto m\u00e1s equilibrado y juvenil. A menudo lo solicitan mujeres con entradas altas o que sufren p\u00e9rdida de cabello en la zona frontal.<\/p>\n<\/details>\n<details id=\"e-n-accordion-item-9031\" >\n<summary data-accordion-index=\"2\" tabindex=\"-1\" aria-expanded=\"false\" aria-controls=\"e-n-accordion-item-9031\" >\n\t\t\t\t\t \u00bfC\u00f3mo se realiza el procedimiento de descenso de entradas?<br \/>\n\t\t\t<svg aria-hidden=\"true\" viewBox=\"0 0 448 512\" xmlns=\"http:\/\/www.w3.org\/2000\/svg\"><path d=\"M416 208H32c-17.67 0-32 14.33-32 32v32c0 17.67 14.33 32 32 32h384c17.67 0 32-14.33 32-32v-32c0-17.67-14.33-32-32-32z\"><\/path><\/svg><br \/>\n\t\t\t<svg aria-hidden=\"true\" viewBox=\"0 0 448 512\" xmlns=\"http:\/\/www.w3.org\/2000\/svg\"><path d=\"M416 208H272V64c0-17.67-14.33-32-32-32h-32c-17.67 0-32 14.33-32 32v144H32c-17.67 0-32 14.33-32 32v32c0 17.67 14.33 32 32 32h144v144c0 17.67 14.33 32 32 32h32c17.67 0 32-14.33 32-32V304h144c17.67 0 32-14.33 32-32v-32c0-17.67-14.33-32-32-32z\"><\/path><\/svg><br \/>\n\t\t\t\t\t\t<\/summary>\n<p>La intervenci\u00f3n consiste en avanzar quir\u00fargicamente la l\u00ednea del cabello eliminando el exceso de piel de la frente o combinando el injerto capilar con el avance de la l\u00ednea del cabello para lograr un aspecto natural. La elecci\u00f3n de la t\u00e9cnica depende de las necesidades del paciente y de los resultados deseados.<\/p>\n<\/details>\n<details id=\"e-n-accordion-item-9032\" >\n<summary data-accordion-index=\"3\" tabindex=\"-1\" aria-expanded=\"false\" aria-controls=\"e-n-accordion-item-9032\" >\n\t\t\t\t\t \u00bfCu\u00e1nto tiempo se tarda en ver los resultados finales?<br \/>\n\t\t\t<svg aria-hidden=\"true\" viewBox=\"0 0 448 512\" xmlns=\"http:\/\/www.w3.org\/2000\/svg\"><path d=\"M416 208H32c-17.67 0-32 14.33-32 32v32c0 17.67 14.33 32 32 32h384c17.67 0 32-14.33 32-32v-32c0-17.67-14.33-32-32-32z\"><\/path><\/svg><br \/>\n\t\t\t<svg aria-hidden=\"true\" viewBox=\"0 0 448 512\" xmlns=\"http:\/\/www.w3.org\/2000\/svg\"><path d=\"M416 208H272V64c0-17.67-14.33-32-32-32h-32c-17.67 0-32 14.33-32 32v144H32c-17.67 0-32 14.33-32 32v32c0 17.67 14.33 32 32 32h144v144c0 17.67 14.33 32 32 32h32c17.67 0 32-14.33 32-32V304h144c17.67 0 32-14.33 32-32v-32c0-17.67-14.33-32-32-32z\"><\/path><\/svg><br \/>\n\t\t\t\t\t\t<\/summary>\n<p>Los resultados finales suelen ser visibles una vez que desaparece la inflamaci\u00f3n y avanza el proceso de cicatrizaci\u00f3n, que puede durar varios meses. Los pacientes observar\u00e1n mejoras graduales en el aspecto de la l\u00ednea del cabello durante este periodo.<\/p>\n<\/details>\n<details id=\"e-n-accordion-item-9033\" >\n<summary data-accordion-index=\"4\" tabindex=\"-1\" aria-expanded=\"false\" aria-controls=\"e-n-accordion-item-9033\" >\n\t\t\t\t\t \u00bfPuede combinarse el descenso de entradas con otros procedimientos?<br \/>\n\t\t\t<svg aria-hidden=\"true\" viewBox=\"0 0 448 512\" xmlns=\"http:\/\/www.w3.org\/2000\/svg\"><path d=\"M416 208H32c-17.67 0-32 14.33-32 32v32c0 17.67 14.33 32 32 32h384c17.67 0 32-14.33 32-32v-32c0-17.67-14.33-32-32-32z\"><\/path><\/svg><br \/>\n\t\t\t<svg aria-hidden=\"true\" viewBox=\"0 0 448 512\" xmlns=\"http:\/\/www.w3.org\/2000\/svg\"><path d=\"M416 208H272V64c0-17.67-14.33-32-32-32h-32c-17.67 0-32 14.33-32 32v144H32c-17.67 0-32 14.33-32 32v32c0 17.67 14.33 32 32 32h144v144c0 17.67 14.33 32 32 32h32c17.67 0 32-14.33 32-32V304h144c17.67 0 32-14.33 32-32v-32c0-17.67-14.33-32-32-32z\"><\/path><\/svg><br \/>\n\t\t\t\t\t\t<\/summary>\n<p>S\u00ed, el descenso de entradas puede combinarse con otros procedimientos, como el trasplante capilar o el lifting de cejas, para lograr una mejora est\u00e9tica m\u00e1s completa. Comentar las opciones con un cirujano puede ayudar a adaptar el plan de tratamiento a las necesidades individuales.<\/p>\n<\/details>\n<details id=\"e-n-accordion-item-9034\" >\n<summary data-accordion-index=\"5\" tabindex=\"-1\" aria-expanded=\"false\" aria-controls=\"e-n-accordion-item-9034\" >\n\t\t\t\t\t \u00bfC\u00f3mo elegir al cirujano adecuado para el descenso de entradas?<br \/>\n\t\t\t<svg aria-hidden=\"true\" viewBox=\"0 0 448 512\" xmlns=\"http:\/\/www.w3.org\/2000\/svg\"><path d=\"M416 208H32c-17.67 0-32 14.33-32 32v32c0 17.67 14.33 32 32 32h384c17.67 0 32-14.33 32-32v-32c0-17.67-14.33-32-32-32z\"><\/path><\/svg><br \/>\n\t\t\t<svg aria-hidden=\"true\" viewBox=\"0 0 448 512\" xmlns=\"http:\/\/www.w3.org\/2000\/svg\"><path d=\"M416 208H272V64c0-17.67-14.33-32-32-32h-32c-17.67 0-32 14.33-32 32v144H32c-17.67 0-32 14.33-32 32v32c0 17.67 14.33 32 32 32h144v144c0 17.67 14.33 32 32 32h32c17.67 0 32-14.33 32-32V304h144c17.67 0 32-14.33 32-32v-32c0-17.67-14.33-32-32-32z\"><\/path><\/svg><br \/>\n\t\t\t\t\t\t<\/summary>\n<p>Elegir un cirujano cualificado y con experiencia es crucial para lograr los mejores resultados. Busque un cirujano con experiencia en procedimientos de reducci\u00f3n de la l\u00ednea de implantaci\u00f3n del vello, opiniones positivas de los pacientes y un proceso de consulta exhaustivo.<\/p>\n<\/details>\n<details id=\"e-n-accordion-item-9035\" >\n<summary data-accordion-index=\"6\" tabindex=\"-1\" aria-expanded=\"false\" aria-controls=\"e-n-accordion-item-9035\" >\n\t\t\t\t\t \u00bfTendr\u00e9 que cambiar mi estilo de vida despu\u00e9s de la intervenci\u00f3n?<br \/>\n\t\t\t<svg aria-hidden=\"true\" viewBox=\"0 0 448 512\" xmlns=\"http:\/\/www.w3.org\/2000\/svg\"><path d=\"M416 208H32c-17.67 0-32 14.33-32 32v32c0 17.67 14.33 32 32 32h384c17.67 0 32-14.33 32-32v-32c0-17.67-14.33-32-32-32z\"><\/path><\/svg><br \/>\n\t\t\t<svg aria-hidden=\"true\" viewBox=\"0 0 448 512\" xmlns=\"http:\/\/www.w3.org\/2000\/svg\"><path d=\"M416 208H272V64c0-17.67-14.33-32-32-32h-32c-17.67 0-32 14.33-32 32v144H32c-17.67 0-32 14.33-32 32v32c0 17.67 14.33 32 32 32h144v144c0 17.67 14.33 32 32 32h32c17.67 0 32-14.33 32-32V304h144c17.67 0 32-14.33 32-32v-32c0-17.67-14.33-32-32-32z\"><\/path><\/svg><br \/>\n\t\t\t\t\t\t<\/summary>\n<p>Los cuidados postoperatorios incluyen evitar actividades extenuantes y seguir instrucciones espec\u00edficas para favorecer la cicatrizaci\u00f3n. El cumplimiento de estas directrices ayuda a garantizar unos resultados \u00f3ptimos y reduce el riesgo de complicaciones.<\/p>\n<\/details>\n<p>El descenso de la l\u00ednea del cabello se realiza para ajustar la posici\u00f3n de la l\u00ednea del cabello y crear un aspecto m\u00e1s equilibrado y juvenil. A menudo lo solicitan mujeres con entradas altas o que sufren p\u00e9rdida de cabello en la zona frontal.<\/p>\n<p>La intervenci\u00f3n consiste en avanzar quir\u00fargicamente la l\u00ednea del cabello eliminando el exceso de piel de la frente o combinando el injerto capilar con el avance de la l\u00ednea del cabello para lograr un aspecto natural. La elecci\u00f3n de la t\u00e9cnica depende de las necesidades del paciente y de los resultados deseados.<\/p>\n<p>Los resultados finales suelen ser visibles una vez que desaparece la inflamaci\u00f3n y avanza el proceso de cicatrizaci\u00f3n, que puede durar varios meses. Los pacientes observar\u00e1n mejoras graduales en el aspecto de la l\u00ednea del cabello durante este periodo.<\/p>\n<p>S\u00ed, el descenso de entradas puede combinarse con otros procedimientos, como el trasplante capilar o el lifting de cejas, para lograr una mejora est\u00e9tica m\u00e1s completa. Comentar las opciones con un cirujano puede ayudar a adaptar el plan de tratamiento a las necesidades individuales.<\/p>\n<p>Elegir un cirujano cualificado y con experiencia es crucial para lograr los mejores resultados. Busque un cirujano con experiencia en procedimientos de reducci\u00f3n de la l\u00ednea de implantaci\u00f3n del vello, opiniones positivas de los pacientes y un proceso de consulta exhaustivo.<\/p>\n<p>Los cuidados postoperatorios incluyen evitar actividades extenuantes y seguir instrucciones espec\u00edficas para favorecer la cicatrizaci\u00f3n. El cumplimiento de estas directrices ayuda a garantizar unos resultados \u00f3ptimos y reduce el riesgo de complicaciones.<\/p>\n","protected":false},"excerpt":{"rendered":"<p>\u00cdndice Capire l&#8217;abbassamento dell&#8217;attaccatura dei capelli nelle donne per un aspetto naturale L&#8217;abbassamento dell&#8217;attaccatura dei capelli nelle donne \u00e8 una procedura cosmetica progettata per regolare la posizione dell&#8217;attaccatura dei capelli per ottenere un aspetto pi\u00f9 equilibrato e naturale. Questa procedura pu\u00f2 essere utile per le donne che hanno l&#8217;attaccatura dei capelli alta o che stanno [&hellip;]<\/p>\n","protected":false},"author":6,"featured_media":0,"parent":0,"menu_order":0,"comment_status":"closed","ping_status":"closed","template":"","meta":{"footnotes":""},"class_list":["post-32216","page","type-page","status-publish","hentry"],"_links":{"self":[{"href":"https:\/\/drterziler.com\/es\/wp-json\/wp\/v2\/pages\/32216","targetHints":{"allow":["GET"]}}],"collection":[{"href":"https:\/\/drterziler.com\/es\/wp-json\/wp\/v2\/pages"}],"about":[{"href":"https:\/\/drterziler.com\/es\/wp-json\/wp\/v2\/types\/page"}],"author":[{"embeddable":true,"href":"https:\/\/drterziler.com\/es\/wp-json\/wp\/v2\/users\/6"}],"replies":[{"embeddable":true,"href":"https:\/\/drterziler.com\/es\/wp-json\/wp\/v2\/comments?post=32216"}],"version-history":[{"count":4,"href":"https:\/\/drterziler.com\/es\/wp-json\/wp\/v2\/pages\/32216\/revisions"}],"predecessor-version":[{"id":43252,"href":"https:\/\/drterziler.com\/es\/wp-json\/wp\/v2\/pages\/32216\/revisions\/43252"}],"wp:attachment":[{"href":"https:\/\/drterziler.com\/es\/wp-json\/wp\/v2\/media?parent=32216"}],"curies":[{"name":"wp","href":"https:\/\/api.w.org\/{rel}","templated":true}]}}