{"id":32218,"date":"2024-09-25T07:50:00","date_gmt":"2024-09-25T07:50:00","guid":{"rendered":"https:\/\/drterziler.com\/?page_id=32218"},"modified":"2025-06-12T08:28:02","modified_gmt":"2025-06-12T08:28:02","slug":"afecta-el-color-del-pelo-a-la-caida-del-cabello","status":"publish","type":"page","link":"https:\/\/drterziler.com\/es\/afecta-el-color-del-pelo-a-la-caida-del-cabello\/","title":{"rendered":"\u00bfAfecta el color del pelo a la ca\u00edda del cabello?"},"content":{"rendered":"<h1 class=\"content-title h1-header\">\u00bfAfecta el color del pelo a la ca\u00edda del cabello?<\/h1>\n<nav aria-label=\"breadcrumbs\" class=\"rank-math-breadcrumb\"><p><span class=\"last\">Dr. Terziler<\/span><\/p><\/nav>\n<h4>\n\t\t\t\t\u00cdndice\t\t\t<\/h4>\n<p>\t\t\t\t\t\t\t<svg aria-hidden=\"true\" viewBox=\"0 0 448 512\" xmlns=\"http:\/\/www.w3.org\/2000\/svg\"><path d=\"M207.029 381.476L12.686 187.132c-9.373-9.373-9.373-24.569 0-33.941l22.667-22.667c9.357-9.357 24.522-9.375 33.901-.04L224 284.505l154.745-154.021c9.379-9.335 24.544-9.317 33.901.04l22.667 22.667c9.373 9.373 9.373 24.569 0 33.941L240.971 381.476c-9.373 9.372-24.569 9.372-33.942 0z\"><\/path><\/svg><br \/>\n\t\t\t\t<svg aria-hidden=\"true\" viewBox=\"0 0 448 512\" xmlns=\"http:\/\/www.w3.org\/2000\/svg\"><path d=\"M240.971 130.524l194.343 194.343c9.373 9.373 9.373 24.569 0 33.941l-22.667 22.667c-9.357 9.357-24.522 9.375-33.901.04L224 227.495 69.255 381.516c-9.379 9.335-24.544 9.317-33.901-.04l-22.667-22.667c-9.373-9.373-9.373-24.569 0-33.941L207.03 130.525c9.372-9.373 24.568-9.373 33.941-.001z\"><\/path><\/svg><br \/>\n\t\t\t\t<svg aria-hidden=\"true\" viewBox=\"0 0 1000 1000\" xmlns=\"http:\/\/www.w3.org\/2000\/svg\"><path d=\"M500 975V858C696 858 858 696 858 500S696 142 500 142 142 304 142 500H25C25 237 238 25 500 25S975 237 975 500 763 975 500 975Z\"><\/path><\/svg><br \/>\n\t\t\t\t\t\t\t\t\t\t\t\t\t\t\t\t\t\t\t\t\t\t<img loading=\"lazy\" decoding=\"async\" width=\"886\" height=\"517\" src=\"https:\/\/drterziler.com\/wp-content\/uploads\/2024\/09\/hair-color-affect-hair-loss.png\" alt=\"\" srcset=\"https:\/\/drterziler.com\/wp-content\/uploads\/2024\/09\/hair-color-affect-hair-loss.png 886w, https:\/\/drterziler.com\/wp-content\/uploads\/2024\/09\/hair-color-affect-hair-loss-300x175.png 300w, https:\/\/drterziler.com\/wp-content\/uploads\/2024\/09\/hair-color-affect-hair-loss-768x448.png 768w\" sizes=\"auto, (max-width: 886px) 100vw, 886px\">\t\t\t\t\t\t\t\t\t\t\t\t\t<\/p>\n<h3>Comprendere la relazione tra colore dei capelli e perdita di capelli<\/h3>\n<p>La relazione tra colore dei capelli e perdita di capelli \u00e8 un argomento di interesse per molte persone preoccupate per la salute dei propri capelli. Il colore dei capelli in s\u00e9 non causa direttamente la perdita di capelli, ma i processi e i trattamenti utilizzati per ottenere o mantenere il colore dei capelli possono influire sulla salute dei capelli. Fattori come il tipo di tinta per capelli, la frequenza della colorazione e le condizioni dei capelli e del cuoio capelluto giocano un ruolo nell&#8217;influenza della colorazione dei capelli sulla perdita di capelli. Comprendere questi fattori pu\u00f2 aiutare le persone a prendere decisioni informate sulla cura dei capelli e a ridurre al minimo i potenziali effetti negativi.<\/p>\n<h3>Impatto della colorazione dei capelli sulla salute dei capelli<\/h3>\n<p>La colorazione dei capelli comporta l&#8217;uso di tinture chimiche che possono alterare la struttura e la salute dei capelli. Il processo include tipicamente la decolorazione, che pu\u00f2 privare i capelli dei loro oli e proteine naturali, portando ad una maggiore secchezza e rottura. Le colorazioni frequenti e l&#8217;uso di sostanze chimiche aggressive possono indebolire le ciocche, rendendole pi\u00f9 soggette a danni e perdita. \u00c8 essenziale utilizzare prodotti per capelli di alta qualit\u00e0 e seguire una corretta routine di cura dei capelli per mitigare questi effetti e mantenerli sani.<\/p>\n<h3>Effetti dei diversi tipi di tinture per capelli<\/h3>\n<p>I diversi tipi di tinture per capelli possono avere effetti diversi sulla salute dei capelli. Le tinture permanenti, che penetrano nel fusto del capello per cambiarne il colore, contengono spesso sostanze chimiche pi\u00f9 forti rispetto alle tinture semipermanenti o temporanee. Queste sostanze chimiche possono essere pi\u00f9 dannose, soprattutto se usate frequentemente. D&#8217;altra parte, le tinture semipermanenti rivestono tipicamente lo strato esterno del capello e possono essere meno dannose. La scelta di prodotti meno aggressivi e l&#8217;integrazione di trattamenti condizionanti possono aiutare a ridurre i potenziali danni.<\/p>\n<h3>Gestire la salute dei capelli durante la colorazione<\/h3>\n<p>Per gestire la salute dei capelli durante la colorazione, diverse pratiche possono essere utili. In primo luogo, limitare la frequenza della colorazione dei capelli pu\u00f2 ridurre il rischio di danni. Inoltre, l&#8217;uso di trattamenti di condizionamento profondo e maschere per capelli pu\u00f2 aiutare a ripristinare l&#8217;idratazione e a rafforzare i capelli. Si consiglia inoltre di consultare uno stilista professionista che possa consigliare prodotti e tecniche adeguati per ridurre al minimo i danni. Mantenere una dieta sana ed evitare lo styling con calore eccessivo pu\u00f2 favorire ulteriormente la salute generale dei capelli.<\/p>\n<h2>Preguntas frecuentes sobre tintes<\/h2>\n<details id=\"e-n-accordion-item-9030\" open>\n<summary data-accordion-index=\"1\" tabindex=\"0\" aria-expanded=\"true\" aria-controls=\"e-n-accordion-item-9030\" >\n\t\t\t\t\t \u00bfLa coloraci\u00f3n del cabello provoca su ca\u00edda?<br \/>\n\t\t\t<svg aria-hidden=\"true\" viewBox=\"0 0 448 512\" xmlns=\"http:\/\/www.w3.org\/2000\/svg\"><path d=\"M416 208H32c-17.67 0-32 14.33-32 32v32c0 17.67 14.33 32 32 32h384c17.67 0 32-14.33 32-32v-32c0-17.67-14.33-32-32-32z\"><\/path><\/svg><br \/>\n\t\t\t<svg aria-hidden=\"true\" viewBox=\"0 0 448 512\" xmlns=\"http:\/\/www.w3.org\/2000\/svg\"><path d=\"M416 208H272V64c0-17.67-14.33-32-32-32h-32c-17.67 0-32 14.33-32 32v144H32c-17.67 0-32 14.33-32 32v32c0 17.67 14.33 32 32 32h144v144c0 17.67 14.33 32 32 32h32c17.67 0 32-14.33 32-32V304h144c17.67 0 32-14.33 32-32v-32c0-17.67-14.33-32-32-32z\"><\/path><\/svg><br \/>\n\t\t\t\t\t\t<\/summary>\n<p>La coloraci\u00f3n en s\u00ed no provoca directamente la ca\u00edda del cabello. Sin embargo, las sustancias qu\u00edmicas de los tintes pueden debilitar el cabello y hacerlo m\u00e1s propenso a da\u00f1arse y romperse, lo que puede contribuir a su ca\u00edda con el tiempo.<\/p>\n<\/details>\n<details id=\"e-n-accordion-item-9031\" >\n<summary data-accordion-index=\"2\" tabindex=\"-1\" aria-expanded=\"false\" aria-controls=\"e-n-accordion-item-9031\" >\n\t\t\t\t\t \u00bfHay tintes m\u00e1s da\u00f1inos que otros?<br \/>\n\t\t\t<svg aria-hidden=\"true\" viewBox=\"0 0 448 512\" xmlns=\"http:\/\/www.w3.org\/2000\/svg\"><path d=\"M416 208H32c-17.67 0-32 14.33-32 32v32c0 17.67 14.33 32 32 32h384c17.67 0 32-14.33 32-32v-32c0-17.67-14.33-32-32-32z\"><\/path><\/svg><br \/>\n\t\t\t<svg aria-hidden=\"true\" viewBox=\"0 0 448 512\" xmlns=\"http:\/\/www.w3.org\/2000\/svg\"><path d=\"M416 208H272V64c0-17.67-14.33-32-32-32h-32c-17.67 0-32 14.33-32 32v144H32c-17.67 0-32 14.33-32 32v32c0 17.67 14.33 32 32 32h144v144c0 17.67 14.33 32 32 32h32c17.67 0 32-14.33 32-32V304h144c17.67 0 32-14.33 32-32v-32c0-17.67-14.33-32-32-32z\"><\/path><\/svg><br \/>\n\t\t\t\t\t\t<\/summary>\n<p>S\u00ed, los tintes permanentes suelen contener sustancias qu\u00edmicas m\u00e1s fuertes que los tintes semipermanentes o temporales. El uso frecuente de tintes permanentes puede da\u00f1ar m\u00e1s la estructura del cabello.<\/p>\n<\/details>\n<details id=\"e-n-accordion-item-9032\" >\n<summary data-accordion-index=\"3\" tabindex=\"-1\" aria-expanded=\"false\" aria-controls=\"e-n-accordion-item-9032\" >\n\t\t\t\t\t \u00bfC\u00f3mo puedo minimizar los da\u00f1os de la coloraci\u00f3n?<br \/>\n\t\t\t<svg aria-hidden=\"true\" viewBox=\"0 0 448 512\" xmlns=\"http:\/\/www.w3.org\/2000\/svg\"><path d=\"M416 208H32c-17.67 0-32 14.33-32 32v32c0 17.67 14.33 32 32 32h384c17.67 0 32-14.33 32-32v-32c0-17.67-14.33-32-32-32z\"><\/path><\/svg><br \/>\n\t\t\t<svg aria-hidden=\"true\" viewBox=\"0 0 448 512\" xmlns=\"http:\/\/www.w3.org\/2000\/svg\"><path d=\"M416 208H272V64c0-17.67-14.33-32-32-32h-32c-17.67 0-32 14.33-32 32v144H32c-17.67 0-32 14.33-32 32v32c0 17.67 14.33 32 32 32h144v144c0 17.67 14.33 32 32 32h32c17.67 0 32-14.33 32-32V304h144c17.67 0 32-14.33 32-32v-32c0-17.67-14.33-32-32-32z\"><\/path><\/svg><br \/>\n\t\t\t\t\t\t<\/summary>\n<p>Para minimizar los da\u00f1os, limite la frecuencia de los tintes, utilice productos de alta calidad e incorpore tratamientos acondicionadores a su rutina de cuidado capilar. Evitar el peinado excesivo con calor tambi\u00e9n puede ayudar a mantener la salud del cabello.<\/p>\n<\/details>\n<details id=\"e-n-accordion-item-9033\" >\n<summary data-accordion-index=\"4\" tabindex=\"-1\" aria-expanded=\"false\" aria-controls=\"e-n-accordion-item-9033\" >\n\t\t\t\t\t \u00bfPuede el tinte provocar irritaci\u00f3n del cuero cabelludo o ca\u00edda del cabello?<br \/>\n\t\t\t<svg aria-hidden=\"true\" viewBox=\"0 0 448 512\" xmlns=\"http:\/\/www.w3.org\/2000\/svg\"><path d=\"M416 208H32c-17.67 0-32 14.33-32 32v32c0 17.67 14.33 32 32 32h384c17.67 0 32-14.33 32-32v-32c0-17.67-14.33-32-32-32z\"><\/path><\/svg><br \/>\n\t\t\t<svg aria-hidden=\"true\" viewBox=\"0 0 448 512\" xmlns=\"http:\/\/www.w3.org\/2000\/svg\"><path d=\"M416 208H272V64c0-17.67-14.33-32-32-32h-32c-17.67 0-32 14.33-32 32v144H32c-17.67 0-32 14.33-32 32v32c0 17.67 14.33 32 32 32h144v144c0 17.67 14.33 32 32 32h32c17.67 0 32-14.33 32-32V304h144c17.67 0 32-14.33 32-32v-32c0-17.67-14.33-32-32-32z\"><\/path><\/svg><br \/>\n\t\t\t\t\t\t<\/summary>\n<p>El tinte capilar puede provocar irritaci\u00f3n del cuero cabelludo en algunas personas, lo que puede conducir a la ca\u00edda del cabello si la irritaci\u00f3n es grave. Es importante hacer una prueba del parche antes de aplicar el tinte para asegurarse de que no se produce una reacci\u00f3n al\u00e9rgica.<\/p>\n<\/details>\n<details id=\"e-n-accordion-item-9034\" >\n<summary data-accordion-index=\"5\" tabindex=\"-1\" aria-expanded=\"false\" aria-controls=\"e-n-accordion-item-9034\" >\n\t\t\t\t\t \u00bfCon qu\u00e9 frecuencia debo acondicionar mi cabello si lo ti\u00f1o regularmente?<br \/>\n\t\t\t<svg aria-hidden=\"true\" viewBox=\"0 0 448 512\" xmlns=\"http:\/\/www.w3.org\/2000\/svg\"><path d=\"M416 208H32c-17.67 0-32 14.33-32 32v32c0 17.67 14.33 32 32 32h384c17.67 0 32-14.33 32-32v-32c0-17.67-14.33-32-32-32z\"><\/path><\/svg><br \/>\n\t\t\t<svg aria-hidden=\"true\" viewBox=\"0 0 448 512\" xmlns=\"http:\/\/www.w3.org\/2000\/svg\"><path d=\"M416 208H272V64c0-17.67-14.33-32-32-32h-32c-17.67 0-32 14.33-32 32v144H32c-17.67 0-32 14.33-32 32v32c0 17.67 14.33 32 32 32h144v144c0 17.67 14.33 32 32 32h32c17.67 0 32-14.33 32-32V304h144c17.67 0 32-14.33 32-32v-32c0-17.67-14.33-32-32-32z\"><\/path><\/svg><br \/>\n\t\t\t\t\t\t<\/summary>\n<p>Si te ti\u00f1es el pelo con regularidad, es beneficioso acondicionarlo con frecuencia, al menos una vez a la semana, para restaurar la hidrataci\u00f3n y fortalecer el cabello. Utilizar tratamientos de acondicionamiento profundo puede ayudar a contrarrestar los efectos de la coloraci\u00f3n<\/p>\n<\/details>\n<details id=\"e-n-accordion-item-9035\" >\n<summary data-accordion-index=\"6\" tabindex=\"-1\" aria-expanded=\"false\" aria-controls=\"e-n-accordion-item-9035\" >\n\t\t\t\t\t \u00bfEs posible revertir el da\u00f1o capilar causado por la coloraci\u00f3n?<br \/>\n\t\t\t<svg aria-hidden=\"true\" viewBox=\"0 0 448 512\" xmlns=\"http:\/\/www.w3.org\/2000\/svg\"><path d=\"M416 208H32c-17.67 0-32 14.33-32 32v32c0 17.67 14.33 32 32 32h384c17.67 0 32-14.33 32-32v-32c0-17.67-14.33-32-32-32z\"><\/path><\/svg><br \/>\n\t\t\t<svg aria-hidden=\"true\" viewBox=\"0 0 448 512\" xmlns=\"http:\/\/www.w3.org\/2000\/svg\"><path d=\"M416 208H272V64c0-17.67-14.33-32-32-32h-32c-17.67 0-32 14.33-32 32v144H32c-17.67 0-32 14.33-32 32v32c0 17.67 14.33 32 32 32h144v144c0 17.67 14.33 32 32 32h32c17.67 0 32-14.33 32-32V304h144c17.67 0 32-14.33 32-32v-32c0-17.67-14.33-32-32-32z\"><\/path><\/svg><br \/>\n\t\t\t\t\t\t<\/summary>\n<p>Aunque no se puede revertir completamente el da\u00f1o capilar, s\u00ed se puede mejorar el estado del cabello con los cuidados adecuados. Utilizar tratamientos acondicionadores, evitar el peinado con calor y mantener una dieta sana pueden ayudar a restaurar la hidrataci\u00f3n y la fuerza&#8230;<\/p>\n<\/details>\n<p>La coloraci\u00f3n en s\u00ed no provoca directamente la ca\u00edda del cabello. Sin embargo, las sustancias qu\u00edmicas de los tintes pueden debilitar el cabello y hacerlo m\u00e1s propenso a da\u00f1arse y romperse, lo que puede contribuir a su ca\u00edda con el tiempo.<\/p>\n<p>S\u00ed, los tintes permanentes suelen contener sustancias qu\u00edmicas m\u00e1s fuertes que los tintes semipermanentes o temporales. El uso frecuente de tintes permanentes puede da\u00f1ar m\u00e1s la estructura del cabello.<\/p>\n<p>Para minimizar los da\u00f1os, limite la frecuencia de los tintes, utilice productos de alta calidad e incorpore tratamientos acondicionadores a su rutina de cuidado capilar. Evitar el peinado excesivo con calor tambi\u00e9n puede ayudar a mantener la salud del cabello.<\/p>\n<p>El tinte capilar puede provocar irritaci\u00f3n del cuero cabelludo en algunas personas, lo que puede conducir a la ca\u00edda del cabello si la irritaci\u00f3n es grave. Es importante hacer una prueba del parche antes de aplicar el tinte para asegurarse de que no se produce una reacci\u00f3n al\u00e9rgica.<\/p>\n<p>Si te ti\u00f1es el pelo con regularidad, es beneficioso acondicionarlo con frecuencia, al menos una vez a la semana, para restaurar la hidrataci\u00f3n y fortalecer el cabello. Utilizar tratamientos de acondicionamiento profundo puede ayudar a contrarrestar los efectos de la coloraci\u00f3n<\/p>\n<p>Aunque no se puede revertir completamente el da\u00f1o capilar, s\u00ed se puede mejorar el estado del cabello con los cuidados adecuados. Utilizar tratamientos acondicionadores, evitar el peinado con calor y mantener una dieta sana pueden ayudar a restaurar la hidrataci\u00f3n y la fuerza&#8230;<\/p>\n","protected":false},"excerpt":{"rendered":"<p>\u00bfAfecta el color del pelo a la ca\u00edda del cabello? \u00cdndice Comprendere la relazione tra colore dei capelli e perdita di capelli La relazione tra colore dei capelli e perdita di capelli \u00e8 un argomento di interesse per molte persone preoccupate per la salute dei propri capelli. Il colore dei capelli in s\u00e9 non causa [&hellip;]<\/p>\n","protected":false},"author":6,"featured_media":0,"parent":0,"menu_order":0,"comment_status":"closed","ping_status":"closed","template":"","meta":{"footnotes":""},"class_list":["post-32218","page","type-page","status-publish","hentry"],"_links":{"self":[{"href":"https:\/\/drterziler.com\/es\/wp-json\/wp\/v2\/pages\/32218","targetHints":{"allow":["GET"]}}],"collection":[{"href":"https:\/\/drterziler.com\/es\/wp-json\/wp\/v2\/pages"}],"about":[{"href":"https:\/\/drterziler.com\/es\/wp-json\/wp\/v2\/types\/page"}],"author":[{"embeddable":true,"href":"https:\/\/drterziler.com\/es\/wp-json\/wp\/v2\/users\/6"}],"replies":[{"embeddable":true,"href":"https:\/\/drterziler.com\/es\/wp-json\/wp\/v2\/comments?post=32218"}],"version-history":[{"count":4,"href":"https:\/\/drterziler.com\/es\/wp-json\/wp\/v2\/pages\/32218\/revisions"}],"predecessor-version":[{"id":43239,"href":"https:\/\/drterziler.com\/es\/wp-json\/wp\/v2\/pages\/32218\/revisions\/43239"}],"wp:attachment":[{"href":"https:\/\/drterziler.com\/es\/wp-json\/wp\/v2\/media?parent=32218"}],"curies":[{"name":"wp","href":"https:\/\/api.w.org\/{rel}","templated":true}]}}