{"id":32222,"date":"2024-09-25T07:02:54","date_gmt":"2024-09-25T07:02:54","guid":{"rendered":"https:\/\/drterziler.com\/?page_id=32222"},"modified":"2025-06-11T12:14:17","modified_gmt":"2025-06-11T12:14:17","slug":"alopecia-frontal-fibrosante","status":"publish","type":"page","link":"https:\/\/drterziler.com\/es\/alopecia-frontal-fibrosante\/","title":{"rendered":"Alopecia frontal fibrosante"},"content":{"rendered":"<nav aria-label=\"breadcrumbs\" class=\"rank-math-breadcrumb\"><p><span class=\"last\">Dr. Terziler<\/span><\/p><\/nav>\n<h4>\n\t\t\t\t\u00cdndice\t\t\t<\/h4>\n<p>\t\t\t\t\t\t\t<svg aria-hidden=\"true\" viewBox=\"0 0 448 512\" xmlns=\"http:\/\/www.w3.org\/2000\/svg\"><path d=\"M207.029 381.476L12.686 187.132c-9.373-9.373-9.373-24.569 0-33.941l22.667-22.667c9.357-9.357 24.522-9.375 33.901-.04L224 284.505l154.745-154.021c9.379-9.335 24.544-9.317 33.901.04l22.667 22.667c9.373 9.373 9.373 24.569 0 33.941L240.971 381.476c-9.373 9.372-24.569 9.372-33.942 0z\"><\/path><\/svg><br \/>\n\t\t\t\t<svg aria-hidden=\"true\" viewBox=\"0 0 448 512\" xmlns=\"http:\/\/www.w3.org\/2000\/svg\"><path d=\"M240.971 130.524l194.343 194.343c9.373 9.373 9.373 24.569 0 33.941l-22.667 22.667c-9.357 9.357-24.522 9.375-33.901.04L224 227.495 69.255 381.516c-9.379 9.335-24.544 9.317-33.901-.04l-22.667-22.667c-9.373-9.373-9.373-24.569 0-33.941L207.03 130.525c9.372-9.373 24.568-9.373 33.941-.001z\"><\/path><\/svg><br \/>\n\t\t\t\t<svg aria-hidden=\"true\" viewBox=\"0 0 1000 1000\" xmlns=\"http:\/\/www.w3.org\/2000\/svg\"><path d=\"M500 975V858C696 858 858 696 858 500S696 142 500 142 142 304 142 500H25C25 237 238 25 500 25S975 237 975 500 763 975 500 975Z\"><\/path><\/svg><br \/>\n\t\t\t\t\t\t\t\t\t\t\t\t\t\t\t\t\t\t\t\t\t\t<img loading=\"lazy\" decoding=\"async\" width=\"882\" height=\"556\" src=\"https:\/\/drterziler.com\/wp-content\/uploads\/2024\/09\/frontal-fibrosing-alopecia.png\" alt=\"\" srcset=\"https:\/\/drterziler.com\/wp-content\/uploads\/2024\/09\/frontal-fibrosing-alopecia.png 882w, https:\/\/drterziler.com\/wp-content\/uploads\/2024\/09\/frontal-fibrosing-alopecia-300x189.png 300w, https:\/\/drterziler.com\/wp-content\/uploads\/2024\/09\/frontal-fibrosing-alopecia-768x484.png 768w\" sizes=\"auto, (max-width: 882px) 100vw, 882px\">\t\t\t\t\t\t\t\t\t\t\t\t\t<\/p>\n<h3>Che cos&#8217;\u00e8 l&#8217;alopecia fibrosante frontale?<\/h3>\n<p>L&#8217;alopecia fibrosante frontale (FFA) \u00e8 un tipo di alopecia cicatriziale che colpisce principalmente l&#8217;attaccatura dei capelli, causando una progressiva perdita di capelli lungo la parte frontale del cuoio capelluto. \u00c8 considerata un sottotipo di lichen planopilaris ed \u00e8 pi\u00f9 comune nelle donne in postmenopausa, sebbene possa colpire anche gli uomini. La causa esatta dell&#8217;alopecia fibrosante frontale non \u00e8 ancora chiara, ma si ritiene che sia una condizione autoimmune in cui il corpo attacca erroneamente i follicoli piliferi, causando infiammazione e perdita permanente dei capelli. La diagnosi precoce e il trattamento sono fondamentali per rallentare la progressione della malattia e preservare i capelli rimanenti.<\/p>\n<h3>Sintomi e segni precoci dell&#8217;alopecia fibrosante frontale<\/h3>\n<p>L&#8217;alopecia fibrosante frontale inizia tipicamente con una notevole recessione dell&#8217;attaccatura dei capelli.<\/p>\n<ul>\n<li>\n<p><strong>Stempiatura:<\/strong> il sintomo pi\u00f9 evidente \u00e8 la lenta recessione dell&#8217;attaccatura dei capelli, che spesso si sposta indietro di diversi centimetri.<\/p>\n<\/li>\n<li>\n<p><strong>Perdita delle sopracciglia:<\/strong> molti pazienti sperimentano anche la perdita delle sopracciglia, che pu\u00f2 verificarsi prima della caduta dei capelli.<\/p>\n<\/li>\n<li>\n<p><strong>Arrossamento e infiammazione:<\/strong> in alcuni casi si osservano arrossamento e infiammazione intorno ai follicoli colpiti, a segnalare una malattia attiva. Riconoscere questi sintomi precoci \u00e8 essenziale per cercare tempestivamente assistenza medica, poich\u00e9 la condizione pu\u00f2 portare alla perdita permanente dei capelli se non trattata.<\/p>\n<\/li>\n<\/ul>\n<h3>Potenziali cause dell&#8217;alopecia fibrosante frontale<\/h3>\n<p>La causa esatta dell&#8217;AFF rimane sconosciuta, ma i ricercatori ritengono che si tratti di una malattia autoimmune. I cambiamenti ormonali, in particolare quelli legati alla menopausa, possono contribuire al suo sviluppo. Anche la genetica, i fattori ambientali e persino alcuni prodotti per la cura della pelle sono stati suggeriti come potenziali fattori scatenanti dell&#8217;AFF. Mentre la ricerca continua, la comprensione di queste possibili cause pu\u00f2 aiutare a gestire le aspettative e le opzioni di trattamento.<\/p>\n<h3>Opzioni di trattamento disponibili per l&#8217;AFF<\/h3>\n<p>Sebbene non esista una cura per l&#8217;alopecia fibrosante frontale, un intervento precoce pu\u00f2 aiutare a gestire i sintomi e a rallentare la caduta dei capelli. Le opzioni di trattamento pi\u00f9 comuni includono:<\/p>\n<ul>\n<li>\n<p><strong>Corticosteroidi topici<\/strong> per ridurre l&#8217;infiammazione intorno ai follicoli colpiti.<\/p>\n<\/li>\n<li>\n<p>Possono essere prescritti <strong>immunosoppressori<\/strong> come l&#8217;idrossiclorochina per aiutare a controllare la risposta autoimmune.<\/p>\n<\/li>\n<li>\n<p>Il <strong>minoxidil<\/strong> \u00e8 spesso raccomandato per favorire la ricrescita dei capelli, anche se la sua efficacia varia. \u00c8 importante consultare un dermatologo in una fase precoce per esplorare piani di trattamento che possano preservare i capelli esistenti e prevenirne un&#8217;ulteriore perdita.<\/p>\n<\/li>\n<\/ul>\n<h3>Prognosi e gestione a lungo termine<\/h3>\n<p>Sebbene l&#8217;alopecia fibrosante frontale non possa essere completamente curata, la diagnosi precoce e il trattamento tempestivo possono contribuire a fermarne la progressione. I pazienti devono essere preparati a una gestione a lungo termine della patologia, poich\u00e9 la ricrescita dei capelli nelle zone colpite \u00e8 spesso limitata. Il mantenimento di un regime terapeutico e la consultazione regolare di uno specialista possono aiutare a gestire i sintomi e a migliorare la qualit\u00e0 della vita delle persone affette da alopecia fibrosante frontale.<\/p>\n<h2>Preguntas frecuentes sobre la alopecia frontal fibrosante<\/h2>\n<details id=\"e-n-accordion-item-9030\" open>\n<summary data-accordion-index=\"1\" tabindex=\"0\" aria-expanded=\"true\" aria-controls=\"e-n-accordion-item-9030\" >\n\t\t\t\t\t \u00bfSe puede curar la alopecia frontal fibrosante?<br \/>\n\t\t\t<svg aria-hidden=\"true\" viewBox=\"0 0 448 512\" xmlns=\"http:\/\/www.w3.org\/2000\/svg\"><path d=\"M416 208H32c-17.67 0-32 14.33-32 32v32c0 17.67 14.33 32 32 32h384c17.67 0 32-14.33 32-32v-32c0-17.67-14.33-32-32-32z\"><\/path><\/svg><br \/>\n\t\t\t<svg aria-hidden=\"true\" viewBox=\"0 0 448 512\" xmlns=\"http:\/\/www.w3.org\/2000\/svg\"><path d=\"M416 208H272V64c0-17.67-14.33-32-32-32h-32c-17.67 0-32 14.33-32 32v144H32c-17.67 0-32 14.33-32 32v32c0 17.67 14.33 32 32 32h144v144c0 17.67 14.33 32 32 32h32c17.67 0 32-14.33 32-32V304h144c17.67 0 32-14.33 32-32v-32c0-17.67-14.33-32-32-32z\"><\/path><\/svg><br \/>\n\t\t\t\t\t\t<\/summary>\n<p>Actualmente no existe cura para la AGF, pero el tratamiento puede ralentizar su progresi\u00f3n y controlar los s\u00edntomas. Una intervenci\u00f3n precoz puede ayudar a conservar el pelo restante y reducir la inflamaci\u00f3n.<\/p>\n<\/details>\n<details id=\"e-n-accordion-item-9031\" >\n<summary data-accordion-index=\"2\" tabindex=\"-1\" aria-expanded=\"false\" aria-controls=\"e-n-accordion-item-9031\" >\n\t\t\t\t\t \u00bfCu\u00e1les son las causas de la alopecia frontal fibrosante?<br \/>\n\t\t\t<svg aria-hidden=\"true\" viewBox=\"0 0 448 512\" xmlns=\"http:\/\/www.w3.org\/2000\/svg\"><path d=\"M416 208H32c-17.67 0-32 14.33-32 32v32c0 17.67 14.33 32 32 32h384c17.67 0 32-14.33 32-32v-32c0-17.67-14.33-32-32-32z\"><\/path><\/svg><br \/>\n\t\t\t<svg aria-hidden=\"true\" viewBox=\"0 0 448 512\" xmlns=\"http:\/\/www.w3.org\/2000\/svg\"><path d=\"M416 208H272V64c0-17.67-14.33-32-32-32h-32c-17.67 0-32 14.33-32 32v144H32c-17.67 0-32 14.33-32 32v32c0 17.67 14.33 32 32 32h144v144c0 17.67 14.33 32 32 32h32c17.67 0 32-14.33 32-32V304h144c17.67 0 32-14.33 32-32v-32c0-17.67-14.33-32-32-32z\"><\/path><\/svg><br \/>\n\t\t\t\t\t\t<\/summary>\n<p>Aunque se desconoce la causa exacta, se cree que la AGF es una enfermedad autoinmune. Los cambios hormonales, la gen\u00e9tica y los factores ambientales tambi\u00e9n pueden influir en su desarrollo.<\/p>\n<\/details>\n<details id=\"e-n-accordion-item-9032\" >\n<summary data-accordion-index=\"3\" tabindex=\"-1\" aria-expanded=\"false\" aria-controls=\"e-n-accordion-item-9032\" >\n\t\t\t\t\t \u00bfC\u00f3mo se diagnostica la alopecia frontal fibrosante?<br \/>\n\t\t\t<svg aria-hidden=\"true\" viewBox=\"0 0 448 512\" xmlns=\"http:\/\/www.w3.org\/2000\/svg\"><path d=\"M416 208H32c-17.67 0-32 14.33-32 32v32c0 17.67 14.33 32 32 32h384c17.67 0 32-14.33 32-32v-32c0-17.67-14.33-32-32-32z\"><\/path><\/svg><br \/>\n\t\t\t<svg aria-hidden=\"true\" viewBox=\"0 0 448 512\" xmlns=\"http:\/\/www.w3.org\/2000\/svg\"><path d=\"M416 208H272V64c0-17.67-14.33-32-32-32h-32c-17.67 0-32 14.33-32 32v144H32c-17.67 0-32 14.33-32 32v32c0 17.67 14.33 32 32 32h144v144c0 17.67 14.33 32 32 32h32c17.67 0 32-14.33 32-32V304h144c17.67 0 32-14.33 32-32v-32c0-17.67-14.33-32-32-32z\"><\/path><\/svg><br \/>\n\t\t\t\t\t\t<\/summary>\n<p>Un dermat\u00f3logo suele diagnosticar la AGF mediante un examen cl\u00ednico y una biopsia de la zona del cuero cabelludo afectada. La biopsia ayuda a confirmar la presencia de alopecia cicatricial<\/p>\n<\/details>\n<details id=\"e-n-accordion-item-9033\" >\n<summary data-accordion-index=\"4\" tabindex=\"-1\" aria-expanded=\"false\" aria-controls=\"e-n-accordion-item-9033\" >\n\t\t\t\t\t \u00bfPuede volver a crecer el pelo despu\u00e9s de una AGF?<br \/>\n\t\t\t<svg aria-hidden=\"true\" viewBox=\"0 0 448 512\" xmlns=\"http:\/\/www.w3.org\/2000\/svg\"><path d=\"M416 208H32c-17.67 0-32 14.33-32 32v32c0 17.67 14.33 32 32 32h384c17.67 0 32-14.33 32-32v-32c0-17.67-14.33-32-32-32z\"><\/path><\/svg><br \/>\n\t\t\t<svg aria-hidden=\"true\" viewBox=\"0 0 448 512\" xmlns=\"http:\/\/www.w3.org\/2000\/svg\"><path d=\"M416 208H272V64c0-17.67-14.33-32-32-32h-32c-17.67 0-32 14.33-32 32v144H32c-17.67 0-32 14.33-32 32v32c0 17.67 14.33 32 32 32h144v144c0 17.67 14.33 32 32 32h32c17.67 0 32-14.33 32-32V304h144c17.67 0 32-14.33 32-32v-32c0-17.67-14.33-32-32-32z\"><\/path><\/svg><br \/>\n\t\t\t\t\t\t<\/summary>\n<p>En la mayor\u00eda de los casos, la p\u00e9rdida de cabello por AGF es permanente. Sin embargo, un tratamiento precoz puede ralentizar la progresi\u00f3n y, en ocasiones, estimular el crecimiento en las zonas menos afectadas.<\/p>\n<\/details>\n<details id=\"e-n-accordion-item-9034\" >\n<summary data-accordion-index=\"5\" tabindex=\"-1\" aria-expanded=\"false\" aria-controls=\"e-n-accordion-item-9034\" >\n\t\t\t\t\t \u00bfCu\u00e1nto tarda en progresar el FFA?<br \/>\n\t\t\t<svg aria-hidden=\"true\" viewBox=\"0 0 448 512\" xmlns=\"http:\/\/www.w3.org\/2000\/svg\"><path d=\"M416 208H32c-17.67 0-32 14.33-32 32v32c0 17.67 14.33 32 32 32h384c17.67 0 32-14.33 32-32v-32c0-17.67-14.33-32-32-32z\"><\/path><\/svg><br \/>\n\t\t\t<svg aria-hidden=\"true\" viewBox=\"0 0 448 512\" xmlns=\"http:\/\/www.w3.org\/2000\/svg\"><path d=\"M416 208H272V64c0-17.67-14.33-32-32-32h-32c-17.67 0-32 14.33-32 32v144H32c-17.67 0-32 14.33-32 32v32c0 17.67 14.33 32 32 32h144v144c0 17.67 14.33 32 32 32h32c17.67 0 32-14.33 32-32V304h144c17.67 0 32-14.33 32-32v-32c0-17.67-14.33-32-32-32z\"><\/path><\/svg><br \/>\n\t\t\t\t\t\t<\/summary>\n<p>La progresi\u00f3n de la AGF var\u00eda de una persona a otra. En algunos casos, la ca\u00edda del cabello es lenta y constante, mientras que en otros puede ser m\u00e1s r\u00e1pida. El tratamiento puede ayudar a ralentizar el proceso<\/p>\n<\/details>\n<details id=\"e-n-accordion-item-9035\" >\n<summary data-accordion-index=\"6\" tabindex=\"-1\" aria-expanded=\"false\" aria-controls=\"e-n-accordion-item-9035\" >\n\t\t\t\t\t \u00bfPuede el estr\u00e9s empeorar el AGF?<br \/>\n\t\t\t<svg aria-hidden=\"true\" viewBox=\"0 0 448 512\" xmlns=\"http:\/\/www.w3.org\/2000\/svg\"><path d=\"M416 208H32c-17.67 0-32 14.33-32 32v32c0 17.67 14.33 32 32 32h384c17.67 0 32-14.33 32-32v-32c0-17.67-14.33-32-32-32z\"><\/path><\/svg><br \/>\n\t\t\t<svg aria-hidden=\"true\" viewBox=\"0 0 448 512\" xmlns=\"http:\/\/www.w3.org\/2000\/svg\"><path d=\"M416 208H272V64c0-17.67-14.33-32-32-32h-32c-17.67 0-32 14.33-32 32v144H32c-17.67 0-32 14.33-32 32v32c0 17.67 14.33 32 32 32h144v144c0 17.67 14.33 32 32 32h32c17.67 0 32-14.33 32-32V304h144c17.67 0 32-14.33 32-32v-32c0-17.67-14.33-32-32-32z\"><\/path><\/svg><br \/>\n\t\t\t\t\t\t<\/summary>\n<p>Aunque el estr\u00e9s no se ha identificado como causa directa de la AGF, puede exacerbar las afecciones autoinmunes y provocar una mayor ca\u00edda del cabello. Controlar el estr\u00e9s puede ayudar en el tratamiento general de la enfermedad.<\/p>\n<\/details>\n<p>Actualmente no existe cura para la AGF, pero el tratamiento puede ralentizar su progresi\u00f3n y controlar los s\u00edntomas. Una intervenci\u00f3n precoz puede ayudar a conservar el pelo restante y reducir la inflamaci\u00f3n.<\/p>\n<p>Aunque se desconoce la causa exacta, se cree que la AGF es una enfermedad autoinmune. Los cambios hormonales, la gen\u00e9tica y los factores ambientales tambi\u00e9n pueden influir en su desarrollo.<\/p>\n<p>Un dermat\u00f3logo suele diagnosticar la AGF mediante un examen cl\u00ednico y una biopsia de la zona del cuero cabelludo afectada. La biopsia ayuda a confirmar la presencia de alopecia cicatricial<\/p>\n<p>En la mayor\u00eda de los casos, la p\u00e9rdida de cabello por AGF es permanente. Sin embargo, un tratamiento precoz puede ralentizar la progresi\u00f3n y, en ocasiones, estimular el crecimiento en las zonas menos afectadas.<\/p>\n<p>La progresi\u00f3n de la AGF var\u00eda de una persona a otra. En algunos casos, la ca\u00edda del cabello es lenta y constante, mientras que en otros puede ser m\u00e1s r\u00e1pida. El tratamiento puede ayudar a ralentizar el proceso<\/p>\n<p>Aunque el estr\u00e9s no se ha identificado como causa directa de la AGF, puede exacerbar las afecciones autoinmunes y provocar una mayor ca\u00edda del cabello. Controlar el estr\u00e9s puede ayudar en el tratamiento general de la enfermedad.<\/p>\n","protected":false},"excerpt":{"rendered":"<p>\u00cdndice Che cos&#8217;\u00e8 l&#8217;alopecia fibrosante frontale? L&#8217;alopecia fibrosante frontale (FFA) \u00e8 un tipo di alopecia cicatriziale che colpisce principalmente l&#8217;attaccatura dei capelli, causando una progressiva perdita di capelli lungo la parte frontale del cuoio capelluto. \u00c8 considerata un sottotipo di lichen planopilaris ed \u00e8 pi\u00f9 comune nelle donne in postmenopausa, sebbene possa colpire anche gli [&hellip;]<\/p>\n","protected":false},"author":6,"featured_media":0,"parent":0,"menu_order":0,"comment_status":"closed","ping_status":"closed","template":"","meta":{"footnotes":""},"class_list":["post-32222","page","type-page","status-publish","hentry"],"_links":{"self":[{"href":"https:\/\/drterziler.com\/es\/wp-json\/wp\/v2\/pages\/32222","targetHints":{"allow":["GET"]}}],"collection":[{"href":"https:\/\/drterziler.com\/es\/wp-json\/wp\/v2\/pages"}],"about":[{"href":"https:\/\/drterziler.com\/es\/wp-json\/wp\/v2\/types\/page"}],"author":[{"embeddable":true,"href":"https:\/\/drterziler.com\/es\/wp-json\/wp\/v2\/users\/6"}],"replies":[{"embeddable":true,"href":"https:\/\/drterziler.com\/es\/wp-json\/wp\/v2\/comments?post=32222"}],"version-history":[{"count":5,"href":"https:\/\/drterziler.com\/es\/wp-json\/wp\/v2\/pages\/32222\/revisions"}],"predecessor-version":[{"id":56402,"href":"https:\/\/drterziler.com\/es\/wp-json\/wp\/v2\/pages\/32222\/revisions\/56402"}],"wp:attachment":[{"href":"https:\/\/drterziler.com\/es\/wp-json\/wp\/v2\/media?parent=32222"}],"curies":[{"name":"wp","href":"https:\/\/api.w.org\/{rel}","templated":true}]}}