{"id":32234,"date":"2024-09-02T14:40:23","date_gmt":"2024-09-02T14:40:23","guid":{"rendered":"https:\/\/drterziler.com\/?page_id=32234"},"modified":"2025-05-27T00:42:22","modified_gmt":"2025-05-27T00:42:22","slug":"cuales-son-las-causas-de-la-caida-del-cabello-en-la-mujer","status":"publish","type":"page","link":"https:\/\/drterziler.com\/es\/cuales-son-las-causas-de-la-caida-del-cabello-en-la-mujer\/","title":{"rendered":"\u00bfCu\u00e1les son las causas de la ca\u00edda del cabello en la mujer?"},"content":{"rendered":"<nav aria-label=\"breadcrumbs\" class=\"rank-math-breadcrumb\"><p><span class=\"last\">Dr. Terziler<\/span><\/p><\/nav>\n<h4>\n\t\t\t\t\u00cdndice\t\t\t<\/h4>\n<p>\t\t\t\t\t\t\t<svg aria-hidden=\"true\" viewBox=\"0 0 448 512\" xmlns=\"http:\/\/www.w3.org\/2000\/svg\"><path d=\"M207.029 381.476L12.686 187.132c-9.373-9.373-9.373-24.569 0-33.941l22.667-22.667c9.357-9.357 24.522-9.375 33.901-.04L224 284.505l154.745-154.021c9.379-9.335 24.544-9.317 33.901.04l22.667 22.667c9.373 9.373 9.373 24.569 0 33.941L240.971 381.476c-9.373 9.372-24.569 9.372-33.942 0z\"><\/path><\/svg><br \/>\n\t\t\t\t<svg aria-hidden=\"true\" viewBox=\"0 0 448 512\" xmlns=\"http:\/\/www.w3.org\/2000\/svg\"><path d=\"M240.971 130.524l194.343 194.343c9.373 9.373 9.373 24.569 0 33.941l-22.667 22.667c-9.357 9.357-24.522 9.375-33.901.04L224 227.495 69.255 381.516c-9.379 9.335-24.544 9.317-33.901-.04l-22.667-22.667c-9.373-9.373-9.373-24.569 0-33.941L207.03 130.525c9.372-9.373 24.568-9.373 33.941-.001z\"><\/path><\/svg><br \/>\n\t\t\t\t<svg aria-hidden=\"true\" viewBox=\"0 0 1000 1000\" xmlns=\"http:\/\/www.w3.org\/2000\/svg\"><path d=\"M500 975V858C696 858 858 696 858 500S696 142 500 142 142 304 142 500H25C25 237 238 25 500 25S975 237 975 500 763 975 500 975Z\"><\/path><\/svg><br \/>\n\t\t\t\t\t\t\t\t\t\t\t\t\t\t\t\t\t\t\t\t\t\t<img loading=\"lazy\" decoding=\"async\" width=\"1700\" height=\"1080\" src=\"https:\/\/drterziler.com\/wp-content\/uploads\/2024\/08\/6.webp\" alt=\"\" srcset=\"https:\/\/drterziler.com\/wp-content\/uploads\/2024\/08\/6.webp 1700w, https:\/\/drterziler.com\/wp-content\/uploads\/2024\/08\/6-300x191.webp 300w, https:\/\/drterziler.com\/wp-content\/uploads\/2024\/08\/6-1024x651.webp 1024w, https:\/\/drterziler.com\/wp-content\/uploads\/2024\/08\/6-768x488.webp 768w, https:\/\/drterziler.com\/wp-content\/uploads\/2024\/08\/6-1536x976.webp 1536w\" sizes=\"auto, (max-width: 1700px) 100vw, 1700px\">\t\t\t\t\t\t\t\t\t\t\t\t\t<\/p>\n<h1>Quali sono le cause della caduta dei capelli nelle donne?<\/h1>\n<p>La caduta dei capelli \u00e8 spesso percepita come un problema principalmente maschile, ma \u00e8 una condizione che colpisce milioni di donne in tutto il mondo. Alla Dr. Terziler Exclusive Hair Clinic, comprendiamo l&#8217;impatto emotivo della caduta dei capelli sulle donne e ci impegniamo ad aiutare le nostre pazienti a comprendere e affrontare questa preoccupazione. Esploriamo le cause comuni della caduta dei capelli nelle donne e i trattamenti disponibili.<\/p>\n<h2>Cause comuni della caduta dei capelli nelle donne<\/h2>\n<h3>1. Cambiamenti ormonali<\/h3>\n<p>Le fluttuazioni ormonali sono una delle cause principali della perdita di capelli nelle donne. Possono verificarsi a causa di:<\/p>\n<ul>\n<li>Gravidanza e post-partum<\/li>\n<li>Menopausa<\/li>\n<li>Disturbi della tiroide<\/li>\n<li>Sindrome dell&#8217;ovaio policistico (PCOS)<\/li>\n<\/ul>\n<h3>2. Fattori genetici<\/h3>\n<p>La perdita di capelli di tipo femminile, nota anche come alopecia androgenetica, \u00e8 spesso ereditaria. Questa condizione pu\u00f2 essere ereditata da entrambi i genitori e in genere diventa pi\u00f9 evidente con l&#8217;et\u00e0.<\/p>\n<h3>3. Carenze nutrizionali<\/h3>\n<p>Un apporto inadeguato di nutrienti essenziali pu\u00f2 portare alla caduta dei capelli. I nutrienti fondamentali per la salute dei capelli sono:<\/p>\n<ul>\n<li>Ferro<\/li>\n<li>Vitamina D<\/li>\n<li>Vitamina B12<\/li>\n<li>Zinco<\/li>\n<li>Proteine<\/li>\n<\/ul>\n<h3>4. Stress e traumi<\/h3>\n<p>Lo stress fisico o emotivo pu\u00f2 scatenare un tipo di caduta dei capelli chiamato telogen effluvium. Questa condizione pu\u00f2 essere causata da:<\/p>\n<ul>\n<li>Interventi chirurgici importanti<\/li>\n<li>Malattie gravi<\/li>\n<li>Perdita di peso significativa<\/li>\n<li>Traumi emotivi<\/li>\n<\/ul>\n<h3>5. Pratiche di acconciatura<\/h3>\n<p>Alcune abitudini di acconciatura possono danneggiare i follicoli piliferi e portare alla caduta dei capelli:<\/p>\n<ul>\n<li>Acconciature strette (ad esempio, code di cavallo, trecce)<\/li>\n<li>Styling con calore eccessivo<\/li>\n<li>Trattamenti chimici<\/li>\n<\/ul>\n<h3>6. Condizioni mediche e farmaci<\/h3>\n<p>Diverse condizioni mediche e trattamenti possono causare la caduta dei capelli:<\/p>\n<ul>\n<li>Malattie autoimmuni (ad esempio, alopecia areata, lupus)<\/li>\n<li>Infezioni del cuoio capelluto<\/li>\n<li>Chemioterapia e radioterapia<\/li>\n<li>Alcuni farmaci (ad esempio anticoagulanti, antidepressivi)<\/li>\n<\/ul>\n<h2>Diagnosi e trattamento<\/h2>\n<p>Alla Dr. Terziler Exclusive Hair Clinic, adottiamo un approccio globale alla diagnosi e al trattamento della caduta dei capelli nelle donne:<\/p>\n<ol>\n<li><strong>Valutazione approfondita<\/strong>: esaminiamo in dettaglio la storia clinica e sottoponiamo a visita medica il cuoio capelluto.<\/li>\n<li><strong>Test diagnostici<\/strong>: se necessario, possiamo raccomandare esami del sangue o biopsie del cuoio capelluto per determinare la causa sottostante.<\/li>\n<li><strong>Piano di trattamento personalizzato<\/strong>: in base alla diagnosi, creiamo un piano di trattamento su misura che pu\u00f2 includere:\n<ul>\n<li>Farmaci topici (ad esempio, minoxidil)<\/li>\n<li>Farmaci orali<\/li>\n<li>Integratori alimentari<\/li>\n<li>Terapia con plasma ricco di piastrine (PRP)<\/li>\n<li>Tecniche di trapianto di capelli (ad esempio, DHI robotizzato)<\/li>\n<\/ul>\n<\/li>\n<li><strong>Raccomandazioni sullo stile di vita<\/strong>: forniamo indicazioni su dieta, gestione dello stress e pratiche di cura dei capelli per sostenere la salute generale dei capelli.<\/li>\n<\/ol>\n<h2>Conclusione<\/h2>\n<p>La caduta dei capelli nelle donne \u00e8 un problema complesso con diverse cause potenziali. Alla Dr. Terziler Exclusive Hair Clinic, ci dedichiamo ad aiutare le donne a capire e affrontare i loro problemi di caduta dei capelli. Con le nostre tecniche diagnostiche avanzate e i trattamenti all&#8217;avanguardia, tra cui l&#8217;innovativo metodo DHI robotizzato, possiamo fornire soluzioni efficaci per la maggior parte dei casi di caduta dei capelli nelle donne.<\/p>\n<p>Se stai riscontrando una perdita di capelli, non esitare a cercare un aiuto professionale. Un intervento precoce pu\u00f2 spesso portare a risultati migliori. Contatta oggi stesso la Dr. Terziler Exclusive Hair Clinic per fissare un consulto e fare il primo passo verso capelli pi\u00f9 sani e folti.<\/p>\n","protected":false},"excerpt":{"rendered":"<p>\u00cdndice Quali sono le cause della caduta dei capelli nelle donne? La caduta dei capelli \u00e8 spesso percepita come un problema principalmente maschile, ma \u00e8 una condizione che colpisce milioni di donne in tutto il mondo. Alla Dr. Terziler Exclusive Hair Clinic, comprendiamo l&#8217;impatto emotivo della caduta dei capelli sulle donne e ci impegniamo ad [&hellip;]<\/p>\n","protected":false},"author":6,"featured_media":0,"parent":0,"menu_order":0,"comment_status":"closed","ping_status":"closed","template":"","meta":{"footnotes":""},"class_list":["post-32234","page","type-page","status-publish","hentry"],"_links":{"self":[{"href":"https:\/\/drterziler.com\/es\/wp-json\/wp\/v2\/pages\/32234","targetHints":{"allow":["GET"]}}],"collection":[{"href":"https:\/\/drterziler.com\/es\/wp-json\/wp\/v2\/pages"}],"about":[{"href":"https:\/\/drterziler.com\/es\/wp-json\/wp\/v2\/types\/page"}],"author":[{"embeddable":true,"href":"https:\/\/drterziler.com\/es\/wp-json\/wp\/v2\/users\/6"}],"replies":[{"embeddable":true,"href":"https:\/\/drterziler.com\/es\/wp-json\/wp\/v2\/comments?post=32234"}],"version-history":[{"count":4,"href":"https:\/\/drterziler.com\/es\/wp-json\/wp\/v2\/pages\/32234\/revisions"}],"predecessor-version":[{"id":38553,"href":"https:\/\/drterziler.com\/es\/wp-json\/wp\/v2\/pages\/32234\/revisions\/38553"}],"wp:attachment":[{"href":"https:\/\/drterziler.com\/es\/wp-json\/wp\/v2\/media?parent=32234"}],"curies":[{"name":"wp","href":"https:\/\/api.w.org\/{rel}","templated":true}]}}